{"id":6441,"date":"2026-04-27T06:38:51","date_gmt":"2026-04-27T06:38:51","guid":{"rendered":"https:\/\/arma-yapi.com\/?post_type=product&#038;p=6441"},"modified":"2026-04-27T06:38:51","modified_gmt":"2026-04-27T06:38:51","slug":"ito-kilit-kablolu-tabanca-kilidi-universal-bisiklet-kilidi-emniyet-kilidi","status":"publish","type":"product","link":"https:\/\/arma-yapi.com\/en\/product\/ito-kilit-kablolu-tabanca-kilidi-universal-bisiklet-kilidi-emniyet-kilidi\/","title":{"rendered":"Ito Kilit Kablolu Tabanca Kilidi (Universal)-Bisiklet Kilidi-Emniyet Kilidi."},"content":{"rendered":"<h3>Ito Kilit Kablolu Tabanca Kilidi (Universal)-Bisiklet Kilidi-Emniyet Kilidi.<\/h3>\n<p>G\u00fcvenli\u011finizi bir \u00fcst seviyeye ta\u015f\u0131mak ister misiniz? \u0130\u015fte kar\u015f\u0131n\u0131zda, hem tabancalar\u0131n\u0131z hem de bisikletleriniz i\u00e7in ideal olan Ito Kilit Kablolu Tabanca Kilidi. Bu kilit, sadece bir g\u00fcvenlik arac\u0131 de\u011fil, ayn\u0131 zamanda huzurunuzu sa\u011flayacak bir yard\u0131mc\u0131d\u0131r. E\u015fsiz tasar\u0131m\u0131 ve kullan\u0131\u015fl\u0131 yap\u0131s\u0131yla, bu kilidi kullan\u0131rken kendinizi g\u00fcvende hissedeceksiniz.<\/p>\n<p>Kablolu yap\u0131s\u0131 sayesinde, kilidinizi diledi\u011finiz yere kolayca ba\u011flayabilir, b\u00f6ylece e\u015fyalar\u0131n\u0131z\u0131 koruma alt\u0131na alabilirsiniz. \u0130ster evde, ister d\u0131\u015far\u0131da olun, bu kilit her an yan\u0131n\u0131zda olacak. Dayan\u0131kl\u0131 malzemesi, uzun s\u00fcreli kullan\u0131m sa\u011flar ve sizi yar\u0131 yolda b\u0131rakmaz.<\/p>\n<p>G\u00fcvenli\u011finizi sa\u011flamak i\u00e7in en iyi \u00e7\u00f6z\u00fcmlerden biri olan Ito Kilit Kablolu Tabanca Kilidi, pratikli\u011fi ve sa\u011flaml\u0131\u011f\u0131yla \u00f6ne \u00e7\u0131k\u0131yor. Bu kilit, sadece e\u015fyalar\u0131n\u0131z\u0131 korumakla kalmaz, ayn\u0131 zamanda size rahat bir nefes ald\u0131r\u0131r. Hemen \u015fimdi bu kilidi edinin ve g\u00fcvenli\u011finizi garanti alt\u0131na al\u0131n.<\/p>\n<h4>\u00d6ne \u00c7\u0131kan \u00d6zellikler:<\/h4>\n<ul>\n<li><strong>Universal uyum:<\/strong>\u00a0Tabancalar ve bisikletler i\u00e7in uygun, \u00e7ok y\u00f6nl\u00fc kullan\u0131m imkan\u0131 sunar.<\/li>\n<li><strong>Kablolu tasar\u0131m:<\/strong>\u00a0E\u015fyalar\u0131n\u0131z\u0131 g\u00fcvence alt\u0131na al\u0131rken, kolayca ba\u011flanabilme \u00f6zelli\u011fi sa\u011flar.<\/li>\n<li><strong>Dayan\u0131kl\u0131 malzeme:<\/strong>\u00a0Uzun s\u00fcreli kullan\u0131m i\u00e7in tasarlanm\u0131\u015f, sa\u011flam yap\u0131s\u0131yla dikkat \u00e7eker.<\/li>\n<\/ul>","protected":false},"excerpt":{"rendered":"<p>Ito Kilit Kablolu Tabanca Kilidi (Universal)-Bisiklet Kilidi-Emniyet Kilidi. G\u00fcvenli\u011finizi bir \u00fcst seviyeye ta\u015f\u0131mak ister misiniz? \u0130\u015fte kar\u015f\u0131n\u0131zda, hem tabancalar\u0131n\u0131z hem<\/p>","protected":false},"featured_media":6442,"comment_status":"open","ping_status":"closed","template":"","meta":{"rank_math_lock_modified_date":false},"product_cat":[313],"product_tag":[],"class_list":{"0":"post-6441","1":"product","2":"type-product","3":"status-publish","4":"has-post-thumbnail","6":"product_cat-kilitler","8":"first","9":"instock","10":"taxable","11":"shipping-taxable","12":"purchasable","13":"product-type-simple"},"_links":{"self":[{"href":"https:\/\/arma-yapi.com\/en\/wp-json\/wp\/v2\/product\/6441","targetHints":{"allow":["GET"]}}],"collection":[{"href":"https:\/\/arma-yapi.com\/en\/wp-json\/wp\/v2\/product"}],"about":[{"href":"https:\/\/arma-yapi.com\/en\/wp-json\/wp\/v2\/types\/product"}],"replies":[{"embeddable":true,"href":"https:\/\/arma-yapi.com\/en\/wp-json\/wp\/v2\/comments?post=6441"}],"version-history":[{"count":1,"href":"https:\/\/arma-yapi.com\/en\/wp-json\/wp\/v2\/product\/6441\/revisions"}],"predecessor-version":[{"id":6446,"href":"https:\/\/arma-yapi.com\/en\/wp-json\/wp\/v2\/product\/6441\/revisions\/6446"}],"wp:featuredmedia":[{"embeddable":true,"href":"https:\/\/arma-yapi.com\/en\/wp-json\/wp\/v2\/media\/6442"}],"wp:attachment":[{"href":"https:\/\/arma-yapi.com\/en\/wp-json\/wp\/v2\/media?parent=6441"}],"wp:term":[{"taxonomy":"product_cat","embeddable":true,"href":"https:\/\/arma-yapi.com\/en\/wp-json\/wp\/v2\/product_cat?post=6441"},{"taxonomy":"product_tag","embeddable":true,"href":"https:\/\/arma-yapi.com\/en\/wp-json\/wp\/v2\/product_tag?post=6441"}],"curies":[{"name":"wp","href":"https:\/\/api.w.org\/{rel}","templated":true}]}}