{"id":6160,"date":"2026-01-29T12:29:00","date_gmt":"2026-01-29T12:29:00","guid":{"rendered":"https:\/\/arma-yapi.com\/?post_type=product&#038;p=6160"},"modified":"2026-03-24T13:50:00","modified_gmt":"2026-03-24T13:50:00","slug":"ito-kilit-f0902s-parmak-izi-kasasi-elektronik-sifreli-celik-kasa","status":"publish","type":"product","link":"https:\/\/arma-yapi.com\/en\/product\/ito-kilit-f0902s-parmak-izi-kasasi-elektronik-sifreli-celik-kasa\/","title":{"rendered":"\u0130TO Kilit F0902S \u2013 Parmak \u0130zi Kasas\u0131 | Elektronik \u015eifreli \u00c7elik Kasa"},"content":{"rendered":"<h2 data-start=\"220\" data-end=\"295\"><strong data-start=\"223\" data-end=\"295\">F0902S \u2013 \u0130TO Kilit Parmak \u0130zi Kasas\u0131 | Elektronik \u015eifreli \u00c7elik Kasa<\/strong><\/h2>\n<ul data-start=\"297\" data-end=\"2189\">\n<li data-start=\"297\" data-end=\"338\">\n<p data-start=\"299\" data-end=\"338\"><strong data-start=\"299\" data-end=\"309\">Model:<\/strong> F0902S \u2013 Parmak \u0130zi Kasas\u0131<\/p>\n<\/li>\n<li data-start=\"339\" data-end=\"363\">\n<p data-start=\"341\" data-end=\"363\"><strong data-start=\"341\" data-end=\"351\">Marka:<\/strong> ITO Lock<\/p>\n<\/li>\n<li data-start=\"364\" data-end=\"410\">\n<p data-start=\"366\" data-end=\"410\"><strong data-start=\"366\" data-end=\"380\">\u00dcr\u00fcn Tipi:<\/strong> Parmak \u0130zli Elektronik Kasa<\/p>\n<\/li>\n<li data-start=\"411\" data-end=\"482\">\n<p data-start=\"413\" data-end=\"482\"><strong data-start=\"413\" data-end=\"428\">\u00dcr\u00fcn Grubu:<\/strong> \u0130TO Kilit Parmak \u0130zi Kasalar \/ \u0130TO Kilit \u00c7elik Kasa<\/p>\n<\/li>\n<li data-start=\"484\" data-end=\"523\">\n<p data-start=\"486\" data-end=\"523\"><strong data-start=\"486\" data-end=\"502\">D\u0131\u015f \u00d6l\u00e7\u00fcler:<\/strong> 250 \u00d7 350 \u00d7 250 mm<\/p>\n<\/li>\n<li data-start=\"524\" data-end=\"545\">\n<p data-start=\"526\" data-end=\"545\"><strong data-start=\"526\" data-end=\"538\">A\u011f\u0131rl\u0131k:<\/strong> 8 kg<\/p>\n<\/li>\n<li data-start=\"546\" data-end=\"565\">\n<p data-start=\"548\" data-end=\"565\"><strong data-start=\"548\" data-end=\"557\">Renk:<\/strong> Black<\/p>\n<\/li>\n<li data-start=\"567\" data-end=\"708\">\n<p data-start=\"569\" data-end=\"708\"><strong data-start=\"569\" data-end=\"596\">G\u00f6vde \/ Kap\u0131 Kal\u0131nl\u0131\u011f\u0131:<\/strong><br data-start=\"596\" data-end=\"599\" \/><strong data-start=\"601\" data-end=\"641\">1,5 mm \u00e7elik g\u00f6vde \/ 4 mm \u00e7elik kap\u0131<\/strong> yap\u0131s\u0131 ile \u00fcretilmi\u015f, dayan\u0131kl\u0131 <strong data-start=\"674\" data-end=\"698\">\u0130TO Kilit \u00e7elik kasa<\/strong> tasar\u0131m\u0131.<\/p>\n<\/li>\n<li data-start=\"710\" data-end=\"782\">\n<p data-start=\"712\" data-end=\"782\"><strong data-start=\"712\" data-end=\"720\">Raf:<\/strong><br data-start=\"720\" data-end=\"723\" \/>\u0130\u00e7 hacmi d\u00fczenlemek i\u00e7in <strong data-start=\"750\" data-end=\"767\">1 adet i\u00e7 raf<\/strong> bulunmaktad\u0131r.<\/p>\n<\/li>\n<li data-start=\"784\" data-end=\"981\">\n<p data-start=\"786\" data-end=\"981\"><strong data-start=\"786\" data-end=\"820\">\u00c7ok Katmanl\u0131 G\u00fcvenlik Sistemi:<\/strong><br data-start=\"820\" data-end=\"823\" \/>Ev ve ofis kullan\u0131m\u0131 i\u00e7in geli\u015ftirilmi\u015f <strong data-start=\"865\" data-end=\"914\">parmak izi + elektronik \u015fifreli kilit sistemi<\/strong>.<br data-start=\"915\" data-end=\"918\" \/><strong data-start=\"920\" data-end=\"941\">\u0130TO Kilit kasalar<\/strong> teknolojisi ile y\u00fcksek g\u00fcvenlik sa\u011flar.<\/p>\n<\/li>\n<li data-start=\"983\" data-end=\"1079\">\n<p data-start=\"985\" data-end=\"1079\"><strong data-start=\"985\" data-end=\"1003\">Dijital \u015eifre:<\/strong><br data-start=\"1003\" data-end=\"1006\" \/><strong data-start=\"1008\" data-end=\"1036\">3\u20138 haneli dijital \u015fifre<\/strong> ile h\u0131zl\u0131 ve g\u00fcvenli a\u00e7ma \/ kapama imkan\u0131.<\/p>\n<\/li>\n<li data-start=\"1081\" data-end=\"1208\">\n<p data-start=\"1083\" data-end=\"1208\"><strong data-start=\"1083\" data-end=\"1106\">Parmak \u0130zi Okuyucu:<\/strong><br data-start=\"1106\" data-end=\"1109\" \/>Kay\u0131tl\u0131 <strong data-start=\"1119\" data-end=\"1145\">maksimum 32 parmak izi<\/strong> tan\u0131mlanabilir. Yetkili kullan\u0131c\u0131lar i\u00e7in h\u0131zl\u0131 eri\u015fim sa\u011flar.<\/p>\n<\/li>\n<li data-start=\"1210\" data-end=\"1331\">\n<p data-start=\"1212\" data-end=\"1236\"><strong data-start=\"1212\" data-end=\"1234\">G\u00f6sterge I\u015f\u0131klar\u0131:<\/strong><\/p>\n<ul data-start=\"1239\" data-end=\"1331\">\n<li data-start=\"1239\" data-end=\"1265\">\n<p data-start=\"1241\" data-end=\"1265\"><strong data-start=\"1241\" data-end=\"1251\">Ye\u015fil:<\/strong> A\u00e7\u0131k \/ onay<\/p>\n<\/li>\n<li data-start=\"1268\" data-end=\"1297\">\n<p data-start=\"1270\" data-end=\"1297\"><strong data-start=\"1270\" data-end=\"1282\">K\u0131rm\u0131z\u0131:<\/strong> Uyar\u0131 \/ hata<\/p>\n<\/li>\n<li data-start=\"1300\" data-end=\"1331\">\n<p data-start=\"1302\" data-end=\"1331\"><strong data-start=\"1302\" data-end=\"1311\">Sar\u0131:<\/strong> D\u00fc\u015f\u00fck pil uyar\u0131s\u0131<\/p>\n<\/li>\n<\/ul>\n<\/li>\n<li data-start=\"1333\" data-end=\"1449\">\n<p data-start=\"1335\" data-end=\"1449\"><strong data-start=\"1335\" data-end=\"1350\">Reset Tu\u015fu:<\/strong><br data-start=\"1350\" data-end=\"1353\" \/>Parmak izi ve \u015fifreleri <strong data-start=\"1379\" data-end=\"1402\">kaydetme veya silme<\/strong> i\u015flemleri i\u00e7in kullan\u0131lan dahili reset butonu.<\/p>\n<\/li>\n<li data-start=\"1451\" data-end=\"1568\">\n<p data-start=\"1453\" data-end=\"1568\"><strong data-start=\"1453\" data-end=\"1473\">Kilit S\u00fcrg\u00fcleri:<\/strong><br data-start=\"1473\" data-end=\"1476\" \/><strong data-start=\"1478\" data-end=\"1536\">20 mm \u00e7ap\u0131nda 2 adet tek y\u00f6nl\u00fc \u00e7elik kilitleme s\u00fcrg\u00fcs\u00fc<\/strong> ile g\u00fc\u00e7lendirilmi\u015f kap\u0131 yap\u0131s\u0131.<\/p>\n<\/li>\n<li data-start=\"1570\" data-end=\"1694\">\n<p data-start=\"1572\" data-end=\"1694\"><strong data-start=\"1572\" data-end=\"1596\">Acil Durum Anahtar\u0131:<\/strong><br data-start=\"1596\" data-end=\"1599\" \/>Pil bitmesi veya elektronik ar\u0131za durumlar\u0131 i\u00e7in <strong data-start=\"1650\" data-end=\"1684\">override (acil durum) anahtar\u0131<\/strong> dahildir.<\/p>\n<\/li>\n<li data-start=\"1696\" data-end=\"1783\">\n<p data-start=\"1698\" data-end=\"1783\"><strong data-start=\"1698\" data-end=\"1711\">\u0130\u00e7 K\u0131s\u0131m:<\/strong><br data-start=\"1711\" data-end=\"1714\" \/>De\u011ferli e\u015fyalar\u0131n korunmas\u0131 i\u00e7in <strong data-start=\"1749\" data-end=\"1775\">koruyucu taban minderi<\/strong> i\u00e7erir.<\/p>\n<\/li>\n<li data-start=\"1785\" data-end=\"1841\">\n<p data-start=\"1787\" data-end=\"1841\"><strong data-start=\"1787\" data-end=\"1804\">\u00c7al\u0131\u015fma Tipi:<\/strong><br data-start=\"1804\" data-end=\"1807\" \/><strong data-start=\"1809\" data-end=\"1828\">4 \u00d7 1.5V AA pil<\/strong> ile \u00e7al\u0131\u015f\u0131r.<\/p>\n<\/li>\n<li data-start=\"1843\" data-end=\"2008\">\n<p data-start=\"1845\" data-end=\"2008\"><strong data-start=\"1845\" data-end=\"1856\">Montaj:<\/strong><br data-start=\"1856\" data-end=\"1859\" \/>Alt ve arka k\u0131s\u0131mda bulunan <strong data-start=\"1889\" data-end=\"1915\">haz\u0131r montaj delikleri<\/strong> sayesinde duvara veya zemine sabitlenebilir.<br data-start=\"1960\" data-end=\"1963\" \/>Montaj vidalar\u0131 \u00fcr\u00fcnle birlikte g\u00f6nderilir.<\/p>\n<\/li>\n<li data-start=\"2010\" data-end=\"2189\">\n<p data-start=\"2012\" data-end=\"2189\"><strong data-start=\"2012\" data-end=\"2034\">Kullan\u0131m Alanlar\u0131:<\/strong><br data-start=\"2034\" data-end=\"2037\" \/>Ev, ofis, ma\u011faza ve ticari alanlar i\u00e7in ideal <strong data-start=\"2085\" data-end=\"2116\">\u0130TO Kilit parmak izi kasas\u0131<\/strong>, <strong data-start=\"2118\" data-end=\"2151\">elektronik \u015fifreli \u00e7elik kasa<\/strong> ve <strong data-start=\"2155\" data-end=\"2181\">y\u00fcksek g\u00fcvenlikli kasa<\/strong> \u00e7\u00f6z\u00fcm\u00fc.<\/p>\n<\/li>\n<\/ul>","protected":false},"excerpt":{"rendered":"<p>F0902S \u2013 \u0130TO Kilit Parmak \u0130zi Kasas\u0131 | Elektronik \u015eifreli \u00c7elik Kasa Model: F0902S \u2013 Parmak \u0130zi Kasas\u0131 Marka: \u0130TO<\/p>","protected":false},"featured_media":6162,"comment_status":"open","ping_status":"closed","template":"","meta":{"rank_math_lock_modified_date":false},"product_cat":[1199],"product_tag":[],"class_list":{"0":"post-6160","1":"product","2":"type-product","3":"status-publish","4":"has-post-thumbnail","6":"product_cat-ito-kilit-kasalar","8":"first","9":"outofstock","10":"taxable","11":"shipping-taxable","12":"purchasable","13":"product-type-simple"},"_links":{"self":[{"href":"https:\/\/arma-yapi.com\/en\/wp-json\/wp\/v2\/product\/6160","targetHints":{"allow":["GET"]}}],"collection":[{"href":"https:\/\/arma-yapi.com\/en\/wp-json\/wp\/v2\/product"}],"about":[{"href":"https:\/\/arma-yapi.com\/en\/wp-json\/wp\/v2\/types\/product"}],"replies":[{"embeddable":true,"href":"https:\/\/arma-yapi.com\/en\/wp-json\/wp\/v2\/comments?post=6160"}],"version-history":[{"count":1,"href":"https:\/\/arma-yapi.com\/en\/wp-json\/wp\/v2\/product\/6160\/revisions"}],"predecessor-version":[{"id":6163,"href":"https:\/\/arma-yapi.com\/en\/wp-json\/wp\/v2\/product\/6160\/revisions\/6163"}],"wp:featuredmedia":[{"embeddable":true,"href":"https:\/\/arma-yapi.com\/en\/wp-json\/wp\/v2\/media\/6162"}],"wp:attachment":[{"href":"https:\/\/arma-yapi.com\/en\/wp-json\/wp\/v2\/media?parent=6160"}],"wp:term":[{"taxonomy":"product_cat","embeddable":true,"href":"https:\/\/arma-yapi.com\/en\/wp-json\/wp\/v2\/product_cat?post=6160"},{"taxonomy":"product_tag","embeddable":true,"href":"https:\/\/arma-yapi.com\/en\/wp-json\/wp\/v2\/product_tag?post=6160"}],"curies":[{"name":"wp","href":"https:\/\/api.w.org\/{rel}","templated":true}]}}