{"id":6156,"date":"2026-01-29T12:23:18","date_gmt":"2026-01-29T12:23:18","guid":{"rendered":"https:\/\/arma-yapi.com\/?post_type=product&#038;p=6156"},"modified":"2026-03-24T13:50:30","modified_gmt":"2026-03-24T13:50:30","slug":"ito-kilit-ws0202e11530-ws-5e6g-duvar-tipi-kasa-gizli-elektronik-celik-kasa","status":"publish","type":"product","link":"https:\/\/arma-yapi.com\/en\/product\/ito-kilit-ws0202e11530-ws-5e6g-duvar-tipi-kasa-gizli-elektronik-celik-kasa\/","title":{"rendered":"\u0130TO Kilit WS0202E11530 (WS-5E6G) \u2013 Duvar Tipi Kasa | Gizli Elektronik \u00c7elik Kasa"},"content":{"rendered":"<h2 data-start=\"220\" data-end=\"307\"><strong data-start=\"223\" data-end=\"307\">WS0202E11530 (WS-5E6G) \u2013 \u0130TO Kilit Duvar Tipi Kasa | Gizli Elektronik \u00c7elik Kasa<\/strong><\/h2>\n<ul data-start=\"309\" data-end=\"2025\">\n<li data-start=\"309\" data-end=\"364\">\n<p data-start=\"311\" data-end=\"364\"><strong data-start=\"311\" data-end=\"321\">Model:<\/strong> WS0202E11530 (WS-5E6G) \u2013 Duvar Tipi Kasa<\/p>\n<\/li>\n<li data-start=\"365\" data-end=\"389\">\n<p data-start=\"367\" data-end=\"389\"><strong data-start=\"367\" data-end=\"377\">Marka:<\/strong> ITO Lock<\/p>\n<\/li>\n<li data-start=\"390\" data-end=\"435\">\n<p data-start=\"392\" data-end=\"435\"><strong data-start=\"392\" data-end=\"406\">\u00dcr\u00fcn Tipi:<\/strong> Duvar Tipi Elektronik Kasa<\/p>\n<\/li>\n<li data-start=\"436\" data-end=\"503\">\n<p data-start=\"438\" data-end=\"503\"><strong data-start=\"438\" data-end=\"453\">\u00dcr\u00fcn Grubu:<\/strong> \u0130TO Kilit Duvar Kasalar\u0131 \/ \u0130TO Kilit \u00c7elik Kasa<\/p>\n<\/li>\n<li data-start=\"505\" data-end=\"555\">\n<p data-start=\"507\" data-end=\"555\"><strong data-start=\"507\" data-end=\"534\">\u00d6n \u00d6l\u00e7\u00fcler (Y \u00d7 G \u00d7 D):<\/strong> 570 \u00d7 390 \u00d7 100 mm<\/p>\n<\/li>\n<li data-start=\"556\" data-end=\"607\">\n<p data-start=\"558\" data-end=\"607\"><strong data-start=\"558\" data-end=\"587\">Arka \u00d6l\u00e7\u00fcler (Y \u00d7 G \u00d7 D):<\/strong> 525 \u00d7 350 \u00d7 95 mm<\/p>\n<\/li>\n<li data-start=\"608\" data-end=\"630\">\n<p data-start=\"610\" data-end=\"630\"><strong data-start=\"610\" data-end=\"622\">A\u011f\u0131rl\u0131k:<\/strong> 11 kg<\/p>\n<\/li>\n<li data-start=\"632\" data-end=\"859\">\n<p data-start=\"634\" data-end=\"859\"><strong data-start=\"634\" data-end=\"657\">Tasar\u0131m &amp; Kullan\u0131m:<\/strong><br data-start=\"657\" data-end=\"660\" \/>Belgeleri, nakit paray\u0131 ve de\u011ferli e\u015fyalar\u0131 korumak i\u00e7in <strong data-start=\"719\" data-end=\"741\">duvar i\u00e7ine g\u00f6m\u00fcl\u00fc<\/strong> \u015fekilde tasarlanm\u0131\u015f <strong data-start=\"762\" data-end=\"791\">\u0130TO Kilit duvar tipi kasa<\/strong>. Duvar i\u00e7inde gizlenerek ekstra g\u00fcvenlik ve estetik avantaj sa\u011flar.<\/p>\n<\/li>\n<li data-start=\"861\" data-end=\"1038\">\n<p data-start=\"863\" data-end=\"1038\"><strong data-start=\"863\" data-end=\"885\">Kilitleme Sistemi:<\/strong><br data-start=\"885\" data-end=\"888\" \/><strong data-start=\"890\" data-end=\"918\">3\u20138 haneli dijital \u015fifre<\/strong> ile a\u00e7ma ve kapama imkan\u0131 sunan elektronik kilit sistemi.<br data-start=\"976\" data-end=\"979\" \/><strong data-start=\"981\" data-end=\"1002\">\u0130TO Kilit kasalar<\/strong> g\u00fcvenlik standartlar\u0131na uygun yap\u0131.<\/p>\n<\/li>\n<li data-start=\"1040\" data-end=\"1165\">\n<p data-start=\"1042\" data-end=\"1165\"><strong data-start=\"1042\" data-end=\"1066\">\u00c7al\u0131\u015fma Mekanizmas\u0131:<\/strong><br data-start=\"1066\" data-end=\"1069\" \/><strong data-start=\"1071\" data-end=\"1115\">Solenoid sisteme ba\u011fl\u0131 buton mekanizmas\u0131<\/strong>, stabil ve g\u00fcvenilir kilitleme performans\u0131 sunar.<\/p>\n<\/li>\n<li data-start=\"1167\" data-end=\"1263\">\n<p data-start=\"1169\" data-end=\"1263\"><strong data-start=\"1169\" data-end=\"1184\">Reset Tu\u015fu:<\/strong><br data-start=\"1184\" data-end=\"1187\" \/>Dahili <strong data-start=\"1196\" data-end=\"1212\">reset butonu<\/strong> ile \u015fifre h\u0131zl\u0131 ve kolay \u015fekilde de\u011fi\u015ftirilebilir.<\/p>\n<\/li>\n<li data-start=\"1265\" data-end=\"1382\">\n<p data-start=\"1267\" data-end=\"1382\"><strong data-start=\"1267\" data-end=\"1287\">Kilit S\u00fcrg\u00fcleri:<\/strong><br data-start=\"1287\" data-end=\"1290\" \/><strong data-start=\"1292\" data-end=\"1350\">20 mm \u00e7ap\u0131nda 2 adet tek y\u00f6nl\u00fc \u00e7elik kilitleme s\u00fcrg\u00fcs\u00fc<\/strong> ile g\u00fc\u00e7lendirilmi\u015f kap\u0131 yap\u0131s\u0131.<\/p>\n<\/li>\n<li data-start=\"1384\" data-end=\"1520\">\n<p data-start=\"1386\" data-end=\"1520\"><strong data-start=\"1386\" data-end=\"1410\">Acil Durum Anahtar\u0131:<\/strong><br data-start=\"1410\" data-end=\"1413\" \/>Pil bitmesi veya elektronik ar\u0131za durumlar\u0131nda kullan\u0131m i\u00e7in <strong data-start=\"1476\" data-end=\"1510\">override (acil durum) anahtar\u0131<\/strong> dahildir.<\/p>\n<\/li>\n<li data-start=\"1522\" data-end=\"1620\">\n<p data-start=\"1524\" data-end=\"1620\"><strong data-start=\"1524\" data-end=\"1537\">\u0130\u00e7 K\u0131s\u0131m:<\/strong><br data-start=\"1537\" data-end=\"1540\" \/>De\u011ferli e\u015fyalar\u0131n korunmas\u0131 i\u00e7in <strong data-start=\"1575\" data-end=\"1601\">koruyucu taban minderi<\/strong> ile donat\u0131lm\u0131\u015ft\u0131r.<\/p>\n<\/li>\n<li data-start=\"1622\" data-end=\"1678\">\n<p data-start=\"1624\" data-end=\"1678\"><strong data-start=\"1624\" data-end=\"1641\">\u00c7al\u0131\u015fma Tipi:<\/strong><br data-start=\"1641\" data-end=\"1644\" \/><strong data-start=\"1646\" data-end=\"1665\">4 \u00d7 1.5V AA pil<\/strong> ile \u00e7al\u0131\u015f\u0131r.<\/p>\n<\/li>\n<li data-start=\"1680\" data-end=\"1843\">\n<p data-start=\"1682\" data-end=\"1843\"><strong data-start=\"1682\" data-end=\"1693\">Montaj:<\/strong><br data-start=\"1693\" data-end=\"1696\" \/>Arka k\u0131s\u0131mda bulunan <strong data-start=\"1719\" data-end=\"1745\">haz\u0131r montaj delikleri<\/strong> sayesinde duvar i\u00e7ine g\u00fcvenli montaj yap\u0131labilir.<br data-start=\"1795\" data-end=\"1798\" \/>Montaj vidalar\u0131 \u00fcr\u00fcnle birlikte g\u00f6nderilir.<\/p>\n<\/li>\n<li data-start=\"1845\" data-end=\"2025\">\n<p data-start=\"1847\" data-end=\"2025\"><strong data-start=\"1847\" data-end=\"1869\">Kullan\u0131m Alanlar\u0131:<\/strong><br data-start=\"1869\" data-end=\"1872\" \/>Evler, ofisler, villalar ve ticari alanlar i\u00e7in ideal <strong data-start=\"1928\" data-end=\"1954\">\u0130TO Kilit duvar kasas\u0131<\/strong>, <strong data-start=\"1956\" data-end=\"1987\">gizli elektronik \u00e7elik kasa<\/strong> ve <strong data-start=\"1991\" data-end=\"2017\">y\u00fcksek g\u00fcvenlikli kasa<\/strong> \u00e7\u00f6z\u00fcm\u00fc.<\/p>\n<\/li>\n<\/ul>","protected":false},"excerpt":{"rendered":"<p>WS0202E11530 (WS-5E6G) \u2013 \u0130TO Kilit Duvar Tipi Kasa | Gizli Elektronik \u00c7elik Kasa Model: WS0202E11530 (WS-5E6G) \u2013 Duvar Tipi Kasa<\/p>","protected":false},"featured_media":6157,"comment_status":"open","ping_status":"closed","template":"","meta":{"rank_math_lock_modified_date":false},"product_cat":[1199],"product_tag":[],"class_list":{"0":"post-6156","1":"product","2":"type-product","3":"status-publish","4":"has-post-thumbnail","6":"product_cat-ito-kilit-kasalar","8":"first","9":"outofstock","10":"taxable","11":"shipping-taxable","12":"purchasable","13":"product-type-simple"},"_links":{"self":[{"href":"https:\/\/arma-yapi.com\/en\/wp-json\/wp\/v2\/product\/6156","targetHints":{"allow":["GET"]}}],"collection":[{"href":"https:\/\/arma-yapi.com\/en\/wp-json\/wp\/v2\/product"}],"about":[{"href":"https:\/\/arma-yapi.com\/en\/wp-json\/wp\/v2\/types\/product"}],"replies":[{"embeddable":true,"href":"https:\/\/arma-yapi.com\/en\/wp-json\/wp\/v2\/comments?post=6156"}],"version-history":[{"count":1,"href":"https:\/\/arma-yapi.com\/en\/wp-json\/wp\/v2\/product\/6156\/revisions"}],"predecessor-version":[{"id":6159,"href":"https:\/\/arma-yapi.com\/en\/wp-json\/wp\/v2\/product\/6156\/revisions\/6159"}],"wp:featuredmedia":[{"embeddable":true,"href":"https:\/\/arma-yapi.com\/en\/wp-json\/wp\/v2\/media\/6157"}],"wp:attachment":[{"href":"https:\/\/arma-yapi.com\/en\/wp-json\/wp\/v2\/media?parent=6156"}],"wp:term":[{"taxonomy":"product_cat","embeddable":true,"href":"https:\/\/arma-yapi.com\/en\/wp-json\/wp\/v2\/product_cat?post=6156"},{"taxonomy":"product_tag","embeddable":true,"href":"https:\/\/arma-yapi.com\/en\/wp-json\/wp\/v2\/product_tag?post=6156"}],"curies":[{"name":"wp","href":"https:\/\/api.w.org\/{rel}","templated":true}]}}