{"id":6149,"date":"2026-01-29T12:15:48","date_gmt":"2026-01-29T12:15:48","guid":{"rendered":"https:\/\/arma-yapi.com\/?post_type=product&#038;p=6149"},"modified":"2026-01-29T12:16:45","modified_gmt":"2026-01-29T12:16:45","slug":"ito-kilit-12k-3-mekanik-sifreli-anahtarlik-kutusu-duvar-tipi-anahtar-kutusu","status":"publish","type":"product","link":"https:\/\/arma-yapi.com\/en\/product\/ito-kilit-12k-3-mekanik-sifreli-anahtarlik-kutusu-duvar-tipi-anahtar-kutusu\/","title":{"rendered":"\u0130TO Kilit 12K-3 \u2013 Mekanik \u015eifreli Anahtarl\u0131k Kutusu | Duvar Tipi Anahtar Kutusu"},"content":{"rendered":"<h2 data-start=\"204\" data-end=\"290\"><strong data-start=\"207\" data-end=\"290\">12K-3 \u2013 \u0130TO Kilit Mekanik \u015eifreli Anahtarl\u0131k Kutusu | Duvar Tipi Anahtar Kutusu<\/strong><\/h2>\n<ul data-start=\"292\" data-end=\"1342\">\n<li data-start=\"292\" data-end=\"332\">\n<p data-start=\"294\" data-end=\"332\"><strong data-start=\"294\" data-end=\"304\">Model:<\/strong> 12K-3 \u2013 Anahtarl\u0131k Kutusu<\/p>\n<\/li>\n<li data-start=\"333\" data-end=\"357\">\n<p data-start=\"335\" data-end=\"357\"><strong data-start=\"335\" data-end=\"345\">Marka:<\/strong> ITO Lock<\/p>\n<\/li>\n<li data-start=\"358\" data-end=\"405\">\n<p data-start=\"360\" data-end=\"405\"><strong data-start=\"360\" data-end=\"374\">\u00dcr\u00fcn Tipi:<\/strong> Mekanik Kodlu Anahtar Kutusu<\/p>\n<\/li>\n<li data-start=\"406\" data-end=\"476\">\n<p data-start=\"408\" data-end=\"476\"><strong data-start=\"408\" data-end=\"423\">\u00dcr\u00fcn Grubu:<\/strong> \u0130TO Kilit Anahtar Kutular\u0131 \/ G\u00fcvenlik Aksesuarlar\u0131<\/p>\n<\/li>\n<li data-start=\"478\" data-end=\"511\">\n<p data-start=\"480\" data-end=\"511\"><strong data-start=\"480\" data-end=\"492\">\u00d6l\u00e7\u00fcler:<\/strong> 115 \u00d7 85 \u00d7 40 mm<\/p>\n<\/li>\n<li data-start=\"512\" data-end=\"536\">\n<p data-start=\"514\" data-end=\"536\"><strong data-start=\"514\" data-end=\"526\">A\u011f\u0131rl\u0131k:<\/strong> 0,46 kg<\/p>\n<\/li>\n<li data-start=\"537\" data-end=\"563\">\n<p data-start=\"539\" data-end=\"563\"><strong data-start=\"539\" data-end=\"548\">Renk:<\/strong> Gri ve Siyah<\/p>\n<\/li>\n<li data-start=\"565\" data-end=\"743\">\n<p data-start=\"567\" data-end=\"743\"><strong data-start=\"567\" data-end=\"585\">Kilit Sistemi:<\/strong><br data-start=\"585\" data-end=\"588\" \/>Elektrik veya pil gerektirmeyen <strong data-start=\"622\" data-end=\"655\">mekanik \u015fifreli kilit sistemi<\/strong>.<br data-start=\"656\" data-end=\"659\" \/><strong data-start=\"661\" data-end=\"674\">ITO Lock<\/strong> g\u00fcvenli\u011fi ile anahtar payla\u015f\u0131m\u0131n\u0131 kontroll\u00fc ve g\u00fcvenli hale getirir.<\/p>\n<\/li>\n<li data-start=\"745\" data-end=\"823\">\n<p data-start=\"747\" data-end=\"823\"><strong data-start=\"747\" data-end=\"766\">Malzeme Yap\u0131s\u0131:<\/strong><br data-start=\"766\" data-end=\"769\" \/>Dayan\u0131kl\u0131 ve uzun \u00f6m\u00fcrl\u00fc <strong data-start=\"796\" data-end=\"822\">al\u00fcminyum ala\u015f\u0131m g\u00f6vde<\/strong>.<\/p>\n<\/li>\n<li data-start=\"825\" data-end=\"913\">\n<p data-start=\"827\" data-end=\"913\"><strong data-start=\"827\" data-end=\"845\">Y\u00fczey Kaplama:<\/strong><br data-start=\"845\" data-end=\"848\" \/>D\u0131\u015f etkenlere kar\u015f\u0131 koruma sa\u011flayan <strong data-start=\"886\" data-end=\"906\">toz boya kaplama<\/strong> y\u00fczey.<\/p>\n<\/li>\n<li data-start=\"915\" data-end=\"1002\">\n<p data-start=\"917\" data-end=\"1002\"><strong data-start=\"917\" data-end=\"932\">Kod Kapa\u011f\u0131:<\/strong><br data-start=\"932\" data-end=\"935\" \/>\u015eifre g\u00fcvenli\u011fini art\u0131rmak i\u00e7in <strong data-start=\"969\" data-end=\"991\">mekanik kod kapa\u011f\u0131<\/strong> mevcuttur.<\/p>\n<\/li>\n<li data-start=\"1004\" data-end=\"1108\">\n<p data-start=\"1006\" data-end=\"1108\"><strong data-start=\"1006\" data-end=\"1017\">Montaj:<\/strong><br data-start=\"1017\" data-end=\"1020\" \/>Duvara monte edilebilir yap\u0131.<br data-start=\"1051\" data-end=\"1054\" \/><strong data-start=\"1056\" data-end=\"1080\">4 adet montaj vidas\u0131<\/strong> \u00fcr\u00fcnle birlikte g\u00f6nderilir.<\/p>\n<\/li>\n<li data-start=\"1110\" data-end=\"1264\">\n<p data-start=\"1112\" data-end=\"1264\"><strong data-start=\"1112\" data-end=\"1134\">Kullan\u0131m Alanlar\u0131:<\/strong><br data-start=\"1134\" data-end=\"1137\" \/>Evler, ofisler, apartmanlar, siteler, oteller, Airbnb daireleri ve i\u015f yerleri i\u00e7in ideal <strong data-start=\"1228\" data-end=\"1256\">\u0130TO Kilit anahtar kutusu<\/strong> \u00e7\u00f6z\u00fcm\u00fc.<\/p>\n<\/li>\n<li data-start=\"1266\" data-end=\"1342\">\n<p data-start=\"1268\" data-end=\"1342\"><strong data-start=\"1268\" data-end=\"1297\">Paketleme &amp; Koli Bilgisi:<\/strong><br data-start=\"1297\" data-end=\"1300\" \/><strong data-start=\"1302\" data-end=\"1320\">30 adet \/ koli<\/strong> \u015feklinde sevk edilir.<\/p>\n<\/li>\n<\/ul>","protected":false},"excerpt":{"rendered":"<p>12K-3 \u2013 \u0130TO Kilit Mekanik \u015eifreli Anahtarl\u0131k Kutusu | Duvar Tipi Anahtar Kutusu Model: 12K-3 \u2013 Anahtarl\u0131k Kutusu Marka: \u0130TO<\/p>","protected":false},"featured_media":6152,"comment_status":"open","ping_status":"closed","template":"","meta":{"rank_math_lock_modified_date":false},"product_cat":[1199],"product_tag":[],"class_list":{"0":"post-6149","1":"product","2":"type-product","3":"status-publish","4":"has-post-thumbnail","6":"product_cat-ito-kilit-kasalar","8":"first","9":"instock","10":"taxable","11":"shipping-taxable","12":"purchasable","13":"product-type-simple"},"_links":{"self":[{"href":"https:\/\/arma-yapi.com\/en\/wp-json\/wp\/v2\/product\/6149","targetHints":{"allow":["GET"]}}],"collection":[{"href":"https:\/\/arma-yapi.com\/en\/wp-json\/wp\/v2\/product"}],"about":[{"href":"https:\/\/arma-yapi.com\/en\/wp-json\/wp\/v2\/types\/product"}],"replies":[{"embeddable":true,"href":"https:\/\/arma-yapi.com\/en\/wp-json\/wp\/v2\/comments?post=6149"}],"version-history":[{"count":1,"href":"https:\/\/arma-yapi.com\/en\/wp-json\/wp\/v2\/product\/6149\/revisions"}],"predecessor-version":[{"id":6154,"href":"https:\/\/arma-yapi.com\/en\/wp-json\/wp\/v2\/product\/6149\/revisions\/6154"}],"wp:featuredmedia":[{"embeddable":true,"href":"https:\/\/arma-yapi.com\/en\/wp-json\/wp\/v2\/media\/6152"}],"wp:attachment":[{"href":"https:\/\/arma-yapi.com\/en\/wp-json\/wp\/v2\/media?parent=6149"}],"wp:term":[{"taxonomy":"product_cat","embeddable":true,"href":"https:\/\/arma-yapi.com\/en\/wp-json\/wp\/v2\/product_cat?post=6149"},{"taxonomy":"product_tag","embeddable":true,"href":"https:\/\/arma-yapi.com\/en\/wp-json\/wp\/v2\/product_tag?post=6149"}],"curies":[{"name":"wp","href":"https:\/\/api.w.org\/{rel}","templated":true}]}}