{"id":6143,"date":"2026-01-29T12:11:56","date_gmt":"2026-01-29T12:11:56","guid":{"rendered":"https:\/\/arma-yapi.com\/?post_type=product&#038;p=6143"},"modified":"2026-03-24T13:50:37","modified_gmt":"2026-03-24T13:50:37","slug":"ito-kilit-yfc-25c-kombinasyonlu-para-kasasi-portatif-celik-kasa","status":"publish","type":"product","link":"https:\/\/arma-yapi.com\/en\/product\/ito-kilit-yfc-25c-kombinasyonlu-para-kasasi-portatif-celik-kasa\/","title":{"rendered":"\u0130TO Kilit YFC-25C \u2013 Kombinasyonlu Para Kasas\u0131 | Portatif \u00c7elik Kasa"},"content":{"rendered":"<h2 data-start=\"212\" data-end=\"286\"><strong data-start=\"215\" data-end=\"286\">YFC-25C \u2013 \u0130TO Kilit Kombinasyonlu Para Kasas\u0131 | Portatif \u00c7elik Kasa<\/strong><\/h2>\n<ul data-start=\"288\" data-end=\"1427\">\n<li data-start=\"288\" data-end=\"338\">\n<p data-start=\"290\" data-end=\"338\"><strong data-start=\"290\" data-end=\"300\">Model:<\/strong> YFC-25C \u2013 Kombinasyonlu Para Kasas\u0131<\/p>\n<\/li>\n<li data-start=\"339\" data-end=\"363\">\n<p data-start=\"341\" data-end=\"363\"><strong data-start=\"341\" data-end=\"351\">Marka:<\/strong> ITO Lock<\/p>\n<\/li>\n<li data-start=\"364\" data-end=\"414\">\n<p data-start=\"366\" data-end=\"414\"><strong data-start=\"366\" data-end=\"380\">\u00dcr\u00fcn Tipi:<\/strong> Kombinasyon Kilitli Para Kasas\u0131<\/p>\n<\/li>\n<li data-start=\"415\" data-end=\"481\">\n<p data-start=\"417\" data-end=\"481\"><strong data-start=\"417\" data-end=\"432\">\u00dcr\u00fcn Grubu:<\/strong> \u0130TO Kilit Para Kasalar\u0131 \/ \u0130TO Kilit \u00c7elik Kasa<\/p>\n<\/li>\n<li data-start=\"483\" data-end=\"517\">\n<p data-start=\"485\" data-end=\"517\"><strong data-start=\"485\" data-end=\"497\">\u00d6l\u00e7\u00fcler:<\/strong> 90 \u00d7 250 \u00d7 180 mm<\/p>\n<\/li>\n<li data-start=\"518\" data-end=\"541\">\n<p data-start=\"520\" data-end=\"541\"><strong data-start=\"520\" data-end=\"532\">A\u011f\u0131rl\u0131k:<\/strong> 1,2 kg<\/p>\n<\/li>\n<li data-start=\"542\" data-end=\"561\">\n<p data-start=\"544\" data-end=\"561\"><strong data-start=\"544\" data-end=\"553\">Renk:<\/strong> Black<\/p>\n<\/li>\n<li data-start=\"562\" data-end=\"618\">\n<p data-start=\"564\" data-end=\"618\"><strong data-start=\"564\" data-end=\"585\">Renk Se\u00e7enekleri:<\/strong> Siyah, K\u0131rm\u0131z\u0131, Mavi (opsiyonel)<\/p>\n<\/li>\n<li data-start=\"620\" data-end=\"805\">\n<p data-start=\"622\" data-end=\"805\"><strong data-start=\"622\" data-end=\"640\">Kilit Sistemi:<\/strong><br data-start=\"640\" data-end=\"643\" \/>Kullan\u0131m ihtiyac\u0131na g\u00f6re <strong data-start=\"670\" data-end=\"689\">anahtarl\u0131 kilit<\/strong> veya <strong data-start=\"695\" data-end=\"718\">kombinasyonlu kilit<\/strong> se\u00e7enekleri.<br data-start=\"731\" data-end=\"734\" \/><strong data-start=\"736\" data-end=\"757\">\u0130TO Kilit kasalar<\/strong> g\u00fcvenli\u011fi ile pratik ve g\u00fcvenli kullan\u0131m sunar.<\/p>\n<\/li>\n<li data-start=\"807\" data-end=\"917\">\n<p data-start=\"809\" data-end=\"917\"><strong data-start=\"809\" data-end=\"826\">G\u00f6vde Yap\u0131s\u0131:<\/strong><br data-start=\"826\" data-end=\"829\" \/>Dayan\u0131kl\u0131 \u00e7elik kasa g\u00f6vdesi ile \u00fcretilmi\u015f, hafif ve <strong data-start=\"884\" data-end=\"907\">portatif \u00e7elik kasa<\/strong> tasar\u0131m\u0131.<\/p>\n<\/li>\n<li data-start=\"919\" data-end=\"1030\">\n<p data-start=\"921\" data-end=\"1030\"><strong data-start=\"921\" data-end=\"934\">\u0130\u00e7 Tepsi:<\/strong><br data-start=\"934\" data-end=\"937\" \/>Bozuk para, banknot ve de\u011ferli e\u015fyalar i\u00e7in <strong data-start=\"983\" data-end=\"1001\">siyah i\u00e7 tepsi<\/strong> ile d\u00fczenli kullan\u0131m imkan\u0131.<\/p>\n<\/li>\n<li data-start=\"1032\" data-end=\"1136\">\n<p data-start=\"1034\" data-end=\"1136\"><strong data-start=\"1034\" data-end=\"1055\">Ta\u015f\u0131ma Kolayl\u0131\u011f\u0131:<\/strong><br data-start=\"1055\" data-end=\"1058\" \/>\u00dcst k\u0131sm\u0131nda bulunan <strong data-start=\"1081\" data-end=\"1096\">ta\u015f\u0131ma kolu<\/strong> sayesinde kolay ve g\u00fcvenli ta\u015f\u0131nabilir.<\/p>\n<\/li>\n<li data-start=\"1138\" data-end=\"1255\">\n<p data-start=\"1140\" data-end=\"1255\"><strong data-start=\"1140\" data-end=\"1162\">Kullan\u0131m Alanlar\u0131:<\/strong><br data-start=\"1162\" data-end=\"1165\" \/>Ev, ofis, ma\u011faza, kafe, market ve i\u015fyerleri i\u00e7in ideal <strong data-start=\"1222\" data-end=\"1247\">\u0130TO Kilit para kasas\u0131<\/strong> \u00e7\u00f6z\u00fcm\u00fc.<\/p>\n<\/li>\n<li data-start=\"1257\" data-end=\"1355\">\n<p data-start=\"1259\" data-end=\"1355\"><strong data-start=\"1259\" data-end=\"1273\">Paketleme:<\/strong><br data-start=\"1273\" data-end=\"1276\" \/>\u00dcr\u00fcn, <strong data-start=\"1284\" data-end=\"1307\">ekstra renk etiketi<\/strong> ve <strong data-start=\"1311\" data-end=\"1333\">i\u00e7 kahverengi kutu<\/strong> ile paketlenmektedir.<\/p>\n<\/li>\n<li data-start=\"1357\" data-end=\"1427\">\n<p data-start=\"1359\" data-end=\"1427\"><strong data-start=\"1359\" data-end=\"1376\">Koli Bilgisi:<\/strong><br data-start=\"1376\" data-end=\"1379\" \/><strong data-start=\"1381\" data-end=\"1399\">10 adet \/ koli<\/strong> \u015feklinde sevk edilmektedir.<\/p>\n<\/li>\n<\/ul>","protected":false},"excerpt":{"rendered":"<p>YFC-25C \u2013 \u0130TO Kilit Kombinasyonlu Para Kasas\u0131 | Portatif \u00c7elik Kasa Model: YFC-25C \u2013 Kombinasyonlu Para Kasas\u0131 Marka: \u0130TO Kilit<\/p>","protected":false},"featured_media":6146,"comment_status":"open","ping_status":"closed","template":"","meta":{"rank_math_lock_modified_date":false},"product_cat":[1199],"product_tag":[],"class_list":{"0":"post-6143","1":"product","2":"type-product","3":"status-publish","4":"has-post-thumbnail","6":"product_cat-ito-kilit-kasalar","8":"first","9":"outofstock","10":"taxable","11":"shipping-taxable","12":"purchasable","13":"product-type-simple"},"_links":{"self":[{"href":"https:\/\/arma-yapi.com\/en\/wp-json\/wp\/v2\/product\/6143","targetHints":{"allow":["GET"]}}],"collection":[{"href":"https:\/\/arma-yapi.com\/en\/wp-json\/wp\/v2\/product"}],"about":[{"href":"https:\/\/arma-yapi.com\/en\/wp-json\/wp\/v2\/types\/product"}],"replies":[{"embeddable":true,"href":"https:\/\/arma-yapi.com\/en\/wp-json\/wp\/v2\/comments?post=6143"}],"version-history":[{"count":1,"href":"https:\/\/arma-yapi.com\/en\/wp-json\/wp\/v2\/product\/6143\/revisions"}],"predecessor-version":[{"id":6148,"href":"https:\/\/arma-yapi.com\/en\/wp-json\/wp\/v2\/product\/6143\/revisions\/6148"}],"wp:featuredmedia":[{"embeddable":true,"href":"https:\/\/arma-yapi.com\/en\/wp-json\/wp\/v2\/media\/6146"}],"wp:attachment":[{"href":"https:\/\/arma-yapi.com\/en\/wp-json\/wp\/v2\/media?parent=6143"}],"wp:term":[{"taxonomy":"product_cat","embeddable":true,"href":"https:\/\/arma-yapi.com\/en\/wp-json\/wp\/v2\/product_cat?post=6143"},{"taxonomy":"product_tag","embeddable":true,"href":"https:\/\/arma-yapi.com\/en\/wp-json\/wp\/v2\/product_tag?post=6143"}],"curies":[{"name":"wp","href":"https:\/\/api.w.org\/{rel}","templated":true}]}}