{"id":6138,"date":"2026-01-29T12:04:58","date_gmt":"2026-01-29T12:04:58","guid":{"rendered":"https:\/\/arma-yapi.com\/?post_type=product&#038;p=6138"},"modified":"2026-03-24T13:49:45","modified_gmt":"2026-03-24T13:49:45","slug":"ito-kilit-e9102e-buyuk-parmak-izi-kasasi-yuksek-seviye-biyometrik-celik-kasa","status":"publish","type":"product","link":"https:\/\/arma-yapi.com\/en\/product\/ito-kilit-e9102e-buyuk-parmak-izi-kasasi-yuksek-seviye-biyometrik-celik-kasa\/","title":{"rendered":"\u0130TO Kilit E9102E \u2013 B\u00fcy\u00fck Parmak \u0130zi Kasas\u0131 | Y\u00fcksek Seviye Biyometrik \u00c7elik Kasa"},"content":{"rendered":"<h2 data-start=\"215\" data-end=\"302\"><strong data-start=\"218\" data-end=\"302\">E9102E \u2013 \u0130TO Kilit B\u00fcy\u00fck Parmak \u0130zi Kasas\u0131 | Y\u00fcksek Seviye Biyometrik \u00c7elik Kasa<\/strong><\/h2>\n<ul data-start=\"304\" data-end=\"2386\">\n<li data-start=\"304\" data-end=\"351\">\n<p data-start=\"306\" data-end=\"351\"><strong data-start=\"306\" data-end=\"316\">Model:<\/strong> E9102E \u2013 B\u00fcy\u00fck Parmak \u0130zi Kasas\u0131<\/p>\n<\/li>\n<li data-start=\"352\" data-end=\"376\">\n<p data-start=\"354\" data-end=\"376\"><strong data-start=\"354\" data-end=\"364\">Marka:<\/strong> ITO Lock<\/p>\n<\/li>\n<li data-start=\"377\" data-end=\"426\">\n<p data-start=\"379\" data-end=\"426\"><strong data-start=\"379\" data-end=\"393\">\u00dcr\u00fcn Tipi:<\/strong> Y\u00fcksek Seviye Parmak \u0130zli Kasa<\/p>\n<\/li>\n<li data-start=\"427\" data-end=\"498\">\n<p data-start=\"429\" data-end=\"498\"><strong data-start=\"429\" data-end=\"444\">\u00dcr\u00fcn Grubu:<\/strong> \u0130TO Kilit Parmak \u0130zi Kasalar \/ \u0130TO Kilit \u00c7elik Kasa<\/p>\n<\/li>\n<li data-start=\"500\" data-end=\"539\">\n<p data-start=\"502\" data-end=\"539\"><strong data-start=\"502\" data-end=\"518\">D\u0131\u015f \u00d6l\u00e7\u00fcler:<\/strong> 250 \u00d7 350 \u00d7 250 mm<\/p>\n<\/li>\n<li data-start=\"540\" data-end=\"564\">\n<p data-start=\"542\" data-end=\"564\"><strong data-start=\"542\" data-end=\"554\">A\u011f\u0131rl\u0131k:<\/strong> 10,2 kg<\/p>\n<\/li>\n<li data-start=\"565\" data-end=\"584\">\n<p data-start=\"567\" data-end=\"584\"><strong data-start=\"567\" data-end=\"576\">Renk:<\/strong> Black<\/p>\n<\/li>\n<li data-start=\"585\" data-end=\"649\">\n<p data-start=\"587\" data-end=\"649\"><strong data-start=\"587\" data-end=\"608\">Renk Se\u00e7enekleri:<\/strong> Siyah, Beyaz, Mavi, Ye\u015fil, Sar\u0131, Pembe<\/p>\n<\/li>\n<li data-start=\"651\" data-end=\"799\">\n<p data-start=\"653\" data-end=\"799\"><strong data-start=\"653\" data-end=\"680\">G\u00f6vde \/ Kap\u0131 Kal\u0131nl\u0131\u011f\u0131:<\/strong><br data-start=\"680\" data-end=\"683\" \/><strong data-start=\"685\" data-end=\"725\">1,5 mm \u00e7elik g\u00f6vde \/ 4 mm \u00e7elik kap\u0131<\/strong> yap\u0131s\u0131 ile \u00fcretilmi\u015f, y\u00fcksek dayan\u0131ml\u0131 <strong data-start=\"765\" data-end=\"789\">\u0130TO Kilit \u00e7elik kasa<\/strong> tasar\u0131m\u0131.<\/p>\n<\/li>\n<li data-start=\"801\" data-end=\"1001\">\n<p data-start=\"803\" data-end=\"1001\"><strong data-start=\"803\" data-end=\"836\">\u00dcretim &amp; Tasar\u0131m Teknolojisi:<\/strong><br data-start=\"836\" data-end=\"839\" \/><strong data-start=\"841\" data-end=\"888\">Lazer kesim ve dekoratif \u00fcretim teknolojisi<\/strong>, kap\u0131 ve g\u00f6vde aras\u0131ndaki bo\u015flu\u011fu minimuma indirerek g\u00fcvenli\u011fi art\u0131r\u0131r ve kasaya premium bir g\u00f6r\u00fcn\u00fcm kazand\u0131r\u0131r.<\/p>\n<\/li>\n<li data-start=\"1003\" data-end=\"1196\">\n<p data-start=\"1005\" data-end=\"1196\"><strong data-start=\"1005\" data-end=\"1034\">Parmak \u0130zi Kilit Sistemi:<\/strong><br data-start=\"1034\" data-end=\"1037\" \/>Y\u00fcksek hassasiyetli <strong data-start=\"1059\" data-end=\"1091\">biyometrik parmak izi kilidi<\/strong> ile h\u0131zl\u0131 ve g\u00fcvenli eri\u015fim sa\u011flar.<br data-start=\"1127\" data-end=\"1130\" \/><strong data-start=\"1132\" data-end=\"1153\">\u0130TO Kilit kasalar<\/strong> teknolojisi ile \u00fcst seviye g\u00fcvenlik sunar.<\/p>\n<\/li>\n<li data-start=\"1198\" data-end=\"1322\">\n<p data-start=\"1200\" data-end=\"1322\"><strong data-start=\"1200\" data-end=\"1224\">Kenar &amp; K\u00f6\u015fe \u0130\u015fleme:<\/strong><br data-start=\"1224\" data-end=\"1227\" \/>\u00d6zel kenar ve k\u00f6\u015fe i\u015fleme detaylar\u0131 sayesinde <strong data-start=\"1275\" data-end=\"1294\">kullan\u0131c\u0131 dostu<\/strong>, modern ve g\u00fcvenli tasar\u0131m.<\/p>\n<\/li>\n<li data-start=\"1324\" data-end=\"1439\">\n<p data-start=\"1326\" data-end=\"1439\"><strong data-start=\"1326\" data-end=\"1347\">Metal Doku Topuz:<\/strong><br data-start=\"1347\" data-end=\"1350\" \/>Kasaya premium ve y\u00fcksek seviye bir g\u00f6r\u00fcn\u00fcm kazand\u0131ran <strong data-start=\"1407\" data-end=\"1438\">metal dokulu kontrol topuzu<\/strong>.<\/p>\n<\/li>\n<li data-start=\"1441\" data-end=\"1541\">\n<p data-start=\"1443\" data-end=\"1541\"><strong data-start=\"1443\" data-end=\"1458\">\u0130\u00e7 Tasar\u0131m:<\/strong><br data-start=\"1458\" data-end=\"1461\" \/>De\u011ferli e\u015fyalar\u0131n korunmas\u0131 i\u00e7in <strong data-start=\"1496\" data-end=\"1540\">tamamen kapl\u0131, s\u00fcnger destekli i\u00e7 dizayn<\/strong>.<\/p>\n<\/li>\n<li data-start=\"1543\" data-end=\"1622\">\n<p data-start=\"1545\" data-end=\"1622\"><strong data-start=\"1545\" data-end=\"1553\">Raf:<\/strong><br data-start=\"1553\" data-end=\"1556\" \/>\u0130\u00e7 hacmi verimli kullanmak i\u00e7in <strong data-start=\"1590\" data-end=\"1607\">1 adet i\u00e7 raf<\/strong> bulunmaktad\u0131r.<\/p>\n<\/li>\n<li data-start=\"1624\" data-end=\"1753\">\n<p data-start=\"1626\" data-end=\"1753\"><strong data-start=\"1626\" data-end=\"1647\">Gizli Reset Tu\u015fu:<\/strong><br data-start=\"1647\" data-end=\"1650\" \/>\u0130\u00e7 b\u00f6l\u00fcmde konumland\u0131r\u0131lm\u0131\u015f <strong data-start=\"1680\" data-end=\"1702\">gizli reset butonu<\/strong>, yetkisiz eri\u015fimlere kar\u015f\u0131 ekstra g\u00fcvenlik sa\u011flar.<\/p>\n<\/li>\n<li data-start=\"1755\" data-end=\"1865\">\n<p data-start=\"1757\" data-end=\"1865\"><strong data-start=\"1757\" data-end=\"1779\">Pop-up Pil Kutusu:<\/strong><br data-start=\"1779\" data-end=\"1782\" \/><strong data-start=\"1784\" data-end=\"1806\">Pop-up pil sistemi<\/strong> sayesinde piller h\u0131zl\u0131 ve pratik \u015fekilde de\u011fi\u015ftirilebilir.<\/p>\n<\/li>\n<li data-start=\"1867\" data-end=\"1978\">\n<p data-start=\"1869\" data-end=\"1978\"><strong data-start=\"1869\" data-end=\"1893\">G\u00fc\u00e7 Kayna\u011f\u0131 Deste\u011fi:<\/strong><br data-start=\"1893\" data-end=\"1896\" \/>Pil bitmesi gibi acil durumlar i\u00e7in <strong data-start=\"1934\" data-end=\"1967\">harici g\u00fc\u00e7 kayna\u011f\u0131 ba\u011flant\u0131s\u0131<\/strong> mevcuttur.<\/p>\n<\/li>\n<li data-start=\"1980\" data-end=\"2099\">\n<p data-start=\"1982\" data-end=\"2099\"><strong data-start=\"1982\" data-end=\"2006\">Acil Durum Anahtar\u0131:<\/strong><br data-start=\"2006\" data-end=\"2009\" \/>Gizli anahtar giri\u015fine sahip <strong data-start=\"2040\" data-end=\"2069\">mekanik override anahtar\u0131<\/strong>, acil durumlar i\u00e7in dahildir.<\/p>\n<\/li>\n<li data-start=\"2101\" data-end=\"2201\">\n<p data-start=\"2103\" data-end=\"2201\"><strong data-start=\"2103\" data-end=\"2122\">Y\u00fcksek \u0130\u00e7 Yap\u0131:<\/strong><br data-start=\"2122\" data-end=\"2125\" \/>Daha g\u00fcvenli kullan\u0131m ve daha estetik g\u00f6r\u00fcn\u00fcm sunan <strong data-start=\"2179\" data-end=\"2200\">y\u00fcksek i\u00e7 tasar\u0131m<\/strong>.<\/p>\n<\/li>\n<li data-start=\"2203\" data-end=\"2386\">\n<p data-start=\"2205\" data-end=\"2386\"><strong data-start=\"2205\" data-end=\"2227\">Kullan\u0131m Alanlar\u0131:<\/strong><br data-start=\"2227\" data-end=\"2230\" \/>Ev, ofis, ma\u011faza, otel ve ticari alanlar i\u00e7in ideal <strong data-start=\"2284\" data-end=\"2321\">\u0130TO Kilit b\u00fcy\u00fck parmak izi kasas\u0131<\/strong>, <strong data-start=\"2323\" data-end=\"2348\">biyometrik \u00e7elik kasa<\/strong> ve <strong data-start=\"2352\" data-end=\"2378\">y\u00fcksek g\u00fcvenlikli kasa<\/strong> \u00e7\u00f6z\u00fcm\u00fc.<\/p>\n<\/li>\n<\/ul>","protected":false},"excerpt":{"rendered":"<p>E9102E \u2013 \u0130TO Kilit B\u00fcy\u00fck Parmak \u0130zi Kasas\u0131 | Y\u00fcksek Seviye Biyometrik \u00c7elik Kasa Model: E9102E \u2013 B\u00fcy\u00fck Parmak \u0130zi<\/p>","protected":false},"featured_media":6139,"comment_status":"open","ping_status":"closed","template":"","meta":{"rank_math_lock_modified_date":false},"product_cat":[1199],"product_tag":[],"class_list":{"0":"post-6138","1":"product","2":"type-product","3":"status-publish","4":"has-post-thumbnail","6":"product_cat-ito-kilit-kasalar","8":"first","9":"outofstock","10":"taxable","11":"shipping-taxable","12":"purchasable","13":"product-type-simple"},"_links":{"self":[{"href":"https:\/\/arma-yapi.com\/en\/wp-json\/wp\/v2\/product\/6138","targetHints":{"allow":["GET"]}}],"collection":[{"href":"https:\/\/arma-yapi.com\/en\/wp-json\/wp\/v2\/product"}],"about":[{"href":"https:\/\/arma-yapi.com\/en\/wp-json\/wp\/v2\/types\/product"}],"replies":[{"embeddable":true,"href":"https:\/\/arma-yapi.com\/en\/wp-json\/wp\/v2\/comments?post=6138"}],"version-history":[{"count":1,"href":"https:\/\/arma-yapi.com\/en\/wp-json\/wp\/v2\/product\/6138\/revisions"}],"predecessor-version":[{"id":6142,"href":"https:\/\/arma-yapi.com\/en\/wp-json\/wp\/v2\/product\/6138\/revisions\/6142"}],"wp:featuredmedia":[{"embeddable":true,"href":"https:\/\/arma-yapi.com\/en\/wp-json\/wp\/v2\/media\/6139"}],"wp:attachment":[{"href":"https:\/\/arma-yapi.com\/en\/wp-json\/wp\/v2\/media?parent=6138"}],"wp:term":[{"taxonomy":"product_cat","embeddable":true,"href":"https:\/\/arma-yapi.com\/en\/wp-json\/wp\/v2\/product_cat?post=6138"},{"taxonomy":"product_tag","embeddable":true,"href":"https:\/\/arma-yapi.com\/en\/wp-json\/wp\/v2\/product_tag?post=6138"}],"curies":[{"name":"wp","href":"https:\/\/api.w.org\/{rel}","templated":true}]}}