{"id":6133,"date":"2026-01-29T12:02:05","date_gmt":"2026-01-29T12:02:05","guid":{"rendered":"https:\/\/arma-yapi.com\/?post_type=product&#038;p=6133"},"modified":"2026-03-24T13:49:32","modified_gmt":"2026-03-24T13:49:32","slug":"e9101e-ito-kilit-parmak-izi-kasa-yuksek-seviye-biyometrik-celik-kasa","status":"publish","type":"product","link":"https:\/\/arma-yapi.com\/en\/product\/e9101e-ito-kilit-parmak-izi-kasa-yuksek-seviye-biyometrik-celik-kasa\/","title":{"rendered":"\u0130TO Kilit E9101E \u2013 Parmak \u0130zi Kasa | Y\u00fcksek Seviye Biyometrik \u00c7elik Kasa"},"content":{"rendered":"<h2 data-start=\"213\" data-end=\"292\"><strong data-start=\"216\" data-end=\"292\">E9101E \u2013 \u0130TO Kilit Parmak \u0130zi Kasa | Y\u00fcksek Seviye Biyometrik \u00c7elik Kasa<\/strong><\/h2>\n<ul data-start=\"294\" data-end=\"2500\">\n<li data-start=\"294\" data-end=\"333\">\n<p data-start=\"296\" data-end=\"333\"><strong data-start=\"296\" data-end=\"306\">Model:<\/strong> E9101E \u2013 Parmak \u0130zi Kasa<\/p>\n<\/li>\n<li data-start=\"334\" data-end=\"358\">\n<p data-start=\"336\" data-end=\"358\"><strong data-start=\"336\" data-end=\"346\">Marka:<\/strong> ITO Lock<\/p>\n<\/li>\n<li data-start=\"359\" data-end=\"408\">\n<p data-start=\"361\" data-end=\"408\"><strong data-start=\"361\" data-end=\"375\">\u00dcr\u00fcn Tipi:<\/strong> Y\u00fcksek Seviye Parmak \u0130zli Kasa<\/p>\n<\/li>\n<li data-start=\"409\" data-end=\"480\">\n<p data-start=\"411\" data-end=\"480\"><strong data-start=\"411\" data-end=\"426\">\u00dcr\u00fcn Grubu:<\/strong> \u0130TO Kilit Parmak \u0130zi Kasalar \/ \u0130TO Kilit \u00c7elik Kasa<\/p>\n<\/li>\n<li data-start=\"482\" data-end=\"521\">\n<p data-start=\"484\" data-end=\"521\"><strong data-start=\"484\" data-end=\"500\">D\u0131\u015f \u00d6l\u00e7\u00fcler:<\/strong> 250 \u00d7 350 \u00d7 250 mm<\/p>\n<\/li>\n<li data-start=\"522\" data-end=\"546\">\n<p data-start=\"524\" data-end=\"546\"><strong data-start=\"524\" data-end=\"536\">A\u011f\u0131rl\u0131k:<\/strong> 10,2 kg<\/p>\n<\/li>\n<li data-start=\"547\" data-end=\"566\">\n<p data-start=\"549\" data-end=\"566\"><strong data-start=\"549\" data-end=\"558\">Renk:<\/strong> Black<\/p>\n<\/li>\n<li data-start=\"633\" data-end=\"781\">\n<p data-start=\"635\" data-end=\"781\"><strong data-start=\"635\" data-end=\"662\">G\u00f6vde \/ Kap\u0131 Kal\u0131nl\u0131\u011f\u0131:<\/strong><br data-start=\"662\" data-end=\"665\" \/><strong data-start=\"667\" data-end=\"707\">1,5 mm \u00e7elik g\u00f6vde \/ 4 mm \u00e7elik kap\u0131<\/strong> yap\u0131s\u0131 ile \u00fcretilmi\u015f, y\u00fcksek dayan\u0131ml\u0131 <strong data-start=\"747\" data-end=\"771\">\u0130TO Kilit \u00e7elik kasa<\/strong> tasar\u0131m\u0131.<\/p>\n<\/li>\n<li data-start=\"783\" data-end=\"956\">\n<p data-start=\"785\" data-end=\"956\"><strong data-start=\"785\" data-end=\"814\">Kapasite &amp; \u00dcretim Detay\u0131:<\/strong><br data-start=\"814\" data-end=\"817\" \/><strong data-start=\"819\" data-end=\"866\">Lazer kesim ve dekoratif \u00fcretim teknolojisi<\/strong> ile haz\u0131rlanm\u0131\u015f i\u00e7 ve d\u0131\u015f yap\u0131, hem g\u00fcvenli\u011fi hem de estetik g\u00f6r\u00fcn\u00fcm\u00fc \u00fcst seviyeye ta\u015f\u0131r.<\/p>\n<\/li>\n<li data-start=\"958\" data-end=\"1155\">\n<p data-start=\"960\" data-end=\"1155\"><strong data-start=\"960\" data-end=\"989\">Parmak \u0130zi Kilit Sistemi:<\/strong><br data-start=\"989\" data-end=\"992\" \/>Y\u00fcksek hassasiyetli <strong data-start=\"1014\" data-end=\"1046\">biyometrik parmak izi kilidi<\/strong>, h\u0131zl\u0131 ve g\u00fcvenli eri\u015fim sa\u011flar.<br data-start=\"1079\" data-end=\"1082\" \/><strong data-start=\"1084\" data-end=\"1105\">\u0130TO Kilit kasalar<\/strong> g\u00fcvenlik teknolojisi ile \u00fcst seviye koruma sunar.<\/p>\n<\/li>\n<li data-start=\"1157\" data-end=\"1280\">\n<p data-start=\"1159\" data-end=\"1280\"><strong data-start=\"1159\" data-end=\"1183\">Lazer Kesim Tekni\u011fi:<\/strong><br data-start=\"1183\" data-end=\"1186\" \/>Kap\u0131 ve g\u00f6vde aras\u0131ndaki bo\u015flu\u011fu minimuma indirerek <strong data-start=\"1240\" data-end=\"1272\">levyeye kar\u015f\u0131 ekstra dayan\u0131m<\/strong> sa\u011flar.<\/p>\n<\/li>\n<li data-start=\"1282\" data-end=\"1411\">\n<p data-start=\"1284\" data-end=\"1411\"><strong data-start=\"1284\" data-end=\"1313\">Kenar &amp; Oval K\u00f6\u015fe \u0130\u015fleme:<\/strong><br data-start=\"1313\" data-end=\"1316\" \/>\u00d6zel kenar ve yuvarlat\u0131lm\u0131\u015f k\u00f6\u015fe yap\u0131s\u0131 sayesinde daha <strong data-start=\"1373\" data-end=\"1392\">kullan\u0131c\u0131 dostu<\/strong> ve modern tasar\u0131m.<\/p>\n<\/li>\n<li data-start=\"1413\" data-end=\"1528\">\n<p data-start=\"1415\" data-end=\"1528\"><strong data-start=\"1415\" data-end=\"1436\">Metal Doku Topuz:<\/strong><br data-start=\"1436\" data-end=\"1439\" \/>Kasaya premium ve y\u00fcksek seviye bir g\u00f6r\u00fcn\u00fcm kazand\u0131ran <strong data-start=\"1496\" data-end=\"1527\">metal dokulu kontrol topuzu<\/strong>.<\/p>\n<\/li>\n<li data-start=\"1530\" data-end=\"1647\">\n<p data-start=\"1532\" data-end=\"1647\"><strong data-start=\"1532\" data-end=\"1547\">\u0130\u00e7 Tasar\u0131m:<\/strong><br data-start=\"1547\" data-end=\"1550\" \/><strong data-start=\"1552\" data-end=\"1592\">Tam kapl\u0131, s\u00fcnger destekli i\u00e7 dizayn<\/strong> sayesinde de\u011ferli e\u015fyalar \u00e7izilmeden g\u00fcvenle saklan\u0131r.<\/p>\n<\/li>\n<li data-start=\"1649\" data-end=\"1741\">\n<p data-start=\"1651\" data-end=\"1741\"><strong data-start=\"1651\" data-end=\"1659\">Raf:<\/strong><br data-start=\"1659\" data-end=\"1662\" \/>\u0130\u00e7 hacmi daha verimli kullanmak i\u00e7in <strong data-start=\"1701\" data-end=\"1732\">1 adet ayarlanabilir i\u00e7 raf<\/strong> bulunur.<\/p>\n<\/li>\n<li data-start=\"1743\" data-end=\"1874\">\n<p data-start=\"1745\" data-end=\"1874\"><strong data-start=\"1745\" data-end=\"1766\">Gizli Reset Tu\u015fu:<\/strong><br data-start=\"1766\" data-end=\"1769\" \/>\u0130\u00e7 b\u00f6l\u00fcmde konumland\u0131r\u0131lm\u0131\u015f <strong data-start=\"1799\" data-end=\"1821\">gizli reset butonu<\/strong>, yetkisiz m\u00fcdahalelere kar\u015f\u0131 ekstra g\u00fcvenlik sa\u011flar.<\/p>\n<\/li>\n<li data-start=\"1876\" data-end=\"1980\">\n<p data-start=\"1878\" data-end=\"1980\"><strong data-start=\"1878\" data-end=\"1900\">Pop-Up Pil Kutusu:<\/strong><br data-start=\"1900\" data-end=\"1903\" \/><strong data-start=\"1905\" data-end=\"1927\">Pop-up pil sistemi<\/strong> ile piller h\u0131zl\u0131 ve pratik \u015fekilde de\u011fi\u015ftirilebilir.<\/p>\n<\/li>\n<li data-start=\"1982\" data-end=\"2088\">\n<p data-start=\"1984\" data-end=\"2088\"><strong data-start=\"1984\" data-end=\"2008\">G\u00fc\u00e7 Kayna\u011f\u0131 Deste\u011fi:<\/strong><br data-start=\"2008\" data-end=\"2011\" \/>Pil bitmesi gibi durumlar i\u00e7in <strong data-start=\"2044\" data-end=\"2077\">harici g\u00fc\u00e7 kayna\u011f\u0131 ba\u011flant\u0131s\u0131<\/strong> mevcuttur.<\/p>\n<\/li>\n<li data-start=\"2090\" data-end=\"2209\">\n<p data-start=\"2092\" data-end=\"2209\"><strong data-start=\"2092\" data-end=\"2116\">Acil Durum Anahtar\u0131:<\/strong><br data-start=\"2116\" data-end=\"2119\" \/>Gizli anahtar giri\u015fi bulunan <strong data-start=\"2150\" data-end=\"2179\">mekanik override anahtar\u0131<\/strong>, acil durumlar i\u00e7in dahildir.<\/p>\n<\/li>\n<li data-start=\"2211\" data-end=\"2323\">\n<p data-start=\"2213\" data-end=\"2323\"><strong data-start=\"2213\" data-end=\"2232\">Y\u00fcksek \u0130\u00e7 Yap\u0131:<\/strong><br data-start=\"2232\" data-end=\"2235\" \/>G\u00fcvenli\u011fi art\u0131ran ve kasaya daha estetik bir g\u00f6r\u00fcn\u00fcm kazand\u0131ran <strong data-start=\"2301\" data-end=\"2322\">y\u00fcksek i\u00e7 tasar\u0131m<\/strong>.<\/p>\n<\/li>\n<li data-start=\"2325\" data-end=\"2500\">\n<p data-start=\"2327\" data-end=\"2500\"><strong data-start=\"2327\" data-end=\"2349\">Kullan\u0131m Alanlar\u0131:<\/strong><br data-start=\"2349\" data-end=\"2352\" \/>Ev, ofis, ma\u011faza, otel ve ticari alanlar i\u00e7in ideal <strong data-start=\"2406\" data-end=\"2435\">\u0130TO Kilit parmak izi kasa<\/strong>, <strong data-start=\"2437\" data-end=\"2462\">biyometrik \u00e7elik kasa<\/strong> ve <strong data-start=\"2466\" data-end=\"2492\">y\u00fcksek g\u00fcvenlikli kasa<\/strong> \u00e7\u00f6z\u00fcm\u00fc.<\/p>\n<\/li>\n<\/ul>","protected":false},"excerpt":{"rendered":"<p>E9101E \u2013 \u0130TO Kilit Parmak \u0130zi Kasa | Y\u00fcksek Seviye Biyometrik \u00c7elik Kasa Model: E9101E \u2013 Parmak \u0130zi Kasa Marka:<\/p>","protected":false},"featured_media":6135,"comment_status":"open","ping_status":"closed","template":"","meta":{"rank_math_lock_modified_date":false},"product_cat":[1199],"product_tag":[],"class_list":{"0":"post-6133","1":"product","2":"type-product","3":"status-publish","4":"has-post-thumbnail","6":"product_cat-ito-kilit-kasalar","8":"first","9":"outofstock","10":"taxable","11":"shipping-taxable","12":"purchasable","13":"product-type-simple"},"_links":{"self":[{"href":"https:\/\/arma-yapi.com\/en\/wp-json\/wp\/v2\/product\/6133","targetHints":{"allow":["GET"]}}],"collection":[{"href":"https:\/\/arma-yapi.com\/en\/wp-json\/wp\/v2\/product"}],"about":[{"href":"https:\/\/arma-yapi.com\/en\/wp-json\/wp\/v2\/types\/product"}],"replies":[{"embeddable":true,"href":"https:\/\/arma-yapi.com\/en\/wp-json\/wp\/v2\/comments?post=6133"}],"version-history":[{"count":3,"href":"https:\/\/arma-yapi.com\/en\/wp-json\/wp\/v2\/product\/6133\/revisions"}],"predecessor-version":[{"id":6211,"href":"https:\/\/arma-yapi.com\/en\/wp-json\/wp\/v2\/product\/6133\/revisions\/6211"}],"wp:featuredmedia":[{"embeddable":true,"href":"https:\/\/arma-yapi.com\/en\/wp-json\/wp\/v2\/media\/6135"}],"wp:attachment":[{"href":"https:\/\/arma-yapi.com\/en\/wp-json\/wp\/v2\/media?parent=6133"}],"wp:term":[{"taxonomy":"product_cat","embeddable":true,"href":"https:\/\/arma-yapi.com\/en\/wp-json\/wp\/v2\/product_cat?post=6133"},{"taxonomy":"product_tag","embeddable":true,"href":"https:\/\/arma-yapi.com\/en\/wp-json\/wp\/v2\/product_tag?post=6133"}],"curies":[{"name":"wp","href":"https:\/\/api.w.org\/{rel}","templated":true}]}}