{"id":6124,"date":"2026-01-29T11:56:49","date_gmt":"2026-01-29T11:56:49","guid":{"rendered":"https:\/\/arma-yapi.com\/?post_type=product&#038;p=6124"},"modified":"2026-03-27T12:25:57","modified_gmt":"2026-03-27T12:25:57","slug":"ito-kilit-ps2902-iki-tabancalik-pistol-kasasi-biyometrik-celik-kasa","status":"publish","type":"product","link":"https:\/\/arma-yapi.com\/en\/product\/ito-kilit-ps2902-iki-tabancalik-pistol-kasasi-biyometrik-celik-kasa\/","title":{"rendered":"\u0130TO Kilit PS2902 \u2013\u0130ki Tabancal\u0131k Pistol Kasas\u0131 | Biyometrik \u00c7elik Kasa"},"content":{"rendered":"<h2 data-start=\"229\" data-end=\"307\"><strong data-start=\"232\" data-end=\"307\">PS2902 \u2013 \u0130TO Kilit \u0130ki Tabancal\u0131k Pistol Kasas\u0131 | Biyometrik \u00c7elik Kasa<\/strong><\/h2>\n<ul data-start=\"309\" data-end=\"2049\">\n<li data-start=\"309\" data-end=\"360\">\n<p data-start=\"311\" data-end=\"360\"><strong data-start=\"311\" data-end=\"321\">Model:<\/strong> PS2902 \u2013 \u0130ki Tabancal\u0131 Pistol Kasas\u0131<\/p>\n<\/li>\n<li data-start=\"361\" data-end=\"385\">\n<p data-start=\"363\" data-end=\"385\"><strong data-start=\"363\" data-end=\"373\">Marka:<\/strong> ITO Lock<\/p>\n<\/li>\n<li data-start=\"386\" data-end=\"433\">\n<p data-start=\"388\" data-end=\"433\"><strong data-start=\"388\" data-end=\"402\">\u00dcr\u00fcn Tipi:<\/strong> \u0130ki Tabancal\u0131k Pistol Kasas\u0131<\/p>\n<\/li>\n<li data-start=\"434\" data-end=\"501\">\n<p data-start=\"436\" data-end=\"501\"><strong data-start=\"436\" data-end=\"451\">\u00dcr\u00fcn Grubu:<\/strong> \u0130TO Kilit Silah Kasalar\u0131 \/ \u0130TO Kilit \u00c7elik Kasa<\/p>\n<\/li>\n<li data-start=\"503\" data-end=\"541\">\n<p data-start=\"505\" data-end=\"541\"><strong data-start=\"505\" data-end=\"521\">D\u0131\u015f \u00d6l\u00e7\u00fcler:<\/strong> 89 \u00d7 344 \u00d7 263 mm<\/p>\n<\/li>\n<li data-start=\"542\" data-end=\"565\">\n<p data-start=\"544\" data-end=\"565\"><strong data-start=\"544\" data-end=\"556\">A\u011f\u0131rl\u0131k:<\/strong> 4,5 kg<\/p>\n<\/li>\n<li data-start=\"566\" data-end=\"585\">\n<p data-start=\"568\" data-end=\"585\"><strong data-start=\"568\" data-end=\"577\">Renk:<\/strong> Black<\/p>\n<\/li>\n<li data-start=\"587\" data-end=\"837\">\n<p data-start=\"589\" data-end=\"837\"><strong data-start=\"589\" data-end=\"605\">Genel Tan\u0131m:<\/strong><br data-start=\"605\" data-end=\"608\" \/>De\u011ferli e\u015fyalar\u0131n, belgelerin ve tabancalar\u0131n g\u00fcvenli saklanmas\u0131 i\u00e7in tasarlanm\u0131\u015f <strong data-start=\"692\" data-end=\"742\">deluxe, h\u0131zl\u0131 eri\u015fimli \u0130TO Kilit pistol kasas\u0131<\/strong>. Ev ve i\u015fyeri kullan\u0131m\u0131 i\u00e7in ideal, kompakt yap\u0131da <strong data-start=\"794\" data-end=\"826\">y\u00fcksek g\u00fcvenlikli \u00e7elik kasa<\/strong> \u00e7\u00f6z\u00fcm\u00fcd\u00fcr.<\/p>\n<\/li>\n<li data-start=\"839\" data-end=\"953\">\n<p data-start=\"841\" data-end=\"953\"><strong data-start=\"841\" data-end=\"854\">Kapasite:<\/strong><br data-start=\"854\" data-end=\"857\" \/><strong data-start=\"859\" data-end=\"883\">2 tabanca kapasitesi<\/strong> ile iki silah\u0131n ayn\u0131 anda g\u00fcvenli \u015fekilde muhafaza edilmesini sa\u011flar.<\/p>\n<\/li>\n<li data-start=\"955\" data-end=\"1150\">\n<p data-start=\"957\" data-end=\"1087\"><strong data-start=\"957\" data-end=\"982\">G\u00f6vde ve Kap\u0131 Yap\u0131s\u0131:<\/strong><br data-start=\"982\" data-end=\"985\" \/>Levye ile a\u00e7\u0131lmaya dayan\u0131kl\u0131 kap\u0131 yap\u0131s\u0131 ve <strong data-start=\"1031\" data-end=\"1084\">\u00e7ift katmanl\u0131 a\u011f\u0131r hizmet tipi \u00e7elik kasa g\u00f6vdesi<\/strong>.<\/p>\n<ul data-start=\"1090\" data-end=\"1150\">\n<li data-start=\"1090\" data-end=\"1118\">\n<p data-start=\"1092\" data-end=\"1118\">Kap\u0131 kal\u0131nl\u0131\u011f\u0131: <strong data-start=\"1108\" data-end=\"1116\">3 mm<\/strong><\/p>\n<\/li>\n<li data-start=\"1121\" data-end=\"1150\">\n<p data-start=\"1123\" data-end=\"1150\">G\u00f6vde kal\u0131nl\u0131\u011f\u0131: <strong data-start=\"1140\" data-end=\"1150\">1,5 mm<\/strong><\/p>\n<\/li>\n<\/ul>\n<\/li>\n<li data-start=\"1152\" data-end=\"1337\">\n<p data-start=\"1154\" data-end=\"1246\"><strong data-start=\"1154\" data-end=\"1179\">Kilitleme Sistemleri:<\/strong><br data-start=\"1179\" data-end=\"1182\" \/>\u00c7ok katmanl\u0131 g\u00fcvenlik sunan <strong data-start=\"1212\" data-end=\"1233\">\u0130TO Kilit kasalar<\/strong> teknolojisi:<\/p>\n<ul data-start=\"1249\" data-end=\"1337\">\n<li data-start=\"1249\" data-end=\"1266\">\n<p data-start=\"1251\" data-end=\"1266\">Mekanik kilit<\/p>\n<\/li>\n<li data-start=\"1269\" data-end=\"1291\">\n<p data-start=\"1271\" data-end=\"1291\">Dijital tu\u015f tak\u0131m\u0131<\/p>\n<\/li>\n<li data-start=\"1294\" data-end=\"1337\">\n<p data-start=\"1296\" data-end=\"1337\"><strong data-start=\"1296\" data-end=\"1337\">Parmak izi (biyometrik) kilit sistemi<\/strong><\/p>\n<\/li>\n<\/ul>\n<\/li>\n<li data-start=\"1339\" data-end=\"1500\">\n<p data-start=\"1341\" data-end=\"1500\"><strong data-start=\"1341\" data-end=\"1361\">Kilit G\u00fcvenli\u011fi:<\/strong><br data-start=\"1361\" data-end=\"1364\" \/><strong data-start=\"1366\" data-end=\"1402\">B s\u0131n\u0131f\u0131 y\u00fcksek g\u00fcvenlikli kilit<\/strong> ile donat\u0131lm\u0131\u015ft\u0131r.<br data-start=\"1421\" data-end=\"1424\" \/>Elektronik eri\u015fim sorunlar\u0131na kar\u015f\u0131 <strong data-start=\"1462\" data-end=\"1490\">override (yedek) anahtar<\/strong> dahildir.<\/p>\n<\/li>\n<li data-start=\"1502\" data-end=\"1601\">\n<p data-start=\"1504\" data-end=\"1601\"><strong data-start=\"1504\" data-end=\"1525\">Kap\u0131 Mekanizmas\u0131:<\/strong><br data-start=\"1525\" data-end=\"1528\" \/>Kap\u0131, <strong data-start=\"1536\" data-end=\"1560\">hidrolik kol deste\u011fi<\/strong> ile kontroll\u00fc ve g\u00fcvenli \u015fekilde a\u00e7\u0131l\u0131r.<\/p>\n<\/li>\n<li data-start=\"1603\" data-end=\"1716\">\n<p data-start=\"1605\" data-end=\"1622\"><strong data-start=\"1605\" data-end=\"1620\">\u0130\u00e7 Donan\u0131m:<\/strong><\/p>\n<ul data-start=\"1625\" data-end=\"1716\">\n<li data-start=\"1625\" data-end=\"1663\">\n<p data-start=\"1627\" data-end=\"1663\">\u0130\u00e7 ayd\u0131nlatma i\u00e7in <strong data-start=\"1646\" data-end=\"1661\">LED \u0131\u015f\u0131klar<\/strong><\/p>\n<\/li>\n<li data-start=\"1666\" data-end=\"1716\">\n<p data-start=\"1668\" data-end=\"1716\">H\u0131zl\u0131 a\u00e7ma i\u015flemi i\u00e7in <strong data-start=\"1691\" data-end=\"1716\">4 adet kontrol butonu<\/strong><\/p>\n<\/li>\n<\/ul>\n<\/li>\n<li data-start=\"1718\" data-end=\"1863\">\n<p data-start=\"1720\" data-end=\"1863\"><strong data-start=\"1720\" data-end=\"1735\">Sessiz Mod:<\/strong><br data-start=\"1735\" data-end=\"1738\" \/><strong data-start=\"1740\" data-end=\"1763\">Sessiz \u00e7al\u0131\u015fma modu<\/strong> sayesinde hem h\u0131zl\u0131 hem de dikkat \u00e7ekmeden a\u00e7ma imkan\u0131 sunar. Ev ve i\u015fyeri kullan\u0131m\u0131 i\u00e7in idealdir.<\/p>\n<\/li>\n<li data-start=\"1865\" data-end=\"2049\">\n<p data-start=\"1867\" data-end=\"2049\"><strong data-start=\"1867\" data-end=\"1889\">Kullan\u0131m Alanlar\u0131:<\/strong><br data-start=\"1889\" data-end=\"1892\" \/>Evler, ofisler, i\u015fyerleri ve profesyonel kullan\u0131c\u0131lar i\u00e7in uygun <strong data-start=\"1959\" data-end=\"1986\">\u0130TO Kilit pistol kasas\u0131<\/strong>, <strong data-start=\"1988\" data-end=\"2015\">biyometrik silah kasas\u0131<\/strong> ve <strong data-start=\"2019\" data-end=\"2041\">kompakt \u00e7elik kasa<\/strong> \u00e7\u00f6z\u00fcm\u00fc.<\/p>\n<\/li>\n<\/ul>","protected":false},"excerpt":{"rendered":"<p>PS2902 \u2013 \u0130TO Kilit \u0130ki Tabancal\u0131k Pistol Kasas\u0131 | Biyometrik \u00c7elik Kasa Model: PS2902 \u2013 \u0130ki Tabancal\u0131 Pistol Kasas\u0131 Marka:<\/p>","protected":false},"featured_media":6131,"comment_status":"open","ping_status":"closed","template":"","meta":{"rank_math_lock_modified_date":false},"product_cat":[1199],"product_tag":[],"class_list":{"0":"post-6124","1":"product","2":"type-product","3":"status-publish","4":"has-post-thumbnail","6":"product_cat-ito-kilit-kasalar","8":"first","9":"outofstock","10":"taxable","11":"shipping-taxable","12":"purchasable","13":"product-type-simple"},"_links":{"self":[{"href":"https:\/\/arma-yapi.com\/en\/wp-json\/wp\/v2\/product\/6124","targetHints":{"allow":["GET"]}}],"collection":[{"href":"https:\/\/arma-yapi.com\/en\/wp-json\/wp\/v2\/product"}],"about":[{"href":"https:\/\/arma-yapi.com\/en\/wp-json\/wp\/v2\/types\/product"}],"replies":[{"embeddable":true,"href":"https:\/\/arma-yapi.com\/en\/wp-json\/wp\/v2\/comments?post=6124"}],"version-history":[{"count":1,"href":"https:\/\/arma-yapi.com\/en\/wp-json\/wp\/v2\/product\/6124\/revisions"}],"predecessor-version":[{"id":6132,"href":"https:\/\/arma-yapi.com\/en\/wp-json\/wp\/v2\/product\/6124\/revisions\/6132"}],"wp:featuredmedia":[{"embeddable":true,"href":"https:\/\/arma-yapi.com\/en\/wp-json\/wp\/v2\/media\/6131"}],"wp:attachment":[{"href":"https:\/\/arma-yapi.com\/en\/wp-json\/wp\/v2\/media?parent=6124"}],"wp:term":[{"taxonomy":"product_cat","embeddable":true,"href":"https:\/\/arma-yapi.com\/en\/wp-json\/wp\/v2\/product_cat?post=6124"},{"taxonomy":"product_tag","embeddable":true,"href":"https:\/\/arma-yapi.com\/en\/wp-json\/wp\/v2\/product_tag?post=6124"}],"curies":[{"name":"wp","href":"https:\/\/api.w.org\/{rel}","templated":true}]}}