{"id":6118,"date":"2026-01-29T11:51:01","date_gmt":"2026-01-29T11:51:01","guid":{"rendered":"https:\/\/arma-yapi.com\/?post_type=product&#038;p=6118"},"modified":"2026-02-12T06:23:25","modified_gmt":"2026-02-12T06:23:25","slug":"ito-kilit-h0402m-otel-tipi-kasa-kompakt-celik-kasa-cozumu","status":"publish","type":"product","link":"https:\/\/arma-yapi.com\/en\/product\/ito-kilit-h0402m-otel-tipi-kasa-kompakt-celik-kasa-cozumu\/","title":{"rendered":"\u0130TO Kilit H0402M \u2013 Otel Tipi Kasa | Kompakt \u00c7elik Kasa \u00c7\u00f6z\u00fcm\u00fc"},"content":{"rendered":"<h2 data-start=\"302\" data-end=\"370\"><strong data-start=\"305\" data-end=\"370\">H0402M \u2013 \u0130TO Kilit Otel Tipi Kasa | Kompakt \u00c7elik Kasa \u00c7\u00f6z\u00fcm\u00fc<\/strong><\/h2>\n<ul data-start=\"372\" data-end=\"1833\">\n<li data-start=\"372\" data-end=\"410\">\n<p data-start=\"374\" data-end=\"410\"><strong data-start=\"374\" data-end=\"384\">Model:<\/strong> H0402M \u2013 Otel Tipi Kasa<\/p>\n<\/li>\n<li data-start=\"411\" data-end=\"435\">\n<p data-start=\"413\" data-end=\"435\"><strong data-start=\"413\" data-end=\"423\">Marka:<\/strong> ITO Lock<\/p>\n<\/li>\n<li data-start=\"436\" data-end=\"480\">\n<p data-start=\"438\" data-end=\"480\"><strong data-start=\"438\" data-end=\"452\">\u00dcr\u00fcn Tipi:<\/strong> Otel Tipi Elektronik Kasa<\/p>\n<\/li>\n<li data-start=\"481\" data-end=\"547\">\n<p data-start=\"483\" data-end=\"547\"><strong data-start=\"483\" data-end=\"498\">\u00dcr\u00fcn Grubu:<\/strong> \u0130TO Kilit Otel Kasalar\u0131 \/ \u0130TO Kilit \u00c7elik Kasa<\/p>\n<\/li>\n<li data-start=\"481\" data-end=\"547\"><strong>D\u0131\u015f \u00d6l\u00e7\u00fcler:<\/strong>\u00a0200\u00d7420\u00d7370 mm<\/li>\n<li data-start=\"549\" data-end=\"701\">\n<p data-start=\"551\" data-end=\"701\"><strong data-start=\"551\" data-end=\"566\">Genel Yap\u0131:<\/strong><br data-start=\"566\" data-end=\"569\" \/>Otel, apart, pansiyon ve konaklama tesisleri i\u00e7in \u00f6zel olarak tasarlanm\u0131\u015f, kompakt \u00f6l\u00e7\u00fclere sahip <strong data-start=\"669\" data-end=\"693\">\u0130TO Kilit \u00e7elik kasa<\/strong> modeli.<\/p>\n<\/li>\n<li data-start=\"703\" data-end=\"883\">\n<p data-start=\"705\" data-end=\"883\"><strong data-start=\"705\" data-end=\"730\">G\u00f6vde ve Kap\u0131 Yap\u0131s\u0131:<\/strong><br data-start=\"730\" data-end=\"733\" \/>Dayan\u0131kl\u0131 \u00e7elik kasa g\u00f6vdesi, <strong data-start=\"765\" data-end=\"786\">\u0130TO kilit kasalar<\/strong> kalite standartlar\u0131na uygun olarak \u00fcretilmi\u015ftir. G\u00fcnl\u00fck yo\u011fun kullan\u0131ma uygun sa\u011flam yap\u0131 sunar.<\/p>\n<\/li>\n<li data-start=\"885\" data-end=\"1110\">\n<p data-start=\"887\" data-end=\"1110\"><strong data-start=\"887\" data-end=\"909\">Kilitleme Sistemi:<\/strong><br data-start=\"909\" data-end=\"912\" \/>Misafir kullan\u0131m\u0131na uygun, kolay y\u00f6netilebilen <strong data-start=\"961\" data-end=\"989\">elektronik kilit sistemi<\/strong> ile g\u00fcvenli a\u00e7ma ve kapama imkan\u0131 sa\u011flar.<br data-start=\"1031\" data-end=\"1034\" \/><strong data-start=\"1036\" data-end=\"1049\">ITO Lock<\/strong> g\u00fcvenlik altyap\u0131s\u0131 ile ki\u015fisel e\u015fyalar koruma alt\u0131na al\u0131n\u0131r.<\/p>\n<\/li>\n<li data-start=\"1112\" data-end=\"1288\">\n<p data-start=\"1114\" data-end=\"1288\"><strong data-start=\"1114\" data-end=\"1137\">Kullan\u0131m Kolayl\u0131\u011f\u0131:<\/strong><br data-start=\"1137\" data-end=\"1140\" \/>Otel odalar\u0131nda h\u0131zl\u0131 kullan\u0131m i\u00e7in tasarlanm\u0131\u015f pratik kontrol sistemi. Misafir de\u011fi\u015fimlerinde kolay s\u0131f\u0131rlama ve yeniden kullan\u0131m avantaj\u0131 sunar.<\/p>\n<\/li>\n<li data-start=\"1290\" data-end=\"1403\">\n<p data-start=\"1292\" data-end=\"1403\"><strong data-start=\"1292\" data-end=\"1315\">Acil Durum Sistemi:<\/strong><br data-start=\"1315\" data-end=\"1318\" \/>Yetkili personel kullan\u0131m\u0131 i\u00e7in <strong data-start=\"1352\" data-end=\"1386\">acil durum (override) anahtar\u0131<\/strong> deste\u011fi bulunur.<\/p>\n<\/li>\n<li data-start=\"1405\" data-end=\"1515\">\n<p data-start=\"1407\" data-end=\"1515\"><strong data-start=\"1407\" data-end=\"1420\">\u0130\u00e7 K\u0131s\u0131m:<\/strong><br data-start=\"1420\" data-end=\"1423\" \/>De\u011ferli e\u015fyalar\u0131n zarar g\u00f6rmesini \u00f6nleyen <strong data-start=\"1467\" data-end=\"1496\">koruyucu i\u00e7 taban minderi<\/strong> ile donat\u0131lm\u0131\u015ft\u0131r.<\/p>\n<\/li>\n<li data-start=\"1517\" data-end=\"1643\">\n<p data-start=\"1519\" data-end=\"1643\"><strong data-start=\"1519\" data-end=\"1530\">Montaj:<\/strong><br data-start=\"1530\" data-end=\"1533\" \/>Dolap i\u00e7ine, duvara veya zemine sabitlenmeye uygun <strong data-start=\"1586\" data-end=\"1609\">haz\u0131r montaj yap\u0131s\u0131<\/strong> sayesinde ekstra g\u00fcvenlik sa\u011flar.<\/p>\n<\/li>\n<li data-start=\"1645\" data-end=\"1833\">\n<p data-start=\"1647\" data-end=\"1833\"><strong data-start=\"1647\" data-end=\"1669\">Kullan\u0131m Alanlar\u0131:<\/strong><br data-start=\"1669\" data-end=\"1672\" \/>Oteller, rezidanslar, apart oteller, misafirhaneler ve k\u0131sa s\u00fcreli konaklama alanlar\u0131 i\u00e7in ideal <strong data-start=\"1771\" data-end=\"1799\">\u0130TO Kilit otel tipi kasa<\/strong> ve <strong data-start=\"1803\" data-end=\"1825\">kompakt \u00e7elik kasa<\/strong> \u00e7\u00f6z\u00fcm\u00fc.<\/p>\n<\/li>\n<\/ul>","protected":false},"excerpt":{"rendered":"<p>H0402M \u2013 \u0130TO Kilit Otel Tipi Kasa | Kompakt \u00c7elik Kasa \u00c7\u00f6z\u00fcm\u00fc Model: H0402M \u2013 Otel Tipi Kasa Marka: \u0130TO<\/p>","protected":false},"featured_media":6122,"comment_status":"open","ping_status":"closed","template":"","meta":{"rank_math_lock_modified_date":false},"product_cat":[1199],"product_tag":[],"class_list":{"0":"post-6118","1":"product","2":"type-product","3":"status-publish","4":"has-post-thumbnail","6":"product_cat-ito-kilit-kasalar","8":"first","9":"instock","10":"taxable","11":"shipping-taxable","12":"purchasable","13":"product-type-simple"},"_links":{"self":[{"href":"https:\/\/arma-yapi.com\/en\/wp-json\/wp\/v2\/product\/6118","targetHints":{"allow":["GET"]}}],"collection":[{"href":"https:\/\/arma-yapi.com\/en\/wp-json\/wp\/v2\/product"}],"about":[{"href":"https:\/\/arma-yapi.com\/en\/wp-json\/wp\/v2\/types\/product"}],"replies":[{"embeddable":true,"href":"https:\/\/arma-yapi.com\/en\/wp-json\/wp\/v2\/comments?post=6118"}],"version-history":[{"count":2,"href":"https:\/\/arma-yapi.com\/en\/wp-json\/wp\/v2\/product\/6118\/revisions"}],"predecessor-version":[{"id":6210,"href":"https:\/\/arma-yapi.com\/en\/wp-json\/wp\/v2\/product\/6118\/revisions\/6210"}],"wp:featuredmedia":[{"embeddable":true,"href":"https:\/\/arma-yapi.com\/en\/wp-json\/wp\/v2\/media\/6122"}],"wp:attachment":[{"href":"https:\/\/arma-yapi.com\/en\/wp-json\/wp\/v2\/media?parent=6118"}],"wp:term":[{"taxonomy":"product_cat","embeddable":true,"href":"https:\/\/arma-yapi.com\/en\/wp-json\/wp\/v2\/product_cat?post=6118"},{"taxonomy":"product_tag","embeddable":true,"href":"https:\/\/arma-yapi.com\/en\/wp-json\/wp\/v2\/product_tag?post=6118"}],"curies":[{"name":"wp","href":"https:\/\/api.w.org\/{rel}","templated":true}]}}