{"id":6109,"date":"2026-01-29T11:46:22","date_gmt":"2026-01-29T11:46:22","guid":{"rendered":"https:\/\/arma-yapi.com\/?post_type=product&#038;p=6109"},"modified":"2026-03-24T13:49:08","modified_gmt":"2026-03-24T13:49:08","slug":"ito-kilit-e7002e-ekranli-elektronik-celik-kasa","status":"publish","type":"product","link":"https:\/\/arma-yapi.com\/en\/product\/ito-kilit-e7002e-ekranli-elektronik-celik-kasa\/","title":{"rendered":"\u0130TO Kilit E7002E \u2013 Ekranl\u0131 Elektronik \u00c7elik Kasa"},"content":{"rendered":"<h2 data-start=\"208\" data-end=\"282\"><strong data-start=\"211\" data-end=\"282\">E7002E \u2013 Ekranl\u0131 \u0130TO Kilit Elektronik \u00c7elik Kasa | \u00dcr\u00fcn \u00d6zellikleri<\/strong><\/h2>\n<ul data-start=\"284\" data-end=\"2012\">\n<li data-start=\"284\" data-end=\"321\">\n<p data-start=\"286\" data-end=\"321\"><strong data-start=\"286\" data-end=\"296\">Model:<\/strong> E7002E \u2013 Ekranl\u0131 Model<\/p>\n<\/li>\n<li data-start=\"322\" data-end=\"346\">\n<p data-start=\"324\" data-end=\"346\"><strong data-start=\"324\" data-end=\"334\">Marka:<\/strong> ITO Lock<\/p>\n<\/li>\n<li data-start=\"347\" data-end=\"398\">\n<p data-start=\"349\" data-end=\"398\"><strong data-start=\"349\" data-end=\"363\">\u00dcr\u00fcn Tipi:<\/strong> G\u00f6sterge Ekranl\u0131 Elektronik Kasa<\/p>\n<\/li>\n<li data-start=\"399\" data-end=\"470\">\n<p data-start=\"401\" data-end=\"470\"><strong data-start=\"401\" data-end=\"416\">\u00dcr\u00fcn Grubu:<\/strong> \u0130TO Kilit Elektronik Kasalar \/ \u0130TO Kilit \u00c7elik Kasa<\/p>\n<\/li>\n<li data-start=\"472\" data-end=\"511\">\n<p data-start=\"474\" data-end=\"511\"><strong data-start=\"474\" data-end=\"490\">D\u0131\u015f \u00d6l\u00e7\u00fcler:<\/strong> 250 \u00d7 350 \u00d7 250 mm<\/p>\n<\/li>\n<li data-start=\"512\" data-end=\"533\">\n<p data-start=\"514\" data-end=\"533\"><strong data-start=\"514\" data-end=\"526\">A\u011f\u0131rl\u0131k:<\/strong> 8 kg<\/p>\n<\/li>\n<li data-start=\"534\" data-end=\"553\">\n<p data-start=\"536\" data-end=\"553\"><strong data-start=\"536\" data-end=\"545\">Renk:<\/strong> Black<\/p>\n<\/li>\n<li data-start=\"555\" data-end=\"701\">\n<p data-start=\"557\" data-end=\"701\"><strong data-start=\"557\" data-end=\"584\">G\u00f6vde \/ Kap\u0131 Kal\u0131nl\u0131\u011f\u0131:<\/strong><br data-start=\"584\" data-end=\"587\" \/><strong data-start=\"589\" data-end=\"629\">1,5 mm \u00e7elik g\u00f6vde \/ 4 mm \u00e7elik kap\u0131<\/strong> yap\u0131s\u0131 ile g\u00fc\u00e7lendirilmi\u015f, dayan\u0131kl\u0131 <strong data-start=\"667\" data-end=\"691\">\u0130TO Kilit \u00e7elik kasa<\/strong> tasar\u0131m\u0131.<\/p>\n<\/li>\n<li data-start=\"703\" data-end=\"876\">\n<p data-start=\"705\" data-end=\"876\"><strong data-start=\"705\" data-end=\"727\">Kilitleme Sistemi:<\/strong><br data-start=\"727\" data-end=\"730\" \/><strong data-start=\"732\" data-end=\"760\">3\u20138 haneli dijital \u015fifre<\/strong> ile a\u00e7ma ve kapama imkan\u0131 sunan elektronik kilit sistemi.<br data-start=\"818\" data-end=\"821\" \/>\u0130TO Kilit kasalar g\u00fcvenlik standartlar\u0131na uygun yap\u0131.<\/p>\n<\/li>\n<li data-start=\"878\" data-end=\"993\">\n<p data-start=\"880\" data-end=\"993\"><strong data-start=\"880\" data-end=\"890\">Ekran:<\/strong><br data-start=\"890\" data-end=\"893\" \/>\u015eifre giri\u015flerini net \u015fekilde g\u00f6steren <strong data-start=\"934\" data-end=\"959\">say\u0131 g\u00f6sterimli ekran<\/strong>, pratik ve h\u0131zl\u0131 kullan\u0131m sa\u011flar.<\/p>\n<\/li>\n<li data-start=\"995\" data-end=\"1120\">\n<p data-start=\"997\" data-end=\"1120\"><strong data-start=\"997\" data-end=\"1017\">\u00c7al\u0131\u015fma Sistemi:<\/strong><br data-start=\"1017\" data-end=\"1020\" \/><strong data-start=\"1022\" data-end=\"1072\">Solenoid sistemle ba\u011flant\u0131l\u0131 d\u00fc\u011fme mekanizmas\u0131<\/strong>, stabil ve g\u00fcvenli kilitleme performans\u0131 sunar.<\/p>\n<\/li>\n<li data-start=\"1122\" data-end=\"1230\">\n<p data-start=\"1124\" data-end=\"1230\"><strong data-start=\"1124\" data-end=\"1139\">Reset Tu\u015fu:<\/strong><br data-start=\"1139\" data-end=\"1142\" \/>Dahili <strong data-start=\"1151\" data-end=\"1165\">reset tu\u015fu<\/strong> sayesinde dijital \u015fifre kolay ve h\u0131zl\u0131 \u015fekilde de\u011fi\u015ftirilebilir.<\/p>\n<\/li>\n<li data-start=\"1232\" data-end=\"1345\">\n<p data-start=\"1234\" data-end=\"1345\"><strong data-start=\"1234\" data-end=\"1254\">Kilit S\u00fcrg\u00fcleri:<\/strong><br data-start=\"1254\" data-end=\"1257\" \/><strong data-start=\"1259\" data-end=\"1317\">20 mm \u00e7ap\u0131nda 2 adet tek y\u00f6nl\u00fc \u00e7elik kilitleme s\u00fcrg\u00fcs\u00fc<\/strong> ile y\u00fcksek g\u00fcvenlik sa\u011flar.<\/p>\n<\/li>\n<li data-start=\"1347\" data-end=\"1471\">\n<p data-start=\"1349\" data-end=\"1471\"><strong data-start=\"1349\" data-end=\"1373\">Acil Durum Anahtar\u0131:<\/strong><br data-start=\"1373\" data-end=\"1376\" \/>Elektronik ar\u0131za veya pil bitmesi durumlar\u0131 i\u00e7in <strong data-start=\"1427\" data-end=\"1461\">override (acil durum) anahtar\u0131<\/strong> dahildir.<\/p>\n<\/li>\n<li data-start=\"1473\" data-end=\"1547\">\n<p data-start=\"1475\" data-end=\"1547\"><strong data-start=\"1475\" data-end=\"1488\">\u0130\u00e7 K\u0131s\u0131m:<\/strong><br data-start=\"1488\" data-end=\"1491\" \/>\u00c7izilmeleri \u00f6nleyen <strong data-start=\"1513\" data-end=\"1539\">koruyucu taban minderi<\/strong> i\u00e7erir.<\/p>\n<\/li>\n<li data-start=\"1549\" data-end=\"1633\">\n<p data-start=\"1551\" data-end=\"1633\"><strong data-start=\"1551\" data-end=\"1559\">Raf:<\/strong><br data-start=\"1559\" data-end=\"1562\" \/>\u0130\u00e7 hacmi daha verimli kullanmak i\u00e7in <strong data-start=\"1601\" data-end=\"1618\">1 adet i\u00e7 raf<\/strong> bulunmaktad\u0131r.<\/p>\n<\/li>\n<li data-start=\"1635\" data-end=\"1691\">\n<p data-start=\"1637\" data-end=\"1691\"><strong data-start=\"1637\" data-end=\"1654\">\u00c7al\u0131\u015fma Tipi:<\/strong><br data-start=\"1654\" data-end=\"1657\" \/><strong data-start=\"1659\" data-end=\"1678\">4 \u00d7 1.5V AA pil<\/strong> ile \u00e7al\u0131\u015f\u0131r.<\/p>\n<\/li>\n<li data-start=\"1693\" data-end=\"1858\">\n<p data-start=\"1695\" data-end=\"1858\"><strong data-start=\"1695\" data-end=\"1706\">Montaj:<\/strong><br data-start=\"1706\" data-end=\"1709\" \/>Alt ve arka k\u0131s\u0131mda bulunan <strong data-start=\"1739\" data-end=\"1765\">haz\u0131r montaj delikleri<\/strong> sayesinde duvara veya zemine sabitlenebilir.<br data-start=\"1810\" data-end=\"1813\" \/>Montaj vidalar\u0131 \u00fcr\u00fcnle birlikte g\u00f6nderilir.<\/p>\n<\/li>\n<li data-start=\"1860\" data-end=\"2012\">\n<p data-start=\"1862\" data-end=\"2012\"><strong data-start=\"1862\" data-end=\"1884\">Kullan\u0131m Alanlar\u0131:<\/strong><br data-start=\"1884\" data-end=\"1887\" \/>Ev, ofis, ma\u011faza, otel odalar\u0131 ve ticari alanlar i\u00e7in ideal <strong data-start=\"1949\" data-end=\"1978\">\u0130TO Kilit elektronik kasa<\/strong> ve <strong data-start=\"1982\" data-end=\"2004\">kompakt \u00e7elik kasa<\/strong> \u00e7\u00f6z\u00fcm\u00fc.<\/p>\n<\/li>\n<\/ul>","protected":false},"excerpt":{"rendered":"<p>E7002E \u2013 Ekranl\u0131 \u0130TO Kilit Elektronik \u00c7elik Kasa | \u00dcr\u00fcn \u00d6zellikleri Model: E7002E \u2013 Ekranl\u0131 Model Marka: \u0130TO Kilit \u00dcr\u00fcn<\/p>","protected":false},"featured_media":6111,"comment_status":"open","ping_status":"closed","template":"","meta":{"rank_math_lock_modified_date":false},"product_cat":[1199],"product_tag":[],"class_list":{"0":"post-6109","1":"product","2":"type-product","3":"status-publish","4":"has-post-thumbnail","6":"product_cat-ito-kilit-kasalar","8":"first","9":"outofstock","10":"taxable","11":"shipping-taxable","12":"purchasable","13":"product-type-simple"},"_links":{"self":[{"href":"https:\/\/arma-yapi.com\/en\/wp-json\/wp\/v2\/product\/6109","targetHints":{"allow":["GET"]}}],"collection":[{"href":"https:\/\/arma-yapi.com\/en\/wp-json\/wp\/v2\/product"}],"about":[{"href":"https:\/\/arma-yapi.com\/en\/wp-json\/wp\/v2\/types\/product"}],"replies":[{"embeddable":true,"href":"https:\/\/arma-yapi.com\/en\/wp-json\/wp\/v2\/comments?post=6109"}],"version-history":[{"count":1,"href":"https:\/\/arma-yapi.com\/en\/wp-json\/wp\/v2\/product\/6109\/revisions"}],"predecessor-version":[{"id":6117,"href":"https:\/\/arma-yapi.com\/en\/wp-json\/wp\/v2\/product\/6109\/revisions\/6117"}],"wp:featuredmedia":[{"embeddable":true,"href":"https:\/\/arma-yapi.com\/en\/wp-json\/wp\/v2\/media\/6111"}],"wp:attachment":[{"href":"https:\/\/arma-yapi.com\/en\/wp-json\/wp\/v2\/media?parent=6109"}],"wp:term":[{"taxonomy":"product_cat","embeddable":true,"href":"https:\/\/arma-yapi.com\/en\/wp-json\/wp\/v2\/product_cat?post=6109"},{"taxonomy":"product_tag","embeddable":true,"href":"https:\/\/arma-yapi.com\/en\/wp-json\/wp\/v2\/product_tag?post=6109"}],"curies":[{"name":"wp","href":"https:\/\/api.w.org\/{rel}","templated":true}]}}