{"id":6104,"date":"2026-01-29T11:41:44","date_gmt":"2026-01-29T11:41:44","guid":{"rendered":"https:\/\/arma-yapi.com\/?post_type=product&#038;p=6104"},"modified":"2026-01-29T11:41:44","modified_gmt":"2026-01-29T11:41:44","slug":"ito-kilit-e1560e-gosterge-ekranli-dijital-celik-kasa","status":"publish","type":"product","link":"https:\/\/arma-yapi.com\/en\/product\/ito-kilit-e1560e-gosterge-ekranli-dijital-celik-kasa\/","title":{"rendered":"\u0130TO Kilit E1560E \u2013 G\u00f6sterge Ekranl\u0131 Dijital \u00c7elik Kasa"},"content":{"rendered":"<h2 data-start=\"190\" data-end=\"270\"><strong data-start=\"193\" data-end=\"270\">E1560E \u2013 G\u00f6sterge Ekranl\u0131 \u0130TO Kilit Dijital \u00c7elik Kasa | \u00dcr\u00fcn \u00d6zellikleri<\/strong><\/h2>\n<ul data-start=\"272\" data-end=\"1849\">\n<li data-start=\"272\" data-end=\"312\">\n<p data-start=\"274\" data-end=\"312\"><strong data-start=\"274\" data-end=\"284\">Model:<\/strong> E1560E \u2013 G\u00f6sterge Ekranl\u0131<\/p>\n<\/li>\n<li data-start=\"313\" data-end=\"337\">\n<p data-start=\"315\" data-end=\"337\"><strong data-start=\"315\" data-end=\"325\">Marka:<\/strong> ITO Lock<\/p>\n<\/li>\n<li data-start=\"338\" data-end=\"406\">\n<p data-start=\"340\" data-end=\"406\"><strong data-start=\"340\" data-end=\"355\">\u00dcr\u00fcn Grubu:<\/strong> \u0130TO Kilit Dijital Kasalar \/ \u0130TO Kilit \u00c7elik Kasa<\/p>\n<\/li>\n<li data-start=\"408\" data-end=\"447\">\n<p data-start=\"410\" data-end=\"447\"><strong data-start=\"410\" data-end=\"426\">D\u0131\u015f \u00d6l\u00e7\u00fcler:<\/strong> 200 \u00d7 310 \u00d7 200 mm<\/p>\n<\/li>\n<li data-start=\"448\" data-end=\"471\">\n<p data-start=\"450\" data-end=\"471\"><strong data-start=\"450\" data-end=\"462\">A\u011f\u0131rl\u0131k:<\/strong> 5,5 kg<\/p>\n<\/li>\n<li data-start=\"472\" data-end=\"491\">\n<p data-start=\"474\" data-end=\"491\"><strong data-start=\"474\" data-end=\"483\">Renk:<\/strong> Black<\/p>\n<\/li>\n<li data-start=\"493\" data-end=\"633\">\n<p data-start=\"495\" data-end=\"633\"><strong data-start=\"495\" data-end=\"522\">G\u00f6vde \/ Kap\u0131 Kal\u0131nl\u0131\u011f\u0131:<\/strong><br data-start=\"522\" data-end=\"525\" \/><strong data-start=\"527\" data-end=\"567\">1,5 mm \u00e7elik g\u00f6vde \/ 4 mm \u00e7elik kap\u0131<\/strong> yap\u0131s\u0131 ile \u00fcretilmi\u015f dayan\u0131kl\u0131 <strong data-start=\"599\" data-end=\"623\">\u0130TO Kilit \u00e7elik kasa<\/strong> tasar\u0131m\u0131.<\/p>\n<\/li>\n<li data-start=\"635\" data-end=\"808\">\n<p data-start=\"637\" data-end=\"808\"><strong data-start=\"637\" data-end=\"659\">Kilitleme Sistemi:<\/strong><br data-start=\"659\" data-end=\"662\" \/><strong data-start=\"664\" data-end=\"692\">3\u20138 haneli dijital \u015fifre<\/strong> ile a\u00e7ma ve kapama imkan\u0131 sunan elektronik kilit sistemi.<br data-start=\"750\" data-end=\"753\" \/>\u0130TO Kilit kasalar g\u00fcvenlik standartlar\u0131na uygun yap\u0131.<\/p>\n<\/li>\n<li data-start=\"810\" data-end=\"922\">\n<p data-start=\"812\" data-end=\"922\"><strong data-start=\"812\" data-end=\"832\">G\u00f6sterge Ekran\u0131:<\/strong><br data-start=\"832\" data-end=\"835\" \/>\u015eifre giri\u015flerini net \u015fekilde g\u00f6steren <strong data-start=\"876\" data-end=\"889\">LCD ekran<\/strong>, kolay ve h\u0131zl\u0131 kullan\u0131m sa\u011flar.<\/p>\n<\/li>\n<li data-start=\"924\" data-end=\"1043\">\n<p data-start=\"926\" data-end=\"1043\"><strong data-start=\"926\" data-end=\"946\">\u00c7al\u0131\u015fma Sistemi:<\/strong><br data-start=\"946\" data-end=\"949\" \/><strong data-start=\"951\" data-end=\"970\">Solenoid sistem<\/strong> ile \u00e7al\u0131\u015fan mekanizma sayesinde g\u00fcvenli ve stabil kilitleme performans\u0131.<\/p>\n<\/li>\n<li data-start=\"1045\" data-end=\"1134\">\n<p data-start=\"1047\" data-end=\"1134\"><strong data-start=\"1047\" data-end=\"1062\">Reset Tu\u015fu:<\/strong><br data-start=\"1062\" data-end=\"1065\" \/>Dahili <strong data-start=\"1074\" data-end=\"1090\">reset butonu<\/strong> ile dijital \u015fifre kolayca de\u011fi\u015ftirilebilir.<\/p>\n<\/li>\n<li data-start=\"1136\" data-end=\"1254\">\n<p data-start=\"1138\" data-end=\"1254\"><strong data-start=\"1138\" data-end=\"1158\">Kilit S\u00fcrg\u00fcleri:<\/strong><br data-start=\"1158\" data-end=\"1161\" \/><strong data-start=\"1163\" data-end=\"1222\">2 adet tek y\u00f6nl\u00fc, 20 mm \u00e7ap\u0131nda \u00e7elik kilitleme s\u00fcrg\u00fcs\u00fc<\/strong> ile g\u00fc\u00e7lendirilmi\u015f kap\u0131 yap\u0131s\u0131.<\/p>\n<\/li>\n<li data-start=\"1256\" data-end=\"1380\">\n<p data-start=\"1258\" data-end=\"1380\"><strong data-start=\"1258\" data-end=\"1282\">Acil Durum Anahtar\u0131:<\/strong><br data-start=\"1282\" data-end=\"1285\" \/>Elektronik ar\u0131za veya pil bitmesi durumlar\u0131 i\u00e7in <strong data-start=\"1336\" data-end=\"1370\">override (acil durum) anahtar\u0131<\/strong> dahildir.<\/p>\n<\/li>\n<li data-start=\"1382\" data-end=\"1456\">\n<p data-start=\"1384\" data-end=\"1456\"><strong data-start=\"1384\" data-end=\"1397\">\u0130\u00e7 K\u0131s\u0131m:<\/strong><br data-start=\"1397\" data-end=\"1400\" \/>\u00c7izilmeleri \u00f6nleyen <strong data-start=\"1422\" data-end=\"1448\">koruyucu taban minderi<\/strong> i\u00e7erir.<\/p>\n<\/li>\n<li data-start=\"1458\" data-end=\"1530\">\n<p data-start=\"1460\" data-end=\"1530\"><strong data-start=\"1460\" data-end=\"1477\">\u00c7al\u0131\u015fma Tipi:<\/strong><br data-start=\"1477\" data-end=\"1480\" \/><strong data-start=\"1482\" data-end=\"1501\">4 \u00d7 1.5V AA pil<\/strong> ile \u00e7al\u0131\u015f\u0131r (uzun pil \u00f6mr\u00fc).<\/p>\n<\/li>\n<li data-start=\"1532\" data-end=\"1697\">\n<p data-start=\"1534\" data-end=\"1697\"><strong data-start=\"1534\" data-end=\"1545\">Montaj:<\/strong><br data-start=\"1545\" data-end=\"1548\" \/>Alt ve arka k\u0131s\u0131mda bulunan <strong data-start=\"1578\" data-end=\"1604\">haz\u0131r montaj delikleri<\/strong> sayesinde duvara veya zemine sabitlenebilir.<br data-start=\"1649\" data-end=\"1652\" \/>Montaj vidalar\u0131 \u00fcr\u00fcnle birlikte g\u00f6nderilir.<\/p>\n<\/li>\n<li data-start=\"1699\" data-end=\"1849\">\n<p data-start=\"1701\" data-end=\"1849\"><strong data-start=\"1701\" data-end=\"1723\">Kullan\u0131m Alanlar\u0131:<\/strong><br data-start=\"1723\" data-end=\"1726\" \/>Ev, ofis, ma\u011faza, otel odalar\u0131 ve ki\u015fisel e\u015fyalar i\u00e7in ideal <strong data-start=\"1789\" data-end=\"1815\">\u0130TO Kilit dijital kasa<\/strong> ve <strong data-start=\"1819\" data-end=\"1841\">kompakt \u00e7elik kasa<\/strong> \u00e7\u00f6z\u00fcm\u00fc.<\/p>\n<\/li>\n<\/ul>","protected":false},"excerpt":{"rendered":"<p>E1560E \u2013 G\u00f6sterge Ekranl\u0131 \u0130TO Kilit Dijital \u00c7elik Kasa | \u00dcr\u00fcn \u00d6zellikleri Model: E1560E \u2013 G\u00f6sterge Ekranl\u0131 Marka: \u0130TO Kilit<\/p>","protected":false},"featured_media":6101,"comment_status":"open","ping_status":"closed","template":"","meta":{"rank_math_lock_modified_date":false},"product_cat":[1199],"product_tag":[],"class_list":{"0":"post-6104","1":"product","2":"type-product","3":"status-publish","4":"has-post-thumbnail","6":"product_cat-ito-kilit-kasalar","8":"first","9":"instock","10":"taxable","11":"shipping-taxable","12":"purchasable","13":"product-type-simple"},"_links":{"self":[{"href":"https:\/\/arma-yapi.com\/en\/wp-json\/wp\/v2\/product\/6104","targetHints":{"allow":["GET"]}}],"collection":[{"href":"https:\/\/arma-yapi.com\/en\/wp-json\/wp\/v2\/product"}],"about":[{"href":"https:\/\/arma-yapi.com\/en\/wp-json\/wp\/v2\/types\/product"}],"replies":[{"embeddable":true,"href":"https:\/\/arma-yapi.com\/en\/wp-json\/wp\/v2\/comments?post=6104"}],"version-history":[{"count":1,"href":"https:\/\/arma-yapi.com\/en\/wp-json\/wp\/v2\/product\/6104\/revisions"}],"predecessor-version":[{"id":6108,"href":"https:\/\/arma-yapi.com\/en\/wp-json\/wp\/v2\/product\/6104\/revisions\/6108"}],"wp:featuredmedia":[{"embeddable":true,"href":"https:\/\/arma-yapi.com\/en\/wp-json\/wp\/v2\/media\/6101"}],"wp:attachment":[{"href":"https:\/\/arma-yapi.com\/en\/wp-json\/wp\/v2\/media?parent=6104"}],"wp:term":[{"taxonomy":"product_cat","embeddable":true,"href":"https:\/\/arma-yapi.com\/en\/wp-json\/wp\/v2\/product_cat?post=6104"},{"taxonomy":"product_tag","embeddable":true,"href":"https:\/\/arma-yapi.com\/en\/wp-json\/wp\/v2\/product_tag?post=6104"}],"curies":[{"name":"wp","href":"https:\/\/api.w.org\/{rel}","templated":true}]}}