{"id":6096,"date":"2026-01-29T11:30:23","date_gmt":"2026-01-29T11:30:23","guid":{"rendered":"https:\/\/arma-yapi.com\/?post_type=product&#038;p=6096"},"modified":"2026-03-24T13:48:42","modified_gmt":"2026-03-24T13:48:42","slug":"ito-kilit-1450ea-5-silah-kasasi","status":"publish","type":"product","link":"https:\/\/arma-yapi.com\/en\/product\/ito-kilit-1450ea-5-silah-kasasi\/","title":{"rendered":"\u0130TO K\u0130L\u0130T 1450EA-5 \u2013 Silah Kasas\u0131"},"content":{"rendered":"<h2 data-start=\"228\" data-end=\"303\"><strong data-start=\"231\" data-end=\"303\">1450EA-5 \u2013 \u0130TO Kilit Uzun Silah Kasas\u0131 | \u00c7elik Kasa \u00dcr\u00fcn \u00d6zellikleri<\/strong><\/h2>\n<ul data-start=\"305\" data-end=\"1859\">\n<li data-start=\"305\" data-end=\"348\">\n<p data-start=\"307\" data-end=\"348\"><strong data-start=\"307\" data-end=\"317\">Model:<\/strong> 1450EA-5 \u2013 Uzun Silah Kasas\u0131<\/p>\n<\/li>\n<li data-start=\"349\" data-end=\"373\">\n<p data-start=\"351\" data-end=\"373\"><strong data-start=\"351\" data-end=\"361\">Marka:<\/strong> ITO Lock<\/p>\n<\/li>\n<li data-start=\"374\" data-end=\"441\">\n<p data-start=\"376\" data-end=\"441\"><strong data-start=\"376\" data-end=\"391\">\u00dcr\u00fcn Grubu:<\/strong> \u0130TO Kilit Silah Kasalar\u0131 \/ \u0130TO Kilit \u00c7elik Kasa<\/p>\n<\/li>\n<li data-start=\"443\" data-end=\"483\">\n<p data-start=\"445\" data-end=\"483\"><strong data-start=\"445\" data-end=\"461\">D\u0131\u015f \u00d6l\u00e7\u00fcler:<\/strong> 1450 \u00d7 350 \u00d7 340 mm<\/p>\n<\/li>\n<li data-start=\"484\" data-end=\"508\">\n<p data-start=\"486\" data-end=\"508\"><strong data-start=\"486\" data-end=\"498\">A\u011f\u0131rl\u0131k:<\/strong> 48,5 kg<\/p>\n<\/li>\n<li data-start=\"509\" data-end=\"528\">\n<p data-start=\"511\" data-end=\"528\"><strong data-start=\"511\" data-end=\"520\">Renk:<\/strong> Black<\/p>\n<\/li>\n<li data-start=\"530\" data-end=\"723\">\n<p data-start=\"532\" data-end=\"723\"><strong data-start=\"532\" data-end=\"545\">Ana Yap\u0131:<\/strong><br data-start=\"545\" data-end=\"548\" \/>Dayan\u0131kl\u0131, a\u011f\u0131r hizmet tipi <strong data-start=\"578\" data-end=\"592\">\u00e7elik kasa<\/strong> g\u00f6vde. \u0130TO Kilit kasalar standartlar\u0131na uygun, uzun \u00f6m\u00fcrl\u00fc <strong data-start=\"652\" data-end=\"672\">toz boya kaplama<\/strong> y\u00fczey ile ekstra darbe ve korozyon direnci sa\u011flar.<\/p>\n<\/li>\n<li data-start=\"725\" data-end=\"915\">\n<p data-start=\"727\" data-end=\"915\"><strong data-start=\"727\" data-end=\"749\">Kilitleme Sistemi:<\/strong><br data-start=\"749\" data-end=\"752\" \/>\u0130TO Kilit g\u00fcvenli\u011fi ile geli\u015ftirilmi\u015f <strong data-start=\"792\" data-end=\"818\">\u00fc\u00e7 y\u00f6nl\u00fc kilit sistemi<\/strong>.<br data-start=\"819\" data-end=\"822\" \/>\u03a620 mm \u00e7ap\u0131nda <strong data-start=\"839\" data-end=\"869\">5 adet \u00e7elik kilit s\u00fcrg\u00fcs\u00fc<\/strong> sayesinde y\u00fcksek g\u00fcvenlikli kilitleme sa\u011flar.<\/p>\n<\/li>\n<li data-start=\"917\" data-end=\"1024\">\n<p data-start=\"919\" data-end=\"1024\"><strong data-start=\"919\" data-end=\"943\">Acil Durum Anahtar\u0131:<\/strong><br data-start=\"943\" data-end=\"946\" \/>A\u00e7ma ve kapama i\u015flemleri i\u00e7in <strong data-start=\"978\" data-end=\"1014\">2 adet yedek acil durum anahtar\u0131<\/strong> dahildir.<\/p>\n<\/li>\n<li data-start=\"1026\" data-end=\"1175\">\n<p data-start=\"1028\" data-end=\"1175\"><strong data-start=\"1028\" data-end=\"1049\">M\u00fchimmat B\u00f6lmesi:<\/strong><br data-start=\"1049\" data-end=\"1052\" \/>Ayr\u0131 ve kilitlenebilir <strong data-start=\"1077\" data-end=\"1105\">m\u00fchimmat saklama b\u00f6lmesi<\/strong>, silah ve m\u00fchimmat\u0131n g\u00fcvenli \u015fekilde ayr\u0131 muhafaza edilmesini sa\u011flar.<\/p>\n<\/li>\n<li data-start=\"1177\" data-end=\"1320\">\n<p data-start=\"1179\" data-end=\"1320\"><strong data-start=\"1179\" data-end=\"1193\">Tutucular:<\/strong><br data-start=\"1193\" data-end=\"1196\" \/>\u0130\u00e7 k\u0131s\u0131mda yer alan <strong data-start=\"1218\" data-end=\"1247\">5 adet k\u00f6p\u00fck silah tutucu<\/strong>, uzun silahlar\u0131n \u00e7izilmeden ve sabit bi\u00e7imde saklanmas\u0131na yard\u0131mc\u0131 olur.<\/p>\n<\/li>\n<li data-start=\"1322\" data-end=\"1452\">\n<p data-start=\"1324\" data-end=\"1452\"><strong data-start=\"1324\" data-end=\"1337\">\u0130\u00e7 Taban:<\/strong><br data-start=\"1337\" data-end=\"1340\" \/><strong data-start=\"1342\" data-end=\"1368\">Koruyucu taban minderi<\/strong> standart olarak dahildir. Silahlar\u0131n ve \u00e7elik kasa i\u00e7 y\u00fczeyinin korunmas\u0131n\u0131 sa\u011flar.<\/p>\n<\/li>\n<li data-start=\"1454\" data-end=\"1536\">\n<p data-start=\"1456\" data-end=\"1536\"><strong data-start=\"1456\" data-end=\"1465\">Kulp:<\/strong><br data-start=\"1465\" data-end=\"1468\" \/>Kap\u0131 a\u00e7ma ve kapama i\u015flemleri i\u00e7in ergonomik <strong data-start=\"1515\" data-end=\"1535\">L tipi kap\u0131 kolu<\/strong>.<\/p>\n<\/li>\n<li data-start=\"1538\" data-end=\"1703\">\n<p data-start=\"1540\" data-end=\"1703\"><strong data-start=\"1540\" data-end=\"1551\">Montaj:<\/strong><br data-start=\"1551\" data-end=\"1554\" \/>Alt ve arka k\u0131s\u0131mda bulunan <strong data-start=\"1584\" data-end=\"1610\">haz\u0131r montaj delikleri<\/strong> sayesinde duvara veya zemine sabitlenebilir.<br data-start=\"1655\" data-end=\"1658\" \/>Montaj vidalar\u0131 \u00fcr\u00fcnle birlikte g\u00f6nderilir.<\/p>\n<\/li>\n<li data-start=\"1705\" data-end=\"1859\">\n<p data-start=\"1707\" data-end=\"1859\"><strong data-start=\"1707\" data-end=\"1729\">Kullan\u0131m Alanlar\u0131:<\/strong><br data-start=\"1729\" data-end=\"1732\" \/>Bireysel kullan\u0131c\u0131lar, g\u00fcvenlik firmalar\u0131, at\u0131\u015f kul\u00fcpleri ve profesyonel kullan\u0131m i\u00e7in ideal <strong data-start=\"1827\" data-end=\"1851\">\u0130TO Kilit \u00e7elik kasa<\/strong> \u00e7\u00f6z\u00fcm\u00fc.<\/p>\n<\/li>\n<\/ul>","protected":false},"excerpt":{"rendered":"<p>1450EA-5 \u2013 \u0130TO Kilit Uzun Silah Kasas\u0131 | \u00c7elik Kasa \u00dcr\u00fcn \u00d6zellikleri Model: 1450EA-5 \u2013 Uzun Silah Kasas\u0131 Marka: \u0130TO<\/p>","protected":false},"featured_media":6097,"comment_status":"open","ping_status":"closed","template":"","meta":{"rank_math_lock_modified_date":false},"product_cat":[1199],"product_tag":[],"class_list":{"0":"post-6096","1":"product","2":"type-product","3":"status-publish","4":"has-post-thumbnail","6":"product_cat-ito-kilit-kasalar","8":"first","9":"outofstock","10":"taxable","11":"shipping-taxable","12":"purchasable","13":"product-type-simple"},"_links":{"self":[{"href":"https:\/\/arma-yapi.com\/en\/wp-json\/wp\/v2\/product\/6096","targetHints":{"allow":["GET"]}}],"collection":[{"href":"https:\/\/arma-yapi.com\/en\/wp-json\/wp\/v2\/product"}],"about":[{"href":"https:\/\/arma-yapi.com\/en\/wp-json\/wp\/v2\/types\/product"}],"replies":[{"embeddable":true,"href":"https:\/\/arma-yapi.com\/en\/wp-json\/wp\/v2\/comments?post=6096"}],"version-history":[{"count":1,"href":"https:\/\/arma-yapi.com\/en\/wp-json\/wp\/v2\/product\/6096\/revisions"}],"predecessor-version":[{"id":6099,"href":"https:\/\/arma-yapi.com\/en\/wp-json\/wp\/v2\/product\/6096\/revisions\/6099"}],"wp:featuredmedia":[{"embeddable":true,"href":"https:\/\/arma-yapi.com\/en\/wp-json\/wp\/v2\/media\/6097"}],"wp:attachment":[{"href":"https:\/\/arma-yapi.com\/en\/wp-json\/wp\/v2\/media?parent=6096"}],"wp:term":[{"taxonomy":"product_cat","embeddable":true,"href":"https:\/\/arma-yapi.com\/en\/wp-json\/wp\/v2\/product_cat?post=6096"},{"taxonomy":"product_tag","embeddable":true,"href":"https:\/\/arma-yapi.com\/en\/wp-json\/wp\/v2\/product_tag?post=6096"}],"curies":[{"name":"wp","href":"https:\/\/api.w.org\/{rel}","templated":true}]}}