{"id":5965,"date":"2026-01-06T08:08:41","date_gmt":"2026-01-06T08:08:41","guid":{"rendered":"https:\/\/arma-yapi.com\/?post_type=product&#038;p=5965"},"modified":"2026-04-08T13:57:33","modified_gmt":"2026-04-08T13:57:33","slug":"ezviz-cp4-kablosuz-kapi-durbunu-goruntuleyicisi","status":"publish","type":"product","link":"https:\/\/arma-yapi.com\/en\/product\/ezviz-cp4-kablosuz-kapi-durbunu-goruntuleyicisi\/","title":{"rendered":"EZV\u0130Z CP4 Kablosuz Kap\u0131 D\u00fcrb\u00fcn\u00fc G\u00f6r\u00fcnt\u00fcleyicisi"},"content":{"rendered":"<h1>Ezviz<\/h1>\n<p data-start=\"784\" data-end=\"1135\"><strong data-start=\"784\" data-end=\"835\"> CP4 Kablosuz Kap\u0131 D\u00fcrb\u00fcn\u00fc G\u00f6r\u00fcnt\u00fcleyicisi<\/strong>, klasik kap\u0131 d\u00fcrb\u00fcnlerini ak\u0131ll\u0131 g\u00fcvenlik teknolojisiyle birle\u015ftirerek eviniz i\u00e7in hem konfor hem de \u00fcst d\u00fczey g\u00fcvenlik sunar. Kap\u0131n\u0131z\u0131 kimin \u00e7ald\u0131\u011f\u0131n\u0131, ister i\u00e7 mekandaki <strong data-start=\"1008\" data-end=\"1046\">4,3 in\u00e7 renkli dokunmatik ekrandan<\/strong>, ister d\u00fcnyan\u0131n her yerinden <strong data-start=\"1076\" data-end=\"1102\">EZVIZ mobil uygulamas\u0131<\/strong> \u00fczerinden an\u0131nda g\u00f6rebilirsiniz.<\/p>\n<p data-start=\"1137\" data-end=\"1403\"><strong data-start=\"1137\" data-end=\"1172\">1080P Full HD video \u00e7\u00f6z\u00fcn\u00fcrl\u00fc\u011f\u00fc<\/strong> ve <strong data-start=\"1176\" data-end=\"1208\">166\u00b0 ultra geni\u015f g\u00f6r\u00fc\u015f a\u00e7\u0131s\u0131<\/strong> sayesinde kap\u0131n\u0131z\u0131n \u00f6n\u00fcndeki her detay\u0131 net bir \u015fekilde izleyebilir, k\u00f6r noktalar\u0131 minimuma indirebilirsiniz. <strong data-start=\"1319\" data-end=\"1337\">IR gece g\u00f6r\u00fc\u015f\u00fc<\/strong>, d\u00fc\u015f\u00fck \u0131\u015f\u0131k ko\u015fullar\u0131nda bile 5 metreye kadar net g\u00f6r\u00fcnt\u00fc sa\u011flar.<\/p>\n<p data-start=\"1405\" data-end=\"1700\">CP4, <strong data-start=\"1410\" data-end=\"1469\">PIR destekli ak\u0131ll\u0131 insan hareketi alg\u0131lama teknolojisi<\/strong> ile gereksiz bildirimleri azalt\u0131r ve yaln\u0131zca ger\u00e7ekten \u00f6nemli anlarda sizi uyar\u0131r. Ziyaret\u00e7ilerinizle <strong data-start=\"1573\" data-end=\"1605\">\u00e7ift y\u00f6nl\u00fc g\u00f6r\u00fcnt\u00fcl\u00fc konu\u015fma<\/strong> yapabilir, isterseniz <strong data-start=\"1628\" data-end=\"1656\">ses de\u011fi\u015ftirici \u00f6zelli\u011fi<\/strong> sayesinde kimli\u011finizi gizli tutabilirsiniz.<\/p>\n<p data-start=\"1702\" data-end=\"1927\"><strong data-start=\"1702\" data-end=\"1741\">4.600 mAh \u015farj edilebilir bataryas\u0131<\/strong>, ak\u0131ll\u0131 g\u00fc\u00e7 tasarrufu sayesinde <strong data-start=\"1774\" data-end=\"1807\">90 g\u00fcne kadar kullan\u0131m s\u00fcresi<\/strong> sunar. Y\u00fcksek dayan\u0131ml\u0131 <strong data-start=\"1832\" data-end=\"1858\">\u00e7inko ala\u015f\u0131ml\u0131 g\u00f6vdesi<\/strong>, hem i\u00e7 hem d\u0131\u015f mek\u00e2n ko\u015fullar\u0131na kar\u015f\u0131 uzun \u00f6m\u00fcrl\u00fc kullan\u0131m sa\u011flar.<\/p>\n<p data-start=\"1929\" data-end=\"2129\">Videolar\u0131n\u0131z\u0131, i\u00e7 mek\u00e2n monit\u00f6r\u00fcne tak\u0131lan <strong data-start=\"1972\" data-end=\"2003\">512 GB\u2019a kadar microSD kart<\/strong> ile g\u00fcvenle saklayabilir veya iste\u011fe ba\u011fl\u0131 olarak <strong data-start=\"2054\" data-end=\"2073\">EZVIZ CloudPlay<\/strong> \u015fifreli bulut depolama hizmetinden yararlanabilirsiniz.<\/p>\n<p data-start=\"2131\" data-end=\"2268\">CP4, modern evler, apartman daireleri ve g\u00fcvenli\u011fe \u00f6nem veren herkes i\u00e7in ideal bir <strong data-start=\"2221\" data-end=\"2267\">ak\u0131ll\u0131 kap\u0131 d\u00fcrb\u00fcn\u00fc ve kap\u0131 zili \u00e7\u00f6z\u00fcm\u00fcd\u00fcr<\/strong>.<\/p>\n<hr data-start=\"2270\" data-end=\"2273\" \/>\n<h2 data-start=\"2275\" data-end=\"2298\">\ud83d\udd39 Teknik \u00d6zellikler<\/h2>\n<ul data-start=\"2299\" data-end=\"2903\">\n<li data-start=\"2299\" data-end=\"2345\">\n<p data-start=\"2301\" data-end=\"2345\"><strong data-start=\"2301\" data-end=\"2311\">Ekran:<\/strong> 4,3 in\u00e7 Renkli Dokunmatik Ekran<\/p>\n<\/li>\n<li data-start=\"2346\" data-end=\"2386\">\n<p data-start=\"2348\" data-end=\"2386\"><strong data-start=\"2348\" data-end=\"2370\">Video \u00c7\u00f6z\u00fcn\u00fcrl\u00fc\u011f\u00fc:<\/strong> 1080P Full HD<\/p>\n<\/li>\n<li data-start=\"2387\" data-end=\"2428\">\n<p data-start=\"2389\" data-end=\"2428\"><strong data-start=\"2389\" data-end=\"2405\">G\u00f6r\u00fc\u015f A\u00e7\u0131s\u0131:<\/strong> 166\u00b0 Ultra Geni\u015f A\u00e7\u0131<\/p>\n<\/li>\n<li data-start=\"2429\" data-end=\"2479\">\n<p data-start=\"2431\" data-end=\"2479\"><strong data-start=\"2431\" data-end=\"2447\">Gece G\u00f6r\u00fc\u015f\u00fc:<\/strong> IR Gece G\u00f6r\u00fc\u015f\u00fc (5 m\u2019ye kadar)<\/p>\n<\/li>\n<li data-start=\"2480\" data-end=\"2527\">\n<p data-start=\"2482\" data-end=\"2527\"><strong data-start=\"2482\" data-end=\"2490\">Ses:<\/strong> \u00c7ift y\u00f6nl\u00fc sesli &amp; g\u00f6r\u00fcnt\u00fcl\u00fc arama<\/p>\n<\/li>\n<li data-start=\"2528\" data-end=\"2582\">\n<p data-start=\"2530\" data-end=\"2582\"><strong data-start=\"2530\" data-end=\"2543\">Alg\u0131lama:<\/strong> Ak\u0131ll\u0131 \u0130nsan Hareketi Alg\u0131lama (PIR)<\/p>\n<\/li>\n<li data-start=\"2583\" data-end=\"2632\">\n<p data-start=\"2585\" data-end=\"2632\"><strong data-start=\"2585\" data-end=\"2593\">Pil:<\/strong> 4.600 mAh \u015earj Edilebilir Lityum Pil<\/p>\n<\/li>\n<li data-start=\"2633\" data-end=\"2686\">\n<p data-start=\"2635\" data-end=\"2686\"><strong data-start=\"2635\" data-end=\"2648\">Pil \u00d6mr\u00fc:<\/strong> 90 g\u00fcne kadar (standart kullan\u0131mda)<\/p>\n<\/li>\n<li data-start=\"2687\" data-end=\"2734\">\n<p data-start=\"2689\" data-end=\"2734\"><strong data-start=\"2689\" data-end=\"2702\">Depolama:<\/strong> MicroSD Kart (512 GB\u2019a kadar)<\/p>\n<\/li>\n<li data-start=\"2735\" data-end=\"2782\">\n<p data-start=\"2737\" data-end=\"2782\"><strong data-start=\"2737\" data-end=\"2756\">Bulut Depolama:<\/strong> EZVIZ CloudPlay deste\u011fi<\/p>\n<\/li>\n<li data-start=\"2783\" data-end=\"2822\">\n<p data-start=\"2785\" data-end=\"2822\"><strong data-start=\"2785\" data-end=\"2793\">Zil:<\/strong> \u00c7oklu zil sesi se\u00e7enekleri<\/p>\n<\/li>\n<li data-start=\"2823\" data-end=\"2868\">\n<p data-start=\"2825\" data-end=\"2868\"><strong data-start=\"2825\" data-end=\"2835\">G\u00f6vde:<\/strong> Y\u00fcksek dayan\u0131ml\u0131 \u00e7inko ala\u015f\u0131m\u0131<\/p>\n<\/li>\n<li data-start=\"2869\" data-end=\"2903\">\n<p data-start=\"2871\" data-end=\"2903\"><strong data-start=\"2871\" data-end=\"2884\">Ba\u011flant\u0131:<\/strong> Kablosuz (Wi-Fi)<\/p>\n<\/li>\n<\/ul>\n<hr data-start=\"2905\" data-end=\"2908\" \/>\n<h2 data-start=\"2910\" data-end=\"2928\">\ud83d\udd39 Kutu \u0130\u00e7eri\u011fi<\/h2>\n<ul data-start=\"2929\" data-end=\"3089\">\n<li data-start=\"2929\" data-end=\"2964\">\n<p data-start=\"2931\" data-end=\"2964\">\u00a0CP4 Kap\u0131 D\u00fcrb\u00fcn\u00fc Kameras\u0131<\/p>\n<\/li>\n<li data-start=\"2965\" data-end=\"2996\">\n<p data-start=\"2967\" data-end=\"2996\">\u0130\u00e7 Mekan Dokunmatik Monit\u00f6r<\/p>\n<\/li>\n<li data-start=\"2997\" data-end=\"3018\">\n<p data-start=\"2999\" data-end=\"3018\">Montaj Aparatlar\u0131<\/p>\n<\/li>\n<li data-start=\"3019\" data-end=\"3067\">\n<p data-start=\"3021\" data-end=\"3067\">\u015earj Kablosu (\u00dcr\u00fcne g\u00f6re Micro USB \/ Type-C)<\/p>\n<\/li>\n<li data-start=\"3068\" data-end=\"3089\">\n<p data-start=\"3070\" data-end=\"3089\">Kullan\u0131m K\u0131lavuzu<\/p>\n<\/li>\n<\/ul>","protected":false},"excerpt":{"rendered":"<p>\u0130TO K\u0130L\u0130T-EZVIZ CP4 kablosuz kap\u0131 d\u00fcrb\u00fcn\u00fc g\u00f6r\u00fcnt\u00fcleyicisi; 1080P Full HD g\u00f6r\u00fcnt\u00fc kalitesi, 166\u00b0 ultra geni\u015f a\u00e7\u0131, \u00e7ift y\u00f6nl\u00fc g\u00f6r\u00fcnt\u00fcl\u00fc arama ve ak\u0131ll\u0131 insan hareketi alg\u0131lama \u00f6zellikleriyle kap\u0131 g\u00fcvenli\u011fini parmaklar\u0131n\u0131z\u0131n ucuna getirir. 4,3 in\u00e7 dokunmatik ekran\u0131 sayesinde her ya\u015ftan kullan\u0131c\u0131 i\u00e7in kolay ve g\u00fcvenlidir.<\/p>","protected":false},"featured_media":6278,"comment_status":"open","ping_status":"closed","template":"","meta":{"rank_math_lock_modified_date":false},"product_cat":[1052,1054],"product_tag":[1062,1191,1083,1081,1187,1196,1192,1190,1197,1198,1182,1188,1183,1189,1074,1185,1082,1193,1194,1184,1195,1186],"class_list":{"0":"post-5965","1":"product","2":"type-product","3":"status-publish","4":"has-post-thumbnail","6":"product_cat-ezviz","7":"product_cat-akilli-kapi-goruntuleyicisi","8":"product_tag-1080p-kapi-kamerasi","9":"product_tag-4-3-inc-kapi-durbunu","10":"product_tag-akilli-ev-guvenlik-sistemleri","11":"product_tag-akilli-kapi-durbunu","12":"product_tag-akilli-kapi-zili","13":"product_tag-apartman-kapi-durbunu","14":"product_tag-cift-yonlu-konusma-kapi-zili","15":"product_tag-dokunmatik-ekran-kapi-durbunu","16":"product_tag-ev-guvenlik-kamerasi","17":"product_tag-ezviz-akilli-ev-urunleri","18":"product_tag-ezviz-cp4","19":"product_tag-ezviz-goruntulu-kapi-zili","20":"product_tag-ezviz-kapi-durbunu","21":"product_tag-full-hd-kapi-durbunu","22":"product_tag-gece-goruslu-kapi-kamerasi","23":"product_tag-goruntulu-kapi-durbunu","24":"product_tag-goruntulu-kapi-zili","25":"product_tag-hareket-algilamali-kapi-kamerasi","26":"product_tag-insan-algilamali-kapi-durbunu","27":"product_tag-kablosuz-kapi-durbunu","28":"product_tag-kablosuz-kapi-kamerasi","29":"product_tag-kapi-durbunu-kamera","31":"first","32":"instock","33":"taxable","34":"shipping-taxable","35":"purchasable","36":"product-type-simple"},"_links":{"self":[{"href":"https:\/\/arma-yapi.com\/en\/wp-json\/wp\/v2\/product\/5965","targetHints":{"allow":["GET"]}}],"collection":[{"href":"https:\/\/arma-yapi.com\/en\/wp-json\/wp\/v2\/product"}],"about":[{"href":"https:\/\/arma-yapi.com\/en\/wp-json\/wp\/v2\/types\/product"}],"replies":[{"embeddable":true,"href":"https:\/\/arma-yapi.com\/en\/wp-json\/wp\/v2\/comments?post=5965"}],"version-history":[{"count":6,"href":"https:\/\/arma-yapi.com\/en\/wp-json\/wp\/v2\/product\/5965\/revisions"}],"predecessor-version":[{"id":6311,"href":"https:\/\/arma-yapi.com\/en\/wp-json\/wp\/v2\/product\/5965\/revisions\/6311"}],"wp:featuredmedia":[{"embeddable":true,"href":"https:\/\/arma-yapi.com\/en\/wp-json\/wp\/v2\/media\/6278"}],"wp:attachment":[{"href":"https:\/\/arma-yapi.com\/en\/wp-json\/wp\/v2\/media?parent=5965"}],"wp:term":[{"taxonomy":"product_cat","embeddable":true,"href":"https:\/\/arma-yapi.com\/en\/wp-json\/wp\/v2\/product_cat?post=5965"},{"taxonomy":"product_tag","embeddable":true,"href":"https:\/\/arma-yapi.com\/en\/wp-json\/wp\/v2\/product_tag?post=5965"}],"curies":[{"name":"wp","href":"https:\/\/api.w.org\/{rel}","templated":true}]}}