{"id":5469,"date":"2025-10-14T13:37:52","date_gmt":"2025-10-14T13:37:52","guid":{"rendered":"https:\/\/arma-yapi.com\/?post_type=product&#038;p=5469"},"modified":"2026-01-22T06:03:01","modified_gmt":"2026-01-22T06:03:01","slug":"ito-141-rk-45-ekstra-gomme-kilit","status":"publish","type":"product","link":"https:\/\/arma-yapi.com\/en\/product\/ito-141-rk-45-ekstra-gomme-kilit\/","title":{"rendered":"\u0130TO 141\/RK-45 EKSTRA G\u00d6MME K\u0130L\u0130T"},"content":{"rendered":"<h3 data-start=\"125\" data-end=\"194\">\u0130TO 141\/RK-45 EKSTRA G\u00d6MME K\u0130L\u0130T<\/h3>\n<h3 data-start=\"125\" data-end=\"194\"><strong data-start=\"132\" data-end=\"194\">Rulmanl\u0131 Kol Yata\u011f\u0131 &#8211; 8&#215;8 | Galvaniz Kaplamal\u0131 \u00c7elik G\u00f6vde<\/strong><\/h3>\n<p data-start=\"196\" data-end=\"458\">Y\u00fcksek dayan\u0131kl\u0131l\u0131k ve uzun \u00f6m\u00fcrl\u00fc kullan\u0131m i\u00e7in tasarlanan <strong data-start=\"256\" data-end=\"283\">8&#215;8 Rulmanl\u0131 Kol Yata\u011f\u0131<\/strong>, \u00e7elik g\u00f6vdesi ve galvaniz kaplamas\u0131 sayesinde paslanmaya kar\u015f\u0131 \u00fcst\u00fcn koruma sa\u011flar. <strong data-start=\"369\" data-end=\"404\">Zamak d\u00f6k\u00fcm s\u00fcrg\u00fc ve dil yap\u0131s\u0131<\/strong>, kilit sisteminde m\u00fckemmel uyum ve sa\u011flaml\u0131k sunar.<\/p>\n<p data-start=\"460\" data-end=\"724\"><strong data-start=\"460\" data-end=\"480\">A\u00e7\u0131k kasa yap\u0131s\u0131<\/strong> ile montaj kolayl\u0131\u011f\u0131 sa\u011flayan bu model, <strong data-start=\"521\" data-end=\"546\">2 turlu s\u00fcrg\u00fc sistemi<\/strong> ile g\u00fcvenli\u011fi art\u0131r\u0131r. Tek adet <strong data-start=\"579\" data-end=\"603\">nikel zamak anahtar\u0131<\/strong> ile birlikte sunulan \u00fcr\u00fcn, hem dayan\u0131kl\u0131l\u0131k hem de estetik g\u00f6r\u00fcn\u00fcm a\u00e7\u0131s\u0131ndan profesyonel kullan\u0131m alanlar\u0131na uygundur.<\/p>\n<h4 data-start=\"726\" data-end=\"751\">\ud83d\udd27 Teknik \u00d6zellikler<\/h4>\n<ul data-start=\"752\" data-end=\"1059\">\n<li data-start=\"752\" data-end=\"784\">\n<p data-start=\"754\" data-end=\"784\"><strong data-start=\"754\" data-end=\"769\">Kol Yata\u011f\u0131:<\/strong> 8&#215;8 Rulmanl\u0131<\/p>\n<\/li>\n<li data-start=\"785\" data-end=\"824\">\n<p data-start=\"787\" data-end=\"824\"><strong data-start=\"787\" data-end=\"797\">G\u00f6vde:<\/strong> Galvanized steel<\/p>\n<\/li>\n<li data-start=\"825\" data-end=\"848\">\n<p data-start=\"827\" data-end=\"848\"><strong data-start=\"827\" data-end=\"841\">Kasa Tipi:<\/strong> A\u00e7\u0131k<\/p>\n<\/li>\n<li data-start=\"849\" data-end=\"868\">\n<p data-start=\"851\" data-end=\"868\"><strong data-start=\"851\" data-end=\"860\">Ayna:<\/strong> \u00c7elik<\/p>\n<\/li>\n<li data-start=\"869\" data-end=\"904\">\n<p data-start=\"871\" data-end=\"904\"><strong data-start=\"871\" data-end=\"881\">S\u00fcrg\u00fc:<\/strong> Zamak d\u00f6k\u00fcm, 2 turlu<\/p>\n<\/li>\n<li data-start=\"905\" data-end=\"929\">\n<p data-start=\"907\" data-end=\"929\"><strong data-start=\"907\" data-end=\"915\">Dil:<\/strong> Zamak d\u00f6k\u00fcm<\/p>\n<\/li>\n<li data-start=\"930\" data-end=\"972\">\n<p data-start=\"932\" data-end=\"972\"><strong data-start=\"932\" data-end=\"944\">Anahtar:<\/strong> 1 adet, nikel zamak d\u00f6k\u00fcm<\/p>\n<\/li>\n<li data-start=\"973\" data-end=\"991\">\n<p data-start=\"975\" data-end=\"991\"><strong data-start=\"975\" data-end=\"983\">B\/S:<\/strong> 45 mm<\/p>\n<\/li>\n<li data-start=\"992\" data-end=\"1010\">\n<p data-start=\"994\" data-end=\"1010\"><strong data-start=\"994\" data-end=\"1002\">C\/L:<\/strong> 90 mm<\/p>\n<\/li>\n<li data-start=\"1011\" data-end=\"1059\">\n<p data-start=\"1013\" data-end=\"1059\"><strong data-start=\"1013\" data-end=\"1028\">Opsiyonlar:<\/strong> Kaplama, oval ayna, kar\u015f\u0131l\u0131k<\/p>\n<\/li>\n<\/ul>","protected":false},"excerpt":{"rendered":"<p>\u0130TO 141\/RK-45 EKSTRA G\u00d6MME K\u0130L\u0130T Rulmanl\u0131 Kol Yata\u011f\u0131 &#8211; 8&#215;8 | Galvaniz Kaplamal\u0131 \u00c7elik G\u00f6vde Y\u00fcksek dayan\u0131kl\u0131l\u0131k ve uzun \u00f6m\u00fcrl\u00fc<\/p>","protected":false},"featured_media":5470,"comment_status":"open","ping_status":"closed","template":"","meta":{"rank_math_lock_modified_date":false},"product_cat":[313,397],"product_tag":[],"class_list":{"0":"post-5469","1":"product","2":"type-product","3":"status-publish","4":"has-post-thumbnail","6":"product_cat-kilitler","7":"product_cat-gomme-kapi-kilitller","9":"first","10":"instock","11":"taxable","12":"shipping-taxable","13":"purchasable","14":"product-type-simple"},"_links":{"self":[{"href":"https:\/\/arma-yapi.com\/en\/wp-json\/wp\/v2\/product\/5469","targetHints":{"allow":["GET"]}}],"collection":[{"href":"https:\/\/arma-yapi.com\/en\/wp-json\/wp\/v2\/product"}],"about":[{"href":"https:\/\/arma-yapi.com\/en\/wp-json\/wp\/v2\/types\/product"}],"replies":[{"embeddable":true,"href":"https:\/\/arma-yapi.com\/en\/wp-json\/wp\/v2\/comments?post=5469"}],"version-history":[{"count":1,"href":"https:\/\/arma-yapi.com\/en\/wp-json\/wp\/v2\/product\/5469\/revisions"}],"predecessor-version":[{"id":5472,"href":"https:\/\/arma-yapi.com\/en\/wp-json\/wp\/v2\/product\/5469\/revisions\/5472"}],"wp:featuredmedia":[{"embeddable":true,"href":"https:\/\/arma-yapi.com\/en\/wp-json\/wp\/v2\/media\/5470"}],"wp:attachment":[{"href":"https:\/\/arma-yapi.com\/en\/wp-json\/wp\/v2\/media?parent=5469"}],"wp:term":[{"taxonomy":"product_cat","embeddable":true,"href":"https:\/\/arma-yapi.com\/en\/wp-json\/wp\/v2\/product_cat?post=5469"},{"taxonomy":"product_tag","embeddable":true,"href":"https:\/\/arma-yapi.com\/en\/wp-json\/wp\/v2\/product_tag?post=5469"}],"curies":[{"name":"wp","href":"https:\/\/api.w.org\/{rel}","templated":true}]}}