{"id":5411,"date":"2025-10-03T07:52:01","date_gmt":"2025-10-03T07:52:01","guid":{"rendered":"https:\/\/arma-yapi.com\/?post_type=product&#038;p=5411"},"modified":"2026-01-22T06:03:13","modified_gmt":"2026-01-22T06:03:13","slug":"ito-156-25-silindirli-aluminyum-kapi-kilitleri","status":"publish","type":"product","link":"https:\/\/arma-yapi.com\/en\/product\/ito-156-25-silindirli-aluminyum-kapi-kilitleri\/","title":{"rendered":"\u0130TO 156\/25 S\u0130L\u0130ND\u0130RL\u0130 AL\u00dcM\u0130NYUM KAPI K\u0130L\u0130TLER\u0130"},"content":{"rendered":"<p>\u0130TO 156\/20 S\u0130L\u0130ND\u0130RL\u0130 AL\u00dcM\u0130NYUM KAPI K\u0130L\u0130TLER\u0130<\/p>\n<p>&nbsp;<\/p>\n<p data-start=\"249\" data-end=\"668\">Dayan\u0131kl\u0131 yap\u0131s\u0131 ve kaliteli malzeme kullan\u0131m\u0131yla \u00f6ne \u00e7\u0131kan\u00a0<strong data-start=\"309\" data-end=\"369\">galvaniz kaplamal\u0131 \u00e7elik g\u00f6vdeye sahip kilit mekanizmas\u0131<\/strong>, g\u00fcvenli\u011fi ve uzun \u00f6m\u00fcrl\u00fc kullan\u0131m\u0131 bir arada sunar.\u00a0<strong data-start=\"423\" data-end=\"453\">Nikel kaplamal\u0131 \u00e7elik ayna<\/strong>\u00a0ve\u00a0<strong data-start=\"457\" data-end=\"478\">zamak d\u00f6k\u00fcm s\u00fcrg\u00fc<\/strong>\u00a0sayesinde y\u00fcksek diren\u00e7 g\u00f6sterir.\u00a0<strong data-start=\"513\" data-end=\"541\">8\u00d78 rulmans\u0131z kol yata\u011f\u0131<\/strong>\u00a0ile uyumlu \u00e7al\u0131\u015f\u0131r ve\u00a0<strong data-start=\"564\" data-end=\"626\">254 veya 754 silindir modelleriyle kullan\u0131labilme \u00f6zelli\u011fi<\/strong>\u00a0sayesinde esnek kullan\u0131m imk\u00e2n\u0131 sa\u011flar.<\/p>\n<p data-start=\"670\" data-end=\"899\">Farkl\u0131 kap\u0131 tiplerine uygun olarak\u00a0<strong data-start=\"705\" data-end=\"744\">20-25-30-35 mm B\/S \u00f6l\u00e7\u00fc se\u00e7enekleri<\/strong>\u00a0ve\u00a0<strong data-start=\"748\" data-end=\"768\">85 mm C\/L \u00f6l\u00e7\u00fcs\u00fc<\/strong>\u00a0ile tasarlanm\u0131\u015ft\u0131r. G\u00fcvenlik ve dayan\u0131kl\u0131l\u0131\u011f\u0131n \u00f6n planda oldu\u011fu bu kilit, hem konut hem de ticari yap\u0131larda tercih edilmektedir.<\/p>\n<p data-start=\"901\" data-end=\"1079\">\ud83d\udc49\u00a0<strong data-start=\"904\" data-end=\"934\">Kaliteli kilit mekanizmas\u0131<\/strong>,\u00a0<strong data-start=\"936\" data-end=\"957\">zamak d\u00f6k\u00fcm s\u00fcrg\u00fc<\/strong>,\u00a0<strong data-start=\"959\" data-end=\"993\">galvaniz kaplamal\u0131 \u00e7elik g\u00f6vde<\/strong>\u00a0ve\u00a0<strong data-start=\"997\" data-end=\"1030\">254 \u2013 754 silindir uyumlulu\u011fu<\/strong>\u00a0sayesinde uzun y\u0131llar g\u00fcvenli kullan\u0131m sa\u011flar.<\/p>","protected":false},"excerpt":{"rendered":"<p>\u0130TO 156\/20 S\u0130L\u0130ND\u0130RL\u0130 AL\u00dcM\u0130NYUM KAPI K\u0130L\u0130TLER\u0130 &nbsp; Dayan\u0131kl\u0131 yap\u0131s\u0131 ve kaliteli malzeme kullan\u0131m\u0131yla \u00f6ne \u00e7\u0131kan\u00a0galvaniz kaplamal\u0131 \u00e7elik g\u00f6vdeye sahip kilit<\/p>","protected":false},"featured_media":5408,"comment_status":"open","ping_status":"closed","template":"","meta":{"rank_math_lock_modified_date":false},"product_cat":[313],"product_tag":[],"class_list":{"0":"post-5411","1":"product","2":"type-product","3":"status-publish","4":"has-post-thumbnail","6":"product_cat-kilitler","8":"first","9":"instock","10":"taxable","11":"shipping-taxable","12":"purchasable","13":"product-type-simple"},"_links":{"self":[{"href":"https:\/\/arma-yapi.com\/en\/wp-json\/wp\/v2\/product\/5411","targetHints":{"allow":["GET"]}}],"collection":[{"href":"https:\/\/arma-yapi.com\/en\/wp-json\/wp\/v2\/product"}],"about":[{"href":"https:\/\/arma-yapi.com\/en\/wp-json\/wp\/v2\/types\/product"}],"replies":[{"embeddable":true,"href":"https:\/\/arma-yapi.com\/en\/wp-json\/wp\/v2\/comments?post=5411"}],"version-history":[{"count":1,"href":"https:\/\/arma-yapi.com\/en\/wp-json\/wp\/v2\/product\/5411\/revisions"}],"predecessor-version":[{"id":5413,"href":"https:\/\/arma-yapi.com\/en\/wp-json\/wp\/v2\/product\/5411\/revisions\/5413"}],"wp:featuredmedia":[{"embeddable":true,"href":"https:\/\/arma-yapi.com\/en\/wp-json\/wp\/v2\/media\/5408"}],"wp:attachment":[{"href":"https:\/\/arma-yapi.com\/en\/wp-json\/wp\/v2\/media?parent=5411"}],"wp:term":[{"taxonomy":"product_cat","embeddable":true,"href":"https:\/\/arma-yapi.com\/en\/wp-json\/wp\/v2\/product_cat?post=5411"},{"taxonomy":"product_tag","embeddable":true,"href":"https:\/\/arma-yapi.com\/en\/wp-json\/wp\/v2\/product_tag?post=5411"}],"curies":[{"name":"wp","href":"https:\/\/api.w.org\/{rel}","templated":true}]}}