{"id":5375,"date":"2025-09-23T13:42:26","date_gmt":"2025-09-23T13:42:26","guid":{"rendered":"https:\/\/arma-yapi.com\/?post_type=product&#038;p=5375"},"modified":"2026-01-22T06:03:43","modified_gmt":"2026-01-22T06:03:43","slug":"ito-2200k-silindirli-kilit","status":"publish","type":"product","link":"https:\/\/arma-yapi.com\/en\/product\/ito-2200k-silindirli-kilit\/","title":{"rendered":"\u0130TO 2200K S\u0130L\u0130ND\u0130RL\u0130 K\u0130L\u0130T"},"content":{"rendered":"<h1 class=\"product_title entry-title wd-entities-title\">\u0130TO K\u0130L\u0130T 2200K S\u0130L\u0130ND\u0130RL\u0130 K\u0130L\u0130T<\/h1>\n<p>&nbsp;<\/p>\n<ul>\n<li data-start=\"228\" data-end=\"339\">\n<p data-start=\"230\" data-end=\"339\"><strong data-start=\"230\" data-end=\"261\">Kol Yata\u011f\u0131: Rulmanl\u0131 8\u00d78 mm<\/strong> \u2013 Sessiz ve uzun \u00f6m\u00fcrl\u00fc kullan\u0131m i\u00e7in \u00f6zel tasarlanm\u0131\u015f rulmanl\u0131 kol yata\u011f\u0131.<\/p>\n<\/li>\n<li data-start=\"340\" data-end=\"488\">\n<p data-start=\"342\" data-end=\"488\"><strong data-start=\"342\" data-end=\"382\">G\u00f6vde: Galvaniz Kaplamal\u0131 \u00c7elik Kasa<\/strong> \u2013 Paslanmaya dayan\u0131kl\u0131 galvaniz kaplama, sa\u011flam \u00e7elik g\u00f6vdeyle birle\u015ferek maksimum dayan\u0131kl\u0131l\u0131k sa\u011flar.<\/p>\n<\/li>\n<li data-start=\"489\" data-end=\"592\">\n<p data-start=\"491\" data-end=\"592\"><strong data-start=\"491\" data-end=\"513\">Kasa: Kapal\u0131 40 mm<\/strong> \u2013 40 mm kapal\u0131 kasa yap\u0131s\u0131 sayesinde ekstra g\u00fcvenlik ve kolay montaj imk\u00e2n\u0131.<\/p>\n<\/li>\n<li data-start=\"593\" data-end=\"692\">\n<p data-start=\"595\" data-end=\"692\"><strong data-start=\"595\" data-end=\"618\">Ayna: \u00c7elik Malzeme<\/strong> \u2013 Dayan\u0131kl\u0131 \u00e7elik ayna ile kap\u0131 kilidi daha uzun \u00f6m\u00fcrl\u00fc kullan\u0131m sunar.<\/p>\n<\/li>\n<li data-start=\"693\" data-end=\"897\">\n<p data-start=\"695\" data-end=\"897\"><strong data-start=\"695\" data-end=\"759\">S\u00fcrg\u00fc: 3 Mill\u00ee, Krom Kaplamal\u0131 \u00c7elik, 25 mm \u00c7\u0131k\u0131\u015fl\u0131, 2 Turlu<\/strong> \u2013 \u00c7elik s\u00fcrg\u00fc mekanizmas\u0131, krom kaplama sayesinde korozyona kar\u015f\u0131 diren\u00e7li, 25 mm \u00e7\u0131k\u0131\u015fl\u0131 \u00e7ift turlu sistem ile y\u00fcksek g\u00fcvenlik sa\u011flar.<\/p>\n<\/li>\n<li data-start=\"898\" data-end=\"998\">\n<p data-start=\"900\" data-end=\"998\"><strong data-start=\"900\" data-end=\"914\">Dil: \u00c7elik<\/strong> \u2013 \u00c7elik dil yap\u0131s\u0131, kilidin mukavemetini art\u0131r\u0131r ve g\u00fcvenli\u011fi \u00fcst seviyeye ta\u015f\u0131r.<\/p>\n<\/li>\n<li data-start=\"999\" data-end=\"1115\">\n<p data-start=\"1001\" data-end=\"1115\"><strong data-start=\"1001\" data-end=\"1045\">Silindir Uyumlulu\u011fu: 254 veya 754 Modeli<\/strong> \u2013 Farkl\u0131 ihtiya\u00e7lara uygun silindir se\u00e7enekleri ile uyumlu \u00e7al\u0131\u015fma.<\/p>\n<\/li>\n<li data-start=\"1116\" data-end=\"1196\">\n<p data-start=\"1118\" data-end=\"1196\"><strong data-start=\"1118\" data-end=\"1151\">\u00d6l\u00e7\u00fcler: B\/S 45 mm, C\/L 85 mm<\/strong> \u2013 Standart kap\u0131 \u00f6l\u00e7\u00fclerine uyumlu tasar\u0131m.<\/p>\n<\/li>\n<li data-start=\"1197\" data-end=\"1345\">\n<p data-start=\"1199\" data-end=\"1345\"><strong data-start=\"1199\" data-end=\"1253\">Opsiyonlar: Kaplama, Silindir, Oval Ayna, Kar\u015f\u0131l\u0131k<\/strong> \u2013 \u0130htiyaca g\u00f6re farkl\u0131 kaplama, silindir ve aksesuar se\u00e7enekleri ile \u00f6zelle\u015ftirme imk\u00e2n\u0131.<\/p>\n<\/li>\n<\/ul>","protected":false},"excerpt":{"rendered":"<p>\u0130TO K\u0130L\u0130T 2200K S\u0130L\u0130ND\u0130RL\u0130 K\u0130L\u0130T &nbsp; Kol Yata\u011f\u0131: Rulmanl\u0131 8\u00d78 mm \u2013 Sessiz ve uzun \u00f6m\u00fcrl\u00fc kullan\u0131m i\u00e7in \u00f6zel tasarlanm\u0131\u015f<\/p>","protected":false},"featured_media":5376,"comment_status":"open","ping_status":"closed","template":"","meta":{"rank_math_lock_modified_date":false},"product_cat":[313],"product_tag":[],"class_list":{"0":"post-5375","1":"product","2":"type-product","3":"status-publish","4":"has-post-thumbnail","6":"product_cat-kilitler","8":"first","9":"instock","10":"taxable","11":"shipping-taxable","12":"purchasable","13":"product-type-simple"},"_links":{"self":[{"href":"https:\/\/arma-yapi.com\/en\/wp-json\/wp\/v2\/product\/5375","targetHints":{"allow":["GET"]}}],"collection":[{"href":"https:\/\/arma-yapi.com\/en\/wp-json\/wp\/v2\/product"}],"about":[{"href":"https:\/\/arma-yapi.com\/en\/wp-json\/wp\/v2\/types\/product"}],"replies":[{"embeddable":true,"href":"https:\/\/arma-yapi.com\/en\/wp-json\/wp\/v2\/comments?post=5375"}],"version-history":[{"count":2,"href":"https:\/\/arma-yapi.com\/en\/wp-json\/wp\/v2\/product\/5375\/revisions"}],"predecessor-version":[{"id":5378,"href":"https:\/\/arma-yapi.com\/en\/wp-json\/wp\/v2\/product\/5375\/revisions\/5378"}],"wp:featuredmedia":[{"embeddable":true,"href":"https:\/\/arma-yapi.com\/en\/wp-json\/wp\/v2\/media\/5376"}],"wp:attachment":[{"href":"https:\/\/arma-yapi.com\/en\/wp-json\/wp\/v2\/media?parent=5375"}],"wp:term":[{"taxonomy":"product_cat","embeddable":true,"href":"https:\/\/arma-yapi.com\/en\/wp-json\/wp\/v2\/product_cat?post=5375"},{"taxonomy":"product_tag","embeddable":true,"href":"https:\/\/arma-yapi.com\/en\/wp-json\/wp\/v2\/product_tag?post=5375"}],"curies":[{"name":"wp","href":"https:\/\/api.w.org\/{rel}","templated":true}]}}