{"id":4906,"date":"2025-07-14T08:22:10","date_gmt":"2025-07-14T08:22:10","guid":{"rendered":"https:\/\/arma-yapi.com\/?post_type=product&#038;p=4906"},"modified":"2026-04-08T13:49:41","modified_gmt":"2026-04-08T13:49:41","slug":"ezviz-a3-hub-ev-ag-gecidi","status":"publish","type":"product","link":"https:\/\/arma-yapi.com\/en\/product\/ezviz-a3-hub-ev-ag-gecidi\/","title":{"rendered":"Ezviz -A3 Hub (Ev A\u011f Ge\u00e7idi)"},"content":{"rendered":"<h1>EZVIZ A3 Hub \u2013 Ak\u0131ll\u0131 Evler \u0130\u00e7in Geli\u015fmi\u015f A\u011f Ge\u00e7idi<\/h1>\n<h2>Ak\u0131ll\u0131 Ev Sisteminizin Kalbi<\/h2>\n<p>EZVIZ A3 Ev A\u011f Ge\u00e7idi, <strong>ak\u0131ll\u0131 sens\u00f6r cihazlar\u0131n\u0131z\u0131<\/strong> bir araya getirerek evinizin g\u00fcvenlik sistemini tek bir noktadan kontrol etmenizi sa\u011flar. T1C PIR Sens\u00f6r\u00fc, T2C Kap\u0131\/Pencere Sens\u00f6r\u00fc ve T3C Ak\u0131ll\u0131 D\u00fc\u011fme ile tam uyumlu \u00e7al\u0131\u015fan A3, <strong>ba\u011fl\u0131 ve korunan bir ya\u015fam alan\u0131<\/strong> sunar.<\/p>\n<h2>Kolay Kurulum, Ak\u0131ll\u0131 Kontrol<\/h2>\n<ul>\n<li>EZVIZ Uygulamas\u0131 ile h\u0131zl\u0131 ve kolay kurulum<\/li>\n<li>Wi-Fi ve Ethernet ba\u011flant\u0131s\u0131 deste\u011fi<\/li>\n<li>20 farkl\u0131 uyar\u0131 sesi se\u00e7ene\u011fi<\/li>\n<li>An\u0131nda mobil bildirimler<\/li>\n<li>64 adede kadar EZVIZ cihaz\u0131yla ba\u011flant\u0131<\/li>\n<\/ul>\n<p><strong>Kablosuz ba\u011flant\u0131<\/strong> veya <strong>kablolu Ethernet<\/strong> ile A3\u2019\u00fc ev a\u011f\u0131n\u0131za entegre ederek ak\u0131ll\u0131 g\u00fcvenlik sisteminizi bir \u00fcst seviyeye ta\u015f\u0131y\u0131n. Kurulumu son derece basit, kullan\u0131m\u0131 da bir o kadar pratiktir.<\/p>\n<h2>Ev Aktivitelerini Takip Etmek Art\u0131k \u00c7ok Kolay<\/h2>\n<p>A3 Hub, <strong>tek dokunu\u015fla etkinle\u015ftirme\/devre d\u0131\u015f\u0131 b\u0131rakma<\/strong>, sens\u00f6r \u00fczerinden anl\u0131k uyar\u0131 alma ve ge\u00e7mi\u015f aktiviteleri inceleme gibi geli\u015fmi\u015f i\u015flevlerle donat\u0131lm\u0131\u015ft\u0131r. Sens\u00f6rlerinizdeki her hareketi EZVIZ uygulamas\u0131 \u00fczerinden diledi\u011finiz an takip edebilirsiniz.<\/p>\n<h2>Uyar\u0131 Sesinizi Ki\u015fiselle\u015ftirin<\/h2>\n<p>Klasik siren seslerinden s\u0131k\u0131ld\u0131ysan\u0131z A3&#8217;\u00fcn sundu\u011fu <strong>20 farkl\u0131 uyar\u0131 tonu<\/strong> ile evinizin atmosferine uygun bildirim seslerini se\u00e7ebilirsiniz:<\/p>\n<ul>\n<li>Piyano Tu\u015fu<\/li>\n<li>\u00c7an Sesi<\/li>\n<li>Lazer<\/li>\n<li>Esinti<\/li>\n<\/ul>\n<h2>Geni\u015fletilebilir Sistem Altyap\u0131s\u0131<\/h2>\n<p>A3 A\u011f Ge\u00e7idi, <strong>32 pilli cihaz<\/strong> veya <strong>64 kablolu cihaz<\/strong> olmak \u00fczere \u00e7ok say\u0131da EZVIZ \u00fcr\u00fcn\u00fcn\u00fc entegre edebilir. PIR sens\u00f6rler, a\u00e7\u0131lma sens\u00f6rleri ve ak\u0131ll\u0131 d\u00fc\u011fmelerin yan\u0131 s\u0131ra <strong>kamera sistemleriyle de uyumlu<\/strong> \u00e7al\u0131\u015f\u0131r.<\/p>\n<p>Bir hareket alg\u0131land\u0131\u011f\u0131nda, sistem ba\u011fl\u0131 EZVIZ kameralar\u0131n\u0131z\u0131 5 saniyelik otomatik kay\u0131t i\u00e7in tetikleyebilir. B\u00f6ylece hi\u00e7bir an\u0131 ka\u00e7\u0131rmazs\u0131n\u0131z.<\/p>\n<h2>Uyumlu Cihazlar<\/h2>\n<ul>\n<li><strong>T1C:<\/strong> PIR Hareket Sens\u00f6r\u00fc<\/li>\n<li><strong>T2C:<\/strong> A\u00e7\u0131k\/Kapal\u0131 Sens\u00f6r\u00fc<\/li>\n<li><strong>T3C:<\/strong> Ak\u0131ll\u0131 Buton<\/li>\n<li><strong>EZVIZ C6 Ak\u0131ll\u0131 Kamera:<\/strong> Otomatik izleme deste\u011fi (se\u00e7ili modellerde)<\/li>\n<\/ul>\n<h2>Minimal Tasar\u0131m, Maksimum Performans<\/h2>\n<p><strong>S\u00fcper k\u00fc\u00e7\u00fck boyutu<\/strong> sayesinde A3, evde diledi\u011finiz yere yerle\u015ftirilebilir: sehpa, raf, komodin ya da masa \u00fcst\u00fc. \u015e\u0131k ve sade tasar\u0131m\u0131 ile ya\u015fam alan\u0131n\u0131za kolayca uyum sa\u011flar.<\/p>","protected":false},"excerpt":{"rendered":"<p>EZVIZ A3 Ev A\u011f Ge\u00e7idi, <strong>ak\u0131ll\u0131 sens\u00f6r cihazlar\u0131n\u0131z\u0131<\/strong> bir araya getirerek evinizin g\u00fcvenlik sistemini tek bir noktadan kontrol etmenizi sa\u011flar. T1C PIR Sens\u00f6r\u00fc, T2C Kap\u0131\/Pencere Sens\u00f6r\u00fc ve T3C Ak\u0131ll\u0131 D\u00fc\u011fme ile tam uyumlu \u00e7al\u0131\u015fan A3, <strong>ba\u011fl\u0131 ve korunan bir ya\u015fam alan\u0131<\/strong> sunar.<\/p>","protected":false},"featured_media":4909,"comment_status":"open","ping_status":"closed","template":"","meta":{"rank_math_lock_modified_date":false},"product_cat":[1052],"product_tag":[1112,1118,1114,1064,1110,1111,1113,1116,1120,1119,1117,1115,1122,1121],"class_list":{"0":"post-4906","1":"product","2":"type-product","3":"status-publish","4":"has-post-thumbnail","6":"product_cat-ezviz","7":"product_tag-akilli-ev-ag-gecidi","8":"product_tag-akilli-ev-sistemi","9":"product_tag-akilli-sensor-sistemi","10":"product_tag-ev-guvenlik-sistemleri","11":"product_tag-ezviz-a3","12":"product_tag-ezviz-ag-gecidi","13":"product_tag-ezviz-hub","14":"product_tag-ezviz-t1c-t2c-t3c","15":"product_tag-ezviz-uygulamasi","16":"product_tag-hareket-sensoru-bildirim","17":"product_tag-kablosuz-ev-guvenligi","18":"product_tag-pir-sensor-ag-gecidi","19":"product_tag-sensorlu-kamera-tetikleme","20":"product_tag-uzaktan-sensor-kontrolu","22":"first","23":"instock","24":"taxable","25":"shipping-taxable","26":"purchasable","27":"product-type-simple"},"_links":{"self":[{"href":"https:\/\/arma-yapi.com\/en\/wp-json\/wp\/v2\/product\/4906","targetHints":{"allow":["GET"]}}],"collection":[{"href":"https:\/\/arma-yapi.com\/en\/wp-json\/wp\/v2\/product"}],"about":[{"href":"https:\/\/arma-yapi.com\/en\/wp-json\/wp\/v2\/types\/product"}],"replies":[{"embeddable":true,"href":"https:\/\/arma-yapi.com\/en\/wp-json\/wp\/v2\/comments?post=4906"}],"version-history":[{"count":3,"href":"https:\/\/arma-yapi.com\/en\/wp-json\/wp\/v2\/product\/4906\/revisions"}],"predecessor-version":[{"id":4913,"href":"https:\/\/arma-yapi.com\/en\/wp-json\/wp\/v2\/product\/4906\/revisions\/4913"}],"wp:featuredmedia":[{"embeddable":true,"href":"https:\/\/arma-yapi.com\/en\/wp-json\/wp\/v2\/media\/4909"}],"wp:attachment":[{"href":"https:\/\/arma-yapi.com\/en\/wp-json\/wp\/v2\/media?parent=4906"}],"wp:term":[{"taxonomy":"product_cat","embeddable":true,"href":"https:\/\/arma-yapi.com\/en\/wp-json\/wp\/v2\/product_cat?post=4906"},{"taxonomy":"product_tag","embeddable":true,"href":"https:\/\/arma-yapi.com\/en\/wp-json\/wp\/v2\/product_tag?post=4906"}],"curies":[{"name":"wp","href":"https:\/\/api.w.org\/{rel}","templated":true}]}}