{"id":4846,"date":"2025-07-07T05:36:53","date_gmt":"2025-07-07T05:36:53","guid":{"rendered":"https:\/\/arma-yapi.com\/?post_type=product&#038;p=4846"},"modified":"2026-03-09T05:26:18","modified_gmt":"2026-03-09T05:26:18","slug":"ezviz-dl50fvs-yuz-tanima-ozellikli-akilli-kapi-kilidi","status":"publish","type":"product","link":"https:\/\/arma-yapi.com\/en\/product\/ezviz-dl50fvs-yuz-tanima-ozellikli-akilli-kapi-kilidi\/","title":{"rendered":"EZV\u0130Z DL50FVS \u2013 Y\u00fcz Tan\u0131ma \u00d6zellikli Ak\u0131ll\u0131 Kap\u0131 Kilidi"},"content":{"rendered":"<h1>\u0130to Kilit-Ezviz DL50FVS \u2013 Y\u00fcz Tan\u0131ma \u00d6zellikli Ak\u0131ll\u0131 Kap\u0131 Kilidi<\/h1>\n<h2>Temass\u0131z ve Ak\u0131ll\u0131 Giri\u015f ile \u00dcst D\u00fczey G\u00fcvenlik<\/h2>\n<p>EZVIZ DL50FVS, <strong>3D y\u00fcz tan\u0131ma teknolojisi<\/strong>, <strong>ak\u0131ll\u0131 g\u00f6r\u00fcnt\u00fcl\u00fc kap\u0131 zili<\/strong> ve <strong>geli\u015fmi\u015f g\u00fcvenlik sistemleri<\/strong> ile donat\u0131lm\u0131\u015f, \u00e7ok i\u015flevli bir ak\u0131ll\u0131 kilit \u00e7\u00f6z\u00fcm\u00fcd\u00fcr. Ak\u0131ll\u0131 ev sistemlerinin gelece\u011fi olarak konumlanan bu cihaz, evinize g\u00fcvenli, temass\u0131z ve kolay eri\u015fim imk\u00e2n\u0131 sunar.<\/p>\n<h2>Y\u00fcz Tan\u0131ma ile Temass\u0131z Kilit A\u00e7ma<\/h2>\n<ul>\n<li>3D yap\u0131land\u0131r\u0131lm\u0131\u015f \u0131\u015f\u0131k teknolojisi<\/li>\n<li>1,5 saniyeden k\u0131sa s\u00fcrede y\u00fcz tan\u0131ma<\/li>\n<li>Foto\u011fraflara kar\u015f\u0131 korumal\u0131 yapay zek\u00e2 destekli algoritma<\/li>\n<li>1,2m\u20132m aras\u0131nda geni\u015f alg\u0131lama y\u00fcksekli\u011fi<\/li>\n<\/ul>\n<p>DL50FVS, EZVIZ\u2019in geli\u015ftirdi\u011fi y\u00fcksek performansl\u0131 y\u00fcz tan\u0131ma sistemiyle, yaln\u0131zca ger\u00e7ek insan y\u00fczlerini alg\u0131lar ve <strong>ki\u015fisel verilerinizi yerel olarak i\u015fleyerek korur<\/strong>. Anahtar, kart ya da \u015fifre ta\u015f\u0131man\u0131za gerek kalmadan kap\u0131n\u0131z\u0131 a\u00e7\u0131n.<\/p>\n<h2>Ak\u0131ll\u0131 Kap\u0131 G\u00f6zetleyici \u00d6zelli\u011fi<\/h2>\n<ul>\n<li>4\u201d IPS renkli ekran<\/li>\n<li>Canl\u0131 g\u00f6r\u00fcnt\u00fcleme ve iki y\u00f6nl\u00fc g\u00f6r\u00fc\u015fme<\/li>\n<li>Ultra geni\u015f a\u00e7\u0131l\u0131 kamera ve IR gece g\u00f6r\u00fc\u015f\u00fc<\/li>\n<\/ul>\n<p>Ziyaret\u00e7iler kap\u0131y\u0131 \u00e7almadan \u00f6nce bile g\u00f6rebilece\u011finiz <strong>ak\u0131ll\u0131 video g\u00f6zetim<\/strong> sistemi sayesinde d\u0131\u015far\u0131da kimin oldu\u011funu anl\u0131k olarak g\u00f6rebilir ve konu\u015fabilirsiniz.<\/p>\n<h2>Geli\u015fmi\u015f G\u00fcvenlik \u00d6zellikleri<\/h2>\n<ul>\n<li>Kurcalamaya kar\u015f\u0131 alarm<\/li>\n<li>Zorla giri\u015f alg\u0131lama ve siren<\/li>\n<li>Art arda 5 hatal\u0131 denemede otomatik kilitlenme<\/li>\n<li>Uzun ve g\u00f6zetlemeye kar\u015f\u0131 korumal\u0131 \u015fifre deste\u011fi<\/li>\n<\/ul>\n<p><strong>C s\u0131n\u0131f\u0131 kilit silindiri<\/strong> ile donat\u0131lm\u0131\u015f DL50FVS, evinizin g\u00fcvenli\u011fini fiziksel ve dijital olarak \u00fcst d\u00fczeye ta\u015f\u0131r. \u015eifrelerinizi gizleyerek girmenizi sa\u011flayan \u00f6zel kod sistemleri de sunar.<\/p>\n<h2>7\/24 \u0130zleme ve Bildirim Sistemi<\/h2>\n<ul>\n<li>Radar sens\u00f6r\u00fc ile insan varl\u0131\u011f\u0131 alg\u0131lama<\/li>\n<li>Gece IR g\u00f6r\u00fc\u015f (2 metreye kadar)<\/li>\n<li>Dahili 8 GB depolama<\/li>\n<li>EZVIZ Uygulamas\u0131 \u00fczerinden anl\u0131k bildirimler<\/li>\n<\/ul>\n<p>Kilit \u00f6n\u00fcndeki aktiviteleri anl\u0131k izleyebilir, ge\u00e7mi\u015f g\u00f6r\u00fcnt\u00fcleri EZVIZ uygulamas\u0131 \u00fczerinden kontrol edebilirsiniz. Ayr\u0131ca d\u00fc\u015f\u00fck pil uyar\u0131lar\u0131 da anl\u0131k olarak cep telefonunuza iletilir.<\/p>\n<h2>\u00c7e\u015fitli Kilit A\u00e7ma Se\u00e7enekleri<\/h2>\n<ul>\n<li>3D y\u00fcz tan\u0131ma<\/li>\n<li>Parmak izi<\/li>\n<li>\u015eifre<\/li>\n<li>Bluetooth anahtar<\/li>\n<li>Uygulama ile uzaktan kontrol<\/li>\n<li>Ge\u00e7ici ziyaret\u00e7i kodlar\u0131<\/li>\n<li>Yak\u0131nda: Sesli komut ile kilit a\u00e7ma<\/li>\n<li>Mekanik acil durum anahtar\u0131<\/li>\n<\/ul>\n<h2>Aile ve Ziyaret\u00e7ilere \u00d6zel Eri\u015fim Kontrol\u00fc<\/h2>\n<p>EZVIZ mobil uygulamas\u0131 \u00fczerinden <strong>aile \u00fcyeleri, arkada\u015flar, evcil hayvan bak\u0131c\u0131lar\u0131<\/strong> gibi ki\u015filere kal\u0131c\u0131 ya da ge\u00e7ici eri\u015fim tan\u0131mlayabilirsiniz. Her eri\u015fim ki\u015fiye \u00f6zel, g\u00fcvenli ve izlenebilir.<\/p>\n<h2>G\u00fc\u00e7l\u00fc Pil ve Acil Durum G\u00fc\u00e7 Deste\u011fi<\/h2>\n<ul>\n<li>5.000 mAh \u015farj edilebilir lityum pil<\/li>\n<li>4 aya kadar pil \u00f6mr\u00fc<\/li>\n<li>USB powerbank ile acil g\u00fc\u00e7 deste\u011fi<\/li>\n<\/ul>\n<h2>DL50FVS ile Ak\u0131ll\u0131 Ev G\u00fcvenli\u011fini En \u00dcst Seviyeye Ta\u015f\u0131y\u0131n<\/h2>\n<p>EZVIZ DL50FVS, sadece bir <strong>ak\u0131ll\u0131 kap\u0131 kilidi<\/strong> de\u011fil, ayn\u0131 zamanda evinizin g\u00fcvenlik sistemine entegre edilebilecek bir teknolojik asistand\u0131r. Modern tasar\u0131m\u0131, \u00e7ok y\u00f6nl\u00fc eri\u015fim se\u00e7enekleri, y\u00fcz tan\u0131ma teknolojisi ve uzaktan kontrol deste\u011fi ile <strong>g\u00fcvenli, konforlu ve temass\u0131z bir ya\u015fam alan\u0131<\/strong> sunar.<\/p>\n<p>&nbsp;<\/p>","protected":false},"excerpt":{"rendered":"<p data-start=\"72\" data-end=\"384\"><strong data-start=\"72\" data-end=\"101\">\u0130TO K\u0130L\u0130T \u2013 EZVIZ DL50FVS<\/strong>, sadece bir ak\u0131ll\u0131 kap\u0131 kilidi de\u011fil, ayn\u0131 zamanda evinizin g\u00fcvenlik sistemine entegre edilebilecek bir teknolojik asistand\u0131r. Modern tasar\u0131m\u0131, \u00e7ok y\u00f6nl\u00fc eri\u015fim se\u00e7enekleri, y\u00fcz tan\u0131ma teknolojisi ve uzaktan kontrol deste\u011fi ile g\u00fcvenli, konforlu ve temass\u0131z bir ya\u015fam alan\u0131 sunar.<\/p>\n<p data-start=\"386\" data-end=\"435\"><strong data-start=\"389\" data-end=\"433\">Servis hizmeti ayr\u0131ca sat\u0131n al\u0131nacakt\u0131r.<\/strong><\/p>","protected":false},"featured_media":5986,"comment_status":"open","ping_status":"closed","template":"","meta":{"rank_math_lock_modified_date":false},"product_cat":[1052,1054,1055],"product_tag":[],"class_list":{"0":"post-4846","1":"product","2":"type-product","3":"status-publish","4":"has-post-thumbnail","6":"product_cat-ezviz","7":"product_cat-akilli-kapi-goruntuleyicisi","8":"product_cat-akilli-kilitler","10":"first","11":"instock","12":"taxable","13":"shipping-taxable","14":"purchasable","15":"product-type-simple"},"_links":{"self":[{"href":"https:\/\/arma-yapi.com\/en\/wp-json\/wp\/v2\/product\/4846","targetHints":{"allow":["GET"]}}],"collection":[{"href":"https:\/\/arma-yapi.com\/en\/wp-json\/wp\/v2\/product"}],"about":[{"href":"https:\/\/arma-yapi.com\/en\/wp-json\/wp\/v2\/types\/product"}],"replies":[{"embeddable":true,"href":"https:\/\/arma-yapi.com\/en\/wp-json\/wp\/v2\/comments?post=4846"}],"version-history":[{"count":7,"href":"https:\/\/arma-yapi.com\/en\/wp-json\/wp\/v2\/product\/4846\/revisions"}],"predecessor-version":[{"id":6289,"href":"https:\/\/arma-yapi.com\/en\/wp-json\/wp\/v2\/product\/4846\/revisions\/6289"}],"wp:featuredmedia":[{"embeddable":true,"href":"https:\/\/arma-yapi.com\/en\/wp-json\/wp\/v2\/media\/5986"}],"wp:attachment":[{"href":"https:\/\/arma-yapi.com\/en\/wp-json\/wp\/v2\/media?parent=4846"}],"wp:term":[{"taxonomy":"product_cat","embeddable":true,"href":"https:\/\/arma-yapi.com\/en\/wp-json\/wp\/v2\/product_cat?post=4846"},{"taxonomy":"product_tag","embeddable":true,"href":"https:\/\/arma-yapi.com\/en\/wp-json\/wp\/v2\/product_tag?post=4846"}],"curies":[{"name":"wp","href":"https:\/\/api.w.org\/{rel}","templated":true}]}}