{"id":4826,"date":"2025-07-04T13:08:27","date_gmt":"2025-07-04T13:08:27","guid":{"rendered":"https:\/\/arma-yapi.com\/?post_type=product&#038;p=4826"},"modified":"2026-04-08T13:49:21","modified_gmt":"2026-04-08T13:49:21","slug":"ezviz-dl01-set","status":"publish","type":"product","link":"https:\/\/arma-yapi.com\/en\/product\/ezviz-dl01-set\/","title":{"rendered":"EZVIZ-DL01 SET"},"content":{"rendered":"<h2 data-start=\"212\" data-end=\"261\">EZVIZ DL01 PRO AKILLI K\u0130L\u0130T SET\u0130 \u2013 SET \u0130\u00c7ER\u0130\u011e\u0130<\/h2>\n<p data-start=\"263\" data-end=\"329\">Bu \u00fcr\u00fcn <strong data-start=\"271\" data-end=\"278\">SET<\/strong> olarak sat\u0131lmaktad\u0131r ve a\u015fa\u011f\u0131daki \u00fcr\u00fcnleri i\u00e7erir:<\/p>\n<ul data-start=\"331\" data-end=\"532\">\n<li data-start=\"331\" data-end=\"385\">\n<p data-start=\"333\" data-end=\"385\"><strong data-start=\"333\" data-end=\"362\">EZVIZ Smart Lock DL01 Pro<\/strong> \u2013 Ak\u0131ll\u0131 Kap\u0131 Kilidi<\/p>\n<\/li>\n<li data-start=\"386\" data-end=\"461\">\n<p data-start=\"388\" data-end=\"461\"><strong data-start=\"388\" data-end=\"416\">EZVIZ A3 Hub (A\u011f Ge\u00e7idi)<\/strong> \u2013 Uzaktan eri\u015fim ve ak\u0131ll\u0131 ev entegrasyonu<\/p>\n<\/li>\n<li data-start=\"462\" data-end=\"532\">\n<p data-start=\"464\" data-end=\"532\"><strong data-start=\"464\" data-end=\"480\">EZVIZ DL01CP<\/strong> \u2013 DL01 Pro i\u00e7in \u00c7ok Fonksiyonlu Ak\u0131ll\u0131 Tu\u015f Tak\u0131m\u0131<\/p>\n<\/li>\n<\/ul>\n<hr data-start=\"534\" data-end=\"537\" \/>\n<h2 data-start=\"539\" data-end=\"588\">EZVIZ Smart Lock DL01 Pro \u2013 Ak\u0131ll\u0131 Kap\u0131 Kilidi<\/h2>\n<p data-start=\"589\" data-end=\"970\">EZVIZ DL01 Pro, anahtars\u0131z ya\u015fam konforu sunan Bluetooth destekli ak\u0131ll\u0131 kap\u0131 kilididir. EZVIZ mobil uygulamas\u0131 \u00fczerinden kap\u0131n\u0131z\u0131 a\u00e7abilir, kullan\u0131c\u0131 y\u00f6netimi yapabilir ve eri\u015fimleri kontrol edebilirsiniz. Otomatik kilitleme, kap\u0131 a\u00e7\u0131k uyar\u0131s\u0131 ve gizlilik modu gibi \u00f6zelliklerle ev ve i\u015f yerleri i\u00e7in y\u00fcksek g\u00fcvenlik sa\u011flar. Delme veya vidalama gerektirmeden kolayca monte edilir.<\/p>\n<p data-start=\"972\" data-end=\"1089\"><strong data-start=\"972\" data-end=\"989\">\u00d6ne \u00e7\u0131kanlar:<\/strong><br data-start=\"989\" data-end=\"992\" \/>Bluetooth ak\u0131ll\u0131 kilit, mobil uygulama kontrol\u00fc, otomatik kilitleme, metal g\u00f6vde, modern tasar\u0131m.<\/p>\n<hr data-start=\"1091\" data-end=\"1094\" \/>\n<h2 data-start=\"1096\" data-end=\"1133\">EZVIZ A3 Hub \u2013 Ak\u0131ll\u0131 Ev A\u011f Ge\u00e7idi<\/h2>\n<p data-start=\"1134\" data-end=\"1456\">EZVIZ A3 Hub, DL01 Pro ak\u0131ll\u0131 kilidinizi internet \u00fczerinden <strong data-start=\"1194\" data-end=\"1226\">uzaktan kontrol edebilmenizi<\/strong> sa\u011flar. Wi-Fi veya Ethernet ba\u011flant\u0131s\u0131 ile \u00e7al\u0131\u015fan A3, anl\u0131k bildirimler, uzaktan eri\u015fim ve ak\u0131ll\u0131 ev senaryolar\u0131n\u0131 aktif hale getirir. Ayn\u0131 zamanda EZVIZ sens\u00f6r ve kameralarla uyumlu \u00e7al\u0131\u015farak sistemi geni\u015fletmenize imkan tan\u0131r.<\/p>\n<p data-start=\"1458\" data-end=\"1567\"><strong data-start=\"1458\" data-end=\"1475\">\u00d6ne \u00e7\u0131kanlar:<\/strong><br data-start=\"1475\" data-end=\"1478\" \/>Uzaktan eri\u015fim, anl\u0131k bildirim, EZVIZ uygulamas\u0131, Wi-Fi &amp; Ethernet, ak\u0131ll\u0131 ev uyumlulu\u011fu.<\/p>\n<hr data-start=\"1569\" data-end=\"1572\" \/>\n<h2 data-start=\"1574\" data-end=\"1618\">EZVIZ DL01CP \u2013 Ak\u0131ll\u0131 Tu\u015f Tak\u0131m\u0131 (Keypad)<\/h2>\n<p data-start=\"1619\" data-end=\"1930\">EZVIZ DL01CP, DL01 Pro i\u00e7in geli\u015ftirilen \u00e7ok fonksiyonlu ak\u0131ll\u0131 tu\u015f tak\u0131m\u0131d\u0131r. <strong data-start=\"1698\" data-end=\"1717\">\u015eifre ile giri\u015f<\/strong>, <strong data-start=\"1719\" data-end=\"1752\">proximity kart ile kilit a\u00e7ma<\/strong> ve <strong data-start=\"1756\" data-end=\"1779\">tek tu\u015fla kilitleme<\/strong> \u00f6zellikleri sunar. Dahili kap\u0131 zili, kurcalamaya kar\u015f\u0131 alarm ve hava ko\u015fullar\u0131na dayan\u0131kl\u0131 metalik yap\u0131s\u0131 sayesinde d\u0131\u015f mekan kullan\u0131m\u0131 i\u00e7in idealdir.<\/p>\n<p data-start=\"1932\" data-end=\"2042\"><strong data-start=\"1932\" data-end=\"1949\">\u00d6ne \u00e7\u0131kanlar:<\/strong><br data-start=\"1949\" data-end=\"1952\" \/>\u015eifreli giri\u015f, kartl\u0131 ge\u00e7i\u015f, dahili zil, kurcalama alarm\u0131, d\u0131\u015f mekana uygun metal tasar\u0131m.<\/p>\n<hr data-start=\"2044\" data-end=\"2047\" \/>\n<h2 data-start=\"2049\" data-end=\"2098\">Ak\u0131ll\u0131, G\u00fcvenli ve Geni\u015fletilebilir Bir Sistem<\/h2>\n<p data-start=\"2099\" data-end=\"2321\">EZVIZ DL01 Pro + A3 Hub + DL01CP seti; <strong data-start=\"2138\" data-end=\"2158\">anahtars\u0131z giri\u015f<\/strong>, <strong data-start=\"2160\" data-end=\"2179\">uzaktan kontrol<\/strong>, <strong data-start=\"2181\" data-end=\"2209\">\u015fifreli ve kartl\u0131 eri\u015fim<\/strong> gibi \u00f6zellikleri tek pakette sunar. Ev, ofis, Airbnb ve kiral\u0131k daireler i\u00e7in ideal bir ak\u0131ll\u0131 kilit \u00e7\u00f6z\u00fcm\u00fcd\u00fcr.<\/p>","protected":false},"excerpt":{"rendered":"<p>EZVIZ DL01 Pro ak\u0131ll\u0131 kilit; anahtars\u0131z giri\u015f, Bluetooth ile kontrol, otomatik kilitleme ve gizlilik moduyla g\u00fcvenli\u011finizi ve konforunuzu art\u0131r\u0131r. Kurulumu kolay, kullan\u0131m\u0131 zahmetsiz.<\/p>","protected":false},"featured_media":5995,"comment_status":"open","ping_status":"closed","template":"","meta":{"rank_math_lock_modified_date":false},"product_cat":[1052,1055],"product_tag":[1101,1083,1093,1097,1095,1109,1107,1099,1103,1094,1102,1104,1105,1096,1108,1100,1098,1106],"class_list":{"0":"post-4826","1":"product","2":"type-product","3":"status-publish","4":"has-post-thumbnail","6":"product_cat-ezviz","7":"product_cat-akilli-kilitler","8":"product_tag-acik-kapi-uyari-sistemi","9":"product_tag-akilli-ev-guvenlik-sistemleri","10":"product_tag-akilli-kapi-kilidi","11":"product_tag-anahtarsiz-giris-sistemi","12":"product_tag-bluetooth-kapi-kilidi","13":"product_tag-dayanikli-metal-kilit","14":"product_tag-dijital-anahtar-paylasimi","15":"product_tag-dijital-kapi-kilidi","16":"product_tag-diy-kapi-kilidi","17":"product_tag-ezviz-akilli-kilit","18":"product_tag-ezviz-dl01-pro","19":"product_tag-guvenli-akilli-ev-cozumleri","20":"product_tag-kisa-sureli-kiralik-ev-kilidi","21":"product_tag-mobil-uygulama-ile-kilit-acma","22":"product_tag-mobil-uyumlu-kapi-kilidi","23":"product_tag-otomatik-kilitleme","24":"product_tag-sifreli-akilli-kilit","25":"product_tag-uzaktan-kilit-kontrolu","27":"first","28":"instock","29":"taxable","30":"shipping-taxable","31":"purchasable","32":"product-type-simple"},"_links":{"self":[{"href":"https:\/\/arma-yapi.com\/en\/wp-json\/wp\/v2\/product\/4826","targetHints":{"allow":["GET"]}}],"collection":[{"href":"https:\/\/arma-yapi.com\/en\/wp-json\/wp\/v2\/product"}],"about":[{"href":"https:\/\/arma-yapi.com\/en\/wp-json\/wp\/v2\/types\/product"}],"replies":[{"embeddable":true,"href":"https:\/\/arma-yapi.com\/en\/wp-json\/wp\/v2\/comments?post=4826"}],"version-history":[{"count":4,"href":"https:\/\/arma-yapi.com\/en\/wp-json\/wp\/v2\/product\/4826\/revisions"}],"predecessor-version":[{"id":5996,"href":"https:\/\/arma-yapi.com\/en\/wp-json\/wp\/v2\/product\/4826\/revisions\/5996"}],"wp:featuredmedia":[{"embeddable":true,"href":"https:\/\/arma-yapi.com\/en\/wp-json\/wp\/v2\/media\/5995"}],"wp:attachment":[{"href":"https:\/\/arma-yapi.com\/en\/wp-json\/wp\/v2\/media?parent=4826"}],"wp:term":[{"taxonomy":"product_cat","embeddable":true,"href":"https:\/\/arma-yapi.com\/en\/wp-json\/wp\/v2\/product_cat?post=4826"},{"taxonomy":"product_tag","embeddable":true,"href":"https:\/\/arma-yapi.com\/en\/wp-json\/wp\/v2\/product_tag?post=4826"}],"curies":[{"name":"wp","href":"https:\/\/api.w.org\/{rel}","templated":true}]}}