{"id":4804,"date":"2025-07-04T09:59:18","date_gmt":"2025-07-04T09:59:18","guid":{"rendered":"https:\/\/arma-yapi.com\/?post_type=product&#038;p=4804"},"modified":"2026-01-06T08:01:49","modified_gmt":"2026-01-06T08:01:49","slug":"ezviz-hp2-kablosuz-goruntulu-diafon-2","status":"publish","type":"product","link":"https:\/\/arma-yapi.com\/en\/product\/ezviz-hp2-kablosuz-goruntulu-diafon-2\/","title":{"rendered":"Ezviz \u2013 HP2 Kablosuz G\u00f6r\u00fcnt\u00fcl\u00fc Diafon &#8211; S\u0130LVER"},"content":{"rendered":"<h1>Ezviz HP2 Ak\u0131ll\u0131 Kap\u0131 G\u00f6zetleme Kameras\u0131 | Kap\u0131 G\u00fcvenli\u011finde Yeni Nesil \u00c7\u00f6z\u00fcm<\/h1>\n<p><strong>Ezviz HP2<\/strong>, geleneksel g\u00f6zetleme deli\u011fi kameras\u0131n\u0131n modern teknolojiyle birle\u015fmi\u015f halidir. Kap\u0131n\u0131za zarar vermeden kolayca monte edilen bu ak\u0131ll\u0131\u00a0<strong>kap\u0131 kameras\u0131<\/strong>, 4,3 in\u00e7 i\u00e7 mekan ekran\u0131 ve\u00a0<strong>1080p \u00e7\u00f6z\u00fcn\u00fcrl\u00fc\u011f\u00fc<\/strong>\u00a0ile ziyaret\u00e7ilerinizi uzaktan izlemenizi sa\u011flar.\u00a0<strong>G\u00fcvenlik kameras\u0131<\/strong>\u00a0teknolojisini zarif tasar\u0131mla bulu\u015fturan Ezviz HP2, evinizin giri\u015fini daha g\u00fcvenli ve ak\u0131ll\u0131 hale getirir.<\/p>\n<h2>Her Yerden Canl\u0131 G\u00f6r\u00fcnt\u00fcleme ile G\u00fcvenli\u011finizi Art\u0131r\u0131n<\/h2>\n<p>Art\u0131k kap\u0131 deli\u011fine e\u011filmenize gerek yok. Ezviz HP2\u2019nin\u00a0<strong>geli\u015fmi\u015f g\u00f6zetleme kameras\u0131<\/strong>\u00a0sayesinde\u00a0<strong>canl\u0131 g\u00f6r\u00fcnt\u00fcleri<\/strong>\u00a0ak\u0131ll\u0131 telefonunuzdan izleyebilir, kimseyi ka\u00e7\u0131rmazs\u0131n\u0131z.\u00a0<strong>146\u00b0 geni\u015f a\u00e7\u0131l\u0131 lens<\/strong>\u00a0sayesinde, sadece ki\u015finin y\u00fcz\u00fcn\u00fc de\u011fil, elindeki paketi bile net bir \u015fekilde g\u00f6rebilirsiniz.<\/p>\n<ul>\n<li><strong>1080p HD \u00e7\u00f6z\u00fcn\u00fcrl\u00fck<\/strong>\u00a0ile net g\u00f6r\u00fcnt\u00fc<\/li>\n<li><strong>146\u00b0 geni\u015f a\u00e7\u0131l\u0131 g\u00f6r\u00fc\u015f<\/strong>\u00a0ile maksimum g\u00f6r\u00fcn\u00fcrl\u00fck<\/li>\n<li><strong>F1.6 geni\u015f diyafram<\/strong>\u00a0ile d\u00fc\u015f\u00fck \u0131\u015f\u0131kta bile y\u00fcksek performans<\/li>\n<\/ul>\n<h2>Kolay Kurulum, \u015e\u0131k Tasar\u0131m<\/h2>\n<p><strong>Ak\u0131ll\u0131 kap\u0131 g\u00f6zetleme sistemi<\/strong>\u00a0HP2,\u00a0<strong>karma\u015f\u0131k kablolama gerektirmeden<\/strong>\u00a0kolayca monte edilebilir. 14-26 mm \u00e7ap\u0131ndaki g\u00f6zetleme deliklerine uyum sa\u011flar ve 35-105 mm kal\u0131nl\u0131\u011f\u0131ndaki kap\u0131larla tamamen uyumludur.<\/p>\n<p>\u0130ki farkl\u0131 renk se\u00e7ene\u011fi sunan HP2, kap\u0131n\u0131z\u0131n esteti\u011fini bozmaz. Ayr\u0131ca d\u0131\u015far\u0131dan i\u00e7eriyi g\u00f6rmeyi engelleyen tasar\u0131m\u0131 ile\u00a0<strong>mahremiyetinizi korur<\/strong>.<\/p>\n<h2>Geli\u015fmi\u015f Pil Performans\u0131<\/h2>\n<p><strong>2.200 mAh \u015farj edilebilir lityum pil<\/strong>\u00a0ile donat\u0131lm\u0131\u015f Ezviz HP2, uzun s\u00fcreli kullan\u0131m sunar. S\u0131k s\u0131k \u015farj etmenize gerek kalmadan\u00a0<strong>kap\u0131 g\u00fcvenli\u011finizi 7\/24 sa\u011flayabilirsiniz<\/strong>.<\/p>\n<h2>4,3 \u0130n\u00e7 Renkli Ekran ile Ziyaret\u00e7ileri Net G\u00f6r\u00fcn<\/h2>\n<p>Kap\u0131n\u0131z\u0131n i\u00e7 k\u0131sm\u0131na monte edilen\u00a0<strong>4,3 in\u00e7 renkli ekran<\/strong>, kimin kap\u0131n\u0131z\u0131 \u00e7ald\u0131\u011f\u0131n\u0131 net bir \u015fekilde g\u00f6rmenizi sa\u011flar. B\u00f6ylece yabanc\u0131larla temas\u0131 minimuma indirirsiniz.<\/p>\n<h2>Ezviz HP2 \u00d6zellikleri<\/h2>\n<ul>\n<li><strong>\u00c7\u00f6z\u00fcn\u00fcrl\u00fck:<\/strong>\u00a01080p Full HD<\/li>\n<li><strong>G\u00f6r\u00fc\u015f A\u00e7\u0131s\u0131:<\/strong>\u00a0146\u00b0 Geni\u015f A\u00e7\u0131<\/li>\n<li><strong>Ekran:<\/strong>\u00a04,3 in\u00e7 renkli i\u00e7 ekran<\/li>\n<li><strong>Batarya:<\/strong>\u00a02.200 mAh \u015farj edilebilir lityum pil<\/li>\n<li><strong>Wi-Fi:<\/strong>\u00a02.4GHz destekli<\/li>\n<li><strong>Kurulum:<\/strong>\u00a0Kolay montaj, kablosuz kullan\u0131m<\/li>\n<li><strong>Uyumluluk:<\/strong>\u00a014-26 mm delik \u00e7ap\u0131, 35-105 mm kap\u0131 kal\u0131nl\u0131\u011f\u0131<\/li>\n<\/ul>\n<h2>Neden Ezviz HP2 Tercih Etmelisiniz?<\/h2>\n<p>Ezviz HP2,\u00a0<strong>ev g\u00fcvenlik sistemleri<\/strong>\u00a0i\u00e7inde \u00f6n kap\u0131lar i\u00e7in ideal \u00e7\u00f6z\u00fcmd\u00fcr.\u00a0<strong>Kap\u0131 kameras\u0131<\/strong>,\u00a0<strong>ak\u0131ll\u0131 g\u00f6r\u00fcnt\u00fcleyici<\/strong>\u00a0ve\u00a0<strong>kap\u0131 g\u00fcvenlik monit\u00f6r\u00fc<\/strong>\u00a0olarak \u00fc\u00e7 \u00f6zelli\u011fi bir arada sunar.\u00a0<strong>Ev g\u00fcvenli\u011fi<\/strong>\u00a0konusunda fark yaratmak isteyenler i\u00e7in ideal bir \u00fcr\u00fcnd\u00fcr.<\/p>","protected":false},"excerpt":{"rendered":"<p>Ezviz HP2, 1080p \u00e7\u00f6z\u00fcn\u00fcrl\u00fck, 4.3\u2033 renkli i\u00e7 ekran ve 146\u00b0 geni\u015f a\u00e7\u0131yla \u00f6n kap\u0131n\u0131z i\u00e7in ak\u0131ll\u0131 bir g\u00f6zetleme kameras\u0131d\u0131r. Kolay kurulum, \u015f\u0131k tasar\u0131m ve Wi-Fi deste\u011fiyle kap\u0131 g\u00fcvenli\u011finde yeni bir \u00e7a\u011f ba\u015flat\u0131yor.<\/p>","protected":false},"featured_media":4771,"comment_status":"open","ping_status":"closed","template":"","meta":{"rank_math_lock_modified_date":false},"product_cat":[1052,1054],"product_tag":[],"class_list":{"0":"post-4804","1":"product","2":"type-product","3":"status-publish","4":"has-post-thumbnail","6":"product_cat-ezviz","7":"product_cat-akilli-kapi-goruntuleyicisi","9":"first","10":"outofstock","11":"taxable","12":"shipping-taxable","13":"product-type-simple"},"_links":{"self":[{"href":"https:\/\/arma-yapi.com\/en\/wp-json\/wp\/v2\/product\/4804","targetHints":{"allow":["GET"]}}],"collection":[{"href":"https:\/\/arma-yapi.com\/en\/wp-json\/wp\/v2\/product"}],"about":[{"href":"https:\/\/arma-yapi.com\/en\/wp-json\/wp\/v2\/types\/product"}],"replies":[{"embeddable":true,"href":"https:\/\/arma-yapi.com\/en\/wp-json\/wp\/v2\/comments?post=4804"}],"version-history":[{"count":5,"href":"https:\/\/arma-yapi.com\/en\/wp-json\/wp\/v2\/product\/4804\/revisions"}],"predecessor-version":[{"id":5014,"href":"https:\/\/arma-yapi.com\/en\/wp-json\/wp\/v2\/product\/4804\/revisions\/5014"}],"wp:featuredmedia":[{"embeddable":true,"href":"https:\/\/arma-yapi.com\/en\/wp-json\/wp\/v2\/media\/4771"}],"wp:attachment":[{"href":"https:\/\/arma-yapi.com\/en\/wp-json\/wp\/v2\/media?parent=4804"}],"wp:term":[{"taxonomy":"product_cat","embeddable":true,"href":"https:\/\/arma-yapi.com\/en\/wp-json\/wp\/v2\/product_cat?post=4804"},{"taxonomy":"product_tag","embeddable":true,"href":"https:\/\/arma-yapi.com\/en\/wp-json\/wp\/v2\/product_tag?post=4804"}],"curies":[{"name":"wp","href":"https:\/\/api.w.org\/{rel}","templated":true}]}}