{"id":3238,"date":"2024-10-11T06:52:54","date_gmt":"2024-10-11T06:52:54","guid":{"rendered":"https:\/\/arma-yapi.com\/?post_type=product&#038;p=3238"},"modified":"2025-04-24T07:00:53","modified_gmt":"2025-04-24T07:00:53","slug":"pasaa2-fotoselli-radar","status":"publish","type":"product","link":"https:\/\/arma-yapi.com\/en\/product\/pasaa2-fotoselli-radar\/","title":{"rendered":"PASAA2 PHOTOCELL RADAR"},"content":{"rendered":"<p>Door opening and safety detection sensor and human detection sensor for sliding doors, 12\u00f724 V \u2013 IP 44 (compliant with EN 16005 standard)<\/p>","protected":false},"excerpt":{"rendered":"<p>Kayar kap\u0131lar i\u00e7in kap\u0131 a\u00e7ma ve g\u00fcvenlik alg\u0131lama sens\u00f6r\u00fc ve insan alg\u0131lama sens\u00f6r\u00fc, 12\u00f724 V &#8211; IP 44 (EN 16005<\/p>","protected":false},"featured_media":3239,"comment_status":"open","ping_status":"closed","template":"","meta":{"rank_math_lock_modified_date":false},"product_cat":[334],"product_tag":[],"class_list":{"0":"post-3238","1":"product","2":"type-product","3":"status-publish","4":"has-post-thumbnail","6":"product_cat-otomatik-kapi-sistemleri","8":"first","9":"instock","10":"taxable","11":"shipping-taxable","12":"purchasable","13":"product-type-simple"},"_links":{"self":[{"href":"https:\/\/arma-yapi.com\/en\/wp-json\/wp\/v2\/product\/3238","targetHints":{"allow":["GET"]}}],"collection":[{"href":"https:\/\/arma-yapi.com\/en\/wp-json\/wp\/v2\/product"}],"about":[{"href":"https:\/\/arma-yapi.com\/en\/wp-json\/wp\/v2\/types\/product"}],"replies":[{"embeddable":true,"href":"https:\/\/arma-yapi.com\/en\/wp-json\/wp\/v2\/comments?post=3238"}],"version-history":[{"count":1,"href":"https:\/\/arma-yapi.com\/en\/wp-json\/wp\/v2\/product\/3238\/revisions"}],"predecessor-version":[{"id":3240,"href":"https:\/\/arma-yapi.com\/en\/wp-json\/wp\/v2\/product\/3238\/revisions\/3240"}],"wp:featuredmedia":[{"embeddable":true,"href":"https:\/\/arma-yapi.com\/en\/wp-json\/wp\/v2\/media\/3239"}],"wp:attachment":[{"href":"https:\/\/arma-yapi.com\/en\/wp-json\/wp\/v2\/media?parent=3238"}],"wp:term":[{"taxonomy":"product_cat","embeddable":true,"href":"https:\/\/arma-yapi.com\/en\/wp-json\/wp\/v2\/product_cat?post=3238"},{"taxonomy":"product_tag","embeddable":true,"href":"https:\/\/arma-yapi.com\/en\/wp-json\/wp\/v2\/product_tag?post=3238"}],"curies":[{"name":"wp","href":"https:\/\/api.w.org\/{rel}","templated":true}]}}