{"id":3234,"date":"2024-10-09T14:01:25","date_gmt":"2024-10-09T14:01:25","guid":{"rendered":"https:\/\/arma-yapi.com\/?post_type=product&#038;p=3234"},"modified":"2025-04-24T06:58:32","modified_gmt":"2025-04-24T06:58:32","slug":"dits35l","status":"publish","type":"product","link":"https:\/\/arma-yapi.com\/en\/product\/dits35l\/","title":{"rendered":"DITS35L"},"content":{"rendered":"<p>Set up the TS35AC for a double-wing gate up to 7 m wide (3.5 m +3.5 m). Contents: 2 telescopic operators 230 Vac (1 left + 1 right) + 1 LCA70 control panel with built-in radio receiver 433 MHz + 1 pair of LIN2 photocells + 2 rolling code remote controls 2 channels (1 x ZEN2 + 1 x ZEN2W) + 1 FLM flashing light complete with antenna and 5 m long coaxial cable<\/p>","protected":false},"excerpt":{"rendered":"<p>TS35AC&#8217;yi 7 m geni\u015fli\u011fe (3,5 m +3,5 m) kadar \u00e7ift kanatl\u0131 kap\u0131 i\u00e7in ayarlay\u0131n. \u0130\u00e7erik: 2 teleskopik operat\u00f6r 230 Vac<\/p>","protected":false},"featured_media":3236,"comment_status":"open","ping_status":"closed","template":"","meta":{"rank_math_lock_modified_date":false},"product_cat":[334,337],"product_tag":[],"class_list":{"0":"post-3234","1":"product","2":"type-product","3":"status-publish","4":"has-post-thumbnail","6":"product_cat-otomatik-kapi-sistemleri","7":"product_cat-bahce-kapisi-motorlari","9":"first","10":"instock","11":"taxable","12":"shipping-taxable","13":"purchasable","14":"product-type-simple"},"_links":{"self":[{"href":"https:\/\/arma-yapi.com\/en\/wp-json\/wp\/v2\/product\/3234","targetHints":{"allow":["GET"]}}],"collection":[{"href":"https:\/\/arma-yapi.com\/en\/wp-json\/wp\/v2\/product"}],"about":[{"href":"https:\/\/arma-yapi.com\/en\/wp-json\/wp\/v2\/types\/product"}],"replies":[{"embeddable":true,"href":"https:\/\/arma-yapi.com\/en\/wp-json\/wp\/v2\/comments?post=3234"}],"version-history":[{"count":2,"href":"https:\/\/arma-yapi.com\/en\/wp-json\/wp\/v2\/product\/3234\/revisions"}],"predecessor-version":[{"id":3256,"href":"https:\/\/arma-yapi.com\/en\/wp-json\/wp\/v2\/product\/3234\/revisions\/3256"}],"wp:featuredmedia":[{"embeddable":true,"href":"https:\/\/arma-yapi.com\/en\/wp-json\/wp\/v2\/media\/3236"}],"wp:attachment":[{"href":"https:\/\/arma-yapi.com\/en\/wp-json\/wp\/v2\/media?parent=3234"}],"wp:term":[{"taxonomy":"product_cat","embeddable":true,"href":"https:\/\/arma-yapi.com\/en\/wp-json\/wp\/v2\/product_cat?post=3234"},{"taxonomy":"product_tag","embeddable":true,"href":"https:\/\/arma-yapi.com\/en\/wp-json\/wp\/v2\/product_tag?post=3234"}],"curies":[{"name":"wp","href":"https:\/\/api.w.org\/{rel}","templated":true}]}}