{"id":3231,"date":"2024-10-09T13:24:24","date_gmt":"2024-10-09T13:24:24","guid":{"rendered":"https:\/\/arma-yapi.com\/?post_type=product&#038;p=3231"},"modified":"2025-04-24T06:59:20","modified_gmt":"2025-04-24T06:59:20","slug":"facil-dairesel-bahce-motoru","status":"publish","type":"product","link":"https:\/\/arma-yapi.com\/en\/product\/facil-dairesel-bahce-motoru\/","title":{"rendered":"FACIL-CIRCULAR GARDEN ENGINE"},"content":{"rendered":"<p>90 DEGREE GARDEN ENGINE KIT<\/p>\n<p>2 CONTROLS<\/p>\n<p>1 PIECE SAFETY SENSOR<\/p>\n<p>1 CONTROL CARD LCUH30<\/p>\n<p>&nbsp;<\/p>","protected":false},"excerpt":{"rendered":"<p>90 DERECE BAH\u00c7E MOTORU K\u0130T\u0130 2 KUMANDA 1 ADET EMN\u0130YET SENS\u00d6R\u00dc 1 ADET KONTROL KARTI LCUH30 &nbsp;<\/p>","protected":false},"featured_media":3232,"comment_status":"open","ping_status":"closed","template":"","meta":{"rank_math_lock_modified_date":false},"product_cat":[334,337,24],"product_tag":[],"class_list":{"0":"post-3231","1":"product","2":"type-product","3":"status-publish","4":"has-post-thumbnail","6":"product_cat-otomatik-kapi-sistemleri","7":"product_cat-bahce-kapisi-motorlari","8":"product_cat-uncategorized","10":"first","11":"instock","12":"taxable","13":"shipping-taxable","14":"purchasable","15":"product-type-simple"},"_links":{"self":[{"href":"https:\/\/arma-yapi.com\/en\/wp-json\/wp\/v2\/product\/3231","targetHints":{"allow":["GET"]}}],"collection":[{"href":"https:\/\/arma-yapi.com\/en\/wp-json\/wp\/v2\/product"}],"about":[{"href":"https:\/\/arma-yapi.com\/en\/wp-json\/wp\/v2\/types\/product"}],"replies":[{"embeddable":true,"href":"https:\/\/arma-yapi.com\/en\/wp-json\/wp\/v2\/comments?post=3231"}],"version-history":[{"count":1,"href":"https:\/\/arma-yapi.com\/en\/wp-json\/wp\/v2\/product\/3231\/revisions"}],"predecessor-version":[{"id":3233,"href":"https:\/\/arma-yapi.com\/en\/wp-json\/wp\/v2\/product\/3231\/revisions\/3233"}],"wp:featuredmedia":[{"embeddable":true,"href":"https:\/\/arma-yapi.com\/en\/wp-json\/wp\/v2\/media\/3232"}],"wp:attachment":[{"href":"https:\/\/arma-yapi.com\/en\/wp-json\/wp\/v2\/media?parent=3231"}],"wp:term":[{"taxonomy":"product_cat","embeddable":true,"href":"https:\/\/arma-yapi.com\/en\/wp-json\/wp\/v2\/product_cat?post=3231"},{"taxonomy":"product_tag","embeddable":true,"href":"https:\/\/arma-yapi.com\/en\/wp-json\/wp\/v2\/product_tag?post=3231"}],"curies":[{"name":"wp","href":"https:\/\/api.w.org\/{rel}","templated":true}]}}