{"id":3087,"date":"2024-10-08T08:17:06","date_gmt":"2024-10-08T08:17:06","guid":{"rendered":"https:\/\/arma-yapi.com\/?post_type=product&#038;p=3087"},"modified":"2026-03-11T05:21:20","modified_gmt":"2026-03-11T05:21:20","slug":"roto-rotoline-aluminyum-sistem-pencere-kolu","status":"publish","type":"product","link":"https:\/\/arma-yapi.com\/en\/product\/roto-rotoline-aluminyum-sistem-pencere-kolu\/","title":{"rendered":"Roto Rotoline Aluminum System Window Handle"},"content":{"rendered":"<h3 class=\"\" data-start=\"141\" data-end=\"192\"><strong data-start=\"145\" data-end=\"192\">Roto Rotoline Aluminum System Window Handle<\/strong><\/h3>\n<p class=\"\" data-start=\"194\" data-end=\"494\"><strong data-start=\"194\" data-end=\"215\">Roto pencere kolu<\/strong> denince akla gelen kalite ve dayan\u0131kl\u0131l\u0131\u011f\u0131 temsil eden <strong data-start=\"271\" data-end=\"288\">Roto Rotoline<\/strong>, al\u00fcminyum sistem pencereler i\u00e7in \u00f6zel olarak tasarlanm\u0131\u015f \u015f\u0131k ve fonksiyonel bir \u00e7\u00f6z\u00fcmd\u00fcr. Ergonomik yap\u0131s\u0131 ve sa\u011flam mekanizmas\u0131 sayesinde hem konforlu kullan\u0131m sunar hem de uzun \u00f6m\u00fcrl\u00fc performans sa\u011flar.<\/p>\n<p class=\"\" data-start=\"496\" data-end=\"783\">Bu \u00f6zel <strong data-start=\"504\" data-end=\"516\">Roto kol<\/strong>, modern mimari uygulamalara uygun formu ve p\u00fcr\u00fczs\u00fcz \u00e7al\u0131\u015fmas\u0131 ile \u00f6ne \u00e7\u0131kar. Al\u00fcminyum do\u011frama sistemlerine tam uyumludur ve hem konut hem de ticari projelerde g\u00fcvenle kullan\u0131labilir. Farkl\u0131 renk ve fonksiyon se\u00e7enekleri ile estetik a\u00e7\u0131dan da tercihinize hitap eder.<\/p>\n<p class=\"\" data-start=\"785\" data-end=\"1007\"><strong data-start=\"785\" data-end=\"806\">Roto pencere kolu<\/strong> se\u00e7enekleri aras\u0131nda yer alan <strong data-start=\"837\" data-end=\"856\">Rotoline serisi<\/strong>, kullan\u0131c\u0131 g\u00fcvenli\u011fini art\u0131rmak i\u00e7in kilitli versiyonlar\u0131yla da sunulmaktad\u0131r. Estetik, g\u00fcvenlik ve kaliteyi bir arada arayanlar i\u00e7in ideal tercihtir.<\/p>\n<p class=\"\" data-start=\"1009\" data-end=\"1034\"><strong data-start=\"1009\" data-end=\"1034\">\u00d6ne \u00c7\u0131kan \u00d6zellikler:<\/strong><\/p>\n<ul data-start=\"1035\" data-end=\"1210\">\n<li class=\"\" data-start=\"1035\" data-end=\"1072\">\n<p class=\"\" data-start=\"1037\" data-end=\"1072\">Al\u00fcminyum sistemlere \u00f6zel tasar\u0131m<\/p>\n<\/li>\n<li class=\"\" data-start=\"1073\" data-end=\"1102\">\n<p class=\"\" data-start=\"1075\" data-end=\"1102\">Ergonomik ve estetik yap\u0131<\/p>\n<\/li>\n<li class=\"\" data-start=\"1103\" data-end=\"1144\">\n<p class=\"\" data-start=\"1105\" data-end=\"1144\">Kilitli ve kilitsiz model se\u00e7enekleri<\/p>\n<\/li>\n<li class=\"\" data-start=\"1145\" data-end=\"1175\">\n<p class=\"\" data-start=\"1147\" data-end=\"1175\">Dayan\u0131kl\u0131 Roto mekanizmas\u0131<\/p>\n<\/li>\n<li class=\"\" data-start=\"1176\" data-end=\"1210\">\n<p class=\"\" data-start=\"1178\" data-end=\"1210\">Uzun \u00f6m\u00fcrl\u00fc, y\u00fcksek performans<\/p>\n<\/li>\n<\/ul>","protected":false},"excerpt":{"rendered":"<p>Roto Rotoline Al\u00fcminyum Sistem Pencere Kolu Roto pencere kolu denince akla gelen kalite ve dayan\u0131kl\u0131l\u0131\u011f\u0131 temsil eden Roto Rotoline, al\u00fcminyum<\/p>","protected":false},"featured_media":4115,"comment_status":"open","ping_status":"closed","template":"","meta":{"rank_math_lock_modified_date":false},"product_cat":[310,305],"product_tag":[579,583,588,578,589,590,581,577,591,586,507,508,587],"class_list":{"0":"post-3087","1":"product","2":"type-product","3":"status-publish","4":"has-post-thumbnail","6":"product_cat-pencere-kapi-sistemleri","7":"product_cat-pencere-ve-kapi-kollari","8":"product_tag-aluminyum-pencere-kolu","9":"product_tag-aluminyum-sistem-pencere-kolu","10":"product_tag-ergonomik-pencere-kolu","11":"product_tag-kilitli-pencere-kolu","12":"product_tag-modern-pencere-kolu","13":"product_tag-pencere-kolu-fiyatlari","14":"product_tag-pencere-kolu-roto","15":"product_tag-roto-kol","16":"product_tag-roto-kol-modelleri","17":"product_tag-roto-pencere-aksesuarlari","18":"product_tag-roto-pencere-kolu","19":"product_tag-roto-rotoline","20":"product_tag-roto-rotoline-pencere-kolu","22":"first","23":"instock","24":"taxable","25":"shipping-taxable","26":"purchasable","27":"product-type-simple"},"_links":{"self":[{"href":"https:\/\/arma-yapi.com\/en\/wp-json\/wp\/v2\/product\/3087","targetHints":{"allow":["GET"]}}],"collection":[{"href":"https:\/\/arma-yapi.com\/en\/wp-json\/wp\/v2\/product"}],"about":[{"href":"https:\/\/arma-yapi.com\/en\/wp-json\/wp\/v2\/types\/product"}],"replies":[{"embeddable":true,"href":"https:\/\/arma-yapi.com\/en\/wp-json\/wp\/v2\/comments?post=3087"}],"version-history":[{"count":4,"href":"https:\/\/arma-yapi.com\/en\/wp-json\/wp\/v2\/product\/3087\/revisions"}],"predecessor-version":[{"id":4101,"href":"https:\/\/arma-yapi.com\/en\/wp-json\/wp\/v2\/product\/3087\/revisions\/4101"}],"wp:featuredmedia":[{"embeddable":true,"href":"https:\/\/arma-yapi.com\/en\/wp-json\/wp\/v2\/media\/4115"}],"wp:attachment":[{"href":"https:\/\/arma-yapi.com\/en\/wp-json\/wp\/v2\/media?parent=3087"}],"wp:term":[{"taxonomy":"product_cat","embeddable":true,"href":"https:\/\/arma-yapi.com\/en\/wp-json\/wp\/v2\/product_cat?post=3087"},{"taxonomy":"product_tag","embeddable":true,"href":"https:\/\/arma-yapi.com\/en\/wp-json\/wp\/v2\/product_tag?post=3087"}],"curies":[{"name":"wp","href":"https:\/\/api.w.org\/{rel}","templated":true}]}}