{"id":3073,"date":"2024-10-08T08:13:33","date_gmt":"2024-10-08T08:13:33","guid":{"rendered":"https:\/\/arma-yapi.com\/?post_type=product&#038;p=3073"},"modified":"2026-03-11T05:29:12","modified_gmt":"2026-03-11T05:29:12","slug":"roto-rtl-kilitli-pencere-kolu-43mm","status":"publish","type":"product","link":"https:\/\/arma-yapi.com\/en\/product\/roto-rtl-kilitli-pencere-kolu-43mm\/","title":{"rendered":"Roto RTL Locking Window Handle 43mm"},"content":{"rendered":"<h3 class=\"\" data-start=\"89\" data-end=\"131\"><strong data-start=\"93\" data-end=\"131\">Roto RTL Locking Window Handle 43mm<\/strong><\/h3>\n<p class=\"\" data-start=\"133\" data-end=\"448\"><strong data-start=\"133\" data-end=\"171\">Roto RTL kilitli pencere kolu 43mm<\/strong>, g\u00fcvenlik ve kullan\u0131m kolayl\u0131\u011f\u0131n\u0131 bir araya getiren <strong data-start=\"224\" data-end=\"236\">Roto kol<\/strong> serisinin en g\u00fcvenilir modellerinden biridir. <strong data-start=\"283\" data-end=\"305\">43 mm mil uzunlu\u011fu<\/strong> ile uyumlu olan bu <strong data-start=\"325\" data-end=\"346\">Roto pencere kolu<\/strong>, <strong data-start=\"348\" data-end=\"369\">kilitli mekanizma<\/strong> \u00f6zelli\u011fi sayesinde pencerenizi d\u0131\u015far\u0131dan a\u00e7\u0131lmaya kar\u015f\u0131 g\u00fcvenli hale getirir.<\/p>\n<p class=\"\" data-start=\"450\" data-end=\"739\">Geli\u015fmi\u015f <strong data-start=\"459\" data-end=\"488\">Roto g\u00fcvenlik teknolojisi<\/strong> ile tasarlanm\u0131\u015f olan bu pencere kolu, \u00f6zellikle h\u0131rs\u0131zl\u0131\u011fa kar\u015f\u0131 ekstra g\u00fcvenlik sa\u011flamak isteyen kullan\u0131c\u0131lar i\u00e7in idealdir. <strong data-start=\"615\" data-end=\"648\">Roto RTL kilitli pencere kolu<\/strong>, al\u00fcminyum ve PVC pencere sistemleriyle uyumludur ve uzun \u00f6m\u00fcrl\u00fc, sorunsuz kullan\u0131m sunar.<\/p>\n<p class=\"\" data-start=\"741\" data-end=\"766\"><strong data-start=\"741\" data-end=\"766\">\u00d6ne \u00c7\u0131kan \u00d6zellikler:<\/strong><\/p>\n<ul data-start=\"767\" data-end=\"990\">\n<li class=\"\" data-start=\"767\" data-end=\"789\">\n<p class=\"\" data-start=\"769\" data-end=\"789\">43 mm mil uzunlu\u011fu<\/p>\n<\/li>\n<li class=\"\" data-start=\"790\" data-end=\"822\">\n<p class=\"\" data-start=\"792\" data-end=\"822\">Kilitli g\u00fcvenlik mekanizmas\u0131<\/p>\n<\/li>\n<li class=\"\" data-start=\"823\" data-end=\"857\">\n<p class=\"\" data-start=\"825\" data-end=\"857\">H\u0131rs\u0131zl\u0131\u011fa kar\u015f\u0131 ekstra koruma<\/p>\n<\/li>\n<li class=\"\" data-start=\"858\" data-end=\"907\">\n<p class=\"\" data-start=\"860\" data-end=\"907\">Al\u00fcminyum ve PVC pencere sistemleriyle uyumlu<\/p>\n<\/li>\n<li class=\"\" data-start=\"908\" data-end=\"947\">\n<p class=\"\" data-start=\"910\" data-end=\"947\">Ergonomik tasar\u0131m ve rahat kullan\u0131m<\/p>\n<\/li>\n<li class=\"\" data-start=\"948\" data-end=\"990\">\n<p class=\"\" data-start=\"950\" data-end=\"990\">Dayan\u0131kl\u0131 ve uzun \u00f6m\u00fcrl\u00fc Roto kalitesi<\/p>\n<\/li>\n<\/ul>","protected":false},"excerpt":{"rendered":"<p>Roto RTL Kilitli Pencere Kolu 43mm Roto RTL kilitli pencere kolu 43mm, g\u00fcvenlik ve kullan\u0131m kolayl\u0131\u011f\u0131n\u0131 bir araya getiren Roto<\/p>","protected":false},"featured_media":4131,"comment_status":"open","ping_status":"closed","template":"","meta":{"rank_math_lock_modified_date":false},"product_cat":[310,305],"product_tag":[613,579,593,595,578,615,596,577,597,507,616,618],"class_list":{"0":"post-3073","1":"product","2":"type-product","3":"status-publish","4":"has-post-thumbnail","6":"product_cat-pencere-kapi-sistemleri","7":"product_cat-pencere-ve-kapi-kollari","8":"product_tag-43-mm-pencere-kolu","9":"product_tag-aluminyum-pencere-kolu","10":"product_tag-guvenlikli-pencere-kolu","11":"product_tag-hirsizliga-karsi-pencere-kolu","12":"product_tag-kilitli-pencere-kolu","13":"product_tag-pvc-pencere-kolu","14":"product_tag-roto-guvenlik-kolu","15":"product_tag-roto-kol","16":"product_tag-roto-kol-fiyatlari","17":"product_tag-roto-pencere-kolu","18":"product_tag-roto-rtl","19":"product_tag-roto-rtl-kilitli-kol","21":"first","22":"outofstock","23":"taxable","24":"shipping-taxable","25":"purchasable","26":"product-type-variable"},"_links":{"self":[{"href":"https:\/\/arma-yapi.com\/en\/wp-json\/wp\/v2\/product\/3073","targetHints":{"allow":["GET"]}}],"collection":[{"href":"https:\/\/arma-yapi.com\/en\/wp-json\/wp\/v2\/product"}],"about":[{"href":"https:\/\/arma-yapi.com\/en\/wp-json\/wp\/v2\/types\/product"}],"replies":[{"embeddable":true,"href":"https:\/\/arma-yapi.com\/en\/wp-json\/wp\/v2\/comments?post=3073"}],"version-history":[{"count":3,"href":"https:\/\/arma-yapi.com\/en\/wp-json\/wp\/v2\/product\/3073\/revisions"}],"predecessor-version":[{"id":4132,"href":"https:\/\/arma-yapi.com\/en\/wp-json\/wp\/v2\/product\/3073\/revisions\/4132"}],"wp:featuredmedia":[{"embeddable":true,"href":"https:\/\/arma-yapi.com\/en\/wp-json\/wp\/v2\/media\/4131"}],"wp:attachment":[{"href":"https:\/\/arma-yapi.com\/en\/wp-json\/wp\/v2\/media?parent=3073"}],"wp:term":[{"taxonomy":"product_cat","embeddable":true,"href":"https:\/\/arma-yapi.com\/en\/wp-json\/wp\/v2\/product_cat?post=3073"},{"taxonomy":"product_tag","embeddable":true,"href":"https:\/\/arma-yapi.com\/en\/wp-json\/wp\/v2\/product_tag?post=3073"}],"curies":[{"name":"wp","href":"https:\/\/api.w.org\/{rel}","templated":true}]}}