{"id":2909,"date":"2024-10-01T07:31:52","date_gmt":"2024-10-01T07:31:52","guid":{"rendered":"https:\/\/arma-yapi.com\/?post_type=product&#038;p=2909"},"modified":"2026-01-22T06:07:42","modified_gmt":"2026-01-22T06:07:42","slug":"ito-banyo-wc-kilidi-rulmanli","status":"publish","type":"product","link":"https:\/\/arma-yapi.com\/en\/product\/ito-banyo-wc-kilidi-rulmanli\/","title":{"rendered":"ITO Bathroom \/ WC Lock \u2013 With Bearing"},"content":{"rendered":"<p>Mortise and Extra Mortise Door Locks<\/p>\n<p>&nbsp;<\/p>\n<h3 class=\"\" data-start=\"95\" data-end=\"135\"><strong data-start=\"99\" data-end=\"135\">\u0130TO Banyo \/ WC Kilidi \u2013 Rulmanl\u0131<\/strong><\/h3>\n<p class=\"\" data-start=\"137\" data-end=\"531\"><strong data-start=\"137\" data-end=\"173\">\u0130TO Banyo \/ WC Kilidi \u2013 Rulmanl\u0131<\/strong>, hem <strong data-start=\"179\" data-end=\"195\">banyo kilidi<\/strong> hem de <strong data-start=\"203\" data-end=\"216\">WC kilidi<\/strong> olarak kullan\u0131labilen, sessiz ve konforlu a\u00e7ma-kapama sa\u011flayan <strong data-start=\"280\" data-end=\"301\">rulmanl\u0131 sistemli<\/strong> bir <strong data-start=\"306\" data-end=\"324\">kap\u0131 kilididir<\/strong>. <strong data-start=\"326\" data-end=\"348\">\u0130TO marka kalitesi<\/strong> ile \u00fcretilen bu \u00fcr\u00fcn, uzun \u00f6m\u00fcrl\u00fc ve dayan\u0131kl\u0131 yap\u0131s\u0131yla dikkat \u00e7eker. Sessiz \u00e7al\u0131\u015fmas\u0131 ve yumu\u015fak ge\u00e7i\u015fleri sayesinde \u00f6zellikle <strong data-start=\"478\" data-end=\"492\">konutlarda<\/strong> ve <strong data-start=\"496\" data-end=\"516\">hassas alanlarda<\/strong> tercih edilir.<\/p>\n<p class=\"\" data-start=\"533\" data-end=\"840\"><strong data-start=\"533\" data-end=\"557\">Rulmanl\u0131 mekanizmas\u0131<\/strong>, s\u00fcrt\u00fcnmeyi azaltarak kilidin rahat ve sorunsuz \u00e7al\u0131\u015fmas\u0131n\u0131 sa\u011flar. <strong data-start=\"626\" data-end=\"633\">PVC<\/strong>, <strong data-start=\"635\" data-end=\"644\">ah\u015fap<\/strong> ve <strong data-start=\"648\" data-end=\"681\">al\u00fcminyum kap\u0131larla uyumludur<\/strong>. Estetik tasar\u0131m\u0131 ile banyo ve WC dekorasyonuna \u015f\u0131kl\u0131k katar. Ayr\u0131ca, <strong data-start=\"752\" data-end=\"768\">kolay montaj<\/strong> \u00f6zelli\u011fiyle hem profesyonel hem de bireysel kullan\u0131c\u0131lar i\u00e7in idealdir.<\/p>\n<p class=\"\" data-start=\"842\" data-end=\"965\"><strong data-start=\"842\" data-end=\"878\">\u0130TO Banyo \/ WC Kilidi \u2013 Rulmanl\u0131<\/strong>, g\u00fcvenli\u011fi \u00f6n planda tutarken, uzun s\u00fcreli sorunsuz kullan\u0131m ve estetik g\u00f6r\u00fcn\u00fcm sunar.<\/p>\n<hr class=\"\" data-start=\"967\" data-end=\"970\" \/>\n<h3 class=\"\" data-start=\"972\" data-end=\"1001\"><strong data-start=\"976\" data-end=\"1001\">\u00d6ne \u00c7\u0131kan \u00d6zellikler:<\/strong><\/h3>\n<ul data-start=\"1002\" data-end=\"1280\">\n<li class=\"\" data-start=\"1002\" data-end=\"1057\">\n<p class=\"\" data-start=\"1004\" data-end=\"1057\"><strong data-start=\"1004\" data-end=\"1055\">Rulmanl\u0131 sistem ile sessiz ve konforlu kullan\u0131m<\/strong><\/p>\n<\/li>\n<li class=\"\" data-start=\"1058\" data-end=\"1113\">\n<p class=\"\" data-start=\"1060\" data-end=\"1113\"><strong data-start=\"1060\" data-end=\"1089\">Banyo kilidi ve WC kilidi<\/strong> olarak kullan\u0131labilir<\/p>\n<\/li>\n<li class=\"\" data-start=\"1114\" data-end=\"1140\">\n<p class=\"\" data-start=\"1116\" data-end=\"1140\"><strong data-start=\"1116\" data-end=\"1129\">\u0130TO marka<\/strong> kalitesi<\/p>\n<\/li>\n<li class=\"\" data-start=\"1141\" data-end=\"1189\">\n<p class=\"\" data-start=\"1143\" data-end=\"1189\"><strong data-start=\"1143\" data-end=\"1187\">PVC, ah\u015fap ve al\u00fcminyum kap\u0131larla uyumlu<\/strong><\/p>\n<\/li>\n<li class=\"\" data-start=\"1190\" data-end=\"1219\">\n<p class=\"\" data-start=\"1192\" data-end=\"1219\">Estetik ve modern tasar\u0131m<\/p>\n<\/li>\n<li class=\"\" data-start=\"1220\" data-end=\"1253\">\n<p class=\"\" data-start=\"1222\" data-end=\"1253\">Dayan\u0131kl\u0131 ve uzun \u00f6m\u00fcrl\u00fc yap\u0131<\/p>\n<\/li>\n<li class=\"\" data-start=\"1254\" data-end=\"1280\">\n<p class=\"\" data-start=\"1256\" data-end=\"1280\">Kolay ve pratik montaj<\/p>\n<\/li>\n<\/ul>","protected":false},"excerpt":{"rendered":"<h3 class=\"\" data-start=\"95\" data-end=\"135\"><strong data-start=\"99\" data-end=\"135\">\u0130TO Banyo \/ WC Kilidi \u2013 Rulmanl\u0131<\/strong><\/h3>","protected":false},"featured_media":4145,"comment_status":"closed","ping_status":"closed","template":"","meta":{"rank_math_lock_modified_date":false},"product_cat":[313,397,24],"product_tag":[652,669,671,642,649,643,672,670,655,653,666,668,667],"class_list":{"0":"post-2909","1":"product","2":"type-product","3":"status-publish","4":"has-post-thumbnail","6":"product_cat-kilitler","7":"product_cat-gomme-kapi-kilitller","8":"product_cat-uncategorized","9":"product_tag-ahsap-kapi-kilidi","10":"product_tag-aluminyum-kapi-kilidi","11":"product_tag-banyo-wc-kapi-kilidi","12":"product_tag-ito-banyo-kilidi","13":"product_tag-ito-marka-kilit","14":"product_tag-ito-wc-kilidi","15":"product_tag-kaliteli-kapi-kilidi","16":"product_tag-kapi-kilidi-rulmanli","17":"product_tag-modern-banyo-kilidi","18":"product_tag-pvc-kapi-kilidi","19":"product_tag-rulmanli-banyo-kilidi","20":"product_tag-rulmanli-kilit","21":"product_tag-sessiz-kapi-kilidi","23":"first","24":"instock","25":"purchasable","26":"product-type-simple"},"_links":{"self":[{"href":"https:\/\/arma-yapi.com\/en\/wp-json\/wp\/v2\/product\/2909","targetHints":{"allow":["GET"]}}],"collection":[{"href":"https:\/\/arma-yapi.com\/en\/wp-json\/wp\/v2\/product"}],"about":[{"href":"https:\/\/arma-yapi.com\/en\/wp-json\/wp\/v2\/types\/product"}],"replies":[{"embeddable":true,"href":"https:\/\/arma-yapi.com\/en\/wp-json\/wp\/v2\/comments?post=2909"}],"version-history":[{"count":3,"href":"https:\/\/arma-yapi.com\/en\/wp-json\/wp\/v2\/product\/2909\/revisions"}],"predecessor-version":[{"id":4278,"href":"https:\/\/arma-yapi.com\/en\/wp-json\/wp\/v2\/product\/2909\/revisions\/4278"}],"wp:featuredmedia":[{"embeddable":true,"href":"https:\/\/arma-yapi.com\/en\/wp-json\/wp\/v2\/media\/4145"}],"wp:attachment":[{"href":"https:\/\/arma-yapi.com\/en\/wp-json\/wp\/v2\/media?parent=2909"}],"wp:term":[{"taxonomy":"product_cat","embeddable":true,"href":"https:\/\/arma-yapi.com\/en\/wp-json\/wp\/v2\/product_cat?post=2909"},{"taxonomy":"product_tag","embeddable":true,"href":"https:\/\/arma-yapi.com\/en\/wp-json\/wp\/v2\/product_tag?post=2909"}],"curies":[{"name":"wp","href":"https:\/\/api.w.org\/{rel}","templated":true}]}}