{"id":2903,"date":"2024-10-01T07:31:52","date_gmt":"2024-10-01T07:31:52","guid":{"rendered":"https:\/\/arma-yapi.com\/?post_type=product&#038;p=2903"},"modified":"2026-01-22T06:07:14","modified_gmt":"2026-01-22T06:07:14","slug":"ito-ekstra-gomme-wc-kapi-kilidi-rulmanli-rozet-vidasi-delikli-18-20-23-mm-ayna","status":"publish","type":"product","link":"https:\/\/arma-yapi.com\/en\/product\/ito-ekstra-gomme-wc-kapi-kilidi-rulmanli-rozet-vidasi-delikli-18-20-23-mm-ayna\/","title":{"rendered":"ITO Extra Mortise WC Door Lock \u2013 With Bearing \u2013 Rosette Screw Hole \u2013 18 \/ 20 \/ 23 mm mirror"},"content":{"rendered":"<p class=\"\" data-start=\"526\" data-end=\"783\"><strong data-start=\"526\" data-end=\"558\">\u0130TO Ekstra G\u00f6mme wc Kap\u0131 Kilidi<\/strong>, y\u00fcksek kaliteye sahip <strong data-start=\"582\" data-end=\"612\">rulmanl\u0131 kilit mekanizmas\u0131<\/strong> ve farkl\u0131 <strong data-start=\"623\" data-end=\"648\">ayna \u00f6l\u00e7\u00fc se\u00e7enekleri<\/strong> ile (18 mm, 20 mm, 23 mm) <strong data-start=\"675\" data-end=\"696\">kap\u0131lara tam uyum<\/strong> sa\u011flar. <strong data-start=\"705\" data-end=\"738\">Rozet vidas\u0131 delikli tasar\u0131m\u0131<\/strong>, kurulum kolayl\u0131\u011f\u0131 ve estetik g\u00f6r\u00fcn\u00fcm sunar.<\/p>\n<p class=\"\" data-start=\"785\" data-end=\"1065\"><strong data-start=\"785\" data-end=\"804\">Rulmanl\u0131 sistem<\/strong>, kilidin sessiz ve ak\u0131c\u0131 \u015fekilde \u00e7al\u0131\u015fmas\u0131na olanak tan\u0131rken, dayan\u0131kl\u0131 i\u00e7 yap\u0131s\u0131yla uzun y\u0131llar sorunsuz kullan\u0131m sa\u011flar.<\/p>\n<p class=\"\" data-start=\"1067\" data-end=\"1206\"><strong data-start=\"1067\" data-end=\"1118\">\u0130TO kalitesiyle \u00fcretilen bu ekstra kilit modeli<\/strong>, ev, ofis, i\u015fyeri ve apartman giri\u015flerinde g\u00fcvenli\u011fi art\u0131rmak isteyenler i\u00e7in idealdir.<\/p>","protected":false},"excerpt":{"rendered":"<p class=\"\" data-start=\"526\" data-end=\"783\"><strong data-start=\"526\" data-end=\"558\">\u0130TO Ekstra G\u00f6mme wc Kap\u0131 Kilidi<\/strong><\/p>","protected":false},"featured_media":2978,"comment_status":"closed","ping_status":"closed","template":"","meta":{"rank_math_lock_modified_date":false},"product_cat":[313,397,24],"product_tag":[],"class_list":{"0":"post-2903","1":"product","2":"type-product","3":"status-publish","4":"has-post-thumbnail","6":"product_cat-kilitler","7":"product_cat-gomme-kapi-kilitller","8":"product_cat-uncategorized","10":"first","11":"instock","12":"purchasable","13":"product-type-simple"},"_links":{"self":[{"href":"https:\/\/arma-yapi.com\/en\/wp-json\/wp\/v2\/product\/2903","targetHints":{"allow":["GET"]}}],"collection":[{"href":"https:\/\/arma-yapi.com\/en\/wp-json\/wp\/v2\/product"}],"about":[{"href":"https:\/\/arma-yapi.com\/en\/wp-json\/wp\/v2\/types\/product"}],"replies":[{"embeddable":true,"href":"https:\/\/arma-yapi.com\/en\/wp-json\/wp\/v2\/comments?post=2903"}],"version-history":[{"count":3,"href":"https:\/\/arma-yapi.com\/en\/wp-json\/wp\/v2\/product\/2903\/revisions"}],"predecessor-version":[{"id":4284,"href":"https:\/\/arma-yapi.com\/en\/wp-json\/wp\/v2\/product\/2903\/revisions\/4284"}],"wp:featuredmedia":[{"embeddable":true,"href":"https:\/\/arma-yapi.com\/en\/wp-json\/wp\/v2\/media\/2978"}],"wp:attachment":[{"href":"https:\/\/arma-yapi.com\/en\/wp-json\/wp\/v2\/media?parent=2903"}],"wp:term":[{"taxonomy":"product_cat","embeddable":true,"href":"https:\/\/arma-yapi.com\/en\/wp-json\/wp\/v2\/product_cat?post=2903"},{"taxonomy":"product_tag","embeddable":true,"href":"https:\/\/arma-yapi.com\/en\/wp-json\/wp\/v2\/product_tag?post=2903"}],"curies":[{"name":"wp","href":"https:\/\/api.w.org\/{rel}","templated":true}]}}