{"id":2900,"date":"2024-10-01T07:31:52","date_gmt":"2024-10-01T07:31:52","guid":{"rendered":"https:\/\/arma-yapi.com\/?post_type=product&#038;p=2900"},"modified":"2026-01-22T06:06:51","modified_gmt":"2026-01-22T06:06:51","slug":"ito-ekstra-gomme-wc-kapi-kilidi-rulmanli-rozet-vidasi-delikli-18-mm-ayna-2","status":"publish","type":"product","link":"https:\/\/arma-yapi.com\/en\/product\/ito-ekstra-gomme-wc-kapi-kilidi-rulmanli-rozet-vidasi-delikli-18-mm-ayna-2\/","title":{"rendered":"ITO Extra Mortise WC Door Lock \u2013 With Bearing \u2013 Rosette Screw Hole \u2013 18 mm mirror"},"content":{"rendered":"<p>Mortise and Extra Mortise Door Locks<\/p>\n<p class=\"\" data-start=\"490\" data-end=\"789\"><strong data-start=\"490\" data-end=\"525\">\u0130TO Ekstra G\u00f6mme WC Kap\u0131 Kilidi<\/strong>, WC ve banyo kap\u0131lar\u0131 i\u00e7in \u00f6zel olarak tasarlanm\u0131\u015f <strong data-start=\"577\" data-end=\"611\">y\u00fcksek g\u00fcvenlikli ve dayan\u0131kl\u0131<\/strong> bir kilit modelidir. <strong data-start=\"633\" data-end=\"655\">Rulmanl\u0131 mekanizma<\/strong>, sessiz ve sorunsuz bir a\u00e7ma\/kapama deneyimi sunar. <strong data-start=\"708\" data-end=\"741\">Rozet vidas\u0131 delikli tasar\u0131m\u0131<\/strong> ise kolay montaj ve estetik bir g\u00f6r\u00fcn\u00fcm sa\u011flar.<\/p>\n<p class=\"\" data-start=\"791\" data-end=\"1140\"><strong data-start=\"791\" data-end=\"812\">18 mm ayna \u00f6l\u00e7\u00fcs\u00fc<\/strong>, kap\u0131 yap\u0131s\u0131na m\u00fckemmel uyum sa\u011flayarak, montaj s\u0131ras\u0131nda esneklik sunar. <strong data-start=\"887\" data-end=\"903\">\u0130TO kalitesi<\/strong>yle \u00fcretilmi\u015f olan bu g\u00f6mme WC kap\u0131 kilidi, hem <strong data-start=\"951\" data-end=\"960\">ah\u015fap<\/strong> hem de <strong data-start=\"968\" data-end=\"985\">metal kap\u0131lar<\/strong> ile uyumlu olup, uzun \u00f6m\u00fcrl\u00fc kullan\u0131m ve y\u00fcksek g\u00fcvenlik sa\u011flar. <strong data-start=\"1051\" data-end=\"1084\">Dayan\u0131kl\u0131 ve g\u00fcvenilir yap\u0131s\u0131<\/strong>, \u00f6zellikle banyo ve WC kap\u0131lar\u0131nda tercih edilmektedir.<\/p>","protected":false},"excerpt":{"rendered":"<p><strong data-start=\"313\" data-end=\"348\">\u0130TO Ekstra G\u00f6mme WC Kap\u0131 Kilidi<\/strong>, rulmanl\u0131 sistem, rozet vidas\u0131 delikli tasar\u0131m ve 18 mm ayna \u00f6l\u00e7\u00fcs\u00fc ile g\u00fcvenli ve estetik \u00e7\u00f6z\u00fcmler sunar.<\/p>","protected":false},"featured_media":2978,"comment_status":"closed","ping_status":"closed","template":"","meta":{"rank_math_lock_modified_date":false},"product_cat":[313,397,24],"product_tag":[],"class_list":{"0":"post-2900","1":"product","2":"type-product","3":"status-publish","4":"has-post-thumbnail","6":"product_cat-kilitler","7":"product_cat-gomme-kapi-kilitller","8":"product_cat-uncategorized","10":"first","11":"instock","12":"purchasable","13":"product-type-simple"},"_links":{"self":[{"href":"https:\/\/arma-yapi.com\/en\/wp-json\/wp\/v2\/product\/2900","targetHints":{"allow":["GET"]}}],"collection":[{"href":"https:\/\/arma-yapi.com\/en\/wp-json\/wp\/v2\/product"}],"about":[{"href":"https:\/\/arma-yapi.com\/en\/wp-json\/wp\/v2\/types\/product"}],"replies":[{"embeddable":true,"href":"https:\/\/arma-yapi.com\/en\/wp-json\/wp\/v2\/comments?post=2900"}],"version-history":[{"count":2,"href":"https:\/\/arma-yapi.com\/en\/wp-json\/wp\/v2\/product\/2900\/revisions"}],"predecessor-version":[{"id":4286,"href":"https:\/\/arma-yapi.com\/en\/wp-json\/wp\/v2\/product\/2900\/revisions\/4286"}],"wp:featuredmedia":[{"embeddable":true,"href":"https:\/\/arma-yapi.com\/en\/wp-json\/wp\/v2\/media\/2978"}],"wp:attachment":[{"href":"https:\/\/arma-yapi.com\/en\/wp-json\/wp\/v2\/media?parent=2900"}],"wp:term":[{"taxonomy":"product_cat","embeddable":true,"href":"https:\/\/arma-yapi.com\/en\/wp-json\/wp\/v2\/product_cat?post=2900"},{"taxonomy":"product_tag","embeddable":true,"href":"https:\/\/arma-yapi.com\/en\/wp-json\/wp\/v2\/product_tag?post=2900"}],"curies":[{"name":"wp","href":"https:\/\/api.w.org\/{rel}","templated":true}]}}