{"id":2873,"date":"2024-10-01T07:31:51","date_gmt":"2024-10-01T07:31:51","guid":{"rendered":"https:\/\/arma-yapi.com\/?post_type=product&#038;p=2873"},"modified":"2026-01-22T06:13:42","modified_gmt":"2026-01-22T06:13:42","slug":"ito-fiam-tip-emniyet-kilidi-2-turlu-2","status":"publish","type":"product","link":"https:\/\/arma-yapi.com\/en\/product\/ito-fiam-tip-emniyet-kilidi-2-turlu-2\/","title":{"rendered":"ITO Fiam Type Safety Lock \u2013 2 turns"},"content":{"rendered":"<p>Fiam Safety Locks<\/p>\n<p class=\"\" data-start=\"427\" data-end=\"745\"><strong data-start=\"427\" data-end=\"468\">\u0130TO Fiam Tip Emniyet Kilidi \u2013 2 Turlu<\/strong>, <strong data-start=\"470\" data-end=\"503\">y\u00fcksek g\u00fcvenlikli kap\u0131 kilidi<\/strong> \u00e7\u00f6z\u00fcm\u00fc arayanlar i\u00e7in ideal bir tercihtir. <strong data-start=\"547\" data-end=\"568\">2 turlu mekanizma<\/strong> sayesinde, kilit hem d\u0131\u015far\u0131dan hem de i\u00e7eriden ekstra koruma sa\u011flar. <strong data-start=\"638\" data-end=\"659\">Fiam tip tasar\u0131m\u0131<\/strong>, dayan\u0131kl\u0131 ve g\u00fcvenli bir yap\u0131ya sahip olup, <strong data-start=\"705\" data-end=\"738\">zorlamaya kar\u015f\u0131 y\u00fcksek diren\u00e7<\/strong> sunar.<\/p>\n<p class=\"\" data-start=\"747\" data-end=\"1009\"><strong data-start=\"747\" data-end=\"766\">\u0130TO kalitesiyle<\/strong> \u00fcretilen bu emniyet kilidi, <strong data-start=\"795\" data-end=\"804\">evler<\/strong>, <strong data-start=\"806\" data-end=\"819\">i\u015fyerleri<\/strong>, <strong data-start=\"821\" data-end=\"843\">apartman giri\u015fleri<\/strong> ve di\u011fer g\u00fcvenlik gereksinimi olan alanlar i\u00e7in m\u00fckemmel bir \u00e7\u00f6z\u00fcmd\u00fcr. <strong data-start=\"915\" data-end=\"931\">Kolay montaj<\/strong>, uzun \u00f6m\u00fcrl\u00fc kullan\u0131m ve <strong data-start=\"957\" data-end=\"978\">g\u00fcvenli kilitleme<\/strong> \u00f6zellikleriyle \u00f6n plana \u00e7\u0131kar.<\/p>","protected":false},"excerpt":{"rendered":"<p><strong data-start=\"256\" data-end=\"287\">\u0130TO Fiam Tip Emniyet Kilidi<\/strong>, 2 turlu g\u00fcvenlik mekanizmas\u0131 ile ekstra koruma sa\u011flar. Y\u00fcksek g\u00fcvenlikli, dayan\u0131kl\u0131 kap\u0131 kilidi \u00e7\u00f6z\u00fcm\u00fc<\/p>","protected":false},"featured_media":2979,"comment_status":"closed","ping_status":"closed","template":"","meta":{"rank_math_lock_modified_date":false},"product_cat":[313,395],"product_tag":[],"class_list":{"0":"post-2873","1":"product","2":"type-product","3":"status-publish","4":"has-post-thumbnail","6":"product_cat-kilitler","7":"product_cat-fiam-emniyet-kilitleri","9":"first","10":"instock","11":"purchasable","12":"product-type-simple"},"_links":{"self":[{"href":"https:\/\/arma-yapi.com\/en\/wp-json\/wp\/v2\/product\/2873","targetHints":{"allow":["GET"]}}],"collection":[{"href":"https:\/\/arma-yapi.com\/en\/wp-json\/wp\/v2\/product"}],"about":[{"href":"https:\/\/arma-yapi.com\/en\/wp-json\/wp\/v2\/types\/product"}],"replies":[{"embeddable":true,"href":"https:\/\/arma-yapi.com\/en\/wp-json\/wp\/v2\/comments?post=2873"}],"version-history":[{"count":2,"href":"https:\/\/arma-yapi.com\/en\/wp-json\/wp\/v2\/product\/2873\/revisions"}],"predecessor-version":[{"id":4287,"href":"https:\/\/arma-yapi.com\/en\/wp-json\/wp\/v2\/product\/2873\/revisions\/4287"}],"wp:featuredmedia":[{"embeddable":true,"href":"https:\/\/arma-yapi.com\/en\/wp-json\/wp\/v2\/media\/2979"}],"wp:attachment":[{"href":"https:\/\/arma-yapi.com\/en\/wp-json\/wp\/v2\/media?parent=2873"}],"wp:term":[{"taxonomy":"product_cat","embeddable":true,"href":"https:\/\/arma-yapi.com\/en\/wp-json\/wp\/v2\/product_cat?post=2873"},{"taxonomy":"product_tag","embeddable":true,"href":"https:\/\/arma-yapi.com\/en\/wp-json\/wp\/v2\/product_tag?post=2873"}],"curies":[{"name":"wp","href":"https:\/\/api.w.org\/{rel}","templated":true}]}}