{"id":2402,"date":"2024-09-24T12:49:40","date_gmt":"2024-09-24T12:49:40","guid":{"rendered":"https:\/\/arma-yapi.com\/?post_type=product&#038;p=2402"},"modified":"2026-01-22T06:14:04","modified_gmt":"2026-01-22T06:14:04","slug":"ito-silindirli-kilit-755-rk35-254-68k","status":"publish","type":"product","link":"https:\/\/arma-yapi.com\/en\/product\/ito-silindirli-kilit-755-rk35-254-68k\/","title":{"rendered":"\u0130TO Silindirli Kilit &#8211; 755\/RK35-254\/68K"},"content":{"rendered":"<p>\u0130TO 755\/RK35-254\/68K Silindirli Kap\u0131 Kilidi \u2013 Y\u00fcksek G\u00fcvenlikli Sistem<\/p>\n<p>&nbsp;<\/p>\n<p data-start=\"475\" data-end=\"758\">\u0130TO Silindirli Kilit \u2013 755\/RK35-254\/68K modeli, g\u00fcvenli\u011fi \u00f6n planda tutan kap\u0131lar i\u00e7in \u00f6zel olarak geli\u015ftirilmi\u015ftir. \u00d6zellikle i\u00e7 ve d\u0131\u015f mekan ah\u015fap kap\u0131lar, \u00e7elik kap\u0131lar ve g\u00fcvenlik gerektiren alanlarda tercih edilen bu model, uzun \u00f6m\u00fcrl\u00fc yap\u0131s\u0131 ve sa\u011flam mekanizmas\u0131yla \u00f6ne \u00e7\u0131kar.<\/p>\n<p data-start=\"760\" data-end=\"1041\">\u0130TO kilit sistemleri aras\u0131nda dayan\u0131kl\u0131l\u0131\u011f\u0131 ve y\u00fcksek performans\u0131yla dikkat \u00e7eken bu \u00fcr\u00fcn, hem bireysel hem de ticari alanlarda kullan\u0131m i\u00e7in uygundur. Kilit mekanizmas\u0131nda kullan\u0131lan kaliteli silindir yap\u0131s\u0131 sayesinde k\u0131r\u0131lmaya ve zorlama giri\u015fimlerine kar\u015f\u0131 ekstra koruma sa\u011flar.<\/p>\n<p data-start=\"1043\" data-end=\"1066\">\u2705 <strong data-start=\"1045\" data-end=\"1066\">\u00dcr\u00fcn \u00d6zellikleri:<\/strong><\/p>\n<ul data-start=\"1067\" data-end=\"1238\">\n<li data-start=\"1067\" data-end=\"1094\">\n<p data-start=\"1069\" data-end=\"1094\">Model: 755\/RK35-254\/68K<\/p>\n<\/li>\n<li data-start=\"1095\" data-end=\"1119\">\n<p data-start=\"1097\" data-end=\"1119\">Silindirli mekanizma<\/p>\n<\/li>\n<li data-start=\"1120\" data-end=\"1151\">\n<p data-start=\"1122\" data-end=\"1151\">Y\u00fcksek g\u00fcvenlikli i\u00e7 yap\u0131s\u0131<\/p>\n<\/li>\n<li data-start=\"1152\" data-end=\"1168\">\n<p data-start=\"1154\" data-end=\"1168\">Kolay montaj<\/p>\n<\/li>\n<li data-start=\"1169\" data-end=\"1204\">\n<p data-start=\"1171\" data-end=\"1204\">Ah\u015fap ve \u00e7elik kap\u0131larla uyumlu<\/p>\n<\/li>\n<li data-start=\"1205\" data-end=\"1238\">\n<p data-start=\"1207\" data-end=\"1238\">\u0130TO markas\u0131n\u0131n kalite g\u00fcvencesi<\/p>\n<\/li>\n<\/ul>\n<p data-start=\"1240\" data-end=\"1437\"><strong data-start=\"1240\" data-end=\"1273\">\u0130TO silindirli kap\u0131 kilitleri<\/strong>, bina giri\u015flerinden ofis kap\u0131lar\u0131na kadar bir\u00e7ok alanda tercih edilir. G\u00fcvenli\u011finiz i\u00e7in kaliteli kilit sistemlerini se\u00e7in, uzun \u00f6m\u00fcrl\u00fc kullan\u0131m\u0131n fark\u0131n\u0131 ya\u015fay\u0131n.<\/p>","protected":false},"excerpt":{"rendered":"<p>\u0130TO 755\/RK35-254\/68K Silindirli Kap\u0131 Kilidi \u2013 Y\u00fcksek G\u00fcvenlikli Sistem &nbsp; \u0130TO Silindirli Kilit \u2013 755\/RK35-254\/68K modeli, g\u00fcvenli\u011fi \u00f6n planda tutan<\/p>","protected":false},"featured_media":4960,"comment_status":"open","ping_status":"closed","template":"","meta":{"rank_math_lock_modified_date":false},"product_cat":[313],"product_tag":[],"class_list":{"0":"post-2402","1":"product","2":"type-product","3":"status-publish","4":"has-post-thumbnail","6":"product_cat-kilitler","8":"first","9":"instock","10":"taxable","11":"shipping-taxable","12":"purchasable","13":"product-type-simple"},"_links":{"self":[{"href":"https:\/\/arma-yapi.com\/en\/wp-json\/wp\/v2\/product\/2402","targetHints":{"allow":["GET"]}}],"collection":[{"href":"https:\/\/arma-yapi.com\/en\/wp-json\/wp\/v2\/product"}],"about":[{"href":"https:\/\/arma-yapi.com\/en\/wp-json\/wp\/v2\/types\/product"}],"replies":[{"embeddable":true,"href":"https:\/\/arma-yapi.com\/en\/wp-json\/wp\/v2\/comments?post=2402"}],"version-history":[{"count":7,"href":"https:\/\/arma-yapi.com\/en\/wp-json\/wp\/v2\/product\/2402\/revisions"}],"predecessor-version":[{"id":4948,"href":"https:\/\/arma-yapi.com\/en\/wp-json\/wp\/v2\/product\/2402\/revisions\/4948"}],"wp:featuredmedia":[{"embeddable":true,"href":"https:\/\/arma-yapi.com\/en\/wp-json\/wp\/v2\/media\/4960"}],"wp:attachment":[{"href":"https:\/\/arma-yapi.com\/en\/wp-json\/wp\/v2\/media?parent=2402"}],"wp:term":[{"taxonomy":"product_cat","embeddable":true,"href":"https:\/\/arma-yapi.com\/en\/wp-json\/wp\/v2\/product_cat?post=2402"},{"taxonomy":"product_tag","embeddable":true,"href":"https:\/\/arma-yapi.com\/en\/wp-json\/wp\/v2\/product_tag?post=2402"}],"curies":[{"name":"wp","href":"https:\/\/api.w.org\/{rel}","templated":true}]}}