{"id":2399,"date":"2024-09-24T12:42:20","date_gmt":"2024-09-24T12:42:20","guid":{"rendered":"https:\/\/arma-yapi.com\/?post_type=product&#038;p=2399"},"modified":"2026-01-22T06:14:17","modified_gmt":"2026-01-22T06:14:17","slug":"celik-kapi-kilitleri-2003k","status":"publish","type":"product","link":"https:\/\/arma-yapi.com\/en\/product\/celik-kapi-kilitleri-2003k\/","title":{"rendered":"\u0130TO \u00c7elik Kap\u0131 Kilitleri &#8211; 2003K"},"content":{"rendered":"<p>Armrest<br \/>\nWith bearing, 8\u00d78 mm<br \/>\nGalvanized steel<br \/>\nBody<br \/>\nMirror<br \/>\nSlide<br \/>\nLanguage<br \/>\nChrome plated steel<br \/>\n3 shaft chrome plated, steel, 3 turns, Chrome plated steel<br \/>\nAvailable with 254 or 754<br \/>\nCylinder<br \/>\nB\/S: 60mm<br \/>\nC\/L : 85mm<br \/>\nOptional<br \/>\nCoating, cylinder<\/p>\n<p>&nbsp;<\/p>\n<h3 class=\"\" data-start=\"74\" data-end=\"114\"><strong data-start=\"78\" data-end=\"114\">\u0130TO \u00c7elik Kap\u0131 Kilitleri \u2013 2003K<\/strong><\/h3>\n<p class=\"\" data-start=\"116\" data-end=\"450\"><strong data-start=\"116\" data-end=\"152\">\u0130TO \u00c7elik Kap\u0131 Kilitleri \u2013 2003K<\/strong>, <strong data-start=\"154\" data-end=\"173\">y\u00fcksek g\u00fcvenlik<\/strong> ve <strong data-start=\"177\" data-end=\"193\">dayan\u0131kl\u0131l\u0131k<\/strong> sunan, <strong data-start=\"201\" data-end=\"218\">\u00e7elik kap\u0131lar<\/strong> i\u00e7in ideal bir <strong data-start=\"234\" data-end=\"254\">kilit sistemidir<\/strong>. <strong data-start=\"256\" data-end=\"272\">2003K modeli<\/strong>, <strong data-start=\"274\" data-end=\"287\">h\u0131rs\u0131zl\u0131k<\/strong> ve <strong data-start=\"291\" data-end=\"307\">zorla a\u00e7\u0131lma<\/strong> giri\u015fimlerine kar\u015f\u0131 \u00fcst\u00fcn koruma sa\u011flar ve <strong data-start=\"351\" data-end=\"370\">\u00e7elik kap\u0131larda<\/strong> m\u00fckemmel uyum g\u00f6sterir. <strong data-start=\"395\" data-end=\"408\">\u0130TO marka<\/strong> kalitesini her detayda hissedebilirsiniz.<\/p>\n<p class=\"\" data-start=\"452\" data-end=\"775\">Bu <strong data-start=\"455\" data-end=\"476\">\u00e7elik kap\u0131 kilidi<\/strong>, <strong data-start=\"478\" data-end=\"485\">PVC<\/strong>, <strong data-start=\"487\" data-end=\"496\">ah\u015fap<\/strong> ve di\u011fer kap\u0131 t\u00fcrlerinde de rahatl\u0131kla kullan\u0131labilir. <strong data-start=\"552\" data-end=\"582\">Y\u00fcksek kaliteli malzemeler<\/strong> ile \u00fcretilmi\u015f olup, <strong data-start=\"603\" data-end=\"629\">zorlu hava ko\u015fullar\u0131na<\/strong> kar\u015f\u0131 dayan\u0131kl\u0131d\u0131r ve uzun y\u0131llar g\u00fcvenli kullan\u0131m sunar. Ayr\u0131ca, <strong data-start=\"696\" data-end=\"712\">kolay montaj<\/strong> talimatlar\u0131 sayesinde h\u0131zl\u0131 ve pratik bir \u015fekilde kurulabilir.<\/p>\n<p class=\"\" data-start=\"777\" data-end=\"993\"><strong data-start=\"777\" data-end=\"813\">\u0130TO \u00c7elik Kap\u0131 Kilitleri \u2013 2003K<\/strong>, sadece <strong data-start=\"822\" data-end=\"834\">g\u00fcvenlik<\/strong> sa\u011flamakla kalmaz, ayn\u0131 zamanda kap\u0131lar\u0131n\u0131z\u0131n estetik g\u00f6r\u00fcn\u00fcm\u00fcne de uyum sa\u011flar. <strong data-start=\"916\" data-end=\"951\">Dayan\u0131kl\u0131 ve uzun \u00f6m\u00fcrl\u00fc yap\u0131s\u0131<\/strong> ile d\u0131\u015f mekan kullan\u0131m\u0131 i\u00e7in de idealdir.<\/p>\n<p class=\"\" data-start=\"995\" data-end=\"1020\"><strong data-start=\"995\" data-end=\"1020\">\u00d6ne \u00c7\u0131kan \u00d6zellikler:<\/strong><\/p>\n<ul data-start=\"1021\" data-end=\"1327\">\n<li class=\"\" data-start=\"1021\" data-end=\"1058\">\n<p class=\"\" data-start=\"1023\" data-end=\"1058\"><strong data-start=\"1023\" data-end=\"1056\">\u00c7elik kap\u0131larla m\u00fckemmel uyum<\/strong><\/p>\n<\/li>\n<li class=\"\" data-start=\"1059\" data-end=\"1102\">\n<p class=\"\" data-start=\"1061\" data-end=\"1102\"><strong data-start=\"1061\" data-end=\"1080\">Y\u00fcksek g\u00fcvenlik<\/strong> ve <strong data-start=\"1084\" data-end=\"1100\">dayan\u0131kl\u0131l\u0131k<\/strong><\/p>\n<\/li>\n<li class=\"\" data-start=\"1103\" data-end=\"1148\">\n<p class=\"\" data-start=\"1105\" data-end=\"1148\"><strong data-start=\"1105\" data-end=\"1146\">H\u0131rs\u0131zl\u0131k ve zorlamaya kar\u015f\u0131 diren\u00e7li<\/strong><\/p>\n<\/li>\n<li class=\"\" data-start=\"1149\" data-end=\"1176\">\n<p class=\"\" data-start=\"1151\" data-end=\"1176\"><strong data-start=\"1151\" data-end=\"1167\">Kolay montaj<\/strong> imkan\u0131<\/p>\n<\/li>\n<li class=\"\" data-start=\"1177\" data-end=\"1239\">\n<p class=\"\" data-start=\"1179\" data-end=\"1239\"><strong data-start=\"1179\" data-end=\"1186\">PVC<\/strong>, <strong data-start=\"1188\" data-end=\"1197\">ah\u015fap<\/strong> ve di\u011fer kap\u0131 t\u00fcrlerinde kullan\u0131labilir<\/p>\n<\/li>\n<li class=\"\" data-start=\"1240\" data-end=\"1280\">\n<p class=\"\" data-start=\"1242\" data-end=\"1280\"><strong data-start=\"1242\" data-end=\"1278\">Zorlu hava ko\u015fullar\u0131na dayan\u0131kl\u0131<\/strong><\/p>\n<\/li>\n<li class=\"\" data-start=\"1281\" data-end=\"1327\">\n<p class=\"\" data-start=\"1283\" data-end=\"1327\"><strong data-start=\"1283\" data-end=\"1296\">\u0130TO marka<\/strong> kalitesiyle g\u00fcvenli kullan\u0131m<\/p>\n<\/li>\n<\/ul>","protected":false},"excerpt":{"rendered":"<h3 class=\"\" data-start=\"74\" data-end=\"114\"><strong data-start=\"78\" data-end=\"114\">\u0130TO \u00c7elik Kap\u0131 Kilitleri \u2013 2003K<\/strong><\/h3>","protected":false},"featured_media":4142,"comment_status":"open","ping_status":"closed","template":"","meta":{"rank_math_lock_modified_date":false},"product_cat":[313],"product_tag":[658,659,663,662,660,503,664,657,649,661,665],"class_list":{"0":"post-2399","1":"product","2":"type-product","3":"status-publish","4":"has-post-thumbnail","6":"product_cat-kilitler","7":"product_tag-2003k-celik-kapi-kilidi","8":"product_tag-celik-kapi-guvenligi","9":"product_tag-celik-kapi-kilidi-fiyatlari","10":"product_tag-celik-kapi-kilidi-montaji","11":"product_tag-dayanikli-kilit","12":"product_tag-guvenlik-kilidi","13":"product_tag-hirsizlik-karsiti-kilit","14":"product_tag-ito-celik-kapi-kilidi","15":"product_tag-ito-marka-kilit","16":"product_tag-yuksek-guvenlikli-kilit","17":"product_tag-zorlamaya-karsi-dayanikli-kilit","19":"first","20":"instock","21":"taxable","22":"shipping-taxable","23":"purchasable","24":"product-type-simple"},"_links":{"self":[{"href":"https:\/\/arma-yapi.com\/en\/wp-json\/wp\/v2\/product\/2399","targetHints":{"allow":["GET"]}}],"collection":[{"href":"https:\/\/arma-yapi.com\/en\/wp-json\/wp\/v2\/product"}],"about":[{"href":"https:\/\/arma-yapi.com\/en\/wp-json\/wp\/v2\/types\/product"}],"replies":[{"embeddable":true,"href":"https:\/\/arma-yapi.com\/en\/wp-json\/wp\/v2\/comments?post=2399"}],"version-history":[{"count":4,"href":"https:\/\/arma-yapi.com\/en\/wp-json\/wp\/v2\/product\/2399\/revisions"}],"predecessor-version":[{"id":4279,"href":"https:\/\/arma-yapi.com\/en\/wp-json\/wp\/v2\/product\/2399\/revisions\/4279"}],"wp:featuredmedia":[{"embeddable":true,"href":"https:\/\/arma-yapi.com\/en\/wp-json\/wp\/v2\/media\/4142"}],"wp:attachment":[{"href":"https:\/\/arma-yapi.com\/en\/wp-json\/wp\/v2\/media?parent=2399"}],"wp:term":[{"taxonomy":"product_cat","embeddable":true,"href":"https:\/\/arma-yapi.com\/en\/wp-json\/wp\/v2\/product_cat?post=2399"},{"taxonomy":"product_tag","embeddable":true,"href":"https:\/\/arma-yapi.com\/en\/wp-json\/wp\/v2\/product_tag?post=2399"}],"curies":[{"name":"wp","href":"https:\/\/api.w.org\/{rel}","templated":true}]}}