{"id":2325,"date":"2024-09-24T08:57:25","date_gmt":"2024-09-24T08:57:25","guid":{"rendered":"https:\/\/arma-yapi.com\/?post_type=product&#038;p=2325"},"modified":"2026-01-22T06:14:56","modified_gmt":"2026-01-22T06:14:56","slug":"banyo-wc-kilidi-16-mm-aynali","status":"publish","type":"product","link":"https:\/\/arma-yapi.com\/en\/product\/banyo-wc-kilidi-16-mm-aynali\/","title":{"rendered":"\u0130TO Banyo \/ WC Kilidi- 16 mm Aynal\u0131"},"content":{"rendered":"<h3 class=\"\" data-start=\"104\" data-end=\"154\"><strong data-start=\"108\" data-end=\"154\">\u0130TO Banyo \/ WC Kilidi &#8211; 16 mm Aynal\u0131<\/strong><\/h3>\n<p class=\"\" data-start=\"156\" data-end=\"494\"><strong data-start=\"156\" data-end=\"202\">\u0130TO Banyo \/ WC Kilidi &#8211; 16 mm Aynal\u0131<\/strong>, <strong data-start=\"204\" data-end=\"220\">banyo kilidi<\/strong> ve <strong data-start=\"224\" data-end=\"237\">WC kilidi<\/strong> olarak kullan\u0131labilecek, g\u00fcvenlik ve mahremiyet sa\u011flayan \u015f\u0131k bir <strong data-start=\"303\" data-end=\"320\">kilit sistemi<\/strong>dir. <strong data-start=\"325\" data-end=\"347\">16 mm mil uzunlu\u011fu<\/strong> ile uyumlu olan bu aynal\u0131 kilit, modern tasar\u0131m\u0131 ve i\u015flevsel \u00f6zellikleri ile dikkat \u00e7eker. <strong data-start=\"439\" data-end=\"452\">\u0130TO marka<\/strong> kalitesini her detayda hissedebilirsiniz.<\/p>\n<p class=\"\" data-start=\"496\" data-end=\"796\">Bu <strong data-start=\"499\" data-end=\"515\">banyo kilidi<\/strong> ve <strong data-start=\"519\" data-end=\"532\">WC kilidi<\/strong>, <strong data-start=\"534\" data-end=\"541\">PVC<\/strong> ve <strong data-start=\"545\" data-end=\"564\">ah\u015fap kap\u0131larda<\/strong> rahatl\u0131kla kullan\u0131labilir ve uzun \u00f6m\u00fcrl\u00fc, g\u00fcvenli bir kullan\u0131m sunar. <strong data-start=\"635\" data-end=\"653\">Aynal\u0131 tasar\u0131m<\/strong>, banyo ve WC dekorasyonuna \u015f\u0131kl\u0131k katar. Ayr\u0131ca, <strong data-start=\"703\" data-end=\"731\">kolay montaj talimatlar\u0131<\/strong> sayesinde montaj i\u015flemi h\u0131zl\u0131 ve pratik bir \u015fekilde yap\u0131labilir.<\/p>\n<p class=\"\" data-start=\"798\" data-end=\"1010\"><strong data-start=\"798\" data-end=\"829\">\u0130TO Marka Banyo \/ WC Kilidi<\/strong>, banyo ve WC kap\u0131lar\u0131nda <strong data-start=\"855\" data-end=\"867\">g\u00fcvenlik<\/strong> sa\u011flarken, modern ve estetik bir g\u00f6r\u00fcn\u00fcm sunar. <strong data-start=\"916\" data-end=\"923\">PVC<\/strong> ve <strong data-start=\"927\" data-end=\"946\">ah\u015fap kap\u0131larla<\/strong> uyumlu bu kilit, uzun s\u00fcreli ve g\u00fcvenli kullan\u0131m i\u00e7in idealdir.<\/p>\n<p class=\"\" data-start=\"1012\" data-end=\"1037\"><strong data-start=\"1012\" data-end=\"1037\">\u00d6ne \u00c7\u0131kan \u00d6zellikler:<\/strong><\/p>\n<ul data-start=\"1038\" data-end=\"1330\">\n<li class=\"\" data-start=\"1038\" data-end=\"1064\">\n<p class=\"\" data-start=\"1040\" data-end=\"1064\"><strong data-start=\"1040\" data-end=\"1062\">16 mm mil uzunlu\u011fu<\/strong><\/p>\n<\/li>\n<li class=\"\" data-start=\"1065\" data-end=\"1113\">\n<p class=\"\" data-start=\"1067\" data-end=\"1113\"><strong data-start=\"1067\" data-end=\"1085\">Aynal\u0131 tasar\u0131m<\/strong> ile \u015f\u0131k ve modern g\u00f6r\u00fcn\u00fcm<\/p>\n<\/li>\n<li class=\"\" data-start=\"1114\" data-end=\"1161\">\n<p class=\"\" data-start=\"1116\" data-end=\"1161\"><strong data-start=\"1116\" data-end=\"1129\">\u0130TO marka<\/strong> kalitesi ile g\u00fcvenli kullan\u0131m<\/p>\n<\/li>\n<li class=\"\" data-start=\"1162\" data-end=\"1221\">\n<p class=\"\" data-start=\"1164\" data-end=\"1221\"><strong data-start=\"1164\" data-end=\"1180\">Banyo kilidi<\/strong> ve <strong data-start=\"1184\" data-end=\"1197\">WC kilidi<\/strong> olarak kullan\u0131labilir<\/p>\n<\/li>\n<li class=\"\" data-start=\"1222\" data-end=\"1263\">\n<p class=\"\" data-start=\"1224\" data-end=\"1263\"><strong data-start=\"1224\" data-end=\"1231\">PVC<\/strong> ve <strong data-start=\"1235\" data-end=\"1261\">ah\u015fap kap\u0131larla uyumlu<\/strong><\/p>\n<\/li>\n<li class=\"\" data-start=\"1264\" data-end=\"1287\">\n<p class=\"\" data-start=\"1266\" data-end=\"1287\">Kolay montaj imkan\u0131<\/p>\n<\/li>\n<li class=\"\" data-start=\"1288\" data-end=\"1330\">\n<p class=\"\" data-start=\"1290\" data-end=\"1330\">Sa\u011flam yap\u0131s\u0131 ile uzun \u00f6m\u00fcrl\u00fc kullan\u0131m<\/p>\n<\/li>\n<\/ul>","protected":false},"excerpt":{"rendered":"<p>\u0130TO Banyo \/ WC Kilidi &#8211; 16 mm Aynal\u0131 \u0130TO Banyo \/ WC Kilidi &#8211; 16 mm Aynal\u0131, banyo kilidi<\/p>","protected":false},"featured_media":4276,"comment_status":"open","ping_status":"closed","template":"","meta":{"rank_math_lock_modified_date":false},"product_cat":[313],"product_tag":[645,652,651,644,650,647,646,654,642,656,649,643,655,653,648],"class_list":{"0":"post-2325","1":"product","2":"type-product","3":"status-publish","4":"has-post-thumbnail","6":"product_cat-kilitler","7":"product_tag-16-mm-kilit","8":"product_tag-ahsap-kapi-kilidi","9":"product_tag-aynali-banyo-kilidi","10":"product_tag-aynali-kilit","11":"product_tag-banyo-kapi-kilidi","12":"product_tag-banyo-kilidi","13":"product_tag-banyo-wc-guvenligi","14":"product_tag-guvenlikli-wc-kilidi","15":"product_tag-ito-banyo-kilidi","16":"product_tag-ito-kilidi-fiyatlari","17":"product_tag-ito-marka-kilit","18":"product_tag-ito-wc-kilidi","19":"product_tag-modern-banyo-kilidi","20":"product_tag-pvc-kapi-kilidi","21":"product_tag-wc-kilidi","23":"first","24":"instock","25":"taxable","26":"shipping-taxable","27":"purchasable","28":"product-type-variable"},"_links":{"self":[{"href":"https:\/\/arma-yapi.com\/en\/wp-json\/wp\/v2\/product\/2325","targetHints":{"allow":["GET"]}}],"collection":[{"href":"https:\/\/arma-yapi.com\/en\/wp-json\/wp\/v2\/product"}],"about":[{"href":"https:\/\/arma-yapi.com\/en\/wp-json\/wp\/v2\/types\/product"}],"replies":[{"embeddable":true,"href":"https:\/\/arma-yapi.com\/en\/wp-json\/wp\/v2\/comments?post=2325"}],"version-history":[{"count":4,"href":"https:\/\/arma-yapi.com\/en\/wp-json\/wp\/v2\/product\/2325\/revisions"}],"predecessor-version":[{"id":4277,"href":"https:\/\/arma-yapi.com\/en\/wp-json\/wp\/v2\/product\/2325\/revisions\/4277"}],"wp:featuredmedia":[{"embeddable":true,"href":"https:\/\/arma-yapi.com\/en\/wp-json\/wp\/v2\/media\/4276"}],"wp:attachment":[{"href":"https:\/\/arma-yapi.com\/en\/wp-json\/wp\/v2\/media?parent=2325"}],"wp:term":[{"taxonomy":"product_cat","embeddable":true,"href":"https:\/\/arma-yapi.com\/en\/wp-json\/wp\/v2\/product_cat?post=2325"},{"taxonomy":"product_tag","embeddable":true,"href":"https:\/\/arma-yapi.com\/en\/wp-json\/wp\/v2\/product_tag?post=2325"}],"curies":[{"name":"wp","href":"https:\/\/api.w.org\/{rel}","templated":true}]}}