{"id":2283,"date":"2024-09-24T07:31:09","date_gmt":"2024-09-24T07:31:09","guid":{"rendered":"https:\/\/arma-yapi.com\/?post_type=product&#038;p=2283"},"modified":"2026-03-11T05:29:32","modified_gmt":"2026-03-11T05:29:32","slug":"swing-dugmeli-37mm","status":"publish","type":"product","link":"https:\/\/arma-yapi.com\/en\/product\/swing-dugmeli-37mm\/","title":{"rendered":"Roto Swing Kilitli Pencere Kolu 37 mm"},"content":{"rendered":"<h3 class=\"\" data-start=\"92\" data-end=\"137\"><strong data-start=\"96\" data-end=\"137\">Roto Swing Kilitli Pencere Kolu 37 mm<\/strong><\/h3>\n<p class=\"\" data-start=\"139\" data-end=\"536\"><strong data-start=\"139\" data-end=\"180\">Roto Swing Kilitli Pencere Kolu 37 mm<\/strong>, g\u00fcvenli\u011fi ve kullan\u0131m kolayl\u0131\u011f\u0131n\u0131 bir arada sunan <strong data-start=\"232\" data-end=\"244\">Roto kol<\/strong> serisinin \u00f6ne \u00e7\u0131kan modellerindendir. <strong data-start=\"283\" data-end=\"305\">37 mm mil uzunlu\u011fu<\/strong> ile uyumlu olan bu <strong data-start=\"325\" data-end=\"347\">Swing pencere kolu<\/strong>, <strong data-start=\"349\" data-end=\"370\">kilitli mekanizma<\/strong> \u00f6zelli\u011fi sayesinde pencerenizi d\u0131\u015far\u0131dan a\u00e7\u0131lmaya kar\u015f\u0131 g\u00fcvence alt\u0131na al\u0131r. <strong data-start=\"448\" data-end=\"466\">Roto Swing kol<\/strong>, \u00f6zellikle g\u00fcvenlik konusunda hassas olan kullan\u0131c\u0131lar i\u00e7in idealdir.<\/p>\n<p class=\"\" data-start=\"538\" data-end=\"876\">Bu <strong data-start=\"541\" data-end=\"565\">kilitli pencere kolu<\/strong>, <strong data-start=\"567\" data-end=\"580\">al\u00fcminyum<\/strong> ve <strong data-start=\"584\" data-end=\"613\">PVC pencere sistemleriyle<\/strong> uyumludur ve y\u00fcksek g\u00fcvenlik seviyesinin yan\u0131 s\u0131ra ergonomik bir kullan\u0131m sa\u011flar. <strong data-start=\"696\" data-end=\"731\">Roto Swing Kilitli Pencere Kolu<\/strong>, pencere a\u00e7ma ve kapama i\u015flemlerini daha g\u00fcvenli ve rahat hale getirir. Dayan\u0131kl\u0131 yap\u0131s\u0131 ve <strong data-start=\"824\" data-end=\"841\">Roto kalitesi<\/strong> ile uzun \u00f6m\u00fcrl\u00fc performans sa\u011flar.<\/p>\n<p class=\"\" data-start=\"878\" data-end=\"903\"><strong data-start=\"878\" data-end=\"903\">\u00d6ne \u00c7\u0131kan \u00d6zellikler:<\/strong><\/p>\n<ul data-start=\"904\" data-end=\"1166\">\n<li class=\"\" data-start=\"904\" data-end=\"930\">\n<p class=\"\" data-start=\"906\" data-end=\"930\"><strong data-start=\"906\" data-end=\"928\">37 mm mil uzunlu\u011fu<\/strong><\/p>\n<\/li>\n<li class=\"\" data-start=\"931\" data-end=\"976\">\n<p class=\"\" data-start=\"933\" data-end=\"976\"><strong data-start=\"933\" data-end=\"954\">Kilitli mekanizma<\/strong> ile ekstra g\u00fcvenlik<\/p>\n<\/li>\n<li class=\"\" data-start=\"977\" data-end=\"1016\">\n<p class=\"\" data-start=\"979\" data-end=\"1016\">Ergonomik tasar\u0131m ve rahat kullan\u0131m<\/p>\n<\/li>\n<li class=\"\" data-start=\"1017\" data-end=\"1074\">\n<p class=\"\" data-start=\"1019\" data-end=\"1074\"><strong data-start=\"1019\" data-end=\"1032\">Al\u00fcminyum<\/strong> ve <strong data-start=\"1036\" data-end=\"1072\">PVC pencere sistemleriyle uyumlu<\/strong><\/p>\n<\/li>\n<li class=\"\" data-start=\"1075\" data-end=\"1121\">\n<p class=\"\" data-start=\"1077\" data-end=\"1121\"><strong data-start=\"1077\" data-end=\"1094\">Roto kalitesi<\/strong> ile uzun \u00f6m\u00fcrl\u00fc kullan\u0131m<\/p>\n<\/li>\n<li class=\"\" data-start=\"1122\" data-end=\"1166\">\n<p class=\"\" data-start=\"1124\" data-end=\"1166\">Pencere g\u00fcvenli\u011fini art\u0131ran pratik \u00e7\u00f6z\u00fcm<\/p>\n<\/li>\n<\/ul>","protected":false},"excerpt":{"rendered":"<p>Roto Swing Kilitli Pencere Kolu 37 mm Roto Swing Kilitli Pencere Kolu 37 mm, g\u00fcvenli\u011fi ve kullan\u0131m kolayl\u0131\u011f\u0131n\u0131 bir arada<\/p>","protected":false},"featured_media":5893,"comment_status":"open","ping_status":"closed","template":"","meta":{"rank_math_lock_modified_date":false},"product_cat":[310,302,305],"product_tag":[630,579,588,593,578,590,615,624,580,577,628,629],"class_list":{"0":"post-2283","1":"product","2":"type-product","3":"status-publish","4":"has-post-thumbnail","6":"product_cat-pencere-kapi-sistemleri","7":"product_cat-pvc-pencere-kapi-sistemleri","8":"product_cat-pencere-ve-kapi-kollari","9":"product_tag-37-mm-pencere-kolu","10":"product_tag-aluminyum-pencere-kolu","11":"product_tag-ergonomik-pencere-kolu","12":"product_tag-guvenlikli-pencere-kolu","13":"product_tag-kilitli-pencere-kolu","14":"product_tag-pencere-kolu-fiyatlari","15":"product_tag-pvc-pencere-kolu","16":"product_tag-roto-aksesuarlari","17":"product_tag-roto-kilitli-kol","18":"product_tag-roto-kol","19":"product_tag-roto-swing","20":"product_tag-swing-pencere-kolu","22":"first","23":"instock","24":"taxable","25":"shipping-taxable","26":"purchasable","27":"product-type-simple"},"_links":{"self":[{"href":"https:\/\/arma-yapi.com\/en\/wp-json\/wp\/v2\/product\/2283","targetHints":{"allow":["GET"]}}],"collection":[{"href":"https:\/\/arma-yapi.com\/en\/wp-json\/wp\/v2\/product"}],"about":[{"href":"https:\/\/arma-yapi.com\/en\/wp-json\/wp\/v2\/types\/product"}],"replies":[{"embeddable":true,"href":"https:\/\/arma-yapi.com\/en\/wp-json\/wp\/v2\/comments?post=2283"}],"version-history":[{"count":6,"href":"https:\/\/arma-yapi.com\/en\/wp-json\/wp\/v2\/product\/2283\/revisions"}],"predecessor-version":[{"id":5891,"href":"https:\/\/arma-yapi.com\/en\/wp-json\/wp\/v2\/product\/2283\/revisions\/5891"}],"wp:featuredmedia":[{"embeddable":true,"href":"https:\/\/arma-yapi.com\/en\/wp-json\/wp\/v2\/media\/5893"}],"wp:attachment":[{"href":"https:\/\/arma-yapi.com\/en\/wp-json\/wp\/v2\/media?parent=2283"}],"wp:term":[{"taxonomy":"product_cat","embeddable":true,"href":"https:\/\/arma-yapi.com\/en\/wp-json\/wp\/v2\/product_cat?post=2283"},{"taxonomy":"product_tag","embeddable":true,"href":"https:\/\/arma-yapi.com\/en\/wp-json\/wp\/v2\/product_tag?post=2283"}],"curies":[{"name":"wp","href":"https:\/\/api.w.org\/{rel}","templated":true}]}}