{"id":2270,"date":"2024-09-24T07:17:04","date_gmt":"2024-09-24T07:17:04","guid":{"rendered":"https:\/\/arma-yapi.com\/?post_type=product&#038;p=2270"},"modified":"2025-12-30T13:01:23","modified_gmt":"2025-12-30T13:01:23","slug":"125kg-aluminyum-3d-ayarli-kapi-mentesesi-aluminyum-govde","status":"publish","type":"product","link":"https:\/\/arma-yapi.com\/en\/product\/125kg-aluminyum-3d-ayarli-kapi-mentesesi-aluminyum-govde\/","title":{"rendered":"125Kg Aluminum 3D Adjustable Door Hinge Aluminum Body"},"content":{"rendered":"<div>Carrying Capacity: Max.125Kg<\/div>\n<div>Body Type: Aluminum Casting<\/div>\n<div>Surface Coating; Electrostatic SailPaint Powder Paint<\/div>\n<div>Pins; Stainless Steel Pin Option<\/div>\n<div>Setting Option; 3D Setting Mechanism<\/div>\n<div>Assembly; Saves time with easy assembly.<\/div>\n<div>Coating; It has long-lasting corrosion protection with YelkenPaint Surface Paint.<\/div>\n<div>Certificate; Complies with TSE Standards<\/div>","protected":false},"excerpt":{"rendered":"<p>Ta\u015f\u0131ma Kapastesi;\u00a0Max.125Kg G\u00f6vde Tipi;\u00a0Al\u00fcminyum D\u00f6k\u00fcm Y\u00fczey Kaplama;Elektrostatik YelkenPaint Toz Boya Pimler;Paslanmaz Pim Opsiyonlu Ayar Opsiyonu;3D Ayar Mekanizmas\u0131 Montaj ;\u00a0Kolay Montaj<\/p>","protected":false},"featured_media":3961,"comment_status":"open","ping_status":"closed","template":"","meta":{"rank_math_lock_modified_date":false},"product_cat":[310,302,306],"product_tag":[514,515,516,517],"class_list":{"0":"post-2270","1":"product","2":"type-product","3":"status-publish","4":"has-post-thumbnail","6":"product_cat-pencere-kapi-sistemleri","7":"product_cat-pvc-pencere-kapi-sistemleri","8":"product_cat-pencere-ve-kapi-menteseleri","9":"product_tag-3d-ayarli-kapi-mentesesi","10":"product_tag-ayarli-kapi-mentesesi","11":"product_tag-kapi-mentesesi","12":"product_tag-mentese","14":"first","15":"instock","16":"taxable","17":"shipping-taxable","18":"purchasable","19":"product-type-variable"},"_links":{"self":[{"href":"https:\/\/arma-yapi.com\/en\/wp-json\/wp\/v2\/product\/2270","targetHints":{"allow":["GET"]}}],"collection":[{"href":"https:\/\/arma-yapi.com\/en\/wp-json\/wp\/v2\/product"}],"about":[{"href":"https:\/\/arma-yapi.com\/en\/wp-json\/wp\/v2\/types\/product"}],"replies":[{"embeddable":true,"href":"https:\/\/arma-yapi.com\/en\/wp-json\/wp\/v2\/comments?post=2270"}],"version-history":[{"count":2,"href":"https:\/\/arma-yapi.com\/en\/wp-json\/wp\/v2\/product\/2270\/revisions"}],"predecessor-version":[{"id":2387,"href":"https:\/\/arma-yapi.com\/en\/wp-json\/wp\/v2\/product\/2270\/revisions\/2387"}],"wp:featuredmedia":[{"embeddable":true,"href":"https:\/\/arma-yapi.com\/en\/wp-json\/wp\/v2\/media\/3961"}],"wp:attachment":[{"href":"https:\/\/arma-yapi.com\/en\/wp-json\/wp\/v2\/media?parent=2270"}],"wp:term":[{"taxonomy":"product_cat","embeddable":true,"href":"https:\/\/arma-yapi.com\/en\/wp-json\/wp\/v2\/product_cat?post=2270"},{"taxonomy":"product_tag","embeddable":true,"href":"https:\/\/arma-yapi.com\/en\/wp-json\/wp\/v2\/product_tag?post=2270"}],"curies":[{"name":"wp","href":"https:\/\/api.w.org\/{rel}","templated":true}]}}