{"id":2265,"date":"2024-09-24T07:12:14","date_gmt":"2024-09-24T07:12:14","guid":{"rendered":"https:\/\/arma-yapi.com\/?post_type=product&#038;p=2265"},"modified":"2025-12-30T13:06:02","modified_gmt":"2025-12-30T13:06:02","slug":"fornax-85kg-pvc-3d-ayarli-kapi-mentesesi-zg","status":"publish","type":"product","link":"https:\/\/arma-yapi.com\/en\/product\/fornax-85kg-pvc-3d-ayarli-kapi-mentesesi-zg\/","title":{"rendered":"Fornax 85Kg Pvc, 3D Adjustable Door Hinge, ZG"},"content":{"rendered":"<div>Carrying Capacity: Max.85Kg<\/div>\n<div>Body Type: Zinc Casting<\/div>\n<div>Surface Coating; Electrostatic SailPaint Powder Paint<\/div>\n<div>Pins; Stainless Steel Pin Option<\/div>\n<div>Setting Option; 3D Setting Mechanism<\/div>\n<div>Assembly; Saves time with easy assembly.<\/div>\n<div>Coating; It has long-lasting corrosion protection with YelkenPaint Surface Paint.<\/div>\n<div>Certificate; Complies with TSE Standards<\/div>","protected":false},"excerpt":{"rendered":"<p>Ta\u015f\u0131ma Kapastesi;\u00a0Max.85Kg G\u00f6vde Tipi;\u00a0Zamak D\u00f6k\u00fcm Y\u00fczey Kaplama;Elektrostatik YelkenPaint Toz Boya Pimler;Paslanmaz Pim Opsiyonlu Ayar Opsiyonu;3D Ayar Mekanizmas\u0131 Montaj ;\u00a0Kolay Montaj<\/p>","protected":false},"featured_media":2266,"comment_status":"open","ping_status":"closed","template":"","meta":{"rank_math_lock_modified_date":false},"product_cat":[310,302,306],"product_tag":[],"class_list":{"0":"post-2265","1":"product","2":"type-product","3":"status-publish","4":"has-post-thumbnail","6":"product_cat-pencere-kapi-sistemleri","7":"product_cat-pvc-pencere-kapi-sistemleri","8":"product_cat-pencere-ve-kapi-menteseleri","10":"first","11":"instock","12":"taxable","13":"shipping-taxable","14":"purchasable","15":"product-type-variable"},"_links":{"self":[{"href":"https:\/\/arma-yapi.com\/en\/wp-json\/wp\/v2\/product\/2265","targetHints":{"allow":["GET"]}}],"collection":[{"href":"https:\/\/arma-yapi.com\/en\/wp-json\/wp\/v2\/product"}],"about":[{"href":"https:\/\/arma-yapi.com\/en\/wp-json\/wp\/v2\/types\/product"}],"replies":[{"embeddable":true,"href":"https:\/\/arma-yapi.com\/en\/wp-json\/wp\/v2\/comments?post=2265"}],"version-history":[{"count":1,"href":"https:\/\/arma-yapi.com\/en\/wp-json\/wp\/v2\/product\/2265\/revisions"}],"predecessor-version":[{"id":2269,"href":"https:\/\/arma-yapi.com\/en\/wp-json\/wp\/v2\/product\/2265\/revisions\/2269"}],"wp:featuredmedia":[{"embeddable":true,"href":"https:\/\/arma-yapi.com\/en\/wp-json\/wp\/v2\/media\/2266"}],"wp:attachment":[{"href":"https:\/\/arma-yapi.com\/en\/wp-json\/wp\/v2\/media?parent=2265"}],"wp:term":[{"taxonomy":"product_cat","embeddable":true,"href":"https:\/\/arma-yapi.com\/en\/wp-json\/wp\/v2\/product_cat?post=2265"},{"taxonomy":"product_tag","embeddable":true,"href":"https:\/\/arma-yapi.com\/en\/wp-json\/wp\/v2\/product_tag?post=2265"}],"curies":[{"name":"wp","href":"https:\/\/api.w.org\/{rel}","templated":true}]}}