{"id":2246,"date":"2024-09-23T14:45:52","date_gmt":"2024-09-23T14:45:52","guid":{"rendered":"https:\/\/arma-yapi.com\/?post_type=product&#038;p=2246"},"modified":"2026-03-11T05:24:40","modified_gmt":"2026-03-11T05:24:40","slug":"roto-rsw-sec-pencere-kolu-43-mm","status":"publish","type":"product","link":"https:\/\/arma-yapi.com\/en\/product\/roto-rsw-sec-pencere-kolu-43-mm\/","title":{"rendered":"Roto RSW Sec. Window Handle 43 mm"},"content":{"rendered":"<h3 class=\"\" data-start=\"136\" data-end=\"180\"><strong data-start=\"140\" data-end=\"180\">Roto RSW Secustik Pencere Kolu 43 mm<\/strong><\/h3>\n<p class=\"\" data-start=\"182\" data-end=\"521\"><strong data-start=\"182\" data-end=\"194\">Roto kol<\/strong> denince akla gelen g\u00fcvenlik ve dayan\u0131kl\u0131l\u0131k, <strong data-start=\"240\" data-end=\"274\">Roto RSW Secustik pencere kolu<\/strong> ile birle\u015fiyor. <strong data-start=\"291\" data-end=\"313\">43 mm mil uzunlu\u011fu<\/strong> ile uyumlu bu <strong data-start=\"328\" data-end=\"349\">Roto pencere kolu<\/strong>, <strong data-start=\"351\" data-end=\"375\">Secustik teknolojisi<\/strong> sayesinde pencerenize ek g\u00fcvenlik sa\u011flar. D\u0131\u015far\u0131dan m\u00fcdahale ile a\u00e7\u0131lmay\u0131 engelleyen bu <strong data-start=\"464\" data-end=\"476\">Roto kol<\/strong>, h\u0131rs\u0131zl\u0131\u011fa kar\u015f\u0131 m\u00fckemmel bir koruma sunar.<\/p>\n<p class=\"\" data-start=\"523\" data-end=\"841\">Estetik ve ergonomik tasar\u0131m\u0131yla <strong data-start=\"556\" data-end=\"577\">Roto pencere kolu<\/strong>, al\u00fcminyum ve PVC sistemlere uyumlu olup uzun \u00f6m\u00fcrl\u00fc ve g\u00fcvenilir bir kullan\u0131m sa\u011flar. Bu <strong data-start=\"668\" data-end=\"680\">Roto kol<\/strong>, \u00f6zellikle g\u00fcvenlik konusunda hassas olan kullan\u0131c\u0131lar i\u00e7in ideal bir tercihtir. Hem konutlarda hem de ticari projelerde kullan\u0131labilecek m\u00fckemmel bir \u00e7\u00f6z\u00fcmd\u00fcr.<\/p>\n<p class=\"\" data-start=\"843\" data-end=\"868\"><strong data-start=\"843\" data-end=\"868\">\u00d6ne \u00c7\u0131kan \u00d6zellikler:<\/strong><\/p>\n<ul data-start=\"869\" data-end=\"1110\">\n<li class=\"\" data-start=\"869\" data-end=\"891\">\n<p class=\"\" data-start=\"871\" data-end=\"891\">43 mm mil uzunlu\u011fu<\/p>\n<\/li>\n<li class=\"\" data-start=\"892\" data-end=\"943\">\n<p class=\"\" data-start=\"894\" data-end=\"943\">Secustik g\u00fcvenlik teknolojisi ile ekstra koruma<\/p>\n<\/li>\n<li class=\"\" data-start=\"944\" data-end=\"995\">\n<p class=\"\" data-start=\"946\" data-end=\"995\">Al\u00fcminyum ve PVC pencere sistemleriyle tam uyum<\/p>\n<\/li>\n<li class=\"\" data-start=\"996\" data-end=\"1035\">\n<p class=\"\" data-start=\"998\" data-end=\"1035\">Ergonomik tasar\u0131m ve rahat kullan\u0131m<\/p>\n<\/li>\n<li class=\"\" data-start=\"1036\" data-end=\"1077\">\n<p class=\"\" data-start=\"1038\" data-end=\"1077\"><strong data-start=\"1038\" data-end=\"1050\">Roto kol<\/strong> kalitesiyle dayan\u0131kl\u0131l\u0131k<\/p>\n<\/li>\n<li class=\"\" data-start=\"1078\" data-end=\"1110\">\n<p class=\"\" data-start=\"1080\" data-end=\"1110\">H\u0131rs\u0131zl\u0131\u011fa kar\u015f\u0131 ek g\u00fcvenlik<\/p>\n<\/li>\n<\/ul>","protected":false},"excerpt":{"rendered":"<p>40mm window handle<\/p>","protected":false},"featured_media":3951,"comment_status":"open","ping_status":"closed","template":"","meta":{"rank_math_lock_modified_date":false},"product_cat":[310,302,305],"product_tag":[613,579,593,595,513,512,615,577,597,586,507,511,614,612,509],"class_list":{"0":"post-2246","1":"product","2":"type-product","3":"status-publish","4":"has-post-thumbnail","6":"product_cat-pencere-kapi-sistemleri","7":"product_cat-pvc-pencere-kapi-sistemleri","8":"product_cat-pencere-ve-kapi-kollari","9":"product_tag-43-mm-pencere-kolu","10":"product_tag-aluminyum-pencere-kolu","11":"product_tag-guvenlikli-pencere-kolu","12":"product_tag-hirsizliga-karsi-pencere-kolu","13":"product_tag-pencere-kolu","14":"product_tag-pencere-kolu-43-mm","15":"product_tag-pvc-pencere-kolu","16":"product_tag-roto-kol","17":"product_tag-roto-kol-fiyatlari","18":"product_tag-roto-pencere-aksesuarlari","19":"product_tag-roto-pencere-kolu","20":"product_tag-roto-rsw-sec-pencere-kolu-43-mm","21":"product_tag-roto-rsw-secustik","22":"product_tag-roto-secustik","23":"product_tag-secustik-pencere-kolu","25":"first","26":"instock","27":"taxable","28":"shipping-taxable","29":"purchasable","30":"product-type-variable"},"_links":{"self":[{"href":"https:\/\/arma-yapi.com\/en\/wp-json\/wp\/v2\/product\/2246","targetHints":{"allow":["GET"]}}],"collection":[{"href":"https:\/\/arma-yapi.com\/en\/wp-json\/wp\/v2\/product"}],"about":[{"href":"https:\/\/arma-yapi.com\/en\/wp-json\/wp\/v2\/types\/product"}],"replies":[{"embeddable":true,"href":"https:\/\/arma-yapi.com\/en\/wp-json\/wp\/v2\/comments?post=2246"}],"version-history":[{"count":3,"href":"https:\/\/arma-yapi.com\/en\/wp-json\/wp\/v2\/product\/2246\/revisions"}],"predecessor-version":[{"id":4127,"href":"https:\/\/arma-yapi.com\/en\/wp-json\/wp\/v2\/product\/2246\/revisions\/4127"}],"wp:featuredmedia":[{"embeddable":true,"href":"https:\/\/arma-yapi.com\/en\/wp-json\/wp\/v2\/media\/3951"}],"wp:attachment":[{"href":"https:\/\/arma-yapi.com\/en\/wp-json\/wp\/v2\/media?parent=2246"}],"wp:term":[{"taxonomy":"product_cat","embeddable":true,"href":"https:\/\/arma-yapi.com\/en\/wp-json\/wp\/v2\/product_cat?post=2246"},{"taxonomy":"product_tag","embeddable":true,"href":"https:\/\/arma-yapi.com\/en\/wp-json\/wp\/v2\/product_tag?post=2246"}],"curies":[{"name":"wp","href":"https:\/\/api.w.org\/{rel}","templated":true}]}}