{"id":2235,"date":"2024-09-23T14:36:41","date_gmt":"2024-09-23T14:36:41","guid":{"rendered":"https:\/\/arma-yapi.com\/?post_type=product&#038;p=2235"},"modified":"2026-02-12T06:15:59","modified_gmt":"2026-02-12T06:15:59","slug":"barel-nikel-s5","status":"publish","type":"product","link":"https:\/\/arma-yapi.com\/en\/product\/barel-nikel-s5\/","title":{"rendered":"Roto Barel Nikel S5"},"content":{"rendered":"<h3 class=\"\" data-start=\"203\" data-end=\"230\"><strong data-start=\"207\" data-end=\"230\">Roto Barel Nikel S5<\/strong><\/h3>\n<p class=\"\" data-start=\"232\" data-end=\"516\"><strong data-start=\"232\" data-end=\"255\">Roto Barel Nikel S5<\/strong>, y\u00fcksek g\u00fcvenlik ve uzun \u00f6m\u00fcrl\u00fc kullan\u0131m sunan, dayan\u0131kl\u0131 <strong data-start=\"314\" data-end=\"339\">nikel kaplamal\u0131 barel<\/strong> modelidir. <strong data-start=\"351\" data-end=\"376\">Kap\u0131 kilit sistemleri<\/strong> i\u00e7in \u00f6zel olarak geli\u015ftirilen bu <strong data-start=\"410\" data-end=\"424\">Roto barel<\/strong>, \u015f\u0131k g\u00f6r\u00fcn\u00fcm\u00fc ve sa\u011flam yap\u0131s\u0131yla g\u00fcvenli\u011fi \u00f6n planda tutanlar i\u00e7in m\u00fckemmel bir tercihtir.<\/p>\n<p class=\"\" data-start=\"518\" data-end=\"775\"><strong data-start=\"518\" data-end=\"538\">Roto marka barel<\/strong>, d\u0131\u015f m\u00fcdahalelere kar\u015f\u0131 diren\u00e7li yap\u0131s\u0131yla \u00f6ne \u00e7\u0131kar. <strong data-start=\"593\" data-end=\"608\">Nikel y\u00fczey<\/strong>, paslanmalara ve a\u015f\u0131nmalara kar\u015f\u0131 uzun s\u00fcreli koruma sa\u011flar. <strong data-start=\"670\" data-end=\"710\">Ah\u015fap, PVC ve \u00e7elik kap\u0131larla uyumlu<\/strong> olan bu barel, hem i\u00e7 mekan hem d\u0131\u015f kap\u0131lar i\u00e7in kullan\u0131labilir.<\/p>\n<p class=\"\" data-start=\"777\" data-end=\"884\">Bir\u00e7ok farkl\u0131 \u00f6l\u00e7\u00fc se\u00e7ene\u011fi sayesinde ihtiyac\u0131n\u0131za en uygun <strong data-start=\"837\" data-end=\"851\">Roto barel<\/strong> modelini kolayca se\u00e7ebilirsiniz.<\/p>\n<hr class=\"\" data-start=\"886\" data-end=\"889\" \/>\n<h3 class=\"\" data-start=\"891\" data-end=\"914\"><strong data-start=\"895\" data-end=\"914\">Mevcut \u00d6l\u00e7\u00fcler:<\/strong><\/h3>\n<ul data-start=\"915\" data-end=\"1002\">\n<li class=\"\" data-start=\"915\" data-end=\"929\">\n<p class=\"\" data-start=\"917\" data-end=\"929\">35 x 55 mm<\/p>\n<\/li>\n<li class=\"\" data-start=\"930\" data-end=\"944\">\n<p class=\"\" data-start=\"932\" data-end=\"944\">40 x 40 mm<\/p>\n<\/li>\n<li class=\"\" data-start=\"945\" data-end=\"959\">\n<p class=\"\" data-start=\"947\" data-end=\"959\">40 x 60 mm<\/p>\n<\/li>\n<li class=\"\" data-start=\"960\" data-end=\"974\">\n<p class=\"\" data-start=\"962\" data-end=\"974\">45 x 55 mm<\/p>\n<\/li>\n<li class=\"\" data-start=\"975\" data-end=\"989\">\n<p class=\"\" data-start=\"977\" data-end=\"989\">50 x 50 mm<\/p>\n<\/li>\n<li class=\"\" data-start=\"990\" data-end=\"1002\">\n<p class=\"\" data-start=\"992\" data-end=\"1002\">50 x 60 mm<\/p>\n<\/li>\n<\/ul>\n<hr class=\"\" data-start=\"1004\" data-end=\"1007\" \/>\n<h3 class=\"\" data-start=\"1009\" data-end=\"1038\"><strong data-start=\"1013\" data-end=\"1038\">\u00d6ne \u00c7\u0131kan \u00d6zellikler:<\/strong><\/h3>\n<ul data-start=\"1039\" data-end=\"1366\">\n<li class=\"\" data-start=\"1039\" data-end=\"1087\">\n<p class=\"\" data-start=\"1041\" data-end=\"1087\"><strong data-start=\"1041\" data-end=\"1065\">Roto S5 serisi barel<\/strong> ile y\u00fcksek g\u00fcvenlik<\/p>\n<\/li>\n<li class=\"\" data-start=\"1088\" data-end=\"1145\">\n<p class=\"\" data-start=\"1090\" data-end=\"1145\"><strong data-start=\"1090\" data-end=\"1107\">Nikel kaplama<\/strong> sayesinde dayan\u0131kl\u0131 ve estetik yap\u0131<\/p>\n<\/li>\n<li class=\"\" data-start=\"1146\" data-end=\"1186\">\n<p class=\"\" data-start=\"1148\" data-end=\"1186\">Farkl\u0131 \u00f6l\u00e7\u00fclerle <strong data-start=\"1165\" data-end=\"1184\">her kap\u0131ya uyum<\/strong><\/p>\n<\/li>\n<li class=\"\" data-start=\"1187\" data-end=\"1229\">\n<p class=\"\" data-start=\"1189\" data-end=\"1229\"><strong data-start=\"1189\" data-end=\"1220\">Ah\u015fap, PVC, \u00e7elik kap\u0131larla<\/strong> uyumlu<\/p>\n<\/li>\n<li class=\"\" data-start=\"1230\" data-end=\"1280\">\n<p class=\"\" data-start=\"1232\" data-end=\"1280\"><strong data-start=\"1232\" data-end=\"1258\">Kap\u0131 kilidi sistemleri<\/strong> ile tam entegrasyon<\/p>\n<\/li>\n<li class=\"\" data-start=\"1281\" data-end=\"1319\">\n<p class=\"\" data-start=\"1283\" data-end=\"1319\">Kolay montaj, uzun \u00f6m\u00fcrl\u00fc kullan\u0131m<\/p>\n<\/li>\n<li class=\"\" data-start=\"1320\" data-end=\"1366\">\n<p class=\"\" data-start=\"1322\" data-end=\"1366\"><strong data-start=\"1322\" data-end=\"1342\">Roto kalitesiyle<\/strong> \u00fcretilmi\u015f g\u00fcvenli barel<\/p>\n<\/li>\n<\/ul>","protected":false},"excerpt":{"rendered":"<p>Roto Barel Nikel S5 Roto Barel Nikel S5, y\u00fcksek g\u00fcvenlik ve uzun \u00f6m\u00fcrl\u00fc kullan\u0131m sunan, dayan\u0131kl\u0131 nikel kaplamal\u0131 barel modelidir.<\/p>","protected":false},"featured_media":4149,"comment_status":"open","ping_status":"closed","template":"","meta":{"rank_math_lock_modified_date":false},"product_cat":[314],"product_tag":[695,696,697,698,699,700,521,694,691,690,687,689,683,688,686,692,682,701,685,693,684],"class_list":{"0":"post-2235","1":"product","2":"type-product","3":"status-publish","4":"has-post-thumbnail","6":"product_cat-silindirler","7":"product_tag-35x55-barel","8":"product_tag-40x40-barel","9":"product_tag-40x60-barel","10":"product_tag-45x55-barel","11":"product_tag-50x50-barel","12":"product_tag-50x60-barel","13":"product_tag-barel","14":"product_tag-barel-olculeri","15":"product_tag-celik-kapi-bareli","16":"product_tag-dis-kapi-bareli","17":"product_tag-guvenlik-bareli","18":"product_tag-ic-kapi-bareli","19":"product_tag-kapi-bareli","20":"product_tag-kapi-kilidi-bareli","21":"product_tag-nikel-kaplama-barel","22":"product_tag-pvc-kapi-bareli","23":"product_tag-roto-barel","24":"product_tag-roto-barel-fiyatlari","25":"product_tag-roto-barel-nikel","26":"product_tag-roto-kapi-bareli","27":"product_tag-roto-s5-barel","29":"first","30":"instock","31":"taxable","32":"shipping-taxable","33":"purchasable","34":"product-type-variable"},"_links":{"self":[{"href":"https:\/\/arma-yapi.com\/en\/wp-json\/wp\/v2\/product\/2235","targetHints":{"allow":["GET"]}}],"collection":[{"href":"https:\/\/arma-yapi.com\/en\/wp-json\/wp\/v2\/product"}],"about":[{"href":"https:\/\/arma-yapi.com\/en\/wp-json\/wp\/v2\/types\/product"}],"replies":[{"embeddable":true,"href":"https:\/\/arma-yapi.com\/en\/wp-json\/wp\/v2\/comments?post=2235"}],"version-history":[{"count":2,"href":"https:\/\/arma-yapi.com\/en\/wp-json\/wp\/v2\/product\/2235\/revisions"}],"predecessor-version":[{"id":4150,"href":"https:\/\/arma-yapi.com\/en\/wp-json\/wp\/v2\/product\/2235\/revisions\/4150"}],"wp:featuredmedia":[{"embeddable":true,"href":"https:\/\/arma-yapi.com\/en\/wp-json\/wp\/v2\/media\/4149"}],"wp:attachment":[{"href":"https:\/\/arma-yapi.com\/en\/wp-json\/wp\/v2\/media?parent=2235"}],"wp:term":[{"taxonomy":"product_cat","embeddable":true,"href":"https:\/\/arma-yapi.com\/en\/wp-json\/wp\/v2\/product_cat?post=2235"},{"taxonomy":"product_tag","embeddable":true,"href":"https:\/\/arma-yapi.com\/en\/wp-json\/wp\/v2\/product_tag?post=2235"}],"curies":[{"name":"wp","href":"https:\/\/api.w.org\/{rel}","templated":true}]}}