{"id":2231,"date":"2024-09-23T13:58:12","date_gmt":"2024-09-23T13:58:12","guid":{"rendered":"https:\/\/arma-yapi.com\/?post_type=product&#038;p=2231"},"modified":"2026-03-11T05:28:52","modified_gmt":"2026-03-11T05:28:52","slug":"roto-rtl-kapi-kolu-92-eksen","status":"publish","type":"product","link":"https:\/\/arma-yapi.com\/en\/product\/roto-rtl-kapi-kolu-92-eksen\/","title":{"rendered":"Roto RTL Door Handle 92 Axis"},"content":{"rendered":"<h3 class=\"\" data-start=\"82\" data-end=\"117\"><strong data-start=\"86\" data-end=\"117\">Roto RTL Door Handle 92 Axis<\/strong><\/h3>\n<p class=\"\" data-start=\"119\" data-end=\"438\"><strong data-start=\"119\" data-end=\"150\">Roto RTL kap\u0131 kolu 92 eksen<\/strong>, <strong data-start=\"152\" data-end=\"164\">Roto kol<\/strong> serisinin kaliteli ve \u015f\u0131k tasar\u0131ma sahip \u00fcr\u00fcnlerinden biridir. <strong data-start=\"228\" data-end=\"251\">92 mm eksen aral\u0131\u011f\u0131<\/strong> ile tasarlanm\u0131\u015f bu <strong data-start=\"271\" data-end=\"289\">Roto kap\u0131 kolu<\/strong>, al\u00fcminyum ve PVC kap\u0131 sistemleri i\u00e7in m\u00fckemmel bir \u00e7\u00f6z\u00fcmd\u00fcr. Modern tasar\u0131m\u0131 ve ergonomik yap\u0131s\u0131 ile hem estetik hem de fonksiyonel kullan\u0131m sunar.<\/p>\n<p class=\"\" data-start=\"440\" data-end=\"737\"><strong data-start=\"440\" data-end=\"462\">Roto RTL kap\u0131 kolu<\/strong>, sa\u011flam yap\u0131s\u0131 ve dayan\u0131kl\u0131 mekanizmas\u0131 ile uzun s\u00fcreli kullan\u0131m sa\u011flar. Hem i\u00e7 hem de d\u0131\u015f kap\u0131larda kullan\u0131labilen bu \u00fcr\u00fcn, \u00f6zellikle ticari ve konut projelerinde tercih edilmektedir. <strong data-start=\"648\" data-end=\"660\">Roto kol<\/strong>, g\u00fcvenlik ve konforu bir arada sunarak, kullan\u0131c\u0131lar\u0131n memnuniyetini sa\u011flar.<\/p>\n<p class=\"\" data-start=\"739\" data-end=\"764\"><strong data-start=\"739\" data-end=\"764\">\u00d6ne \u00c7\u0131kan \u00d6zellikler:<\/strong><\/p>\n<ul data-start=\"765\" data-end=\"944\">\n<li class=\"\" data-start=\"765\" data-end=\"789\">\n<p class=\"\" data-start=\"767\" data-end=\"789\">92 mm eksen mesafesi<\/p>\n<\/li>\n<li class=\"\" data-start=\"790\" data-end=\"823\">\n<p class=\"\" data-start=\"792\" data-end=\"823\">Dayan\u0131kl\u0131 ve uzun \u00f6m\u00fcrl\u00fc yap\u0131<\/p>\n<\/li>\n<li class=\"\" data-start=\"824\" data-end=\"855\">\n<p class=\"\" data-start=\"826\" data-end=\"855\">Ergonomik ve modern tasar\u0131m<\/p>\n<\/li>\n<li class=\"\" data-start=\"856\" data-end=\"902\">\n<p class=\"\" data-start=\"858\" data-end=\"902\">Al\u00fcminyum ve PVC kap\u0131 sistemleriyle uyumlu<\/p>\n<\/li>\n<li class=\"\" data-start=\"903\" data-end=\"944\">\n<p class=\"\" data-start=\"905\" data-end=\"944\">Roto kalitesiyle g\u00fcvenilir performans<\/p>\n<\/li>\n<\/ul>","protected":false},"excerpt":{"rendered":"<p>Roto RTL Kap\u0131 Kolu 92 Eksen Roto RTL kap\u0131 kolu 92 eksen, Roto kol serisinin kaliteli ve \u015f\u0131k tasar\u0131ma sahip<\/p>","protected":false},"featured_media":4116,"comment_status":"open","ping_status":"closed","template":"","meta":{"rank_math_lock_modified_date":false},"product_cat":[310,302,305],"product_tag":[609,610,602,606,607,601,603,605,576,577,616,617],"class_list":{"0":"post-2231","1":"product","2":"type-product","3":"status-publish","4":"has-post-thumbnail","6":"product_cat-pencere-kapi-sistemleri","7":"product_cat-pvc-pencere-kapi-sistemleri","8":"product_cat-pencere-ve-kapi-kollari","9":"product_tag-92-eksen-kapi-kolu","10":"product_tag-92-mm-kapi-kolu","11":"product_tag-aluminyum-kapi-kolu","12":"product_tag-dis-kapi-kolu","13":"product_tag-ic-kapi-kolu","14":"product_tag-kapi-kolu-roto","15":"product_tag-pvc-kapi-kolu","16":"product_tag-roto-kapi-aksesuarlari","17":"product_tag-roto-kapi-kolu","18":"product_tag-roto-kol","19":"product_tag-roto-rtl","20":"product_tag-roto-rtl-kapi-kolu","22":"first","23":"instock","24":"taxable","25":"shipping-taxable","26":"purchasable","27":"product-type-variable"},"_links":{"self":[{"href":"https:\/\/arma-yapi.com\/en\/wp-json\/wp\/v2\/product\/2231","targetHints":{"allow":["GET"]}}],"collection":[{"href":"https:\/\/arma-yapi.com\/en\/wp-json\/wp\/v2\/product"}],"about":[{"href":"https:\/\/arma-yapi.com\/en\/wp-json\/wp\/v2\/types\/product"}],"replies":[{"embeddable":true,"href":"https:\/\/arma-yapi.com\/en\/wp-json\/wp\/v2\/comments?post=2231"}],"version-history":[{"count":3,"href":"https:\/\/arma-yapi.com\/en\/wp-json\/wp\/v2\/product\/2231\/revisions"}],"predecessor-version":[{"id":4130,"href":"https:\/\/arma-yapi.com\/en\/wp-json\/wp\/v2\/product\/2231\/revisions\/4130"}],"wp:featuredmedia":[{"embeddable":true,"href":"https:\/\/arma-yapi.com\/en\/wp-json\/wp\/v2\/media\/4116"}],"wp:attachment":[{"href":"https:\/\/arma-yapi.com\/en\/wp-json\/wp\/v2\/media?parent=2231"}],"wp:term":[{"taxonomy":"product_cat","embeddable":true,"href":"https:\/\/arma-yapi.com\/en\/wp-json\/wp\/v2\/product_cat?post=2231"},{"taxonomy":"product_tag","embeddable":true,"href":"https:\/\/arma-yapi.com\/en\/wp-json\/wp\/v2\/product_tag?post=2231"}],"curies":[{"name":"wp","href":"https:\/\/api.w.org\/{rel}","templated":true}]}}