{"id":2222,"date":"2024-09-23T13:55:46","date_gmt":"2024-09-23T13:55:46","guid":{"rendered":"https:\/\/arma-yapi.com\/?post_type=product&#038;p=2222"},"modified":"2026-03-30T07:49:43","modified_gmt":"2026-03-30T07:49:43","slug":"roto-rtl-kapi-kolu-85-eksen","status":"publish","type":"product","link":"https:\/\/arma-yapi.com\/en\/product\/roto-rtl-kapi-kolu-85-eksen\/","title":{"rendered":"Roto RTL Door Handle 85 Axis"},"content":{"rendered":"<h3 class=\"\" data-start=\"82\" data-end=\"117\"><strong data-start=\"86\" data-end=\"117\">Roto RTL Door Handle 85 Axis<\/strong><\/h3>\n<p class=\"\" data-start=\"119\" data-end=\"388\"><strong data-start=\"119\" data-end=\"150\">Roto RTL kap\u0131 kolu 85 eksen<\/strong>, g\u00fcvenlik ve esteti\u011fi bir araya getiren, <strong data-start=\"192\" data-end=\"210\">Roto kap\u0131 kolu<\/strong> serisinin \u00f6ne \u00e7\u0131kan modellerindendir. <strong data-start=\"249\" data-end=\"272\">85 mm eksen aral\u0131\u011f\u0131<\/strong> ile tasarlanm\u0131\u015f bu <strong data-start=\"292\" data-end=\"304\">Roto kol<\/strong>, \u00f6zellikle al\u00fcminyum ve PVC kap\u0131 sistemlerinde kullan\u0131ma uygun olarak \u00fcretilmi\u015ftir.<\/p>\n<p class=\"\" data-start=\"390\" data-end=\"713\">Ergonomik tutu\u015fu ve sa\u011flam yap\u0131s\u0131 ile uzun s\u00fcreli kullan\u0131m imk\u00e2n\u0131 sunan <strong data-start=\"462\" data-end=\"484\">Roto RTL kap\u0131 kolu<\/strong>, kap\u0131lar\u0131n\u0131zda estetik bir g\u00f6r\u00fcn\u00fcm sa\u011flar ve g\u00fcvenli\u011fi art\u0131r\u0131r. Hem konut hem de ticari projelerde g\u00fcvenle tercih edilebilecek bu \u00fcr\u00fcn, Roto&#8217;nun m\u00fchendislik kalitesini yans\u0131t\u0131r. Uzun \u00f6m\u00fcrl\u00fc, sorunsuz ve konforlu kullan\u0131m sa\u011flar.<\/p>\n<p class=\"\" data-start=\"715\" data-end=\"740\"><strong data-start=\"715\" data-end=\"740\">\u00d6ne \u00c7\u0131kan \u00d6zellikler:<\/strong><\/p>\n<ul data-start=\"741\" data-end=\"908\">\n<li class=\"\" data-start=\"741\" data-end=\"765\">\n<p class=\"\" data-start=\"743\" data-end=\"765\">85 mm eksen mesafesi<\/p>\n<\/li>\n<li class=\"\" data-start=\"766\" data-end=\"794\">\n<p class=\"\" data-start=\"768\" data-end=\"794\">Dayan\u0131kl\u0131 ve sa\u011flam yap\u0131<\/p>\n<\/li>\n<li class=\"\" data-start=\"795\" data-end=\"816\">\n<p class=\"\" data-start=\"797\" data-end=\"816\">Ergonomik tasar\u0131m<\/p>\n<\/li>\n<li class=\"\" data-start=\"817\" data-end=\"864\">\n<p class=\"\" data-start=\"819\" data-end=\"864\">Al\u00fcminyum ve PVC kap\u0131 sistemleri ile uyumlu<\/p>\n<\/li>\n<li class=\"\" data-start=\"865\" data-end=\"908\">\n<p class=\"\" data-start=\"867\" data-end=\"908\">Roto kalitesiyle uzun \u00f6m\u00fcrl\u00fc performans<\/p>\n<\/li>\n<\/ul>","protected":false},"excerpt":{"rendered":"<p>Roto RTL Kap\u0131 Kolu 85 Eksen Roto RTL kap\u0131 kolu 85 eksen, g\u00fcvenlik ve esteti\u011fi bir araya getiren, Roto kap\u0131<\/p>","protected":false},"featured_media":4116,"comment_status":"open","ping_status":"closed","template":"","meta":{"rank_math_lock_modified_date":false},"product_cat":[310,302,305],"product_tag":[600,604,602,606,607,601,603,605,576,577,616,617],"class_list":{"0":"post-2222","1":"product","2":"type-product","3":"status-publish","4":"has-post-thumbnail","6":"product_cat-pencere-kapi-sistemleri","7":"product_cat-pvc-pencere-kapi-sistemleri","8":"product_cat-pencere-ve-kapi-kollari","9":"product_tag-85-eksen-kapi-kolu","10":"product_tag-85-mm-kapi-kolu","11":"product_tag-aluminyum-kapi-kolu","12":"product_tag-dis-kapi-kolu","13":"product_tag-ic-kapi-kolu","14":"product_tag-kapi-kolu-roto","15":"product_tag-pvc-kapi-kolu","16":"product_tag-roto-kapi-aksesuarlari","17":"product_tag-roto-kapi-kolu","18":"product_tag-roto-kol","19":"product_tag-roto-rtl","20":"product_tag-roto-rtl-kapi-kolu","22":"first","23":"instock","24":"taxable","25":"shipping-taxable","26":"purchasable","27":"product-type-variable"},"_links":{"self":[{"href":"https:\/\/arma-yapi.com\/en\/wp-json\/wp\/v2\/product\/2222","targetHints":{"allow":["GET"]}}],"collection":[{"href":"https:\/\/arma-yapi.com\/en\/wp-json\/wp\/v2\/product"}],"about":[{"href":"https:\/\/arma-yapi.com\/en\/wp-json\/wp\/v2\/types\/product"}],"replies":[{"embeddable":true,"href":"https:\/\/arma-yapi.com\/en\/wp-json\/wp\/v2\/comments?post=2222"}],"version-history":[{"count":3,"href":"https:\/\/arma-yapi.com\/en\/wp-json\/wp\/v2\/product\/2222\/revisions"}],"predecessor-version":[{"id":4129,"href":"https:\/\/arma-yapi.com\/en\/wp-json\/wp\/v2\/product\/2222\/revisions\/4129"}],"wp:featuredmedia":[{"embeddable":true,"href":"https:\/\/arma-yapi.com\/en\/wp-json\/wp\/v2\/media\/4116"}],"wp:attachment":[{"href":"https:\/\/arma-yapi.com\/en\/wp-json\/wp\/v2\/media?parent=2222"}],"wp:term":[{"taxonomy":"product_cat","embeddable":true,"href":"https:\/\/arma-yapi.com\/en\/wp-json\/wp\/v2\/product_cat?post=2222"},{"taxonomy":"product_tag","embeddable":true,"href":"https:\/\/arma-yapi.com\/en\/wp-json\/wp\/v2\/product_tag?post=2222"}],"curies":[{"name":"wp","href":"https:\/\/api.w.org\/{rel}","templated":true}]}}