{"id":2215,"date":"2024-09-23T13:48:14","date_gmt":"2024-09-23T13:48:14","guid":{"rendered":"https:\/\/arma-yapi.com\/?post_type=product&#038;p=2215"},"modified":"2026-03-11T05:29:53","modified_gmt":"2026-03-11T05:29:53","slug":"rotoline-basik-kol","status":"publish","type":"product","link":"https:\/\/arma-yapi.com\/en\/product\/rotoline-basik-kol\/","title":{"rendered":"ROTOLINE Flat Arm"},"content":{"rendered":"<h3 class=\"\" data-start=\"122\" data-end=\"153\"><strong data-start=\"126\" data-end=\"153\">Roto ROTOL\u0130NE Bas\u0131k Kol<\/strong><\/h3>\n<p class=\"\" data-start=\"155\" data-end=\"564\"><strong data-start=\"155\" data-end=\"182\">Roto ROTOL\u0130NE Bas\u0131k Kol<\/strong>, dayan\u0131kl\u0131 ve \u015f\u0131k tasar\u0131m\u0131yla g\u00fcvenli pencere a\u00e7ma-kapama i\u015flemleri sunar. <strong data-start=\"258\" data-end=\"282\">Secustik teknolojisi<\/strong> sayesinde d\u0131\u015far\u0131dan m\u00fcdahaleye kar\u015f\u0131 g\u00fcvenlik sa\u011flar. Bu model, \u00f6zellikle <strong data-start=\"357\" data-end=\"372\">PVC do\u011frama<\/strong>, <strong data-start=\"374\" data-end=\"391\">ah\u015fap do\u011frama<\/strong> ve <strong data-start=\"395\" data-end=\"416\">al\u00fcminyum do\u011frama<\/strong> sistemlerinde kullan\u0131ma uygun olup, <strong data-start=\"453\" data-end=\"467\">tek a\u00e7\u0131l\u0131m<\/strong>, <strong data-start=\"469\" data-end=\"484\">\u00e7ift a\u00e7\u0131l\u0131m<\/strong>, <strong data-start=\"486\" data-end=\"498\">vasistas<\/strong>, <strong data-start=\"500\" data-end=\"508\">kap\u0131<\/strong> ve <strong data-start=\"512\" data-end=\"523\">pencere<\/strong> sistemlerinde rahatl\u0131kla kullan\u0131labilir.<\/p>\n<p class=\"\" data-start=\"566\" data-end=\"922\"><strong data-start=\"566\" data-end=\"593\">Roto ROTOL\u0130NE Bas\u0131k Kol<\/strong>, <strong data-start=\"595\" data-end=\"614\">kilitleme a\u00e7\u0131s\u0131<\/strong> ile pencere g\u00fcvenli\u011fini art\u0131r\u0131rken, <strong data-start=\"651\" data-end=\"672\">gece havaland\u0131rma<\/strong> i\u00e7in de <strong data-start=\"681\" data-end=\"694\">45 derece<\/strong> kilitleme a\u00e7\u0131s\u0131 sa\u011flar. Y\u00fcksek g\u00fcvenlik ve konfor sa\u011flamak i\u00e7in tasarlanm\u0131\u015f olan bu <strong data-start=\"779\" data-end=\"791\">Roto kol<\/strong>, <strong data-start=\"793\" data-end=\"821\">DIN EN 13126-3 standard\u0131<\/strong>na uygun olup <strong data-start=\"835\" data-end=\"853\">10 y\u0131l garanti<\/strong> sunar. Ayr\u0131ca, <strong data-start=\"869\" data-end=\"890\">ambalajda 20 adet<\/strong> ve <strong data-start=\"894\" data-end=\"913\">kolide 120 adet<\/strong> bulunur.<\/p>\n<p class=\"\" data-start=\"924\" data-end=\"949\"><strong data-start=\"924\" data-end=\"949\">\u00d6ne \u00c7\u0131kan \u00d6zellikler:<\/strong><\/p>\n<ul data-start=\"950\" data-end=\"1331\">\n<li class=\"\" data-start=\"950\" data-end=\"1043\">\n<p class=\"\" data-start=\"952\" data-end=\"1043\"><strong data-start=\"952\" data-end=\"970\">Kullan\u0131m Alan\u0131<\/strong>: PVC do\u011frama, ah\u015fap do\u011frama, al\u00fcminyum do\u011frama (PVC kanall\u0131 sistemlerde)<\/p>\n<\/li>\n<li class=\"\" data-start=\"1044\" data-end=\"1072\">\n<p class=\"\" data-start=\"1046\" data-end=\"1072\"><strong data-start=\"1046\" data-end=\"1058\">Kol Tipi<\/strong>: Secustik Kol<\/p>\n<\/li>\n<li class=\"\" data-start=\"1073\" data-end=\"1105\">\n<p class=\"\" data-start=\"1075\" data-end=\"1105\"><strong data-start=\"1075\" data-end=\"1094\">Kilitleme A\u00e7\u0131s\u0131<\/strong>: 90 derece<\/p>\n<\/li>\n<li class=\"\" data-start=\"1106\" data-end=\"1156\">\n<p class=\"\" data-start=\"1108\" data-end=\"1156\"><strong data-start=\"1108\" data-end=\"1145\">Gece Havaland\u0131rma Kilitleme A\u00e7\u0131s\u0131<\/strong>: 45 derece<\/p>\n<\/li>\n<li class=\"\" data-start=\"1157\" data-end=\"1196\">\n<p class=\"\" data-start=\"1159\" data-end=\"1196\"><strong data-start=\"1159\" data-end=\"1170\">Garanti<\/strong>: 10 y\u0131l \u00e7al\u0131\u015fma garantisi<\/p>\n<\/li>\n<li class=\"\" data-start=\"1197\" data-end=\"1238\">\n<p class=\"\" data-start=\"1199\" data-end=\"1238\"><strong data-start=\"1199\" data-end=\"1212\">Sertifika<\/strong>: DIN EN 13126-3 standard\u0131<\/p>\n<\/li>\n<li class=\"\" data-start=\"1239\" data-end=\"1289\">\n<p class=\"\" data-start=\"1241\" data-end=\"1289\"><strong data-start=\"1241\" data-end=\"1260\">Ambalaj Miktar\u0131<\/strong>: Kutu 20 adet, Koli 120 adet<\/p>\n<\/li>\n<li class=\"\" data-start=\"1290\" data-end=\"1331\">\n<p class=\"\" data-start=\"1292\" data-end=\"1331\"><strong data-start=\"1292\" data-end=\"1309\">Paket \u0130\u00e7eri\u011fi<\/strong>: 1 adet Kol, vida yok<\/p>\n<\/li>\n<\/ul>","protected":false},"excerpt":{"rendered":"<p>40mm window handle<\/p>","protected":false},"featured_media":3948,"comment_status":"open","ping_status":"closed","template":"","meta":{"rank_math_lock_modified_date":false},"product_cat":[310,302,305],"product_tag":[623,579,621,622,593,615,624,510,577,597,507,619,620],"class_list":{"0":"post-2215","1":"product","2":"type-product","3":"status-publish","4":"has-post-thumbnail","6":"product_cat-pencere-kapi-sistemleri","7":"product_cat-pvc-pencere-kapi-sistemleri","8":"product_cat-pencere-ve-kapi-kollari","9":"product_tag-10-yil-garanti-kol","10":"product_tag-aluminyum-pencere-kolu","11":"product_tag-basik-pencere-kolu","12":"product_tag-gece-havalandirma-kolu","13":"product_tag-guvenlikli-pencere-kolu","14":"product_tag-pvc-pencere-kolu","15":"product_tag-roto-aksesuarlari","16":"product_tag-roto-basik-kol","17":"product_tag-roto-kol","18":"product_tag-roto-kol-fiyatlari","19":"product_tag-roto-pencere-kolu","20":"product_tag-roto-rotoline-basik-kol","21":"product_tag-secustik-kol","23":"first","24":"instock","25":"taxable","26":"shipping-taxable","27":"purchasable","28":"product-type-variable"},"_links":{"self":[{"href":"https:\/\/arma-yapi.com\/en\/wp-json\/wp\/v2\/product\/2215","targetHints":{"allow":["GET"]}}],"collection":[{"href":"https:\/\/arma-yapi.com\/en\/wp-json\/wp\/v2\/product"}],"about":[{"href":"https:\/\/arma-yapi.com\/en\/wp-json\/wp\/v2\/types\/product"}],"replies":[{"embeddable":true,"href":"https:\/\/arma-yapi.com\/en\/wp-json\/wp\/v2\/comments?post=2215"}],"version-history":[{"count":2,"href":"https:\/\/arma-yapi.com\/en\/wp-json\/wp\/v2\/product\/2215\/revisions"}],"predecessor-version":[{"id":4136,"href":"https:\/\/arma-yapi.com\/en\/wp-json\/wp\/v2\/product\/2215\/revisions\/4136"}],"wp:featuredmedia":[{"embeddable":true,"href":"https:\/\/arma-yapi.com\/en\/wp-json\/wp\/v2\/media\/3948"}],"wp:attachment":[{"href":"https:\/\/arma-yapi.com\/en\/wp-json\/wp\/v2\/media?parent=2215"}],"wp:term":[{"taxonomy":"product_cat","embeddable":true,"href":"https:\/\/arma-yapi.com\/en\/wp-json\/wp\/v2\/product_cat?post=2215"},{"taxonomy":"product_tag","embeddable":true,"href":"https:\/\/arma-yapi.com\/en\/wp-json\/wp\/v2\/product_tag?post=2215"}],"curies":[{"name":"wp","href":"https:\/\/api.w.org\/{rel}","templated":true}]}}