{"id":2198,"date":"2024-09-23T13:28:35","date_gmt":"2024-09-23T13:28:35","guid":{"rendered":"https:\/\/arma-yapi.com\/?post_type=product&#038;p=2198"},"modified":"2026-03-11T05:30:11","modified_gmt":"2026-03-11T05:30:11","slug":"rsa-tf-pencere-kolu-43mm","status":"publish","type":"product","link":"https:\/\/arma-yapi.com\/en\/product\/rsa-tf-pencere-kolu-43mm\/","title":{"rendered":"RSA TF Window Handle 43MM"},"content":{"rendered":"<h3 class=\"\" data-start=\"84\" data-end=\"121\"><strong data-start=\"88\" data-end=\"121\">Roto RSA TF Pencere Kolu 43MM<\/strong><\/h3>\n<p class=\"\" data-start=\"123\" data-end=\"474\"><strong data-start=\"123\" data-end=\"156\">Roto RSA TF pencere kolu 43MM<\/strong>, g\u00fcvenlik ve estetik a\u00e7\u0131s\u0131ndan m\u00fckemmel bir se\u00e7enek sunan <strong data-start=\"215\" data-end=\"236\">Roto pencere kolu<\/strong> modelidir. <strong data-start=\"248\" data-end=\"270\">43 mm mil uzunlu\u011fu<\/strong> ile uyumlu olan bu <strong data-start=\"290\" data-end=\"302\">Roto kol<\/strong>, sa\u011flam yap\u0131s\u0131 ve modern tasar\u0131m\u0131yla dikkat \u00e7eker. Hem konut hem de ticari projelerde kullan\u0131labilecek bu pencere kolu, <strong data-start=\"423\" data-end=\"440\">Roto kalitesi<\/strong> ile uzun \u00f6m\u00fcrl\u00fc performans sunar.<\/p>\n<p class=\"\" data-start=\"476\" data-end=\"874\"><strong data-start=\"476\" data-end=\"504\">Roto RSA TF pencere kolu<\/strong>, y\u00fcksek g\u00fcvenlik sa\u011flamak i\u00e7in tasarlanm\u0131\u015f olup, kullan\u0131c\u0131ya rahat bir kullan\u0131m deneyimi sunar. <strong data-start=\"601\" data-end=\"622\">Roto pencere kolu<\/strong> serisinin \u00f6ne \u00e7\u0131kan \u00f6zelliklerinden biri olan <strong data-start=\"669\" data-end=\"690\">ergonomik tasar\u0131m<\/strong> sayesinde, pencerenizin a\u00e7\u0131lmas\u0131 ve kapanmas\u0131 \u00e7ok daha kolay hale gelir. Hem <strong data-start=\"768\" data-end=\"781\">al\u00fcminyum<\/strong> hem de <strong data-start=\"789\" data-end=\"796\">PVC<\/strong> pencere sistemleriyle uyumludur ve \u00e7e\u015fitli pencere tipleriyle kullan\u0131labilir.<\/p>\n<p class=\"\" data-start=\"876\" data-end=\"901\"><strong data-start=\"876\" data-end=\"901\">\u00d6ne \u00c7\u0131kan \u00d6zellikler:<\/strong><\/p>\n<ul data-start=\"902\" data-end=\"1109\">\n<li class=\"\" data-start=\"902\" data-end=\"928\">\n<p class=\"\" data-start=\"904\" data-end=\"928\"><strong data-start=\"904\" data-end=\"926\">43 mm mil uzunlu\u011fu<\/strong><\/p>\n<\/li>\n<li class=\"\" data-start=\"929\" data-end=\"964\">\n<p class=\"\" data-start=\"931\" data-end=\"964\">Y\u00fcksek g\u00fcvenlik ve dayan\u0131kl\u0131l\u0131k<\/p>\n<\/li>\n<li class=\"\" data-start=\"965\" data-end=\"996\">\n<p class=\"\" data-start=\"967\" data-end=\"996\">Ergonomik ve modern tasar\u0131m<\/p>\n<\/li>\n<li class=\"\" data-start=\"997\" data-end=\"1046\">\n<p class=\"\" data-start=\"999\" data-end=\"1046\">Al\u00fcminyum ve PVC pencere sistemleriyle uyumlu<\/p>\n<\/li>\n<li class=\"\" data-start=\"1047\" data-end=\"1080\">\n<p class=\"\" data-start=\"1049\" data-end=\"1080\">Uzun \u00f6m\u00fcrl\u00fc <strong data-start=\"1061\" data-end=\"1078\">Roto kalitesi<\/strong><\/p>\n<\/li>\n<li class=\"\" data-start=\"1081\" data-end=\"1109\">\n<p class=\"\" data-start=\"1083\" data-end=\"1109\">Kolay montaj ve kullan\u0131m<\/p>\n<\/li>\n<\/ul>","protected":false},"excerpt":{"rendered":"<h3 class=\"\" data-start=\"84\" data-end=\"121\"><strong data-start=\"88\" data-end=\"121\">Roto RSA TF Pencere Kolu 43MM<\/strong><\/h3>","protected":false},"featured_media":3950,"comment_status":"open","ping_status":"closed","template":"","meta":{"rank_math_lock_modified_date":false},"product_cat":[310,302,305],"product_tag":[613,579,588,593,590,615,624,577,507,625,627,626],"class_list":{"0":"post-2198","1":"product","2":"type-product","3":"status-publish","4":"has-post-thumbnail","6":"product_cat-pencere-kapi-sistemleri","7":"product_cat-pvc-pencere-kapi-sistemleri","8":"product_cat-pencere-ve-kapi-kollari","9":"product_tag-43-mm-pencere-kolu","10":"product_tag-aluminyum-pencere-kolu","11":"product_tag-ergonomik-pencere-kolu","12":"product_tag-guvenlikli-pencere-kolu","13":"product_tag-pencere-kolu-fiyatlari","14":"product_tag-pvc-pencere-kolu","15":"product_tag-roto-aksesuarlari","16":"product_tag-roto-kol","17":"product_tag-roto-pencere-kolu","18":"product_tag-roto-rsa-tf","19":"product_tag-roto-rsa-tf-kolu","20":"product_tag-rsa-pencere-kolu","22":"first","23":"instock","24":"taxable","25":"shipping-taxable","26":"purchasable","27":"product-type-variable"},"_links":{"self":[{"href":"https:\/\/arma-yapi.com\/en\/wp-json\/wp\/v2\/product\/2198","targetHints":{"allow":["GET"]}}],"collection":[{"href":"https:\/\/arma-yapi.com\/en\/wp-json\/wp\/v2\/product"}],"about":[{"href":"https:\/\/arma-yapi.com\/en\/wp-json\/wp\/v2\/types\/product"}],"replies":[{"embeddable":true,"href":"https:\/\/arma-yapi.com\/en\/wp-json\/wp\/v2\/comments?post=2198"}],"version-history":[{"count":3,"href":"https:\/\/arma-yapi.com\/en\/wp-json\/wp\/v2\/product\/2198\/revisions"}],"predecessor-version":[{"id":4138,"href":"https:\/\/arma-yapi.com\/en\/wp-json\/wp\/v2\/product\/2198\/revisions\/4138"}],"wp:featuredmedia":[{"embeddable":true,"href":"https:\/\/arma-yapi.com\/en\/wp-json\/wp\/v2\/media\/3950"}],"wp:attachment":[{"href":"https:\/\/arma-yapi.com\/en\/wp-json\/wp\/v2\/media?parent=2198"}],"wp:term":[{"taxonomy":"product_cat","embeddable":true,"href":"https:\/\/arma-yapi.com\/en\/wp-json\/wp\/v2\/product_cat?post=2198"},{"taxonomy":"product_tag","embeddable":true,"href":"https:\/\/arma-yapi.com\/en\/wp-json\/wp\/v2\/product_tag?post=2198"}],"curies":[{"name":"wp","href":"https:\/\/api.w.org\/{rel}","templated":true}]}}