{"id":2170,"date":"2024-09-22T13:57:14","date_gmt":"2024-09-22T13:57:14","guid":{"rendered":"https:\/\/arma-yapi.com\/?post_type=product&#038;p=2170"},"modified":"2026-01-22T05:59:49","modified_gmt":"2026-01-22T05:59:49","slug":"ito-754-68k-blisterli-cift-tarafli-tuzakli-barel-bilyali-silindir","status":"publish","type":"product","link":"https:\/\/arma-yapi.com\/en\/product\/ito-754-68k-blisterli-cift-tarafli-tuzakli-barel-bilyali-silindir\/","title":{"rendered":"ITO 754\/68K Blister \u2013 Double Sided Trapped Barrel \u2013 Ball Cylinder"},"content":{"rendered":"<p class=\"\" data-start=\"554\" data-end=\"963\"><strong data-start=\"554\" data-end=\"601\">ITO 754\/68K Blister \u2013 Double Sided Trapped Barrel \u2013 Ball Cylinder<br \/>\n\u0130TO 754\/68K Blisterli Tuzakl\u0131 Bilyal\u0131 Barel<\/strong>, \u00e7ift tarafl\u0131 kullan\u0131m \u00f6zelli\u011fi ve tuzakl\u0131 i\u00e7 mekanizmas\u0131yla maksimum g\u00fcvenlik sa\u011flayan bir <strong data-start=\"694\" data-end=\"728\">kap\u0131 kilit silindir sistemidir<\/strong>. \u00d6zellikle ev, ofis ve ticari alanlarda g\u00fcvenli\u011fi \u00fcst seviyeye ta\u015f\u0131yan bu model, <strong data-start=\"810\" data-end=\"831\">bilyal\u0131 mekanizma<\/strong>, <strong data-start=\"833\" data-end=\"861\">tuzakl\u0131 g\u00fcvenlik sistemi<\/strong>, <strong data-start=\"863\" data-end=\"894\">pirin\u00e7 (MS 58) profil g\u00f6vde<\/strong>, <strong data-start=\"896\" data-end=\"916\">sinter d\u00f6k\u00fcm cam<\/strong> ve <strong data-start=\"920\" data-end=\"948\">paslanmaz \u00e7elik yaylarla<\/strong> donat\u0131lm\u0131\u015ft\u0131r.<\/p>\n<p class=\"\" data-start=\"965\" data-end=\"1291\">Tuzakl\u0131 yap\u0131s\u0131, d\u0131\u015far\u0131dan m\u00fcdahale ya da k\u0131rma giri\u015fimlerinde kilidi bloke ederek <strong data-start=\"1047\" data-end=\"1064\">ekstra koruma<\/strong> sa\u011flar. 12 sabit ve 12 \u015fifreli pirin\u00e7 pim sayesinde <strong data-start=\"1117\" data-end=\"1146\">\u015fifreli kilit mekanizmas\u0131<\/strong> \u00e7ok daha g\u00fcvenlidir. <strong data-start=\"1168\" data-end=\"1215\">5 adet nikel kaplamal\u0131 sinter d\u00f6k\u00fcm anahtar<\/strong> ile birlikte gelir. Blister ambalajl\u0131 sunumu ile perakende sat\u0131\u015fa uygundur.<\/p>\n<hr class=\"\" data-start=\"1293\" data-end=\"1296\" \/>\n<h3 class=\"\" data-start=\"1298\" data-end=\"1323\">\ud83d\udd27 Teknik \u00d6zellikler:<\/h3>\n<ul data-start=\"1324\" data-end=\"1795\">\n<li class=\"\" data-start=\"1324\" data-end=\"1385\">\n<p class=\"\" data-start=\"1326\" data-end=\"1385\"><strong data-start=\"1326\" data-end=\"1335\">Body<\/strong>: Pirin\u00e7 (MS 58) \u2013 dayan\u0131kl\u0131 ve uzun \u00f6m\u00fcrl\u00fc yap\u0131<\/p>\n<\/li>\n<li class=\"\" data-start=\"1386\" data-end=\"1435\">\n<p class=\"\" data-start=\"1388\" data-end=\"1435\"><strong data-start=\"1388\" data-end=\"1395\">Pine<\/strong>: Sinter d\u00f6k\u00fcm \u2013 sa\u011flaml\u0131k ve g\u00fcvenlik<\/p>\n<\/li>\n<li class=\"\" data-start=\"1436\" data-end=\"1501\">\n<p class=\"\" data-start=\"1438\" data-end=\"1501\"><strong data-start=\"1438\" data-end=\"1448\">Yaylar<\/strong>: Paslanmaz \u00e7elik (AISI 302) \u2013 uzun \u00f6m\u00fcrl\u00fc esneklik<\/p>\n<\/li>\n<li class=\"\" data-start=\"1502\" data-end=\"1576\">\n<p class=\"\" data-start=\"1504\" data-end=\"1517\"><strong data-start=\"1504\" data-end=\"1514\">Pimler<\/strong>:<\/p>\n<ul data-start=\"1520\" data-end=\"1576\">\n<li class=\"\" data-start=\"1520\" data-end=\"1543\">\n<p class=\"\" data-start=\"1522\" data-end=\"1543\">12 sabit pirin\u00e7 pim<\/p>\n<\/li>\n<li class=\"\" data-start=\"1546\" data-end=\"1576\">\n<p class=\"\" data-start=\"1548\" data-end=\"1576\">12 adet \u015fifreli pirin\u00e7 pim<\/p>\n<\/li>\n<\/ul>\n<\/li>\n<li class=\"\" data-start=\"1577\" data-end=\"1648\">\n<p class=\"\" data-start=\"1579\" data-end=\"1648\"><strong data-start=\"1579\" data-end=\"1607\">Tuzakl\u0131 g\u00fcvenlik sistemi<\/strong> \u2013 d\u0131\u015f m\u00fcdahalelere kar\u015f\u0131 ekstra koruma<\/p>\n<\/li>\n<li class=\"\" data-start=\"1649\" data-end=\"1701\">\n<p class=\"\" data-start=\"1651\" data-end=\"1701\"><strong data-start=\"1651\" data-end=\"1699\">5 adet sinter d\u00f6k\u00fcm, nikel kaplamal\u0131 anahtar<\/strong><\/p>\n<\/li>\n<li class=\"\" data-start=\"1702\" data-end=\"1760\">\n<p class=\"\" data-start=\"1704\" data-end=\"1760\"><strong data-start=\"1704\" data-end=\"1723\">Blister ambalaj<\/strong> \u2013 ma\u011faza raflar\u0131na uygun paketleme<\/p>\n<\/li>\n<li class=\"\" data-start=\"1761\" data-end=\"1795\">\n<p class=\"\" data-start=\"1763\" data-end=\"1795\"><strong data-start=\"1763\" data-end=\"1795\">\u00c7ift tarafl\u0131 kullan\u0131m imkan\u0131<\/strong><\/p>\n<\/li>\n<\/ul>\n<hr class=\"\" data-start=\"1797\" data-end=\"1800\" \/>\n<h3 class=\"\" data-start=\"1802\" data-end=\"1827\">\ud83d\udccd Kullan\u0131m Alanlar\u0131:<\/h3>\n<ul data-start=\"1828\" data-end=\"1962\">\n<li class=\"\" data-start=\"1828\" data-end=\"1857\">\n<p class=\"\" data-start=\"1830\" data-end=\"1857\"><strong data-start=\"1830\" data-end=\"1857\">Apartman giri\u015f kap\u0131lar\u0131<\/strong><\/p>\n<\/li>\n<li class=\"\" data-start=\"1858\" data-end=\"1877\">\n<p class=\"\" data-start=\"1860\" data-end=\"1877\"><strong data-start=\"1860\" data-end=\"1877\">\u00c7elik kap\u0131lar<\/strong><\/p>\n<\/li>\n<li class=\"\" data-start=\"1878\" data-end=\"1900\">\n<p class=\"\" data-start=\"1880\" data-end=\"1900\"><strong data-start=\"1880\" data-end=\"1900\">Ofis i\u00e7 kap\u0131lar\u0131<\/strong><\/p>\n<\/li>\n<li class=\"\" data-start=\"1901\" data-end=\"1929\">\n<p class=\"\" data-start=\"1903\" data-end=\"1929\"><strong data-start=\"1903\" data-end=\"1929\">Depo ve ar\u015fiv kap\u0131lar\u0131<\/strong><\/p>\n<\/li>\n<li class=\"\" data-start=\"1930\" data-end=\"1962\">\n<p class=\"\" data-start=\"1932\" data-end=\"1962\"><strong data-start=\"1932\" data-end=\"1962\">G\u00fcvenlik \u00f6ncelikli alanlar<\/strong><\/p>\n<\/li>\n<\/ul>\n<hr class=\"\" data-start=\"1964\" data-end=\"1967\" \/>\n<h3 class=\"\" data-start=\"1969\" data-end=\"2016\">\u2714\ufe0f Neden \u0130TO 754\/68K Tuzakl\u0131 Bilyal\u0131 Barel?<\/h3>\n<ul data-start=\"2018\" data-end=\"2271\">\n<li class=\"\" data-start=\"2018\" data-end=\"2054\">\n<p class=\"\" data-start=\"2020\" data-end=\"2054\"><strong data-start=\"2020\" data-end=\"2054\">Tuzakl\u0131 sistem ile ek g\u00fcvenlik<\/strong><\/p>\n<\/li>\n<li class=\"\" data-start=\"2055\" data-end=\"2092\">\n<p class=\"\" data-start=\"2057\" data-end=\"2092\"><strong data-start=\"2057\" data-end=\"2092\">\u00c7ift tarafl\u0131 kullan\u0131m kolayl\u0131\u011f\u0131<\/strong><\/p>\n<\/li>\n<li class=\"\" data-start=\"2093\" data-end=\"2135\">\n<p class=\"\" data-start=\"2095\" data-end=\"2135\"><strong data-start=\"2095\" data-end=\"2135\">Y\u00fcksek kaliteli pirin\u00e7 g\u00f6vde (MS 58)<\/strong><\/p>\n<\/li>\n<li class=\"\" data-start=\"2136\" data-end=\"2185\">\n<p class=\"\" data-start=\"2138\" data-end=\"2185\"><strong data-start=\"2138\" data-end=\"2185\">12 \u015fifreli pimli geli\u015fmi\u015f kilit mekanizmas\u0131<\/strong><\/p>\n<\/li>\n<li class=\"\" data-start=\"2186\" data-end=\"2227\">\n<p class=\"\" data-start=\"2188\" data-end=\"2227\"><strong data-start=\"2188\" data-end=\"2227\">Blister ambalaj ile sat\u0131\u015f kolayl\u0131\u011f\u0131<\/strong><\/p>\n<\/li>\n<li class=\"\" data-start=\"2228\" data-end=\"2271\">\n<p class=\"\" data-start=\"2230\" data-end=\"2271\"><strong data-start=\"2230\" data-end=\"2271\">\u0130TO g\u00fcvencesiyle uzun \u00f6m\u00fcrl\u00fc kullan\u0131m<\/strong><\/p>\n<\/li>\n<\/ul>\n<p>Body: Brass (MS 58) profile Brass (MS 58) profile<\/p>\n<p>Key: 5 pieces, nickel plated 5 pieces, nickel Plated Sinter casting<\/p>\n<p>Glass : Sinter casting<\/p>\n<p>Springs: Stainless (AISI 302)<\/p>\n<p>Pins: 12 fixed and 12 encrypted, brass (MS 58)<\/p>","protected":false},"excerpt":{"rendered":"<p>Tuzakl\u0131 \u0130TO 754\/68K Bilyal\u0131 Barel, 12 \u015fifreli pim, pirin\u00e7 g\u00f6vde, \u00e7ift tarafl\u0131 kullan\u0131m ve blister ambalaj ile y\u00fcksek g\u00fcvenlik sunar. \u0130TO \u00c7ift Tarafl\u0131 Tuzakl\u0131 Barel.Bilyal\u0131 Silindir.<\/p>","protected":false},"featured_media":2172,"comment_status":"open","ping_status":"closed","template":"","meta":{"rank_math_lock_modified_date":false},"product_cat":[314],"product_tag":[829,846,849,848,826,825,545,838,499,850,851,839,847,834,661],"class_list":{"0":"post-2170","1":"product","2":"type-product","3":"status-publish","4":"has-post-thumbnail","6":"product_cat-silindirler","7":"product_tag-12-pimli-barel","8":"product_tag-bilyali-kilit","9":"product_tag-bilyali-silindir","10":"product_tag-blister-ambalajli-barel","11":"product_tag-cift-tarafli-barel","12":"product_tag-ito-754-68k","13":"product_tag-ito-kilit","14":"product_tag-ito-silindir-kilit","15":"product_tag-kapi-kilidi","16":"product_tag-nikel-kapli-anahtar","17":"product_tag-paslanmaz-yayli-kilit","18":"product_tag-pirinc-govdeli-barel","19":"product_tag-silindir-kilit","20":"product_tag-tuzakli-barel","21":"product_tag-yuksek-guvenlikli-kilit","23":"first","24":"instock","25":"taxable","26":"shipping-taxable","27":"purchasable","28":"product-type-simple"},"_links":{"self":[{"href":"https:\/\/arma-yapi.com\/en\/wp-json\/wp\/v2\/product\/2170","targetHints":{"allow":["GET"]}}],"collection":[{"href":"https:\/\/arma-yapi.com\/en\/wp-json\/wp\/v2\/product"}],"about":[{"href":"https:\/\/arma-yapi.com\/en\/wp-json\/wp\/v2\/types\/product"}],"replies":[{"embeddable":true,"href":"https:\/\/arma-yapi.com\/en\/wp-json\/wp\/v2\/comments?post=2170"}],"version-history":[{"count":4,"href":"https:\/\/arma-yapi.com\/en\/wp-json\/wp\/v2\/product\/2170\/revisions"}],"predecessor-version":[{"id":4230,"href":"https:\/\/arma-yapi.com\/en\/wp-json\/wp\/v2\/product\/2170\/revisions\/4230"}],"wp:featuredmedia":[{"embeddable":true,"href":"https:\/\/arma-yapi.com\/en\/wp-json\/wp\/v2\/media\/2172"}],"wp:attachment":[{"href":"https:\/\/arma-yapi.com\/en\/wp-json\/wp\/v2\/media?parent=2170"}],"wp:term":[{"taxonomy":"product_cat","embeddable":true,"href":"https:\/\/arma-yapi.com\/en\/wp-json\/wp\/v2\/product_cat?post=2170"},{"taxonomy":"product_tag","embeddable":true,"href":"https:\/\/arma-yapi.com\/en\/wp-json\/wp\/v2\/product_tag?post=2170"}],"curies":[{"name":"wp","href":"https:\/\/api.w.org\/{rel}","templated":true}]}}