{"id":2158,"date":"2024-09-20T13:16:06","date_gmt":"2024-09-20T13:16:06","guid":{"rendered":"https:\/\/arma-yapi.com\/?post_type=product&#038;p=2158"},"modified":"2025-12-25T14:26:58","modified_gmt":"2025-12-25T14:26:58","slug":"ito-hidrolik-131h","status":"publish","type":"product","link":"https:\/\/arma-yapi.com\/en\/product\/ito-hidrolik-131h\/","title":{"rendered":"ITO Hydraulic 131H"},"content":{"rendered":"<h3 class=\"\" data-start=\"126\" data-end=\"209\">\u0130TO Kap\u0131 Hidroli\u011fi 131H \u2013 Y\u00fcksek Performansl\u0131 ve G\u00fcvenilir Kap\u0131 Kapat\u0131c\u0131 \u00c7\u00f6z\u00fcm\u00fc<\/h3>\n<p class=\"\" data-start=\"211\" data-end=\"518\"><strong data-start=\"211\" data-end=\"238\">\u0130TO Kap\u0131 Hidroli\u011fi 131H<\/strong>, kap\u0131lar\u0131n\u0131z\u0131n kontroll\u00fc ve g\u00fcvenli bir \u015fekilde kapanmas\u0131n\u0131 sa\u011flayan y\u00fcksek kaliteli bir <strong data-start=\"328\" data-end=\"345\">kap\u0131 kapat\u0131c\u0131<\/strong> sistemidir. \u00d6zellikle yo\u011fun giri\u015f-\u00e7\u0131k\u0131\u015f trafi\u011fi olan alanlarda ideal performans sunan bu model, <strong data-start=\"442\" data-end=\"460\">\u0130TO markas\u0131n\u0131n<\/strong> dayan\u0131kl\u0131l\u0131\u011f\u0131 ve m\u00fchendislik kalitesi ile tasarlanm\u0131\u015ft\u0131r.<\/p>\n<h4 class=\"\" data-start=\"520\" data-end=\"546\">\u00d6ne \u00c7\u0131kan \u00d6zellikler:<\/h4>\n<ul data-start=\"548\" data-end=\"913\">\n<li class=\"\" data-start=\"548\" data-end=\"615\">\n<p class=\"\" data-start=\"550\" data-end=\"615\"><strong data-start=\"550\" data-end=\"584\">Y\u00fcksek kaliteli kap\u0131 hidroli\u011fi<\/strong> sayesinde uzun \u00f6m\u00fcrl\u00fc kullan\u0131m<\/p>\n<\/li>\n<li class=\"\" data-start=\"616\" data-end=\"691\">\n<p class=\"\" data-start=\"618\" data-end=\"691\"><strong data-start=\"618\" data-end=\"648\">Ayarlanabilir kapanma h\u0131z\u0131<\/strong> ve son \u00e7arpma kuvveti ile maksimum kontrol<\/p>\n<\/li>\n<li class=\"\" data-start=\"692\" data-end=\"754\">\n<p class=\"\" data-start=\"694\" data-end=\"754\"><strong data-start=\"694\" data-end=\"733\">Sessiz ve sars\u0131nt\u0131s\u0131z kap\u0131 kapan\u0131\u015f\u0131<\/strong> i\u00e7in ideal mekanizma<\/p>\n<\/li>\n<li class=\"\" data-start=\"755\" data-end=\"802\">\n<p class=\"\" data-start=\"757\" data-end=\"802\">Standart ah\u015fap, metal ve cam kap\u0131larla uyumlu<\/p>\n<\/li>\n<li class=\"\" data-start=\"803\" data-end=\"864\">\n<p class=\"\" data-start=\"805\" data-end=\"864\"><strong data-start=\"805\" data-end=\"826\">\u0130\u00e7 mekan kap\u0131lar\u0131<\/strong> ve <strong data-start=\"830\" data-end=\"845\">d\u0131\u015f kap\u0131lar<\/strong> i\u00e7in uygun tasar\u0131m<\/p>\n<\/li>\n<li class=\"\" data-start=\"865\" data-end=\"913\">\n<p class=\"\" data-start=\"867\" data-end=\"913\">60 &#8211; 80 kg kap\u0131 a\u011f\u0131rl\u0131\u011f\u0131na kadar destek sa\u011flar<\/p>\n<\/li>\n<\/ul>\n<h4 class=\"\" data-start=\"915\" data-end=\"941\">Nerelerde Kullan\u0131l\u0131r?<\/h4>\n<p class=\"\" data-start=\"943\" data-end=\"1211\"><strong data-start=\"943\" data-end=\"970\">\u0130TO 131H kap\u0131 hidroli\u011fi<\/strong>, ofis binalar\u0131, oteller, hastaneler, okullar, i\u015f yerleri ve kamu kurumlar\u0131 gibi <strong data-start=\"1051\" data-end=\"1089\">yo\u011fun insan trafi\u011fi olan alanlarda<\/strong> tercih edilmektedir. <strong data-start=\"1111\" data-end=\"1130\">Yang\u0131n kap\u0131lar\u0131<\/strong>, <strong data-start=\"1132\" data-end=\"1150\">giri\u015f kap\u0131lar\u0131<\/strong> ve <strong data-start=\"1154\" data-end=\"1173\">i\u00e7 oda kap\u0131lar\u0131<\/strong> i\u00e7in g\u00fcvenli ve estetik bir \u00e7\u00f6z\u00fcmd\u00fcr.<\/p>\n<h4 class=\"\" data-start=\"1213\" data-end=\"1243\">Neden \u0130TO Kap\u0131 Hidroli\u011fi?<\/h4>\n<ul data-start=\"1245\" data-end=\"1439\">\n<li class=\"\" data-start=\"1245\" data-end=\"1284\">\n<p class=\"\" data-start=\"1247\" data-end=\"1284\"><strong data-start=\"1247\" data-end=\"1267\">Kaliteli malzeme<\/strong> ve \u00fcst\u00fcn i\u015f\u00e7ilik<\/p>\n<\/li>\n<li class=\"\" data-start=\"1285\" data-end=\"1331\">\n<p class=\"\" data-start=\"1287\" data-end=\"1331\"><strong data-start=\"1287\" data-end=\"1303\">Kolay montaj<\/strong> ve bak\u0131m gerektirmeyen yap\u0131<\/p>\n<\/li>\n<li class=\"\" data-start=\"1332\" data-end=\"1396\">\n<p class=\"\" data-start=\"1334\" data-end=\"1396\"><strong data-start=\"1334\" data-end=\"1373\">G\u00fcvenlik ve konforu bir arada sunan<\/strong> kap\u0131 hidroli\u011fi sistemi<\/p>\n<\/li>\n<li class=\"\" data-start=\"1397\" data-end=\"1439\">\n<p class=\"\" data-start=\"1399\" data-end=\"1439\">Yerli \u00fcretim ve h\u0131zl\u0131 yedek par\u00e7a temini<\/p>\n<\/li>\n<\/ul>","protected":false},"excerpt":{"rendered":"<p><strong data-start=\"75\" data-end=\"102\">\u0130TO Kap\u0131 Hidroli\u011fi 131H<\/strong>, kap\u0131lar\u0131n\u0131z\u0131n sessiz, g\u00fcvenli ve kontroll\u00fc \u015fekilde kapanmas\u0131n\u0131 sa\u011flayan, ayarlanabilir h\u0131z ve g\u00fc\u00e7l\u00fc mekanizmas\u0131yla \u00f6ne \u00e7\u0131kan kaliteli bir kap\u0131 kapat\u0131c\u0131 sistemidir.<\/p>","protected":false},"featured_media":4205,"comment_status":"open","ping_status":"closed","template":"","meta":{"rank_math_lock_modified_date":false},"product_cat":[324],"product_tag":[744,740,739,742,747,741,746,743,748,745],"class_list":{"0":"post-2158","1":"product","2":"type-product","3":"status-publish","4":"has-post-thumbnail","6":"product_cat-kapi-hidrolikleri","7":"product_tag-hidrolik-kapi-kapatici","8":"product_tag-ito-131h","9":"product_tag-ito-kapi-hidroligi","10":"product_tag-kapi-hidroligi-modeli","11":"product_tag-kapi-kapanma-mekanizmasi","12":"product_tag-kapi-kapatici","13":"product_tag-kapi-yayi","14":"product_tag-otomatik-kapi-kapatici","15":"product_tag-sessiz-kapi-kapatici","16":"product_tag-yangin-kapisi-hidroligi","18":"first","19":"outofstock","20":"taxable","21":"shipping-taxable","22":"purchasable","23":"product-type-simple"},"_links":{"self":[{"href":"https:\/\/arma-yapi.com\/en\/wp-json\/wp\/v2\/product\/2158","targetHints":{"allow":["GET"]}}],"collection":[{"href":"https:\/\/arma-yapi.com\/en\/wp-json\/wp\/v2\/product"}],"about":[{"href":"https:\/\/arma-yapi.com\/en\/wp-json\/wp\/v2\/types\/product"}],"replies":[{"embeddable":true,"href":"https:\/\/arma-yapi.com\/en\/wp-json\/wp\/v2\/comments?post=2158"}],"version-history":[{"count":4,"href":"https:\/\/arma-yapi.com\/en\/wp-json\/wp\/v2\/product\/2158\/revisions"}],"predecessor-version":[{"id":4207,"href":"https:\/\/arma-yapi.com\/en\/wp-json\/wp\/v2\/product\/2158\/revisions\/4207"}],"wp:featuredmedia":[{"embeddable":true,"href":"https:\/\/arma-yapi.com\/en\/wp-json\/wp\/v2\/media\/4205"}],"wp:attachment":[{"href":"https:\/\/arma-yapi.com\/en\/wp-json\/wp\/v2\/media?parent=2158"}],"wp:term":[{"taxonomy":"product_cat","embeddable":true,"href":"https:\/\/arma-yapi.com\/en\/wp-json\/wp\/v2\/product_cat?post=2158"},{"taxonomy":"product_tag","embeddable":true,"href":"https:\/\/arma-yapi.com\/en\/wp-json\/wp\/v2\/product_tag?post=2158"}],"curies":[{"name":"wp","href":"https:\/\/api.w.org\/{rel}","templated":true}]}}