{"id":2100,"date":"2024-09-16T14:12:02","date_gmt":"2024-09-16T14:12:02","guid":{"rendered":"https:\/\/arma-yapi.com\/?post_type=product&#038;p=2100"},"modified":"2026-01-22T06:00:40","modified_gmt":"2026-01-22T06:00:40","slug":"ito-754t-bilyali-mandalli","status":"publish","type":"product","link":"https:\/\/arma-yapi.com\/en\/product\/ito-754t-bilyali-mandalli\/","title":{"rendered":"\u0130TO 754T Bilyal\u0131 Mandall\u0131 Silindir"},"content":{"rendered":"<p class=\"\" data-start=\"480\" data-end=\"780\"><strong data-start=\"480\" data-end=\"518\">\u0130TO 754T Bilyal\u0131 Mandall\u0131 Silindir<\/strong>, g\u00fcvenlik odakl\u0131 <strong data-start=\"536\" data-end=\"558\">kap\u0131 kilidi \u00e7\u00f6z\u00fcm\u00fc<\/strong> arayanlar i\u00e7in ideal bir tercihtir. <strong data-start=\"595\" data-end=\"626\">Pirin\u00e7 (MS 58) profil g\u00f6vde<\/strong> ve <strong data-start=\"630\" data-end=\"657\">6 sabit + 6 \u015fifreli pim<\/strong> sistemi ile g\u00fcvenli\u011fi art\u0131r\u0131r. <strong data-start=\"689\" data-end=\"723\">5 adet nikel kaplamal\u0131 anahtar<\/strong> sayesinde <strong data-start=\"734\" data-end=\"771\">dayan\u0131kl\u0131 ve uzun \u00f6m\u00fcrl\u00fc kullan\u0131m<\/strong> sa\u011flar.<\/p>\n<p class=\"\" data-start=\"782\" data-end=\"1021\"><strong data-start=\"782\" data-end=\"798\">Zamak pimler<\/strong>, d\u0131\u015f etkenlere kar\u015f\u0131 dayan\u0131kl\u0131d\u0131r ve <strong data-start=\"836\" data-end=\"886\">kaplama, delinmeye kar\u015f\u0131 koruyucu \u00e7elik mandal<\/strong> ile <strong data-start=\"891\" data-end=\"910\">ekstra g\u00fcvenlik<\/strong> sunar. Y\u00fcksek g\u00fcvenlikli yap\u0131s\u0131 sayesinde hem <strong data-start=\"957\" data-end=\"963\">ev<\/strong> hem de <strong data-start=\"971\" data-end=\"982\">i\u015f yeri<\/strong> kap\u0131lar\u0131nda rahatl\u0131kla kullan\u0131labilir.<\/p>\n<p>Body: Brass (MS 58) profile<\/p>\n<p>Key: 5 pieces, nickel plated<\/p>\n<p>Springs: 6 fixed and 6 encrypted, brass (MS 58)<\/p>\n<p>Pins: Zinc alloy<\/p>\n<p>Latch: Coated, puncture resistant steel<\/p>","protected":false},"excerpt":{"rendered":"<p>\u0130TO 754T Bilyal\u0131 Mandall\u0131 Silindir, pirin\u00e7 g\u00f6vde, 5 nikel kaplamal\u0131 anahtar, 6 sabit ve 6 \u015fifreli pim, delinmeye kar\u015f\u0131 koruyucu \u00e7elik mandal ile y\u00fcksek g\u00fcvenlik sunar.<\/p>","protected":false},"featured_media":2101,"comment_status":"open","ping_status":"closed","template":"","meta":{"rank_math_lock_modified_date":false},"product_cat":[314],"product_tag":[853,858,860,856,852,862,828,857,861,844,854,855,863,859],"class_list":{"0":"post-2100","1":"product","2":"type-product","3":"status-publish","4":"has-post-thumbnail","6":"product_cat-silindirler","7":"product_tag-bilyali-mandalli-silindir","8":"product_tag-delinmeye-karsi-koruma","9":"product_tag-guvenlikli-kapi-kilidi","10":"product_tag-guvenlikli-kilit","11":"product_tag-ito-754t","12":"product_tag-ito-kilit-sistemi","13":"product_tag-ito-silindir","14":"product_tag-kapi-mandali","15":"product_tag-kapi-silindiri","16":"product_tag-nikel-kaplamali-anahtar","17":"product_tag-pirinc-govde-kilidi","18":"product_tag-sifreli-pimli-silindir","19":"product_tag-uzun-omurlu-kilit","20":"product_tag-zamak-pimli-kilit","22":"first","23":"instock","24":"taxable","25":"shipping-taxable","26":"purchasable","27":"product-type-variable","28":"has-default-attributes"},"_links":{"self":[{"href":"https:\/\/arma-yapi.com\/en\/wp-json\/wp\/v2\/product\/2100","targetHints":{"allow":["GET"]}}],"collection":[{"href":"https:\/\/arma-yapi.com\/en\/wp-json\/wp\/v2\/product"}],"about":[{"href":"https:\/\/arma-yapi.com\/en\/wp-json\/wp\/v2\/types\/product"}],"replies":[{"embeddable":true,"href":"https:\/\/arma-yapi.com\/en\/wp-json\/wp\/v2\/comments?post=2100"}],"version-history":[{"count":5,"href":"https:\/\/arma-yapi.com\/en\/wp-json\/wp\/v2\/product\/2100\/revisions"}],"predecessor-version":[{"id":5431,"href":"https:\/\/arma-yapi.com\/en\/wp-json\/wp\/v2\/product\/2100\/revisions\/5431"}],"wp:featuredmedia":[{"embeddable":true,"href":"https:\/\/arma-yapi.com\/en\/wp-json\/wp\/v2\/media\/2101"}],"wp:attachment":[{"href":"https:\/\/arma-yapi.com\/en\/wp-json\/wp\/v2\/media?parent=2100"}],"wp:term":[{"taxonomy":"product_cat","embeddable":true,"href":"https:\/\/arma-yapi.com\/en\/wp-json\/wp\/v2\/product_cat?post=2100"},{"taxonomy":"product_tag","embeddable":true,"href":"https:\/\/arma-yapi.com\/en\/wp-json\/wp\/v2\/product_tag?post=2100"}],"curies":[{"name":"wp","href":"https:\/\/api.w.org\/{rel}","templated":true}]}}