{"id":2096,"date":"2024-09-16T14:05:23","date_gmt":"2024-09-16T14:05:23","guid":{"rendered":"https:\/\/arma-yapi.com\/?post_type=product&#038;p=2096"},"modified":"2026-04-06T09:01:51","modified_gmt":"2026-04-06T09:01:51","slug":"ito-754-bilyali","status":"publish","type":"product","link":"https:\/\/arma-yapi.com\/en\/product\/ito-754-bilyali\/","title":{"rendered":"\u0130TO 754 Bilyal\u0131 Barel"},"content":{"rendered":"<h3 class=\"\" data-start=\"637\" data-end=\"731\">\u0130TO 754 Bilyal\u0131 Barel \u2013 Y\u00fcksek G\u00fcvenlikli, \u015eifreli ve Dayan\u0131kl\u0131 Silindir Kilit Mekanizmas\u0131<\/h3>\n<p class=\"\" data-start=\"733\" data-end=\"1041\"><strong data-start=\"733\" data-end=\"758\">\u0130TO 754 Bilyal\u0131 Barel<\/strong>, en \u00fcst d\u00fczeyde g\u00fcvenlik ve dayan\u0131kl\u0131l\u0131k sunan, <strong data-start=\"807\" data-end=\"839\">profesyonel kilit sistemleri<\/strong> aras\u0131nda yer al\u0131r. <strong data-start=\"859\" data-end=\"885\">Pirin\u00e7 (MS 58) g\u00f6vdesi<\/strong>, <strong data-start=\"887\" data-end=\"930\">12 sabit + 12 \u015fifreli pimli mekanizmas\u0131<\/strong> ve <strong data-start=\"934\" data-end=\"959\">paslanmaz yay sistemi<\/strong> ile hem konut hem de ticari alanlarda <strong data-start=\"998\" data-end=\"1032\">y\u00fcksek g\u00fcvenlikli barel \u00e7\u00f6z\u00fcm\u00fc<\/strong> sunar.<\/p>\n<p class=\"\" data-start=\"1043\" data-end=\"1272\">\u00d6zellikle <strong data-start=\"1053\" data-end=\"1081\">binalar\u0131n giri\u015f kap\u0131lar\u0131<\/strong>, <strong data-start=\"1083\" data-end=\"1108\">g\u00fcvenlikli i\u00e7 kap\u0131lar<\/strong>, <strong data-start=\"1110\" data-end=\"1129\">yang\u0131n kap\u0131lar\u0131<\/strong> ve <strong data-start=\"1133\" data-end=\"1157\">ticari ofis alanlar\u0131<\/strong> i\u00e7in ideal olan bu \u00fcr\u00fcn, <strong data-start=\"1183\" data-end=\"1210\">\u015fifreli pim teknolojisi<\/strong> sayesinde klasik barellere g\u00f6re daha \u00fcst d\u00fczey koruma sa\u011flar.<\/p>\n<h4 class=\"\" data-start=\"1274\" data-end=\"1300\">\ud83d\udd27 Teknik \u00d6zellikler:<\/h4>\n<ul data-start=\"1301\" data-end=\"1729\">\n<li class=\"\" data-start=\"1301\" data-end=\"1365\">\n<p class=\"\" data-start=\"1303\" data-end=\"1365\"><strong data-start=\"1303\" data-end=\"1312\">Body<\/strong>: Pirin\u00e7 (MS 58) profilden \u00fcretilmi\u015f dayan\u0131kl\u0131 yap\u0131<\/p>\n<\/li>\n<li class=\"\" data-start=\"1366\" data-end=\"1426\">\n<p class=\"\" data-start=\"1368\" data-end=\"1426\"><strong data-start=\"1368\" data-end=\"1379\">Anahtar<\/strong>: 3 adet nikel kaplamal\u0131 sinter d\u00f6k\u00fcm anahtar<\/p>\n<\/li>\n<li class=\"\" data-start=\"1427\" data-end=\"1463\">\n<p class=\"\" data-start=\"1429\" data-end=\"1463\"><strong data-start=\"1429\" data-end=\"1447\">Cam (\u00e7ekirdek)<\/strong>: Sinter d\u00f6k\u00fcm<\/p>\n<\/li>\n<li class=\"\" data-start=\"1464\" data-end=\"1508\">\n<p class=\"\" data-start=\"1466\" data-end=\"1508\"><strong data-start=\"1466\" data-end=\"1476\">Yaylar<\/strong>: AISI 302 paslanmaz \u00e7elik yay<\/p>\n<\/li>\n<li class=\"\" data-start=\"1509\" data-end=\"1588\">\n<p class=\"\" data-start=\"1511\" data-end=\"1524\"><strong data-start=\"1511\" data-end=\"1521\">Pimler<\/strong>:<\/p>\n<ul data-start=\"1527\" data-end=\"1588\">\n<li class=\"\" data-start=\"1527\" data-end=\"1555\">\n<p class=\"\" data-start=\"1529\" data-end=\"1555\">12 adet sabit pirin\u00e7 pim<\/p>\n<\/li>\n<li class=\"\" data-start=\"1558\" data-end=\"1588\">\n<p class=\"\" data-start=\"1560\" data-end=\"1588\">12 adet \u015fifreli pirin\u00e7 pim<\/p>\n<\/li>\n<\/ul>\n<\/li>\n<li class=\"\" data-start=\"1589\" data-end=\"1645\">\n<p class=\"\" data-start=\"1591\" data-end=\"1645\"><strong data-start=\"1591\" data-end=\"1645\">Dayan\u0131kl\u0131 ve k\u0131r\u0131lmaya kar\u015f\u0131 diren\u00e7li i\u00e7 mekanizma<\/strong><\/p>\n<\/li>\n<li class=\"\" data-start=\"1646\" data-end=\"1681\">\n<p class=\"\" data-start=\"1648\" data-end=\"1681\"><strong data-start=\"1648\" data-end=\"1681\">Korozyona kar\u015f\u0131 y\u00fcksek diren\u00e7<\/strong><\/p>\n<\/li>\n<li class=\"\" data-start=\"1682\" data-end=\"1729\">\n<p class=\"\" data-start=\"1684\" data-end=\"1729\"><strong data-start=\"1684\" data-end=\"1729\">Sessiz \u00e7al\u0131\u015fma ve sorunsuz anahtar d\u00f6n\u00fc\u015f\u00fc<\/strong><\/p>\n<\/li>\n<\/ul>\n<h4 class=\"\" data-start=\"1731\" data-end=\"1757\">\ud83d\udccd Kullan\u0131m Alanlar\u0131:<\/h4>\n<ul data-start=\"1758\" data-end=\"1916\">\n<li class=\"\" data-start=\"1758\" data-end=\"1798\">\n<p class=\"\" data-start=\"1760\" data-end=\"1798\"><strong data-start=\"1760\" data-end=\"1798\">G\u00fcvenlikli apartman giri\u015f kap\u0131lar\u0131<\/strong><\/p>\n<\/li>\n<li class=\"\" data-start=\"1799\" data-end=\"1818\">\n<p class=\"\" data-start=\"1801\" data-end=\"1818\"><strong data-start=\"1801\" data-end=\"1818\">\u00c7elik kap\u0131lar<\/strong><\/p>\n<\/li>\n<li class=\"\" data-start=\"1819\" data-end=\"1852\">\n<p class=\"\" data-start=\"1821\" data-end=\"1852\"><strong data-start=\"1821\" data-end=\"1852\">Ofis ve i\u015f yeri i\u00e7 kap\u0131lar\u0131<\/strong><\/p>\n<\/li>\n<li class=\"\" data-start=\"1853\" data-end=\"1883\">\n<p class=\"\" data-start=\"1855\" data-end=\"1883\"><strong data-start=\"1855\" data-end=\"1883\">Yang\u0131n kap\u0131s\u0131 sistemleri<\/strong><\/p>\n<\/li>\n<li class=\"\" data-start=\"1884\" data-end=\"1916\">\n<p class=\"\" data-start=\"1886\" data-end=\"1916\"><strong data-start=\"1886\" data-end=\"1916\">Ticari alanlar ve konutlar<\/strong><\/p>\n<\/li>\n<\/ul>\n<hr class=\"\" data-start=\"1918\" data-end=\"1921\" \/>\n<h3 class=\"\" data-start=\"1923\" data-end=\"1955\">Neden \u0130TO 754 Bilyal\u0131 Barel?<\/h3>\n<ul data-start=\"1957\" data-end=\"2265\">\n<li class=\"\" data-start=\"1957\" data-end=\"2007\">\n<p class=\"\" data-start=\"1959\" data-end=\"2007\"><strong data-start=\"1959\" data-end=\"2007\">12 \u015fifreli pimli y\u00fcksek g\u00fcvenlik teknolojisi<\/strong><\/p>\n<\/li>\n<li class=\"\" data-start=\"2008\" data-end=\"2058\">\n<p class=\"\" data-start=\"2010\" data-end=\"2058\"><strong data-start=\"2010\" data-end=\"2058\">MS 58 pirin\u00e7 g\u00f6vdesiyle uzun \u00f6m\u00fcrl\u00fc kullan\u0131m<\/strong><\/p>\n<\/li>\n<li class=\"\" data-start=\"2059\" data-end=\"2105\">\n<p class=\"\" data-start=\"2061\" data-end=\"2105\"><strong data-start=\"2061\" data-end=\"2105\">Paslanmaz yaylar ile p\u00fcr\u00fczs\u00fcz performans<\/strong><\/p>\n<\/li>\n<li class=\"\" data-start=\"2106\" data-end=\"2161\">\n<p class=\"\" data-start=\"2108\" data-end=\"2161\"><strong data-start=\"2108\" data-end=\"2161\">Estetik ve i\u015flevsel sinter d\u00f6k\u00fcm anahtar tasar\u0131m\u0131<\/strong><\/p>\n<\/li>\n<li class=\"\" data-start=\"2162\" data-end=\"2219\">\n<p class=\"\" data-start=\"2164\" data-end=\"2219\"><strong data-start=\"2164\" data-end=\"2219\">Darbe ve zorlama giri\u015fimlerine kar\u015f\u0131 dayan\u0131kl\u0131 yap\u0131<\/strong><\/p>\n<\/li>\n<li class=\"\" data-start=\"2220\" data-end=\"2265\">\n<p class=\"\" data-start=\"2222\" data-end=\"2265\"><strong data-start=\"2222\" data-end=\"2265\">\u0130TO kalitesiyle g\u00fcvenilir barel sistemi<\/strong><\/p>\n<\/li>\n<\/ul>","protected":false},"excerpt":{"rendered":"<p>\u0130TO 754 Bilyal\u0131 Barel, 12 \u015fifreli pimli yap\u0131s\u0131 ve paslanmaz \u00e7elik yaylar\u0131 ile y\u00fcksek g\u00fcvenlik sa\u011flar. 3 anahtarl\u0131, pirin\u00e7 g\u00f6vdeli, uzun \u00f6m\u00fcrl\u00fc kilit \u00e7\u00f6z\u00fcm\u00fc.<\/p>","protected":false},"featured_media":2098,"comment_status":"open","ping_status":"closed","template":"","meta":{"rank_math_lock_modified_date":false},"product_cat":[314],"product_tag":[804,801,810,811,799,800,809,812,807,805,803,802,808,806],"class_list":{"0":"post-2096","1":"product","2":"type-product","3":"status-publish","4":"has-post-thumbnail","6":"product_cat-silindirler","7":"product_tag-12-pimli-kapi-bareli","8":"product_tag-bilyali-kilit-silindiri","9":"product_tag-dayanikli-kapi-kilit-mekanizmasi","10":"product_tag-guvenli-barel-modelleri","11":"product_tag-ito-754-bilyali","12":"product_tag-ito-barel","13":"product_tag-ito-bilyali-sistem","14":"product_tag-ms-58-pirinc-barel","15":"product_tag-nikel-kaplamali-anahtarli-barel","16":"product_tag-paslanmaz-yayli-barel","17":"product_tag-pirinc-silindir-kilit","18":"product_tag-sifreli-pimli-barel","19":"product_tag-sinter-dokum-kilit","20":"product_tag-yuksek-guvenlikli-silindir-kilit","22":"first","23":"instock","24":"taxable","25":"shipping-taxable","26":"purchasable","27":"product-type-variable","28":"has-default-attributes"},"_links":{"self":[{"href":"https:\/\/arma-yapi.com\/en\/wp-json\/wp\/v2\/product\/2096","targetHints":{"allow":["GET"]}}],"collection":[{"href":"https:\/\/arma-yapi.com\/en\/wp-json\/wp\/v2\/product"}],"about":[{"href":"https:\/\/arma-yapi.com\/en\/wp-json\/wp\/v2\/types\/product"}],"replies":[{"embeddable":true,"href":"https:\/\/arma-yapi.com\/en\/wp-json\/wp\/v2\/comments?post=2096"}],"version-history":[{"count":4,"href":"https:\/\/arma-yapi.com\/en\/wp-json\/wp\/v2\/product\/2096\/revisions"}],"predecessor-version":[{"id":5397,"href":"https:\/\/arma-yapi.com\/en\/wp-json\/wp\/v2\/product\/2096\/revisions\/5397"}],"wp:featuredmedia":[{"embeddable":true,"href":"https:\/\/arma-yapi.com\/en\/wp-json\/wp\/v2\/media\/2098"}],"wp:attachment":[{"href":"https:\/\/arma-yapi.com\/en\/wp-json\/wp\/v2\/media?parent=2096"}],"wp:term":[{"taxonomy":"product_cat","embeddable":true,"href":"https:\/\/arma-yapi.com\/en\/wp-json\/wp\/v2\/product_cat?post=2096"},{"taxonomy":"product_tag","embeddable":true,"href":"https:\/\/arma-yapi.com\/en\/wp-json\/wp\/v2\/product_tag?post=2096"}],"curies":[{"name":"wp","href":"https:\/\/api.w.org\/{rel}","templated":true}]}}