{"id":2084,"date":"2024-09-16T13:22:51","date_gmt":"2024-09-16T13:22:51","guid":{"rendered":"https:\/\/arma-yapi.com\/?post_type=product&#038;p=2084"},"modified":"2025-12-25T14:27:43","modified_gmt":"2025-12-25T14:27:43","slug":"ito-hidrolik-151h","status":"publish","type":"product","link":"https:\/\/arma-yapi.com\/en\/product\/ito-hidrolik-151h\/","title":{"rendered":"ITO Hydraulic 151H"},"content":{"rendered":"<h3 class=\"\" data-start=\"731\" data-end=\"814\">\u0130TO Kap\u0131 Hidroli\u011fi 151H \u2013 A\u011f\u0131r Kap\u0131lar \u0130\u00e7in Sessiz ve G\u00fc\u00e7l\u00fc Kap\u0131 Kapat\u0131c\u0131 \u00c7\u00f6z\u00fcm<\/h3>\n<p class=\"\" data-start=\"816\" data-end=\"1134\">\u0130TO Hidrolik 151H , b\u00fcy\u00fck ve a\u011f\u0131r kap\u0131lar i\u00e7in \u00f6zel olarak geli\u015ftirilmi\u015f, y\u00fcksek ta\u015f\u0131ma kapasitesine sahip, <strong data-start=\"933\" data-end=\"971\">profesyonel hidrolik kap\u0131 kapat\u0131c\u0131<\/strong> sistemidir. Geni\u015f yap\u0131l\u0131 giri\u015flerde, kurumsal alanlarda ve yo\u011fun kullan\u0131m gerektiren kap\u0131larda <strong data-start=\"1067\" data-end=\"1086\">g\u00fcvenli kapan\u0131\u015f<\/strong>, <strong data-start=\"1088\" data-end=\"1106\">sessiz \u00e7al\u0131\u015fma<\/strong> ve <strong data-start=\"1110\" data-end=\"1126\">dayan\u0131kl\u0131l\u0131k<\/strong> sa\u011flar.<\/p>\n<h4 class=\"\" data-start=\"1136\" data-end=\"1162\">\ud83d\udd27 Teknik \u00d6zellikler:<\/h4>\n<ul data-start=\"1163\" data-end=\"1615\">\n<li class=\"\" data-start=\"1163\" data-end=\"1211\">\n<p class=\"\" data-start=\"1165\" data-end=\"1211\"><strong data-start=\"1165\" data-end=\"1209\">Y\u00fcksek ta\u015f\u0131ma kapasiteli hidrolik sistem<\/strong><\/p>\n<\/li>\n<li class=\"\" data-start=\"1212\" data-end=\"1254\">\n<p class=\"\" data-start=\"1214\" data-end=\"1254\"><strong data-start=\"1214\" data-end=\"1254\">Ayarlanabilir kapanma ve \u00e7arpma h\u0131z\u0131<\/strong><\/p>\n<\/li>\n<li class=\"\" data-start=\"1255\" data-end=\"1298\">\n<p class=\"\" data-start=\"1257\" data-end=\"1298\"><strong data-start=\"1257\" data-end=\"1298\">A\u011f\u0131r hizmet tipi kap\u0131 yay mekanizmas\u0131<\/strong><\/p>\n<\/li>\n<li class=\"\" data-start=\"1299\" data-end=\"1346\">\n<p class=\"\" data-start=\"1301\" data-end=\"1346\"><strong data-start=\"1301\" data-end=\"1346\">Sessiz ve sars\u0131nt\u0131s\u0131z kapanma teknolojisi<\/strong><\/p>\n<\/li>\n<li class=\"\" data-start=\"1347\" data-end=\"1395\">\n<p class=\"\" data-start=\"1349\" data-end=\"1395\">80 &#8211; 120 kg aras\u0131 kap\u0131 a\u011f\u0131rl\u0131klar\u0131yla uyumlu<\/p>\n<\/li>\n<li class=\"\" data-start=\"1396\" data-end=\"1426\">\n<p class=\"\" data-start=\"1398\" data-end=\"1426\">Sa\u011f-sol kap\u0131larla tam uyum<\/p>\n<\/li>\n<li class=\"\" data-start=\"1427\" data-end=\"1507\">\n<p class=\"\" data-start=\"1429\" data-end=\"1507\"><strong data-start=\"1429\" data-end=\"1463\">Mekanik a\u00e7\u0131k tutma (hold-open)<\/strong> kolu ile a\u00e7\u0131k pozisyonda sabitleme imk\u00e2n\u0131<\/p>\n<\/li>\n<li class=\"\" data-start=\"1508\" data-end=\"1573\">\n<p class=\"\" data-start=\"1510\" data-end=\"1573\">Standard <strong data-start=\"1519\" data-end=\"1552\">vida di\u015fli hold-open kol seti<\/strong> ile birlikte gelir<\/p>\n<\/li>\n<li class=\"\" data-start=\"1574\" data-end=\"1615\">\n<p class=\"\" data-start=\"1576\" data-end=\"1615\"><strong data-start=\"1576\" data-end=\"1613\">Uygun maliyetli profesyonel \u00e7\u00f6z\u00fcm<\/strong><\/p>\n<\/li>\n<\/ul>\n<h4 class=\"\" data-start=\"1617\" data-end=\"1643\">\ud83d\udccd Kullan\u0131m Alanlar\u0131:<\/h4>\n<ul data-start=\"1644\" data-end=\"1824\">\n<li class=\"\" data-start=\"1644\" data-end=\"1669\">\n<p class=\"\" data-start=\"1646\" data-end=\"1669\"><strong data-start=\"1646\" data-end=\"1669\">End\u00fcstriyel kap\u0131lar\u00a0<\/strong><\/p>\n<\/li>\n<li class=\"\" data-start=\"1670\" data-end=\"1707\">\n<p class=\"\" data-start=\"1672\" data-end=\"1707\"><strong data-start=\"1672\" data-end=\"1707\">Apartman ve site giri\u015f kap\u0131lar\u0131<\/strong><\/p>\n<\/li>\n<li class=\"\" data-start=\"1708\" data-end=\"1738\">\n<p class=\"\" data-start=\"1710\" data-end=\"1738\"><strong data-start=\"1710\" data-end=\"1738\">Yang\u0131n g\u00fcvenlik kap\u0131lar\u0131<\/strong><\/p>\n<\/li>\n<li class=\"\" data-start=\"1739\" data-end=\"1787\">\n<p class=\"\" data-start=\"1741\" data-end=\"1787\"><strong data-start=\"1741\" data-end=\"1758\">Kamu binalar\u0131<\/strong>, <strong data-start=\"1760\" data-end=\"1771\">okullar<\/strong>, <strong data-start=\"1773\" data-end=\"1787\">hastaneler<\/strong><\/p>\n<\/li>\n<li class=\"\" data-start=\"1788\" data-end=\"1824\">\n<p class=\"\" data-start=\"1790\" data-end=\"1824\"><strong data-start=\"1790\" data-end=\"1801\">Ofisler<\/strong>, <strong data-start=\"1803\" data-end=\"1824\">ticari i\u015fletmeler<\/strong><\/p>\n<\/li>\n<\/ul>\n<h3 class=\"\" data-start=\"1826\" data-end=\"1860\">Neden \u0130TO Kap\u0131 Hidroli\u011fi 151H?<\/h3>\n<ul data-start=\"1862\" data-end=\"2194\">\n<li class=\"\" data-start=\"1862\" data-end=\"1922\">\n<p class=\"\" data-start=\"1864\" data-end=\"1922\"><strong data-start=\"1864\" data-end=\"1900\">A\u011f\u0131r kap\u0131lar i\u00e7in \u00f6zel \u00fcretilmi\u015f<\/strong> g\u00fc\u00e7l\u00fc hidrolik sistem<\/p>\n<\/li>\n<li class=\"\" data-start=\"1923\" data-end=\"1978\">\n<p class=\"\" data-start=\"1925\" data-end=\"1978\"><strong data-start=\"1925\" data-end=\"1953\">Dayan\u0131kl\u0131 malzeme yap\u0131s\u0131<\/strong> ile uzun \u00f6m\u00fcrl\u00fc kullan\u0131m<\/p>\n<\/li>\n<li class=\"\" data-start=\"1979\" data-end=\"2027\">\n<p class=\"\" data-start=\"1981\" data-end=\"2027\"><strong data-start=\"1981\" data-end=\"2011\">Ayarlanabilir kapanma h\u0131z\u0131<\/strong> ile tam kontrol<\/p>\n<\/li>\n<li class=\"\" data-start=\"2028\" data-end=\"2099\">\n<p class=\"\" data-start=\"2030\" data-end=\"2099\"><strong data-start=\"2030\" data-end=\"2052\">Hold-open \u00f6zelli\u011fi<\/strong> ile gerekti\u011finde kap\u0131n\u0131n a\u00e7\u0131k kalmas\u0131n\u0131 sa\u011flar<\/p>\n<\/li>\n<li class=\"\" data-start=\"2100\" data-end=\"2155\">\n<p class=\"\" data-start=\"2102\" data-end=\"2155\"><strong data-start=\"2102\" data-end=\"2129\">Sessiz \u00e7al\u0131\u015fma \u00f6zelli\u011fi<\/strong> ile konforlu ortam sa\u011flar<\/p>\n<\/li>\n<li class=\"\" data-start=\"2156\" data-end=\"2194\">\n<p class=\"\" data-start=\"2158\" data-end=\"2194\">Kolay montaj ve d\u00fc\u015f\u00fck bak\u0131m ihtiyac\u0131<\/p>\n<\/li>\n<\/ul>","protected":false},"excerpt":{"rendered":"<p>\u0130TO Kap\u0131 Hidroli\u011fi 151H, a\u011f\u0131r kap\u0131lar i\u00e7in geli\u015ftirilmi\u015f y\u00fcksek ta\u015f\u0131ma kapasiteli hidrolik kapat\u0131c\u0131d\u0131r. Sessiz, g\u00fc\u00e7l\u00fc ve ayarlanabilir yap\u0131 sunar.<\/p>","protected":false},"featured_media":2085,"comment_status":"open","ping_status":"closed","template":"","meta":{"rank_math_lock_modified_date":false},"product_cat":[324],"product_tag":[763,769,766,770,750,765,762,739,768,771,767,745,764],"class_list":{"0":"post-2084","1":"product","2":"type-product","3":"status-publish","4":"has-post-thumbnail","6":"product_cat-kapi-hidrolikleri","7":"product_tag-agir-kapi-kapatici","8":"product_tag-ayarlanabilir-kapi-kapanma-hizi","9":"product_tag-endustriyel-kapi-hidroligi","10":"product_tag-hidrolik-kapi-kapatici-modelleri","11":"product_tag-hidrolik-kapi-yayi","12":"product_tag-hold-open-ozellikli-kapi-kapatici","13":"product_tag-ito-151h","14":"product_tag-ito-kapi-hidroligi","15":"product_tag-ito-marka-hidrolik-kapatici","16":"product_tag-kapi-yayi-sistemleri","17":"product_tag-sessiz-kapi-kapanma-sistemi","18":"product_tag-yangin-kapisi-hidroligi","19":"product_tag-yuksek-tasima-kapasiteli-kapi-hidroligi","21":"first","22":"outofstock","23":"taxable","24":"shipping-taxable","25":"purchasable","26":"product-type-simple"},"_links":{"self":[{"href":"https:\/\/arma-yapi.com\/en\/wp-json\/wp\/v2\/product\/2084","targetHints":{"allow":["GET"]}}],"collection":[{"href":"https:\/\/arma-yapi.com\/en\/wp-json\/wp\/v2\/product"}],"about":[{"href":"https:\/\/arma-yapi.com\/en\/wp-json\/wp\/v2\/types\/product"}],"replies":[{"embeddable":true,"href":"https:\/\/arma-yapi.com\/en\/wp-json\/wp\/v2\/comments?post=2084"}],"version-history":[{"count":3,"href":"https:\/\/arma-yapi.com\/en\/wp-json\/wp\/v2\/product\/2084\/revisions"}],"predecessor-version":[{"id":4214,"href":"https:\/\/arma-yapi.com\/en\/wp-json\/wp\/v2\/product\/2084\/revisions\/4214"}],"wp:featuredmedia":[{"embeddable":true,"href":"https:\/\/arma-yapi.com\/en\/wp-json\/wp\/v2\/media\/2085"}],"wp:attachment":[{"href":"https:\/\/arma-yapi.com\/en\/wp-json\/wp\/v2\/media?parent=2084"}],"wp:term":[{"taxonomy":"product_cat","embeddable":true,"href":"https:\/\/arma-yapi.com\/en\/wp-json\/wp\/v2\/product_cat?post=2084"},{"taxonomy":"product_tag","embeddable":true,"href":"https:\/\/arma-yapi.com\/en\/wp-json\/wp\/v2\/product_tag?post=2084"}],"curies":[{"name":"wp","href":"https:\/\/api.w.org\/{rel}","templated":true}]}}