{"id":2081,"date":"2024-09-16T13:19:29","date_gmt":"2024-09-16T13:19:29","guid":{"rendered":"https:\/\/arma-yapi.com\/?post_type=product&#038;p=2081"},"modified":"2025-12-25T14:27:24","modified_gmt":"2025-12-25T14:27:24","slug":"ito-hidrolik-141h","status":"publish","type":"product","link":"https:\/\/arma-yapi.com\/en\/product\/ito-hidrolik-141h\/","title":{"rendered":"ITO Hydraulic 141H"},"content":{"rendered":"<h3 class=\"\" data-start=\"198\" data-end=\"279\">\u0130TO Kap\u0131 Hidroli\u011fi 141H \u2013 G\u00fc\u00e7l\u00fc, Sessiz ve Ayarlanabilir Kap\u0131 Kapat\u0131c\u0131 Sistem<\/h3>\n<p class=\"\" data-start=\"281\" data-end=\"600\"><strong data-start=\"281\" data-end=\"308\">\u0130TO Kap\u0131 Hidroli\u011fi 141H<\/strong>, kap\u0131lar\u0131n g\u00fcvenli, sessiz ve kontroll\u00fc bir \u015fekilde kapanmas\u0131n\u0131 sa\u011flayan, y\u00fcksek performansl\u0131 bir <strong data-start=\"407\" data-end=\"433\">hidrolik kap\u0131 kapat\u0131c\u0131<\/strong> sistemidir. <strong data-start=\"446\" data-end=\"464\">\u0130TO markas\u0131n\u0131n<\/strong> kalite ve dayan\u0131kl\u0131l\u0131k anlay\u0131\u015f\u0131yla \u00fcretilen bu model, \u00f6zellikle <strong data-start=\"529\" data-end=\"571\">yo\u011fun giri\u015f-\u00e7\u0131k\u0131\u015f trafi\u011fi olan alanlar<\/strong> i\u00e7in m\u00fckemmel bir tercihtir.<\/p>\n<h4 class=\"\" data-start=\"602\" data-end=\"628\">\ud83d\udd27 Teknik \u00d6zellikler:<\/h4>\n<ul data-start=\"629\" data-end=\"1112\">\n<li class=\"\" data-start=\"629\" data-end=\"677\">\n<p class=\"\" data-start=\"631\" data-end=\"677\"><strong data-start=\"631\" data-end=\"677\">Hidrolik sistemli kap\u0131 kapanma mekanizmas\u0131<\/strong><\/p>\n<\/li>\n<li class=\"\" data-start=\"678\" data-end=\"736\">\n<p class=\"\" data-start=\"680\" data-end=\"736\"><strong data-start=\"680\" data-end=\"710\">Ayarlanabilir kapanma h\u0131z\u0131<\/strong> ve <strong data-start=\"714\" data-end=\"736\">son \u00e7arpma kuvveti<\/strong><\/p>\n<\/li>\n<li class=\"\" data-start=\"737\" data-end=\"783\">\n<p class=\"\" data-start=\"739\" data-end=\"783\"><strong data-start=\"739\" data-end=\"766\">Sessiz \u00e7al\u0131\u015fma \u00f6zelli\u011fi<\/strong> ile ideal konfor<\/p>\n<\/li>\n<li class=\"\" data-start=\"784\" data-end=\"830\">\n<p class=\"\" data-start=\"786\" data-end=\"830\"><strong data-start=\"786\" data-end=\"817\">60 \u2013 100 kg kap\u0131 a\u011f\u0131rl\u0131\u011f\u0131na<\/strong> kadar destek<\/p>\n<\/li>\n<li class=\"\" data-start=\"831\" data-end=\"881\">\n<p class=\"\" data-start=\"833\" data-end=\"881\">Sa\u011f-sol kap\u0131larla uyumlu <strong data-start=\"858\" data-end=\"881\">\u00e7ift y\u00f6nl\u00fc kullan\u0131m<\/strong><\/p>\n<\/li>\n<li class=\"\" data-start=\"882\" data-end=\"972\">\n<p class=\"\" data-start=\"884\" data-end=\"972\"><strong data-start=\"884\" data-end=\"918\">Mekanik a\u00e7\u0131k tutma (hold-open)<\/strong> \u00f6zelli\u011fi ile kap\u0131n\u0131n a\u00e7\u0131k pozisyonda sabitlenebilmesi<\/p>\n<\/li>\n<li class=\"\" data-start=\"973\" data-end=\"1037\">\n<p class=\"\" data-start=\"975\" data-end=\"1037\"><strong data-start=\"975\" data-end=\"1018\">Standart vida di\u015fli a\u00e7\u0131k tutma kol seti<\/strong> ile birlikte gelir<\/p>\n<\/li>\n<li class=\"\" data-start=\"1038\" data-end=\"1081\">\n<p class=\"\" data-start=\"1040\" data-end=\"1081\"><strong data-start=\"1040\" data-end=\"1081\">Uygun maliyetli kap\u0131 hidroli\u011fi \u00e7\u00f6z\u00fcm\u00fc<\/strong><\/p>\n<\/li>\n<li class=\"\" data-start=\"1082\" data-end=\"1112\">\n<p class=\"\" data-start=\"1084\" data-end=\"1112\">Basit ve h\u0131zl\u0131 montaj imkan\u0131<\/p>\n<\/li>\n<\/ul>\n<h4 class=\"\" data-start=\"1114\" data-end=\"1140\">\ud83d\udccd Kullan\u0131m Alanlar\u0131:<\/h4>\n<ul data-start=\"1141\" data-end=\"1277\">\n<li class=\"\" data-start=\"1141\" data-end=\"1160\">\n<p class=\"\" data-start=\"1143\" data-end=\"1160\"><strong data-start=\"1143\" data-end=\"1160\">Ofis kap\u0131lar\u0131<\/strong><\/p>\n<\/li>\n<li class=\"\" data-start=\"1161\" data-end=\"1182\">\n<p class=\"\" data-start=\"1163\" data-end=\"1182\"><strong data-start=\"1163\" data-end=\"1182\">Yang\u0131n kap\u0131lar\u0131<\/strong><\/p>\n<\/li>\n<li class=\"\" data-start=\"1183\" data-end=\"1206\">\n<p class=\"\" data-start=\"1185\" data-end=\"1206\"><strong data-start=\"1185\" data-end=\"1206\">\u0130\u00e7 mekan kap\u0131lar\u0131<\/strong><\/p>\n<\/li>\n<li class=\"\" data-start=\"1207\" data-end=\"1236\">\n<p class=\"\" data-start=\"1209\" data-end=\"1236\"><strong data-start=\"1209\" data-end=\"1236\">Apartman giri\u015f kap\u0131lar\u0131<\/strong><\/p>\n<\/li>\n<li class=\"\" data-start=\"1237\" data-end=\"1277\">\n<p class=\"\" data-start=\"1239\" data-end=\"1277\"><strong data-start=\"1239\" data-end=\"1277\">Okul ve hastane gibi kamu alanlar\u0131<\/strong><\/p>\n<\/li>\n<\/ul>\n<h3 class=\"\" data-start=\"1279\" data-end=\"1313\">Neden \u0130TO Kap\u0131 Hidroli\u011fi 141H?<\/h3>\n<ul data-start=\"1315\" data-end=\"1611\">\n<li class=\"\" data-start=\"1315\" data-end=\"1363\">\n<p class=\"\" data-start=\"1317\" data-end=\"1363\"><strong data-start=\"1317\" data-end=\"1351\">Y\u00fcksek kaliteli kap\u0131 hidroli\u011fi<\/strong> teknolojisi<\/p>\n<\/li>\n<li class=\"\" data-start=\"1364\" data-end=\"1399\">\n<p class=\"\" data-start=\"1366\" data-end=\"1399\"><strong data-start=\"1366\" data-end=\"1399\">Uzun \u00f6m\u00fcrl\u00fc ve dayan\u0131kl\u0131 yap\u0131<\/strong><\/p>\n<\/li>\n<li class=\"\" data-start=\"1400\" data-end=\"1447\">\n<p class=\"\" data-start=\"1402\" data-end=\"1447\"><strong data-start=\"1402\" data-end=\"1421\">Estetik g\u00f6r\u00fcn\u00fcm<\/strong> ile modern mekanlara uyum<\/p>\n<\/li>\n<li class=\"\" data-start=\"1448\" data-end=\"1496\">\n<p class=\"\" data-start=\"1450\" data-end=\"1496\"><strong data-start=\"1450\" data-end=\"1466\">Kolay montaj<\/strong> ve bak\u0131m gerektirmeyen sistem<\/p>\n<\/li>\n<li class=\"\" data-start=\"1497\" data-end=\"1537\">\n<p class=\"\" data-start=\"1499\" data-end=\"1537\"><strong data-start=\"1499\" data-end=\"1537\">G\u00fcvenli ve kontroll\u00fc kap\u0131 kapan\u0131\u015f\u0131<\/strong><\/p>\n<\/li>\n<li class=\"\" data-start=\"1538\" data-end=\"1611\">\n<p class=\"\" data-start=\"1540\" data-end=\"1611\"><strong data-start=\"1540\" data-end=\"1564\">Hold-open fonksiyonu<\/strong> ile kap\u0131n\u0131n gerekti\u011finde a\u00e7\u0131k kalmas\u0131n\u0131 sa\u011flar<\/p>\n<\/li>\n<\/ul>","protected":false},"excerpt":{"rendered":"<p>\u0130TO Kap\u0131 Hidroli\u011fi 141H, sessiz ve g\u00fc\u00e7l\u00fc kapatma sa\u011flayan hidrolik kap\u0131 yay\u0131d\u0131r. Ofis, okul, yang\u0131n kap\u0131lar\u0131 ve i\u00e7 mekanlar i\u00e7in ideal \u00e7\u00f6z\u00fcmd\u00fcr.<\/p>","protected":false},"featured_media":2082,"comment_status":"open","ping_status":"closed","template":"","meta":{"rank_math_lock_modified_date":false},"product_cat":[324],"product_tag":[760,744,750,757,749,739,753,761,741,758,743,748,759,745],"class_list":{"0":"post-2081","1":"product","2":"type-product","3":"status-publish","4":"has-post-thumbnail","6":"product_cat-kapi-hidrolikleri","7":"product_tag-ayarlanabilir-kapanma-hizina-sahip-kapi-yayi","8":"product_tag-hidrolik-kapi-kapatici","9":"product_tag-hidrolik-kapi-yayi","10":"product_tag-hold-open-kapi-yayi","11":"product_tag-ito-141h","12":"product_tag-ito-kapi-hidroligi","13":"product_tag-ito-marka-kapi-yayi","14":"product_tag-kaliteli-kapi-kapanma-mekanizmasi","15":"product_tag-kapi-kapatici","16":"product_tag-mekanik-acik-tutma-ozellikli-kapi-kapatici","17":"product_tag-otomatik-kapi-kapatici","18":"product_tag-sessiz-kapi-kapatici","19":"product_tag-uygun-fiyatli-kapi-hidroligi","20":"product_tag-yangin-kapisi-hidroligi","22":"first","23":"outofstock","24":"taxable","25":"shipping-taxable","26":"purchasable","27":"product-type-simple"},"_links":{"self":[{"href":"https:\/\/arma-yapi.com\/en\/wp-json\/wp\/v2\/product\/2081","targetHints":{"allow":["GET"]}}],"collection":[{"href":"https:\/\/arma-yapi.com\/en\/wp-json\/wp\/v2\/product"}],"about":[{"href":"https:\/\/arma-yapi.com\/en\/wp-json\/wp\/v2\/types\/product"}],"replies":[{"embeddable":true,"href":"https:\/\/arma-yapi.com\/en\/wp-json\/wp\/v2\/comments?post=2081"}],"version-history":[{"count":5,"href":"https:\/\/arma-yapi.com\/en\/wp-json\/wp\/v2\/product\/2081\/revisions"}],"predecessor-version":[{"id":4211,"href":"https:\/\/arma-yapi.com\/en\/wp-json\/wp\/v2\/product\/2081\/revisions\/4211"}],"wp:featuredmedia":[{"embeddable":true,"href":"https:\/\/arma-yapi.com\/en\/wp-json\/wp\/v2\/media\/2082"}],"wp:attachment":[{"href":"https:\/\/arma-yapi.com\/en\/wp-json\/wp\/v2\/media?parent=2081"}],"wp:term":[{"taxonomy":"product_cat","embeddable":true,"href":"https:\/\/arma-yapi.com\/en\/wp-json\/wp\/v2\/product_cat?post=2081"},{"taxonomy":"product_tag","embeddable":true,"href":"https:\/\/arma-yapi.com\/en\/wp-json\/wp\/v2\/product_tag?post=2081"}],"curies":[{"name":"wp","href":"https:\/\/api.w.org\/{rel}","templated":true}]}}