{"id":2040,"date":"2024-09-16T11:25:46","date_gmt":"2024-09-16T11:25:46","guid":{"rendered":"https:\/\/arma-yapi.com\/?post_type=product&#038;p=2040"},"modified":"2026-03-11T05:23:30","modified_gmt":"2026-03-11T05:23:30","slug":"roto-rsa-kapi-kolu-85-eksen","status":"publish","type":"product","link":"https:\/\/arma-yapi.com\/en\/product\/roto-rsa-kapi-kolu-85-eksen\/","title":{"rendered":"Roto RSA Door Handle 85 Axis"},"content":{"rendered":"<p>Roto RotoLine 85 axis mirrored door handle is designed to be used on home and workplace doors using high quality materials. The product draws attention with its modern and stylish design and adapts to all kinds of decoration. Roto RotoLine 85 axis mirrored door handle has a smooth and easy-to-use axis mirrored design. Thus, you can easily open and close the door. The product is made of high quality aluminum or steel material and guarantees durability. In addition, the surface of the product is scratch-proof, rust-proof and easy to clean.<\/p>\n<p>&nbsp;<\/p>\n<h3 class=\"\" data-start=\"104\" data-end=\"139\"><strong data-start=\"108\" data-end=\"139\">Roto RSA Door Handle 85 Axis<\/strong><\/h3>\n<p class=\"\" data-start=\"141\" data-end=\"381\"><strong data-start=\"141\" data-end=\"163\">Roto RSA kap\u0131 kolu<\/strong>, y\u00fcksek kalite, sa\u011flaml\u0131k ve fonksiyonelli\u011fi bir araya getiren \u00f6zel bir <strong data-start=\"236\" data-end=\"254\">Roto kap\u0131 kolu<\/strong> modelidir. <strong data-start=\"266\" data-end=\"291\">85 mm eksen aral\u0131\u011f\u0131na<\/strong> sahip olan bu \u00fcr\u00fcn, \u00f6zellikle al\u00fcminyum ve PVC kap\u0131 sistemleri i\u00e7in ideal \u00e7\u00f6z\u00fcmler sunar.<\/p>\n<p class=\"\" data-start=\"383\" data-end=\"675\">Modern tasar\u0131m\u0131 ve dayan\u0131kl\u0131 yap\u0131s\u0131yla uzun y\u0131llar sorunsuz kullan\u0131m sa\u011flayan <strong data-start=\"461\" data-end=\"483\">Roto RSA kap\u0131 kolu<\/strong>, hem konut hem de ticari projelerde g\u00fcvenle tercih edilmektedir. Ergonomik yap\u0131s\u0131 sayesinde rahat bir tutu\u015f sunar, Roto&#8217;nun mekanik m\u00fchendisli\u011fi sayesinde kolay ve sessiz bir kullan\u0131m sa\u011flar.<\/p>\n<p class=\"\" data-start=\"677\" data-end=\"816\">Kap\u0131lar\u0131n\u0131zda hem estetik hem de fonksiyonel bir \u00e7\u00f6z\u00fcm ar\u0131yorsan\u0131z, <strong data-start=\"745\" data-end=\"776\">Roto RSA 85 eksen kap\u0131 kolu<\/strong> ile maksimum performans elde edersiniz.<\/p>\n<p class=\"\" data-start=\"818\" data-end=\"843\"><strong data-start=\"818\" data-end=\"843\">\u00d6ne \u00c7\u0131kan \u00d6zellikler:<\/strong><\/p>\n<ul data-start=\"844\" data-end=\"1021\">\n<li class=\"\" data-start=\"844\" data-end=\"868\">\n<p class=\"\" data-start=\"846\" data-end=\"868\">85 mm eksen mesafesi<\/p>\n<\/li>\n<li class=\"\" data-start=\"869\" data-end=\"902\">\n<p class=\"\" data-start=\"871\" data-end=\"902\">Dayan\u0131kl\u0131 ve uzun \u00f6m\u00fcrl\u00fc yap\u0131<\/p>\n<\/li>\n<li class=\"\" data-start=\"903\" data-end=\"950\">\n<p class=\"\" data-start=\"905\" data-end=\"950\">Al\u00fcminyum ve PVC kap\u0131 sistemleri ile uyumlu<\/p>\n<\/li>\n<li class=\"\" data-start=\"951\" data-end=\"982\">\n<p class=\"\" data-start=\"953\" data-end=\"982\">Ergonomik ve modern tasar\u0131m<\/p>\n<\/li>\n<li class=\"\" data-start=\"983\" data-end=\"1021\">\n<p class=\"\" data-start=\"985\" data-end=\"1021\">Roto kalitesiyle y\u00fcksek performans<\/p>\n<\/li>\n<\/ul>","protected":false},"excerpt":{"rendered":"<p>Roto RotoLine 85 eksen aynal\u0131 kap\u0131 kolu, y\u00fcksek kaliteli malzemeler kullan\u0131larak ev ve i\u015f yeri kap\u0131lar\u0131nda kullan\u0131lmak \u00fczere tasarlanm\u0131\u015ft\u0131r. \u00dcr\u00fcn,<\/p>","protected":false},"featured_media":4116,"comment_status":"open","ping_status":"closed","template":"","meta":{"rank_math_lock_modified_date":false},"product_cat":[310,302,305],"product_tag":[600,604,602,606,607,601,603,605,576,577,598,608,599],"class_list":{"0":"post-2040","1":"product","2":"type-product","3":"status-publish","4":"has-post-thumbnail","6":"product_cat-pencere-kapi-sistemleri","7":"product_cat-pvc-pencere-kapi-sistemleri","8":"product_cat-pencere-ve-kapi-kollari","9":"product_tag-85-eksen-kapi-kolu","10":"product_tag-85-mm-kapi-kolu","11":"product_tag-aluminyum-kapi-kolu","12":"product_tag-dis-kapi-kolu","13":"product_tag-ic-kapi-kolu","14":"product_tag-kapi-kolu-roto","15":"product_tag-pvc-kapi-kolu","16":"product_tag-roto-kapi-aksesuarlari","17":"product_tag-roto-kapi-kolu","18":"product_tag-roto-kol","19":"product_tag-roto-rsa","20":"product_tag-roto-rsa-85","21":"product_tag-roto-rsa-kapi-kolu","23":"first","24":"instock","25":"taxable","26":"shipping-taxable","27":"purchasable","28":"product-type-variable"},"_links":{"self":[{"href":"https:\/\/arma-yapi.com\/en\/wp-json\/wp\/v2\/product\/2040","targetHints":{"allow":["GET"]}}],"collection":[{"href":"https:\/\/arma-yapi.com\/en\/wp-json\/wp\/v2\/product"}],"about":[{"href":"https:\/\/arma-yapi.com\/en\/wp-json\/wp\/v2\/types\/product"}],"replies":[{"embeddable":true,"href":"https:\/\/arma-yapi.com\/en\/wp-json\/wp\/v2\/comments?post=2040"}],"version-history":[{"count":4,"href":"https:\/\/arma-yapi.com\/en\/wp-json\/wp\/v2\/product\/2040\/revisions"}],"predecessor-version":[{"id":4123,"href":"https:\/\/arma-yapi.com\/en\/wp-json\/wp\/v2\/product\/2040\/revisions\/4123"}],"wp:featuredmedia":[{"embeddable":true,"href":"https:\/\/arma-yapi.com\/en\/wp-json\/wp\/v2\/media\/4116"}],"wp:attachment":[{"href":"https:\/\/arma-yapi.com\/en\/wp-json\/wp\/v2\/media?parent=2040"}],"wp:term":[{"taxonomy":"product_cat","embeddable":true,"href":"https:\/\/arma-yapi.com\/en\/wp-json\/wp\/v2\/product_cat?post=2040"},{"taxonomy":"product_tag","embeddable":true,"href":"https:\/\/arma-yapi.com\/en\/wp-json\/wp\/v2\/product_tag?post=2040"}],"curies":[{"name":"wp","href":"https:\/\/api.w.org\/{rel}","templated":true}]}}