{"id":1628,"date":"2024-09-05T14:25:55","date_gmt":"2024-09-05T14:25:55","guid":{"rendered":"https:\/\/arma-yapi.com\/?post_type=product&#038;p=1628"},"modified":"2026-04-01T08:55:37","modified_gmt":"2026-04-01T08:55:37","slug":"roto-rotoline-secustik-pencere-kolu","status":"publish","type":"product","link":"https:\/\/arma-yapi.com\/en\/product\/roto-rotoline-secustik-pencere-kolu\/","title":{"rendered":"Roto Rotoline Secustik Window Handle"},"content":{"rendered":"<h3 class=\"\" data-start=\"124\" data-end=\"167\"><strong data-start=\"128\" data-end=\"167\">Roto Rotoline Secustik Window Handle<\/strong><\/h3>\n<p class=\"\" data-start=\"169\" data-end=\"449\"><strong data-start=\"169\" data-end=\"208\">Roto Rotoline Secustik pencere kolu<\/strong>, hem estetik hem de g\u00fcvenlik odakl\u0131 tasar\u0131m\u0131yla \u00f6ne \u00e7\u0131kan \u00f6zel bir <strong data-start=\"276\" data-end=\"297\">Roto pencere kolu<\/strong> modelidir. Secustik teknolojisi sayesinde, pencere kolu d\u0131\u015far\u0131dan m\u00fcdahale ile a\u00e7\u0131lmaya kar\u015f\u0131 ekstra koruma sa\u011flar ve g\u00fcvenli\u011fi bir \u00fcst seviyeye ta\u015f\u0131r.<\/p>\n<p class=\"\" data-start=\"451\" data-end=\"733\">Bu \u00f6zel <strong data-start=\"459\" data-end=\"471\">Roto kol<\/strong>, \u00f6zellikle h\u0131rs\u0131zl\u0131\u011fa kar\u015f\u0131 ek g\u00fcvenlik arayan kullan\u0131c\u0131lar i\u00e7in idealdir. Mekanizma i\u00e7erisindeki sesli kilitleme sistemi, kolun yaln\u0131zca i\u00e7erden kontroll\u00fc \u015fekilde \u00e7evrilebildi\u011fini garanti eder. B\u00f6ylece hem eviniz hem de i\u015f yeriniz i\u00e7in huzurlu bir ortam sunar.<\/p>\n<p class=\"\" data-start=\"735\" data-end=\"913\">Al\u00fcminyum ve PVC sistemlerle uyumlu olan <strong data-start=\"776\" data-end=\"815\">Roto Rotoline Secustik pencere kolu<\/strong>, zarif tasar\u0131m\u0131 ve ergonomik tutu\u015fu ile hem kullan\u0131m kolayl\u0131\u011f\u0131 hem de estetik bir g\u00f6r\u00fcn\u00fcm sa\u011flar.<\/p>\n<p class=\"\" data-start=\"915\" data-end=\"940\"><strong data-start=\"915\" data-end=\"940\">\u00d6ne \u00c7\u0131kan \u00d6zellikler:<\/strong><\/p>\n<ul data-start=\"941\" data-end=\"1157\">\n<li class=\"\" data-start=\"941\" data-end=\"974\">\n<p class=\"\" data-start=\"943\" data-end=\"974\">Secustik g\u00fcvenlik teknolojisi<\/p>\n<\/li>\n<li class=\"\" data-start=\"975\" data-end=\"1010\">\n<p class=\"\" data-start=\"977\" data-end=\"1010\">Roto kalitesiyle dayan\u0131kl\u0131 yap\u0131<\/p>\n<\/li>\n<li class=\"\" data-start=\"1011\" data-end=\"1039\">\n<p class=\"\" data-start=\"1013\" data-end=\"1039\">\u015e\u0131k ve ergonomik tasar\u0131m<\/p>\n<\/li>\n<li class=\"\" data-start=\"1040\" data-end=\"1079\">\n<p class=\"\" data-start=\"1042\" data-end=\"1079\">Al\u00fcminyum ve PVC sistemlerle uyumlu<\/p>\n<\/li>\n<li class=\"\" data-start=\"1080\" data-end=\"1110\">\n<p class=\"\" data-start=\"1082\" data-end=\"1110\">H\u0131rs\u0131zl\u0131\u011fa kar\u015f\u0131 ek koruma<\/p>\n<\/li>\n<li class=\"\" data-start=\"1111\" data-end=\"1157\">\n<p class=\"\" data-start=\"1113\" data-end=\"1157\">Sessiz ve kontroll\u00fc a\u00e7ma\/kapama fonksiyonu<\/p>\n<\/li>\n<\/ul>\n<p class=\"\" data-start=\"1159\" data-end=\"1284\">G\u00fcvenli ve kaliteli bir <strong data-start=\"1183\" data-end=\"1204\">Roto pencere kolu<\/strong> ar\u0131yorsan\u0131z, <strong data-start=\"1218\" data-end=\"1239\">Rotoline Secustik<\/strong> serisi beklentilerinizi fazlas\u0131yla kar\u015f\u0131lar.<\/p>","protected":false},"excerpt":{"rendered":"<p>40 mm Roto Rotoline pencere kolu<\/p>","protected":false},"featured_media":3942,"comment_status":"open","ping_status":"closed","template":"","meta":{"rank_math_lock_modified_date":false},"product_cat":[310,302,305],"product_tag":[583,593,595,581,506,596,580,577,597,586,507,508,594,505,592,509],"class_list":{"0":"post-1628","1":"product","2":"type-product","3":"status-publish","4":"has-post-thumbnail","6":"product_cat-pencere-kapi-sistemleri","7":"product_cat-pvc-pencere-kapi-sistemleri","8":"product_cat-pencere-ve-kapi-kollari","9":"product_tag-aluminyum-sistem-pencere-kolu","10":"product_tag-guvenlikli-pencere-kolu","11":"product_tag-hirsizliga-karsi-pencere-kolu","12":"product_tag-pencere-kolu-roto","13":"product_tag-roto","14":"product_tag-roto-guvenlik-kolu","15":"product_tag-roto-kilitli-kol","16":"product_tag-roto-kol","17":"product_tag-roto-kol-fiyatlari","18":"product_tag-roto-pencere-aksesuarlari","19":"product_tag-roto-pencere-kolu","20":"product_tag-roto-rotoline","21":"product_tag-roto-rotoline-secustik","22":"product_tag-roto-rotoline-secustik-pencere-kolu","23":"product_tag-roto-secustik-kol","24":"product_tag-secustik-pencere-kolu","26":"first","27":"instock","28":"taxable","29":"shipping-taxable","30":"purchasable","31":"product-type-variable"},"_links":{"self":[{"href":"https:\/\/arma-yapi.com\/en\/wp-json\/wp\/v2\/product\/1628","targetHints":{"allow":["GET"]}}],"collection":[{"href":"https:\/\/arma-yapi.com\/en\/wp-json\/wp\/v2\/product"}],"about":[{"href":"https:\/\/arma-yapi.com\/en\/wp-json\/wp\/v2\/types\/product"}],"replies":[{"embeddable":true,"href":"https:\/\/arma-yapi.com\/en\/wp-json\/wp\/v2\/comments?post=1628"}],"version-history":[{"count":6,"href":"https:\/\/arma-yapi.com\/en\/wp-json\/wp\/v2\/product\/1628\/revisions"}],"predecessor-version":[{"id":4112,"href":"https:\/\/arma-yapi.com\/en\/wp-json\/wp\/v2\/product\/1628\/revisions\/4112"}],"wp:featuredmedia":[{"embeddable":true,"href":"https:\/\/arma-yapi.com\/en\/wp-json\/wp\/v2\/media\/3942"}],"wp:attachment":[{"href":"https:\/\/arma-yapi.com\/en\/wp-json\/wp\/v2\/media?parent=1628"}],"wp:term":[{"taxonomy":"product_cat","embeddable":true,"href":"https:\/\/arma-yapi.com\/en\/wp-json\/wp\/v2\/product_cat?post=1628"},{"taxonomy":"product_tag","embeddable":true,"href":"https:\/\/arma-yapi.com\/en\/wp-json\/wp\/v2\/product_tag?post=1628"}],"curies":[{"name":"wp","href":"https:\/\/api.w.org\/{rel}","templated":true}]}}