{"id":1582,"date":"2024-09-05T13:14:56","date_gmt":"2024-09-05T13:14:56","guid":{"rendered":"https:\/\/arma-yapi.com\/?post_type=product&#038;p=1582"},"modified":"2026-01-22T06:01:21","modified_gmt":"2026-01-22T06:01:21","slug":"ito-bilyali-silindir-3-anahtarli-emniyet-kartli","status":"publish","type":"product","link":"https:\/\/arma-yapi.com\/en\/product\/ito-bilyali-silindir-3-anahtarli-emniyet-kartli\/","title":{"rendered":"ITO Ball Cylinder \u2013 3 keys, security card"},"content":{"rendered":"<h3 class=\"unf-sell-sub-title\">Ito Lock 3 Keyed Security Card Cylinder 754E\/68K 3 AN.<\/h3>\n<div class=\"unf-info-desc\">\n<p>Brass body and tube<br \/>\nBrass key and pins<br \/>\nPhosphor bronze cipher springs<br \/>\n6 pins and over 30,000 key combinations<br \/>\n3 nickel plated keys<\/p>\n<\/div>\n<p>&nbsp;<\/p>\n<h1>\u0130TO Bilyal\u0131 Silindir(Barel) &#8211; 3 Anahtarl\u0131, Emniyet Kartl\u0131<\/h1>\n<p><!-- K\u0131sa A\u00e7\u0131klama \/ Meta Description --><\/p>\n<p><!-- \u00dcr\u00fcn A\u00e7\u0131klamas\u0131 --><\/p>\n<p><strong>\u0130TO Bilyal\u0131 Silindir<\/strong>, y\u00fcksek g\u00fcvenlik sa\u011flayan <strong>bilyal\u0131 mekanizma<\/strong> ile donat\u0131lm\u0131\u015f, 3 anahtar ve her biri i\u00e7in <strong>emniyet kart\u0131<\/strong> i\u00e7eren \u00f6zel bir kap\u0131 kilidi modelidir. Bu \u00f6zellik, kaybolan ya da \u00e7al\u0131nan anahtarlar\u0131n yeniden \u00fcretilememesini sa\u011flar, b\u00f6ylece g\u00fcvenli\u011finiz her zaman korunur.<\/p>\n<p><strong>Bilyal\u0131 silindiri<\/strong>yle bu model, <strong>maymuncuk, k\u0131rma ve darbeye kar\u015f\u0131 dayan\u0131kl\u0131d\u0131r<\/strong>, b\u00f6ylece ev ve i\u015f yerlerinizde y\u00fcksek g\u00fcvenlik sa\u011flar. Ayr\u0131ca, <strong>3 adet yedek anahtar<\/strong> ve <strong>her anahtar i\u00e7in bir emniyet kart\u0131<\/strong> sunarak, kaybolan anahtarlar\u0131n\u0131z\u0131 yeniden \u00e7o\u011falt\u0131lmas\u0131n\u0131 engeller.<\/p>\n<h2>\u00d6ne \u00c7\u0131kan \u00d6zellikler<\/h2>\n<ul>\n<li>3 adet anahtar ve her biri i\u00e7in ayr\u0131 emniyet kart\u0131<\/li>\n<li>Y\u00fcksek g\u00fcvenlik sa\u011flayan bilyal\u0131 mekanizma<\/li>\n<li>Emniyet kart\u0131 ile anahtar \u00e7o\u011faltma engelleme<\/li>\n<li>Dayan\u0131kl\u0131, uzun \u00f6m\u00fcrl\u00fc ve estetik nikel kaplama<\/li>\n<li>K\u0131r\u0131lma ve m\u00fcdahaleye kar\u015f\u0131 diren\u00e7li<\/li>\n<\/ul>\n<h2>Kullan\u0131m Alanlar\u0131<\/h2>\n<p><strong>\u0130TO Bilyal\u0131 Silindir<\/strong>, <strong>apartman kap\u0131lar\u0131, ofis giri\u015fleri, ev kap\u0131lar\u0131<\/strong> ve g\u00fcvenli\u011fin \u00f6n planda oldu\u011fu her alanda rahatl\u0131kla kullan\u0131labilir. Emniyet kartl\u0131 \u00f6zelli\u011fi, kaybolan anahtarlar\u0131n \u00e7o\u011falt\u0131lmas\u0131n\u0131 engelleyerek ekstra g\u00fcvenlik sa\u011flar.<\/p>","protected":false},"excerpt":{"rendered":"<p><!-- K\u0131sa A\u00e7\u0131klama \/ Meta Description --><\/p>\n<p><!-- \u00dcr\u00fcn A\u00e7\u0131klamas\u0131 --><\/p>\n<p><strong>\u0130TO Bilyal\u0131 Silindir<\/strong>, y\u00fcksek g\u00fcvenlik sa\u011flayan <strong>bilyal\u0131 mekanizma<\/strong> ile donat\u0131lm\u0131\u015f, 3 anahtar ve her biri i\u00e7in <strong>emniyet kart\u0131<\/strong> i\u00e7eren \u00f6zel bir kap\u0131 kilidi modelidir.<\/p>","protected":false},"featured_media":2053,"comment_status":"open","ping_status":"closed","template":"","meta":{"rank_math_lock_modified_date":false},"product_cat":[314],"product_tag":[],"class_list":{"0":"post-1582","1":"product","2":"type-product","3":"status-publish","4":"has-post-thumbnail","6":"product_cat-silindirler","8":"first","9":"instock","10":"taxable","11":"shipping-taxable","12":"purchasable","13":"product-type-variable","14":"has-default-attributes"},"_links":{"self":[{"href":"https:\/\/arma-yapi.com\/en\/wp-json\/wp\/v2\/product\/1582","targetHints":{"allow":["GET"]}}],"collection":[{"href":"https:\/\/arma-yapi.com\/en\/wp-json\/wp\/v2\/product"}],"about":[{"href":"https:\/\/arma-yapi.com\/en\/wp-json\/wp\/v2\/types\/product"}],"replies":[{"embeddable":true,"href":"https:\/\/arma-yapi.com\/en\/wp-json\/wp\/v2\/comments?post=1582"}],"version-history":[{"count":6,"href":"https:\/\/arma-yapi.com\/en\/wp-json\/wp\/v2\/product\/1582\/revisions"}],"predecessor-version":[{"id":4483,"href":"https:\/\/arma-yapi.com\/en\/wp-json\/wp\/v2\/product\/1582\/revisions\/4483"}],"wp:featuredmedia":[{"embeddable":true,"href":"https:\/\/arma-yapi.com\/en\/wp-json\/wp\/v2\/media\/2053"}],"wp:attachment":[{"href":"https:\/\/arma-yapi.com\/en\/wp-json\/wp\/v2\/media?parent=1582"}],"wp:term":[{"taxonomy":"product_cat","embeddable":true,"href":"https:\/\/arma-yapi.com\/en\/wp-json\/wp\/v2\/product_cat?post=1582"},{"taxonomy":"product_tag","embeddable":true,"href":"https:\/\/arma-yapi.com\/en\/wp-json\/wp\/v2\/product_tag?post=1582"}],"curies":[{"name":"wp","href":"https:\/\/api.w.org\/{rel}","templated":true}]}}